{"id":2539,"date":"2025-07-11T04:01:24","date_gmt":"2025-07-11T04:01:24","guid":{"rendered":"https:\/\/servolinearactuator.com\/?post_type=product&#038;p=2539"},"modified":"2025-07-24T21:48:42","modified_gmt":"2025-07-24T13:48:42","slug":"45-tb-high-speed-belt-driven-linear-motion-guide-2","status":"publish","type":"product","link":"https:\/\/servolinearactuator.com\/tr\/45-tb-high-speed-belt-driven-linear-motion-guide-2\/","title":{"rendered":"45-TB Y\u00fcksek H\u0131zl\u0131 Kay\u0131\u015f Tahrikli Lineer Hareket K\u0131lavuzu"},"content":{"rendered":"<p data-v-md-line=\"3\">Jimmy Technology'nin 45-TB Y\u00fcksek H\u0131zl\u0131 Kay\u0131\u015f Tahrikli Lineer Hareket K\u0131lavuzu ile yeni bir otomasyon ligine ad\u0131m at\u0131n. Bu g\u00fc\u00e7 merkezi, kritik \u00fcretim g\u00f6revleriniz i\u00e7in h\u0131zl\u0131, hassas hareket sa\u011flar ve beklentileri a\u015fmak i\u00e7in \u00fcretilmi\u015f sa\u011flam, end\u00fcstriyel s\u0131n\u0131f bir pakete sar\u0131lm\u0131\u015ft\u0131r.<\/p>\n<h2 data-v-md-heading=\"features-and-benefits\" data-v-md-line=\"5\">\u00d6zellikler ve Avantajlar<\/h2>\n<ul data-v-md-line=\"7\">\n<li>\n<p data-v-md-line=\"7\"><strong>Y\u00fcksek H\u0131z ve Verimlilik i\u00e7in Tasarland\u0131<\/strong><br \/>\nH\u0131zl\u0131 travers ve tekrarlanabilirlik i\u00e7in \u00f6zel olarak ayarlanm\u0131\u015f kay\u0131\u015f tahrikli bir mimariye sahip olan 45-TB, i\u015flemleri etkileyici bir h\u0131zda ger\u00e7ekle\u015ftirmenize olanak tan\u0131r - nokta at\u0131\u015f\u0131 do\u011frulu\u011fu korurken verimi en \u00fcst d\u00fczeye \u00e7\u0131kar\u0131r.<\/p>\n<\/li>\n<li>\n<p data-v-md-line=\"10\"><strong>\u00d6zelle\u015ftirilebilir, Ekstra Uzun Strok<\/strong><br \/>\nUla\u015fmak m\u0131 istiyorsunuz? Hi\u00e7 sorun de\u011fil. Etkili strok uzunlu\u011fu sadece 100 mm'den sa\u011flam 4000 mm'ye kadar uzan\u0131r ve kompakt h\u00fccrelerden geni\u015fletilmi\u015f konvey\u00f6r kurulumlar\u0131na kadar her \u015fey i\u00e7in \u00f6l\u00e7eklenebilir, esnek sistemler olu\u015fturman\u0131za olanak tan\u0131r.<\/p>\n<\/li>\n<li>\n<p data-v-md-line=\"13\"><strong>Zorlu Ortamlar i\u00e7in Dayan\u0131kl\u0131 Yap\u0131<\/strong><br \/>\nHer \u00fcnitede sert ekstr\u00fczyon al\u00fcminyum profil ve hassas uyumlu bile\u015fenler bulunur. Bu, agresif end\u00fcstriyel ortamlarda bile \u00fcst\u00fcn korozyon direnci, y\u00fcksek sertlik ve kal\u0131c\u0131 g\u00fcvenilirlik anlam\u0131na gelir.<\/p>\n<\/li>\n<li>\n<p data-v-md-line=\"16\"><strong>Etkileyici Y\u00fck Kapasitesi<\/strong><br \/>\nYatay y\u00fckleri 25 kg'a kadar ta\u015f\u0131yabilen bu lineer k\u0131lavuz, hafif alma ve yerle\u015ftirme projelerinden \u00f6nemli malzeme i\u015flemeye kadar her \u015feyin \u00fcstesinden gelir. \u0130ster paketleme, ister bask\u0131, isterse kameral\u0131 kontrol i\u015flemlerini otomatikle\u015ftirin, sorunsuz do\u011frusal harekete g\u00fcvenin.<\/p>\n<\/li>\n<li>\n<p data-v-md-line=\"19\"><strong>D\u00fc\u015f\u00fck G\u00fcr\u00fclt\u00fc, D\u00fc\u015f\u00fck Bak\u0131m<\/strong><br \/>\nKay\u0131\u015f mekanizmas\u0131, pn\u00f6matik veya vida tahrikli alternatiflerin \u00e7\u0131kard\u0131\u011f\u0131 g\u00fcr\u00fclt\u00fcn\u00fcn \u00e7ok alt\u0131nda, p\u00fcr\u00fczs\u00fcz ve sessiz bir \u00e7al\u0131\u015fma sa\u011flar. Bak\u0131ma daha az, i\u015finizi geli\u015ftirmeye daha \u00e7ok zaman ay\u0131r\u0131n; bu sistemin aerodinamik tasar\u0131m\u0131 bak\u0131m\u0131 minimumda tutmaya yard\u0131mc\u0131 olur.<\/p>\n<\/li>\n<\/ul>\n<h2 data-v-md-heading=\"wide-applications\" data-v-md-line=\"22\">Geni\u015f Uygulamalar<\/h2>\n<p data-v-md-line=\"24\">\u00c7ok y\u00f6nl\u00fcl\u00fck i\u00e7in tasarlanan 45-TB, h\u0131zl\u0131 robotik alma ve yerle\u015ftirmeden hassas denetim ve g\u00f6r\u00fc\u015f sistemlerine, otomatik montaja, y\u00fcksek h\u0131zl\u0131 paketlemeye ve hafif veya orta hizmet malzeme transferine kadar \u00e7ok say\u0131da senaryoda parlar. Elektronikten t\u0131bbi cihaz \u00fcretimine ve \u00f6tesine kadar \u00e7e\u015fitli sekt\u00f6rlere verimlilik getirin.<\/p>\n<h2 data-v-md-heading=\"specifications\" data-v-md-line=\"26\">Teknik \u00d6zellikler<\/h2>\n<ul data-v-md-line=\"28\">\n<li><strong>Etkili Strok Uzunlu\u011fu:<\/strong>\u00a0100 mm ila 4000 mm (ihtiya\u00e7lar\u0131n\u0131za g\u00f6re \u00f6zelle\u015ftirilebilir)<\/li>\n<li><strong>Maksimum Y\u00fck (Yatay):<\/strong>\u00a025 kg<\/li>\n<li><strong>S\u00fcr\u00fcc\u00fc Tipi:<\/strong>\u00a0Y\u00fcksek h\u0131zl\u0131, hassas ayarl\u0131 kay\u0131\u015f tahriki<\/li>\n<li><strong>Profil:<\/strong>\u00a0Y\u00fcksek sertlik ve korozyon direnci i\u00e7in ekstr\u00fcde al\u00fcminyum<\/li>\n<li><strong>Entegre Motor Aray\u00fcz\u00fc:<\/strong>\u00a0Servo veya step haz\u0131r (\u00f6nde gelen markalar\u0131n \u00e7o\u011fu ile uyumlu)<\/li>\n<li><strong>G\u00fcr\u00fclt\u00fc:<\/strong>\u00a0Sessiz ortamlar i\u00e7in d\u00fc\u015f\u00fck profilli, sorunsuz \u00e7al\u0131\u015fma<\/li>\n<li><strong>Koruma Derecesi:<\/strong>\u00a0(Ortam\u0131n\u0131za g\u00f6re \u00f6zel IP derecesi se\u00e7enekleri i\u00e7in bizimle ileti\u015fime ge\u00e7in)<\/li>\n<li><strong>Tekrarlanabilirlik ve Do\u011fruluk:<\/strong>\u00a0Tutarl\u0131 konumland\u0131rma i\u00e7in s\u0131k\u0131 toleranslar (ayr\u0131nt\u0131lar i\u00e7in veri sayfas\u0131na bak\u0131n)<\/li>\n<li><strong>Bak\u0131m:<\/strong>\u00a0Minimal, y\u00fcksek \u00e7al\u0131\u015fma s\u00fcresi i\u00e7in tasarlanm\u0131\u015ft\u0131r<\/li>\n<\/ul>\n<h2 data-v-md-heading=\"technical-support\" data-v-md-line=\"38\">Teknik Destek<\/h2>\n<p data-v-md-line=\"40\">Jimmy Technology, her 45-TB Y\u00fcksek H\u0131zl\u0131 Kay\u0131\u015f Tahrikli Lineer Hareket K\u0131lavuzunu tam teknik destek ile destekler. Sistem tasar\u0131m\u0131n\u0131z\u0131 ve kurulumunuzu kolayla\u015ft\u0131rmak i\u00e7in derinlemesine CAD dosyalar\u0131, eksiksiz teknik veri sayfalar\u0131, kontrol entegrasyon k\u0131lavuzlar\u0131 ve duyarl\u0131 m\u00fchendislik yard\u0131m\u0131 sa\u011fl\u0131yoruz.<\/p>\n<h2 data-v-md-heading=\"conclusion\" data-v-md-line=\"42\">Sonu\u00e7<\/h2>\n<p data-v-md-line=\"44\">\u00d6d\u00fcn vermeyen g\u00fcvenilirlik, h\u0131zl\u0131 performans ve end\u00fcstriyel d\u00fczeyde dayan\u0131kl\u0131l\u0131k istedi\u011finizde, yenili\u011fin end\u00fcstriyel g\u00fc\u00e7le bulu\u015ftu\u011fu Jimmy Technology'nin 45-TB Y\u00fcksek H\u0131zl\u0131 Kay\u0131\u015f Tahrikli Lineer Hareket K\u0131lavuzunu se\u00e7in.<\/p>\n<p><img fetchpriority=\"high\" decoding=\"async\" class=\"aligncenter size-full wp-image-2715\" src=\"https:\/\/servolinearactuator.com\/wp-content\/uploads\/2025\/07\/45-tb.png\" alt=\"\" width=\"996\" height=\"1251\" srcset=\"https:\/\/servolinearactuator.com\/wp-content\/uploads\/2025\/07\/45-tb.png 996w, https:\/\/servolinearactuator.com\/wp-content\/uploads\/2025\/07\/45-tb-239x300.png 239w, https:\/\/servolinearactuator.com\/wp-content\/uploads\/2025\/07\/45-tb-815x1024.png 815w, https:\/\/servolinearactuator.com\/wp-content\/uploads\/2025\/07\/45-tb-768x965.png 768w, https:\/\/servolinearactuator.com\/wp-content\/uploads\/2025\/07\/45-tb-600x754.png 600w\" sizes=\"(max-width: 996px) 100vw, 996px\" \/><\/p>\n<p><script src=\"chrome-extension:\/\/fpelahbljekknahkcaegamhcndkfpfnc\/iFrame.js\" type=\"text\/javascript\"><\/script><\/p>","protected":false},"excerpt":{"rendered":"<div class=\"chat-container\">\n<div class=\"chat-view-container ng-star-inserted\">\n<div>\n<div class=\"chat-turn-container model render cdk-focused cdk-mouse-focused\" tabindex=\"-1\">\n<div class=\"model-prompt-container\" data-turn-role=\"Model\">\n<div class=\"turn-content\">\n<p class=\"ng-star-inserted\"><span class=\"ng-star-inserted\">45-TB Y\u00fcksek H\u0131zl\u0131 Kay\u0131\u015f Tahrikli Lineer K\u0131lavuz ile tan\u0131\u015f\u0131n. End\u00fcstriyel g\u00f6revler i\u00e7in sa\u011flam, \u00f6zelle\u015ftirilebilir, az bak\u0131m gerektiren bir pakette h\u0131zl\u0131 ve hassas hareket sa\u011flar.<\/span><\/p>\n<\/div>\n<\/div>\n<div class=\"turn-footer ng-star-inserted\"><\/div>\n<\/div>\n<\/div>\n<\/div>\n<\/div>\n<footer class=\"not-zero-state ng-star-inserted\">\n<div class=\"mat-mdc-tooltip-trigger prompt-input-wrapper\">\n<div>\n<div class=\"prompt-input-wrapper-container\">\n<div class=\"text-wrapper\">\n<section class=\"text-and-attachments-wrapper\">\n<div class=\"text-input-wrapper\"><\/div>\n<\/section>\n<\/div>\n<\/div>\n<\/div>\n<\/div>\n<\/footer>\n<p><script src=\"chrome-extension:\/\/fpelahbljekknahkcaegamhcndkfpfnc\/iFrame.js\" type=\"text\/javascript\"><\/script><\/p>\n<p><script src=\"chrome-extension:\/\/fpelahbljekknahkcaegamhcndkfpfnc\/iFrame.js\" type=\"text\/javascript\"><\/script><\/p>","protected":false},"featured_media":2540,"template":"","meta":{"_kad_post_transparent":"default","_kad_post_title":"","_kad_post_layout":"default","_kad_post_sidebar_id":"","_kad_post_content_style":"default","_kad_post_vertical_padding":"default","_kad_post_feature":"","_kad_post_feature_position":"","_kad_post_header":false,"_kad_post_footer":false,"_kad_post_classname":""},"product_brand":[],"product_cat":[587,565,573,581,570,557,15,571,576,562,552],"product_tag":[609,608,604],"class_list":{"0":"post-2539","1":"product","2":"type-product","3":"status-publish","4":"has-post-thumbnail","6":"product_cat-actuators-by-drive-type","7":"product_cat-actuators-by-design-form-factor","8":"product_cat-actuators-by-environment","9":"product_cat-actuators-by-popular-application","10":"product_cat-actuators-by-speed","11":"product_cat-controllers-accessories","12":"product_cat-electric-linear-actuators","13":"product_cat-high-speed-linear-actuators","14":"product_cat-industrial-linear-actuators","15":"product_cat-linear-guides-rails","16":"product_cat-rodless-actuators","17":"product_tag-belt-driven-motion","18":"product_tag-high-speed-motion","19":"product_tag-linear-motion-guide","21":"first","22":"instock","23":"shipping-taxable","24":"product-type-simple","25":"entry","26":"content-bg","27":"loop-entry"},"_links":{"self":[{"href":"https:\/\/servolinearactuator.com\/tr\/wp-json\/wp\/v2\/product\/2539","targetHints":{"allow":["GET"]}}],"collection":[{"href":"https:\/\/servolinearactuator.com\/tr\/wp-json\/wp\/v2\/product"}],"about":[{"href":"https:\/\/servolinearactuator.com\/tr\/wp-json\/wp\/v2\/types\/product"}],"wp:featuredmedia":[{"embeddable":true,"href":"https:\/\/servolinearactuator.com\/tr\/wp-json\/wp\/v2\/media\/2540"}],"wp:attachment":[{"href":"https:\/\/servolinearactuator.com\/tr\/wp-json\/wp\/v2\/media?parent=2539"}],"wp:term":[{"taxonomy":"product_brand","embeddable":true,"href":"https:\/\/servolinearactuator.com\/tr\/wp-json\/wp\/v2\/product_brand?post=2539"},{"taxonomy":"product_cat","embeddable":true,"href":"https:\/\/servolinearactuator.com\/tr\/wp-json\/wp\/v2\/product_cat?post=2539"},{"taxonomy":"product_tag","embeddable":true,"href":"https:\/\/servolinearactuator.com\/tr\/wp-json\/wp\/v2\/product_tag?post=2539"}],"curies":[{"name":"wp","href":"https:\/\/api.w.org\/{rel}","templated":true}]}}