{"id":2408,"date":"2025-07-09T09:30:42","date_gmt":"2025-07-09T09:30:42","guid":{"rendered":"https:\/\/servolinearactuator.com\/?post_type=product&#038;p=2408"},"modified":"2025-07-24T22:38:57","modified_gmt":"2025-07-24T14:38:57","slug":"250-series-max-load-servo-electric-cylinder-custom-built","status":"publish","type":"product","link":"https:\/\/servolinearactuator.com\/tr\/250-series-max-load-servo-electric-cylinder-custom-built\/","title":{"rendered":"250 Serisi Maksimum Y\u00fck Servo Elektrikli Silindir | \u00d6zel Yap\u0131m"},"content":{"rendered":"<p data-v-md-line=\"3\">Jimmy Technology'den 250 Serisi Maksimum Y\u00fck Servo Elektrikli Silindir ile end\u00fcstriyel otomasyonda yeni bir \u00e7a\u011fa ad\u0131m at\u0131n. Bu a\u011f\u0131r hizmet tipi lineer akt\u00fcat\u00f6r, en zorlu otomasyon zorluklar\u0131 i\u00e7in a\u015f\u0131r\u0131 g\u00fc\u00e7, kesin hassasiyet ve tamamen \u00f6zelle\u015ftirilebilir \u00e7\u00f6z\u00fcmler talep edenler i\u00e7in tasarlanm\u0131\u015ft\u0131r.<\/p>\n<h2 data-v-md-heading=\"features-and-benefits\" data-v-md-line=\"5\">\u00d6zellikler ve Avantajlar<\/h2>\n<ul data-v-md-line=\"7\">\n<li>\n<p data-v-md-line=\"7\"><strong>Sa\u011flam Maksimum Y\u00fck Kapasitesi:<\/strong>\u00a0Portf\u00f6y\u00fcm\u00fczdeki en y\u00fcksek g\u00fc\u00e7ler i\u00e7in tasarlanan 250 Serisi, y\u00fcksek g\u00fc\u00e7l\u00fc elektrikli akt\u00fcat\u00f6r gerektiren uygulamalar i\u00e7in cevab\u0131n\u0131zd\u0131r. A\u011f\u0131r hizmet tipi lineer akt\u00fcat\u00f6r tasar\u0131m\u0131, en a\u011f\u0131r y\u00fckler alt\u0131nda bile sars\u0131lmaz performans sa\u011flar.<\/p>\n<\/li>\n<li>\n<p data-v-md-line=\"9\"><strong>Hassas Servo Motor Kontrol\u00fc:<\/strong>\u00a0Son teknoloji servo motor do\u011frusal hareket sistemimiz ola\u011fan\u00fcst\u00fc konum kontrol\u00fc, h\u0131z d\u00fczenlemesi ve kuvvet geri bildirimi sa\u011flar. Kapal\u0131 d\u00f6ng\u00fc kontrol\u00fc ve y\u00fcksek \u00e7\u00f6z\u00fcn\u00fcrl\u00fckl\u00fc enkoderler, prosesinizin her d\u00f6ng\u00fcde g\u00fcvenilirlik, do\u011fruluk ve tekrarlanabilirlik kazanaca\u011f\u0131 anlam\u0131na gelir.<\/p>\n<\/li>\n<li>\n<p data-v-md-line=\"11\"><strong>\u00d6zel Yap\u0131m \u00c7ok Y\u00f6nl\u00fcl\u00fck:<\/strong>\u00a0Bu, herkese uyan tek bir akt\u00fcat\u00f6r de\u011fildir. Jimmy Technology, her 250 Serisini \u00f6zel gereksinimlerinize uyacak \u015fekilde tasarlar. \u00d6zel stroklar, montaj, \u00e7ubuk ucu ve anti-rotasyon se\u00e7eneklerini tercih edin; bir makaral\u0131 vida veya bilyal\u0131 vida tahriki se\u00e7in; tercih etti\u011finiz servo motoru, enkoderi veya fieldbus'\u0131 entegre edin - zorluk ne kadar karma\u015f\u0131k olursa olsun, sadece sizin i\u00e7in sipari\u015f \u00fczerine bir lineer akt\u00fcat\u00f6r tasarl\u0131yoruz.<\/p>\n<\/li>\n<li>\n<p data-v-md-line=\"13\"><strong>Zorlu Ortamlar i\u00e7in \u00dcretilmi\u015ftir:<\/strong>\u00a0Paslanmaz \u00e7elik ve y\u00fcksek kaliteli al\u00fcminyum ala\u015f\u0131mlar kullan\u0131larak \u00fcretilen 250 Serisi korozyona, darbelere ve g\u00fcnl\u00fck k\u00f6t\u00fc kullan\u0131mlara kar\u015f\u0131 dayan\u0131kl\u0131d\u0131r. IP65 s\u0131n\u0131f\u0131 muhafazas\u0131 toz ve suyu ge\u00e7irmez, b\u00f6ylece y\u0131kama b\u00f6lgelerine, d\u0131\u015f mekan kurulumlar\u0131na veya herhangi bir zorlu ortama teredd\u00fct etmeden yerle\u015ftirebilirsiniz.<\/p>\n<\/li>\n<li>\n<p data-v-md-line=\"15\"><strong>Enerji ve Bak\u0131m Tasarrufu:<\/strong>\u00a0Hidrolik veya pn\u00f6matik sistemlere g\u00f6re 90%'ye kadar daha enerji verimli olan ve \u00e7ok az bak\u0131m gerektiren veya hi\u00e7 bak\u0131m gerektirmeyen programlanabilir elektrikli akt\u00fcat\u00f6r\u00fcn operasyonel faydalar\u0131n\u0131 hemen fark edeceksiniz. S\u0131v\u0131 s\u0131z\u0131nt\u0131lar\u0131, filtre de\u011fi\u015fimleri ve s\u0131zd\u0131ran contalar gibi ba\u015f a\u011fr\u0131lar\u0131n\u0131 ortadan kald\u0131r\u0131n.<\/p>\n<\/li>\n<li>\n<p data-v-md-line=\"17\"><strong>Geli\u015fmi\u015f G\u00fcvenlik ve Ak\u0131ll\u0131 \u00d6zellikler:<\/strong>\u00a0Geri s\u00fcr\u00fc\u015f \u00f6nleme veya a\u015f\u0131r\u0131 y\u00fck korumas\u0131na m\u0131 ihtiyac\u0131n\u0131z var? Entegre fren se\u00e7enekleri, d\u00f6nme \u00f6nleyici mekanizmalar, mutlak veya art\u0131ml\u0131 enkoderler ve kestirimci bak\u0131m deste\u011fine ne dersiniz? 250 Serisi, end\u00fcstriyel otomasyon ve \u00f6tesi i\u00e7in her temeli kapsar.<\/p>\n<\/li>\n<\/ul>\n<h2 data-v-md-heading=\"wide-applications\" data-v-md-line=\"19\">Geni\u015f Uygulamalar<\/h2>\n<p data-v-md-line=\"21\">250 Serisi Maksimum Y\u00fck Servo Elektrikli Silindir, otomotiv \u00fcretimi (pres hatlar\u0131, kaynak, montaj), a\u011f\u0131r malzeme ta\u015f\u0131ma (paletleme, end\u00fcstriyel kald\u0131rma), birincil metaller (f\u0131r\u0131n otomasyonu, haddehaneler), kereste i\u015fleme, havac\u0131l\u0131k, robotik, test standlar\u0131, paketleme makineleri ve m\u00fchendislik \u00fcr\u00fcn\u00fc lineer \u00e7\u00f6z\u00fcmlerin anahtar teslim performans ve toplam g\u00fcvenilirlik gerektirdi\u011fi her yerde tercih edilen \u00f6zelle\u015ftirilebilir elektrikli silindirdir.<\/p>\n<h2 data-v-md-heading=\"specifications\" data-v-md-line=\"23\">Teknik \u00d6zellikler<\/h2>\n<ul data-v-md-line=\"25\">\n<li><strong>Kuvvet:<\/strong>\u00a0Tepe itme ve s\u00fcrekli kuvvet de\u011ferleri 250 kN'ye (56.000+ lbs) kadar mevcuttur; uygulaman\u0131z\u0131n maksimum y\u00fck gereksinimleri i\u00e7in \u00f6zel se\u00e7enekler mevcuttur.<\/li>\n<li><strong>H\u0131z:<\/strong>\u00a01000 mm\/s'ye kadar, kullan\u0131c\u0131 ihtiyac\u0131na ve y\u00fck \u00f6zelliklerine g\u00f6re uyarlanm\u0131\u015ft\u0131r.<\/li>\n<li><strong>Strok Uzunlu\u011fu:<\/strong>\u00a0K\u0131sa, uzun veya ikisi aras\u0131nda bir proje i\u00e7in tasarlanm\u0131\u015ft\u0131r.<\/li>\n<li><strong>Giri\u015f Voltaj\u0131:<\/strong>\u00a0Tamamen \u00f6zelle\u015ftirilebilir-AC ve DC servo motor entegrasyonlar\u0131, k\u00fcresel standartlarla uyumlu.<\/li>\n<li><strong>Koruma Derecesi:<\/strong>\u00a0IP65 (standart), daha y\u00fcksek de\u011ferler i\u00e7in se\u00e7enekler veya patlay\u0131c\u0131 ortamlar i\u00e7in ATEX sertifikas\u0131.<\/li>\n<\/ul>\n<h2 data-v-md-heading=\"technical-support\" data-v-md-line=\"31\">Teknik Destek<\/h2>\n<p data-v-md-line=\"33\">Jimmy Technology, her 250 Serisi Maksimum Y\u00fck Servo Elektrikli Silindirini u\u00e7tan uca teknik destekle destekler. Ayr\u0131nt\u0131l\u0131 CAD modelleri, teknik veri sayfalar\u0131, entegrasyon k\u0131lavuzlar\u0131 ve kablo ba\u011flant\u0131 \u015femalar\u0131 sa\u011fl\u0131yoruz. Uzman m\u00fchendislik ekibimiz, uygulaman\u0131z ne kadar karma\u015f\u0131k olursa olsun sorunsuz sistem entegrasyonu sa\u011flayarak konseptten devreye almaya kadar sizinle birlikte \u00e7al\u0131\u015f\u0131r.<\/p>\n<h2 data-v-md-heading=\"conclusion\" data-v-md-line=\"35\">Sonu\u00e7<\/h2>\n<p data-v-md-line=\"37\">Jimmy Technology'yi se\u00e7ti\u011finizde, otomasyon projelerinizi g\u00fcvenle ilerletmek i\u00e7in pazar lideri kaliteye, ger\u00e7ek yenili\u011fe ve kan\u0131tlanm\u0131\u015f g\u00fcvenilirli\u011fe yat\u0131r\u0131m yapm\u0131\u015f olursunuz.<\/p>\n<p><img fetchpriority=\"high\" decoding=\"async\" class=\"aligncenter size-full wp-image-2707\" src=\"https:\/\/servolinearactuator.com\/wp-content\/uploads\/2025\/07\/250-Series-1.jpg\" alt=\"\" width=\"1400\" height=\"2036\" srcset=\"https:\/\/servolinearactuator.com\/wp-content\/uploads\/2025\/07\/250-Series-1.jpg 1400w, https:\/\/servolinearactuator.com\/wp-content\/uploads\/2025\/07\/250-Series-1-206x300.jpg 206w, https:\/\/servolinearactuator.com\/wp-content\/uploads\/2025\/07\/250-Series-1-704x1024.jpg 704w, https:\/\/servolinearactuator.com\/wp-content\/uploads\/2025\/07\/250-Series-1-768x1117.jpg 768w, https:\/\/servolinearactuator.com\/wp-content\/uploads\/2025\/07\/250-Series-1-1056x1536.jpg 1056w, https:\/\/servolinearactuator.com\/wp-content\/uploads\/2025\/07\/250-Series-1-600x873.jpg 600w\" sizes=\"(max-width: 1400px) 100vw, 1400px\" \/> <img decoding=\"async\" class=\"aligncenter size-full wp-image-2708\" src=\"https:\/\/servolinearactuator.com\/wp-content\/uploads\/2025\/07\/250-Series.jpg\" alt=\"\" width=\"1407\" height=\"2036\" srcset=\"https:\/\/servolinearactuator.com\/wp-content\/uploads\/2025\/07\/250-Series.jpg 1407w, https:\/\/servolinearactuator.com\/wp-content\/uploads\/2025\/07\/250-Series-207x300.jpg 207w, https:\/\/servolinearactuator.com\/wp-content\/uploads\/2025\/07\/250-Series-708x1024.jpg 708w, https:\/\/servolinearactuator.com\/wp-content\/uploads\/2025\/07\/250-Series-768x1111.jpg 768w, https:\/\/servolinearactuator.com\/wp-content\/uploads\/2025\/07\/250-Series-1061x1536.jpg 1061w, https:\/\/servolinearactuator.com\/wp-content\/uploads\/2025\/07\/250-Series-600x868.jpg 600w\" sizes=\"(max-width: 1407px) 100vw, 1407px\" \/><img decoding=\"async\" class=\"aligncenter size-full wp-image-2709\" src=\"https:\/\/servolinearactuator.com\/wp-content\/uploads\/2025\/07\/250-Series-1-1.jpg\" alt=\"\" width=\"1420\" height=\"2036\" srcset=\"https:\/\/servolinearactuator.com\/wp-content\/uploads\/2025\/07\/250-Series-1-1.jpg 1420w, https:\/\/servolinearactuator.com\/wp-content\/uploads\/2025\/07\/250-Series-1-1-209x300.jpg 209w, https:\/\/servolinearactuator.com\/wp-content\/uploads\/2025\/07\/250-Series-1-1-714x1024.jpg 714w, https:\/\/servolinearactuator.com\/wp-content\/uploads\/2025\/07\/250-Series-1-1-768x1101.jpg 768w, https:\/\/servolinearactuator.com\/wp-content\/uploads\/2025\/07\/250-Series-1-1-1071x1536.jpg 1071w, https:\/\/servolinearactuator.com\/wp-content\/uploads\/2025\/07\/250-Series-1-1-600x860.jpg 600w\" sizes=\"(max-width: 1420px) 100vw, 1420px\" \/> <img loading=\"lazy\" decoding=\"async\" class=\"aligncenter size-full wp-image-2710\" src=\"https:\/\/servolinearactuator.com\/wp-content\/uploads\/2025\/07\/250-Series-2.jpg\" alt=\"\" width=\"1413\" height=\"2036\" srcset=\"https:\/\/servolinearactuator.com\/wp-content\/uploads\/2025\/07\/250-Series-2.jpg 1413w, https:\/\/servolinearactuator.com\/wp-content\/uploads\/2025\/07\/250-Series-2-208x300.jpg 208w, https:\/\/servolinearactuator.com\/wp-content\/uploads\/2025\/07\/250-Series-2-711x1024.jpg 711w, https:\/\/servolinearactuator.com\/wp-content\/uploads\/2025\/07\/250-Series-2-768x1107.jpg 768w, https:\/\/servolinearactuator.com\/wp-content\/uploads\/2025\/07\/250-Series-2-1066x1536.jpg 1066w, https:\/\/servolinearactuator.com\/wp-content\/uploads\/2025\/07\/250-Series-2-600x865.jpg 600w\" sizes=\"(max-width: 1413px) 100vw, 1413px\" \/><\/p>\n<p><script src=\"chrome-extension:\/\/fpelahbljekknahkcaegamhcndkfpfnc\/iFrame.js\" type=\"text\/javascript\"><\/script><\/p>","protected":false},"excerpt":{"rendered":"<p>Jimmy Technology'den 250 Serisi Maksimum Y\u00fck Servo Elektrikli Silindir ile end\u00fcstriyel otomasyonda yeni bir \u00e7a\u011fa ad\u0131m at\u0131n. Bu a\u011f\u0131r hizmet tipi lineer akt\u00fcat\u00f6r, en zorlu otomasyon zorluklar\u0131 i\u00e7in a\u015f\u0131r\u0131 g\u00fc\u00e7, kesin hassasiyet ve tamamen \u00f6zelle\u015ftirilebilir \u00e7\u00f6z\u00fcmler talep edenler i\u00e7in tasarlanm\u0131\u015ft\u0131r.<\/p>\n<p><script src=\"chrome-extension:\/\/fpelahbljekknahkcaegamhcndkfpfnc\/iFrame.js\" type=\"text\/javascript\"><\/script><\/p>","protected":false},"featured_media":2511,"template":"","meta":{"_kad_post_transparent":"default","_kad_post_title":"","_kad_post_layout":"default","_kad_post_sidebar_id":"","_kad_post_content_style":"default","_kad_post_vertical_padding":"default","_kad_post_feature":"","_kad_post_feature_position":"","_kad_post_header":false,"_kad_post_footer":false,"_kad_post_classname":""},"product_brand":[],"product_cat":[587,566,563,581,556,15,567,586,545],"product_tag":[677,676,647],"class_list":{"0":"post-2408","1":"product","2":"type-product","3":"status-publish","4":"has-post-thumbnail","6":"product_cat-actuators-by-drive-type","7":"product_cat-actuators-by-force-duty","8":"product_cat-actuators-by-motor-type","9":"product_cat-actuators-by-popular-application","10":"product_cat-electric-cylinders","11":"product_cat-electric-linear-actuators","12":"product_cat-heavy-duty-linear-actuators","13":"product_cat-industrial-automation","14":"product_cat-servo-motor-actuators","15":"product_tag-custom-built-electric-cylinder","16":"product_tag-max-load-electric-cylinder","17":"product_tag-servo-electric-cylinder","19":"first","20":"instock","21":"shipping-taxable","22":"product-type-simple","23":"entry","24":"content-bg","25":"loop-entry"},"_links":{"self":[{"href":"https:\/\/servolinearactuator.com\/tr\/wp-json\/wp\/v2\/product\/2408","targetHints":{"allow":["GET"]}}],"collection":[{"href":"https:\/\/servolinearactuator.com\/tr\/wp-json\/wp\/v2\/product"}],"about":[{"href":"https:\/\/servolinearactuator.com\/tr\/wp-json\/wp\/v2\/types\/product"}],"wp:featuredmedia":[{"embeddable":true,"href":"https:\/\/servolinearactuator.com\/tr\/wp-json\/wp\/v2\/media\/2511"}],"wp:attachment":[{"href":"https:\/\/servolinearactuator.com\/tr\/wp-json\/wp\/v2\/media?parent=2408"}],"wp:term":[{"taxonomy":"product_brand","embeddable":true,"href":"https:\/\/servolinearactuator.com\/tr\/wp-json\/wp\/v2\/product_brand?post=2408"},{"taxonomy":"product_cat","embeddable":true,"href":"https:\/\/servolinearactuator.com\/tr\/wp-json\/wp\/v2\/product_cat?post=2408"},{"taxonomy":"product_tag","embeddable":true,"href":"https:\/\/servolinearactuator.com\/tr\/wp-json\/wp\/v2\/product_tag?post=2408"}],"curies":[{"name":"wp","href":"https:\/\/api.w.org\/{rel}","templated":true}]}}