{"id":2406,"date":"2025-07-09T09:30:38","date_gmt":"2025-07-09T09:30:38","guid":{"rendered":"https:\/\/servolinearactuator.com\/?post_type=product&#038;p=2406"},"modified":"2025-07-24T22:36:39","modified_gmt":"2025-07-24T14:36:39","slug":"190-series-high-load-electric-cylinder-servo-motor-actuator","status":"publish","type":"product","link":"https:\/\/servolinearactuator.com\/tr\/190-series-high-load-electric-cylinder-servo-motor-actuator\/","title":{"rendered":"190 Serisi Y\u00fcksek Y\u00fck Elektrikli Silindir | Servo Motor Akt\u00fcat\u00f6r\u00fc"},"content":{"rendered":"<p data-v-md-line=\"3\">Jimmy Technology'nin 190 Serisi Y\u00fcksek Y\u00fck Elektrikli Silindiri ile end\u00fcstriyel performansta yeni bir \u00e7a\u011fa ad\u0131m at\u0131n - piyasadaki y\u00fcksek g\u00fc\u00e7l\u00fc otomasyon i\u00e7in en sa\u011flam, hassas m\u00fchendislik \u00e7\u00f6z\u00fcm\u00fc.<\/p>\n<h2 data-v-md-heading=\"features-and-benefits\" data-v-md-line=\"5\">\u00d6zellikler ve Avantajlar<\/h2>\n<ul data-v-md-line=\"7\">\n<li>Sa\u011flam Y\u00fcksek \u0130tme Kuvveti Tasar\u0131m\u0131: Dayan\u0131kl\u0131l\u0131k i\u00e7in \u00fcretilen bu a\u011f\u0131r hizmet tipi elektrikli silindir, end\u00fcstriyel presler, malzeme ta\u015f\u0131ma akt\u00fcat\u00f6r sistemleri ve tak\u0131m tezgah\u0131 otomasyonu gibi zorlu uygulamalar i\u00e7in tercih edilen bir se\u00e7enek haline getirerek m\u00fcthi\u015f bir g\u00fc\u00e7 sa\u011flar.<\/li>\n<li>Entegre Servo Motor Akt\u00fcasyonu: Dahili servo motor akt\u00fcat\u00f6r\u00fc ile sorunsuz do\u011frusal hareket kontrol\u00fcn\u00fcn keyfini \u00e7\u0131kar\u0131n. Do\u011frudan entegrasyon, daha az kablo, daha temiz bir d\u00fczen, kolayla\u015ft\u0131r\u0131lm\u0131\u015f hareket kontrol\u00fc ve otomasyon projelerinizin talep etti\u011fi h\u0131zl\u0131, y\u00fcksek oranda tekrarlanabilir yan\u0131tlar anlam\u0131na gelir.<\/li>\n<li>Hassas Bilyal\u0131 \/ Makaral\u0131 Vida Mekanizmas\u0131: Elektronik montaj, otomotiv pres ba\u011flant\u0131 uygulamalar\u0131 ve y\u00fcksek hassasiyetli \u00fcretim i\u00e7in gerekli olan geli\u015fmi\u015f bir bilyal\u0131 vidal\u0131 akt\u00fcat\u00f6r veya makaral\u0131 vidal\u0131 akt\u00fcat\u00f6r sayesinde benzersiz do\u011fruluk ve tekrarlanabilirlik elde edin.<\/li>\n<li>Enerji Verimli Elektrikli \u00c7al\u0131\u015fma: Ya\u011f s\u0131zd\u0131ran hidrolikleri sessiz, enerji tasarruflu akt\u00fcat\u00f6rlerle de\u011fi\u015ftirin; g\u00fc\u00e7 t\u00fcketimini 80%'ye kadar azalt\u0131n, bak\u0131m maliyetini d\u00fc\u015f\u00fcr\u00fcn ve daha temiz, daha \u00e7evreci bir \u00e7al\u0131\u015fma alan\u0131n\u0131n keyfini \u00e7\u0131kar\u0131n.<\/li>\n<li>Zorlu Ortamlar i\u00e7in Koruma: Y\u00fcksek kaliteli al\u00fcminyum veya paslanmaz \u00e7elik yap\u0131 ve IP dereceli s\u0131zd\u0131rmazl\u0131k, akt\u00fcat\u00f6r\u00fcn zorlu ortamlarda, tozlu tesis zeminlerinde ve hatta temiz oda akt\u00fcat\u00f6r uygulamalar\u0131nda ba\u015far\u0131l\u0131 olmas\u0131n\u0131 sa\u011flar.<\/li>\n<li>Minimum Bak\u0131m ve Sessiz \u00c7al\u0131\u015fma: Lineer akt\u00fcat\u00f6r\u00fcm\u00fcz az bak\u0131m gerektiren bir tasar\u0131ma ve olduk\u00e7a d\u00fc\u015f\u00fck g\u00fcr\u00fclt\u00fcl\u00fc \u00e7al\u0131\u015fmaya sahiptir, bu da operasyonunuzun sorunsuz \u00e7al\u0131\u015fmas\u0131n\u0131 sa\u011flarken ar\u0131za s\u00fcresini azaltman\u0131za yard\u0131mc\u0131 olur.<\/li>\n<li>\u00c7ok Y\u00f6nl\u00fc Montaj ve Geli\u015fmi\u015f Geri Bildirim: Uyarlanabilir montaj se\u00e7enekleri, programlanabilir hareket limitleri ve mutlak veya art\u0131ml\u0131 enkoder geri bildirimi se\u00e7ene\u011fi, akt\u00fcat\u00f6r\u00fc neredeyse t\u00fcm end\u00fcstriyel otomasyon ekipmanlar\u0131n\u0131n ihtiya\u00e7lar\u0131na g\u00f6re uyarlaman\u0131za olanak tan\u0131r.<\/li>\n<\/ul>\n<h2 data-v-md-heading=\"wide-applications\" data-v-md-line=\"15\">Geni\u015f Uygulamalar<\/h2>\n<p data-v-md-line=\"17\">190 Serisi, neredeyse t\u00fcm a\u011f\u0131r y\u00fck veya y\u00fcksek hassasiyet ayarlar\u0131nda parlar. Otomotiv montaj\u0131, paketleme makineleri, robotik kol akt\u00fcat\u00f6r projeleri, malzeme ta\u015f\u0131ma, end\u00fcstriyel pres silindirleri, \u00f6zel t\u0131bbi cihaz \u00fcretimi ve hatta \u00f6zel g\u0131da i\u015flemede kullan\u0131n. Tutarl\u0131 ve g\u00fcvenilir bir kuvvete ihtiya\u00e7 duyuyorsan\u0131z, bu sizin akt\u00fcat\u00f6r\u00fcn\u00fczd\u00fcr.<\/p>\n<h2 data-v-md-heading=\"specifications\" data-v-md-line=\"19\">Teknik \u00d6zellikler<\/h2>\n<ul data-v-md-line=\"21\">\n<li>Kuvvet: 25 kN'ye (5.600 lbs) kadar, end\u00fcstriyel makineler ve proses otomasyonu i\u00e7in ger\u00e7ek bir y\u00fcksek g\u00fc\u00e7l\u00fc elektrikli silindirdir.<\/li>\n<li>H\u0131z: 1000 mm\/s'ye kadar, y\u00fcksek h\u0131zl\u0131, y\u00fcksek \u00e7evrim oranl\u0131 akt\u00fcat\u00f6r uygulamalar\u0131 i\u00e7in ideal.<\/li>\n<li>Strok Uzunlu\u011fu: Montaj hatt\u0131n\u0131za, konvey\u00f6r\u00fcn\u00fcze veya sim\u00fclasyon platformunuza m\u00fckemmel \u015fekilde uymas\u0131 i\u00e7in standart ve \u00f6zel se\u00e7enekler mevcuttur.<\/li>\n<li>Giri\u015f Voltaj\u0131: Geni\u015f kapsaml\u0131 end\u00fcstriyel uyumluluk.<\/li>\n<li>Koruma Derecesi: Toza ve suya dayan\u0131kl\u0131l\u0131k i\u00e7in IP s\u0131n\u0131f\u0131 - hem zorlu end\u00fcstriyel hem de hassas temiz oda ortamlar\u0131nda \u00e7al\u0131\u015fmaya g\u00fcvenebilirsiniz.<\/li>\n<\/ul>\n<h2 data-v-md-heading=\"technical-support\" data-v-md-line=\"27\">Teknik Destek<\/h2>\n<p data-v-md-line=\"29\">Ayr\u0131nt\u0131l\u0131 CAD modelleri, kablo ba\u011flant\u0131 \u015femalar\u0131, boyutland\u0131rma ara\u00e7lar\u0131 ve uzman entegrasyon tavsiyeleri dahil olmak \u00fczere kapsaml\u0131 teknik destek sa\u011fl\u0131yoruz. Bir sonraki sistem tasar\u0131m\u0131n\u0131z\u0131 ba\u015far\u0131l\u0131 k\u0131lmak i\u00e7in akt\u00fcat\u00f6r se\u00e7im kriterlerinden PLC ve HMI kontrol entegrasyonuna kadar ihtiyac\u0131n\u0131z olan her \u015feye sahip olacaks\u0131n\u0131z.<\/p>\n<h2 data-v-md-heading=\"conclusion\" data-v-md-line=\"31\">Sonu\u00e7<\/h2>\n<p data-v-md-line=\"33\">Jimmy Technology'nin 190 Serisini se\u00e7ti\u011finizde, en zorlu end\u00fcstriyel otomasyon ihtiya\u00e7lar\u0131n\u0131z i\u00e7in kalite, hassasiyet ve sa\u011flam g\u00fcvenilirlik miras\u0131n\u0131 se\u00e7mi\u015f olursunuz.<\/p>\n<p><img fetchpriority=\"high\" decoding=\"async\" class=\"aligncenter size-full wp-image-2703\" src=\"https:\/\/servolinearactuator.com\/wp-content\/uploads\/2025\/07\/190-Series-1.jpg\" alt=\"\" width=\"1413\" height=\"2036\" srcset=\"https:\/\/servolinearactuator.com\/wp-content\/uploads\/2025\/07\/190-Series-1.jpg 1413w, https:\/\/servolinearactuator.com\/wp-content\/uploads\/2025\/07\/190-Series-1-208x300.jpg 208w, https:\/\/servolinearactuator.com\/wp-content\/uploads\/2025\/07\/190-Series-1-711x1024.jpg 711w, https:\/\/servolinearactuator.com\/wp-content\/uploads\/2025\/07\/190-Series-1-768x1107.jpg 768w, https:\/\/servolinearactuator.com\/wp-content\/uploads\/2025\/07\/190-Series-1-1066x1536.jpg 1066w, https:\/\/servolinearactuator.com\/wp-content\/uploads\/2025\/07\/190-Series-1-600x865.jpg 600w\" sizes=\"(max-width: 1413px) 100vw, 1413px\" \/> <img decoding=\"async\" class=\"aligncenter size-full wp-image-2704\" src=\"https:\/\/servolinearactuator.com\/wp-content\/uploads\/2025\/07\/190-Series.jpg\" alt=\"\" width=\"1407\" height=\"2036\" srcset=\"https:\/\/servolinearactuator.com\/wp-content\/uploads\/2025\/07\/190-Series.jpg 1407w, https:\/\/servolinearactuator.com\/wp-content\/uploads\/2025\/07\/190-Series-207x300.jpg 207w, https:\/\/servolinearactuator.com\/wp-content\/uploads\/2025\/07\/190-Series-708x1024.jpg 708w, https:\/\/servolinearactuator.com\/wp-content\/uploads\/2025\/07\/190-Series-768x1111.jpg 768w, https:\/\/servolinearactuator.com\/wp-content\/uploads\/2025\/07\/190-Series-1061x1536.jpg 1061w, https:\/\/servolinearactuator.com\/wp-content\/uploads\/2025\/07\/190-Series-600x868.jpg 600w\" sizes=\"(max-width: 1407px) 100vw, 1407px\" \/><img decoding=\"async\" class=\"aligncenter size-full wp-image-2705\" src=\"https:\/\/servolinearactuator.com\/wp-content\/uploads\/2025\/07\/190-Series-1-1.jpg\" alt=\"\" width=\"1407\" height=\"2036\" srcset=\"https:\/\/servolinearactuator.com\/wp-content\/uploads\/2025\/07\/190-Series-1-1.jpg 1407w, https:\/\/servolinearactuator.com\/wp-content\/uploads\/2025\/07\/190-Series-1-1-207x300.jpg 207w, https:\/\/servolinearactuator.com\/wp-content\/uploads\/2025\/07\/190-Series-1-1-708x1024.jpg 708w, https:\/\/servolinearactuator.com\/wp-content\/uploads\/2025\/07\/190-Series-1-1-768x1111.jpg 768w, https:\/\/servolinearactuator.com\/wp-content\/uploads\/2025\/07\/190-Series-1-1-1061x1536.jpg 1061w, https:\/\/servolinearactuator.com\/wp-content\/uploads\/2025\/07\/190-Series-1-1-600x868.jpg 600w\" sizes=\"(max-width: 1407px) 100vw, 1407px\" \/> <img loading=\"lazy\" decoding=\"async\" class=\"aligncenter size-full wp-image-2706\" src=\"https:\/\/servolinearactuator.com\/wp-content\/uploads\/2025\/07\/190-Series-4.jpg\" alt=\"\" width=\"1420\" height=\"2036\" srcset=\"https:\/\/servolinearactuator.com\/wp-content\/uploads\/2025\/07\/190-Series-4.jpg 1420w, https:\/\/servolinearactuator.com\/wp-content\/uploads\/2025\/07\/190-Series-4-209x300.jpg 209w, https:\/\/servolinearactuator.com\/wp-content\/uploads\/2025\/07\/190-Series-4-714x1024.jpg 714w, https:\/\/servolinearactuator.com\/wp-content\/uploads\/2025\/07\/190-Series-4-768x1101.jpg 768w, https:\/\/servolinearactuator.com\/wp-content\/uploads\/2025\/07\/190-Series-4-1071x1536.jpg 1071w, https:\/\/servolinearactuator.com\/wp-content\/uploads\/2025\/07\/190-Series-4-600x860.jpg 600w\" sizes=\"(max-width: 1420px) 100vw, 1420px\" \/><\/p>\n<p><script src=\"chrome-extension:\/\/fpelahbljekknahkcaegamhcndkfpfnc\/iFrame.js\" type=\"text\/javascript\"><\/script><\/p>","protected":false},"excerpt":{"rendered":"<p>Y\u00fcksek g\u00fc\u00e7l\u00fc otomasyon i\u00e7in pazar\u0131n en sa\u011flam \u00e7\u00f6z\u00fcm\u00fc olan Jimmy Technology'nin 190 Serisi Y\u00fcksek Y\u00fck Elektrikli Silindiri ile end\u00fcstriyel performansta yeni bir \u00e7a\u011fa ad\u0131m at\u0131n.<\/p>\n<p><script src=\"chrome-extension:\/\/fpelahbljekknahkcaegamhcndkfpfnc\/iFrame.js\" type=\"text\/javascript\"><\/script><\/p>\n<p><script src=\"chrome-extension:\/\/fpelahbljekknahkcaegamhcndkfpfnc\/iFrame.js\" type=\"text\/javascript\"><\/script><\/p>","protected":false},"featured_media":2492,"template":"","meta":{"_kad_post_transparent":"default","_kad_post_title":"","_kad_post_layout":"default","_kad_post_sidebar_id":"","_kad_post_content_style":"default","_kad_post_vertical_padding":"default","_kad_post_feature":"","_kad_post_feature_position":"","_kad_post_header":false,"_kad_post_footer":false,"_kad_post_classname":""},"product_brand":[],"product_cat":[587,566,563,581,556,15,567,545],"product_tag":[614,658,673],"class_list":{"0":"post-2406","1":"product","2":"type-product","3":"status-publish","4":"has-post-thumbnail","6":"product_cat-actuators-by-drive-type","7":"product_cat-actuators-by-force-duty","8":"product_cat-actuators-by-motor-type","9":"product_cat-actuators-by-popular-application","10":"product_cat-electric-cylinders","11":"product_cat-electric-linear-actuators","12":"product_cat-heavy-duty-linear-actuators","13":"product_cat-servo-motor-actuators","14":"product_tag-electric-cylinder","15":"product_tag-high-load-cylinder","16":"product_tag-servo-motor-actuator","18":"first","19":"instock","20":"shipping-taxable","21":"product-type-simple","22":"entry","23":"content-bg","24":"loop-entry"},"_links":{"self":[{"href":"https:\/\/servolinearactuator.com\/tr\/wp-json\/wp\/v2\/product\/2406","targetHints":{"allow":["GET"]}}],"collection":[{"href":"https:\/\/servolinearactuator.com\/tr\/wp-json\/wp\/v2\/product"}],"about":[{"href":"https:\/\/servolinearactuator.com\/tr\/wp-json\/wp\/v2\/types\/product"}],"wp:featuredmedia":[{"embeddable":true,"href":"https:\/\/servolinearactuator.com\/tr\/wp-json\/wp\/v2\/media\/2492"}],"wp:attachment":[{"href":"https:\/\/servolinearactuator.com\/tr\/wp-json\/wp\/v2\/media?parent=2406"}],"wp:term":[{"taxonomy":"product_brand","embeddable":true,"href":"https:\/\/servolinearactuator.com\/tr\/wp-json\/wp\/v2\/product_brand?post=2406"},{"taxonomy":"product_cat","embeddable":true,"href":"https:\/\/servolinearactuator.com\/tr\/wp-json\/wp\/v2\/product_cat?post=2406"},{"taxonomy":"product_tag","embeddable":true,"href":"https:\/\/servolinearactuator.com\/tr\/wp-json\/wp\/v2\/product_tag?post=2406"}],"curies":[{"name":"wp","href":"https:\/\/api.w.org\/{rel}","templated":true}]}}