{"id":2403,"date":"2025-07-09T09:30:32","date_gmt":"2025-07-09T09:30:32","guid":{"rendered":"https:\/\/servolinearactuator.com\/?post_type=product&#038;p=2403"},"modified":"2025-07-24T22:33:34","modified_gmt":"2025-07-24T14:33:34","slug":"145-series-custom-servo-electric-cylinder-high-precision","status":"publish","type":"product","link":"https:\/\/servolinearactuator.com\/tr\/145-series-custom-servo-electric-cylinder-high-precision\/","title":{"rendered":"145 Serisi \u00d6zel Servo Elektrikli Silindir | Y\u00fcksek Hassasiyet"},"content":{"rendered":"<p data-v-md-line=\"3\">Jimmy Technology'nin 145 Serisi \u00d6zel Servo Elektrikli Silindiri ile hassas hareket kontrol\u00fc ve kuvvetin bir sonraki seviyesinin kilidini a\u00e7\u0131n. Otomasyonunuz y\u00fcksek do\u011fruluk, sa\u011flam performans ve sorunsuz entegrasyonda en \u00fcst seviyeyi talep etti\u011finde, bu elektrikli akt\u00fcat\u00f6r yeni bir end\u00fcstri \u00f6l\u00e7\u00fct\u00fc belirler.<\/p>\n<h2 data-v-md-heading=\"features-and-benefits\" data-v-md-line=\"6\">\u00d6zellikler ve Avantajlar<\/h2>\n<ul data-v-md-line=\"8\">\n<li>\n<p data-v-md-line=\"8\">Hassas Hareket Kontrol\u00fc: Geli\u015fmi\u015f servo motor tahrikli teknoloji ve y\u00fcksek kaliteli bilyal\u0131 vida veya makaral\u0131 vida akt\u00fcat\u00f6r\u00fcnden yararlanan bu elektrikli silindir, tam da kritik s\u00fcre\u00e7lerinizin gerektirdi\u011fi mutlak konumland\u0131rma hassasiyeti ve ola\u011fan\u00fcst\u00fc tekrarlanabilirlik performans\u0131 sunar.<\/p>\n<\/li>\n<li>\n<p data-v-md-line=\"10\">\u00d6zel M\u00fchendislik \u00c7\u00f6z\u00fcmleri: Her 145 Serisi silindir, \u00f6zel strok uzunlu\u011fundan (2000 mm'ye kadar) \u00e7e\u015fitli montaj se\u00e7eneklerine (flan\u015f, muylu veya \u00e7atal) kadar tam gereksinimlerinize g\u00f6re yap\u0131land\u0131r\u0131labilir. \u00d6zel uyum ve en y\u00fcksek performans ile sisteminizi optimize edin.<\/p>\n<\/li>\n<li>\n<p data-v-md-line=\"12\">Y\u00fcksek Kuvvet ve Dinamik H\u0131z Aral\u0131\u011f\u0131: Tipik olarak 10 kN'den 70 kN'ye kadar ula\u015fan itme kapasitesi ve h\u0131zl\u0131 h\u0131z profilleri (1500 mm\/s'ye kadar) ile bu a\u011f\u0131r hizmet tipi elektrikli akt\u00fcat\u00f6r, end\u00fcstriyel otomasyon bile\u015fenleri, pres montaj\u0131 ve y\u00fcksek g\u00fc\u00e7l\u00fc \u00fcretim g\u00f6revleri i\u00e7in m\u00fckemmeldir.<\/p>\n<\/li>\n<li>\n<p data-v-md-line=\"14\">End\u00fcstriyel Sa\u011flaml\u0131k ve Uzun \u00d6m\u00fcrl\u00fcl\u00fck: Sa\u011flam, y\u00fcksek kaliteli al\u00fcminyum ve paslanmaz \u00e7elikten \u00fcretilen 145 Serisi sadece \u00fcretilmemi\u015ftir, ayn\u0131 zamanda zorlu ortamlar i\u00e7in tasarlanm\u0131\u015ft\u0131r. IP65 s\u0131n\u0131f\u0131 tasar\u0131m toz ve sudan etkilenmez, bu da onu g\u0131da i\u015fleme, farmas\u00f6tik ve temiz oda uyumlu akt\u00fcat\u00f6r gereksinimleri i\u00e7in g\u00fcvenilir bir se\u00e7im haline getirir.<\/p>\n<\/li>\n<li>\n<p data-v-md-line=\"16\">Sorunsuz Entegrasyon: NEMA servo motorlar ve t\u00fcm end\u00fcstriyel kapal\u0131 d\u00f6ng\u00fc servo sistemleriyle uyumlu olan silindir, PLC entegrasyonu, fieldbus ileti\u015fim protokolleri (EtherCAT, PROFINET) ve bir dizi konum geri bildirim cihaz\u0131 (konum kontrol\u00fc, h\u0131z kontrol\u00fc ve kuvvet kontrol\u00fc i\u00e7in mutlak veya art\u0131ml\u0131 enkoderler) ile kolayca aray\u00fcz olu\u015fturur.<\/p>\n<\/li>\n<li>\n<p data-v-md-line=\"18\">Bak\u0131m Gerektirmeyen, D\u00fc\u015f\u00fck G\u00fcr\u00fclt\u00fcl\u00fc \u00c7al\u0131\u015fma: Geli\u015fmi\u015f m\u00fchendislik, f\u0131s\u0131lt\u0131 kadar sessiz, bak\u0131m gerektirmeyen performans sa\u011flar, bu da daha d\u00fc\u015f\u00fck toplam sahip olma maliyeti ve daha sessiz bir \u00e7al\u0131\u015fma ortam\u0131 anlam\u0131na gelir - t\u0131bbi cihaz \u00fcretimi ve yar\u0131 iletken ekipman i\u00e7in idealdir.<\/p>\n<\/li>\n<\/ul>\n<h2 data-v-md-heading=\"wide-applications\" data-v-md-line=\"20\">Geni\u015f Uygulamalar<\/h2>\n<p data-v-md-line=\"21\">Bu lineer elektrikli akt\u00fcat\u00f6r, hassas robotik da\u011f\u0131t\u0131m, otomotiv \u00fcretim hatt\u0131 montaj\u0131, paketleme makineleri, farmas\u00f6tik otomasyon ve y\u00fcksek hassasiyetli lineer hareket ve g\u00fcvenilirli\u011fin tart\u0131\u015f\u0131lmaz oldu\u011fu geli\u015fmi\u015f test ekipmanlar\u0131 dahil olmak \u00fczere en zorlu otomasyon projeleriniz i\u00e7in ideal se\u00e7imdir.<\/p>\n<h2 data-v-md-heading=\"specifications\" data-v-md-line=\"23\">Teknik \u00d6zellikler<\/h2>\n<ul data-v-md-line=\"25\">\n<li>Kuvvet: 10 kN ila 70 kN (uygulamaya ba\u011fl\u0131, \u00f6zel se\u00e7enekler mevcuttur)<\/li>\n<li>H\u0131z: 1500 mm\/s'ye kadar (y\u00fcksek h\u0131zl\u0131 elektrikli silindir konfig\u00fcrasyonu)<\/li>\n<li>Strok Uzunlu\u011fu: 50 mm ila 2000 mm (\u00f6zel strok uzunlu\u011fu deste\u011fi)<\/li>\n<li>Giri\u015f Voltaj\u0131: End\u00fcstriyel servo s\u00fcr\u00fcc\u00fc uyumlu (s\u00fcr\u00fcc\u00fc gereksinimlerine g\u00f6re yap\u0131land\u0131r\u0131labilir)<\/li>\n<li>Koruma Derecesi: IP65 (toza ve suya dayan\u0131kl\u0131, zorlu ortamlar ve temiz oda kurulumlar\u0131 i\u00e7in uygundur)<\/li>\n<\/ul>\n<h2 data-v-md-heading=\"technical-support\" data-v-md-line=\"31\">Teknik Destek<\/h2>\n<p data-v-md-line=\"32\">Bu \u00fcr\u00fcn i\u00e7in indirilebilir CAD modelleri, ayr\u0131nt\u0131l\u0131 teknik veri sayfalar\u0131, kablo ba\u011flant\u0131 \u015femalar\u0131 ve uzman m\u00fchendislik tavsiyeleri de dahil olmak \u00fczere kapsaml\u0131 teknik destek sa\u011flayarak h\u0131zl\u0131, sorunsuz entegrasyon ve minimum devreye alma \u00e7abas\u0131 sa\u011fl\u0131yoruz.<\/p>\n<h2 data-v-md-heading=\"conclusion\" data-v-md-line=\"34\">Sonu\u00e7<\/h2>\n<p data-v-md-line=\"35\">Kaliteden asla \u00f6d\u00fcn vermeyen otomasyon bile\u015fenlerine ihtiya\u00e7 duydu\u011funuzda, Jimmy Technology'nin 145 Serisi \u00d6zel Servo Elektrikli Silindirinin her seferinde \u00fcst\u00fcn performans, \u00f6zel tasar\u0131m ve kal\u0131c\u0131 g\u00fcvenilirlik sunaca\u011f\u0131na g\u00fcvenin.<\/p>\n<p><img fetchpriority=\"high\" decoding=\"async\" class=\"aligncenter size-full wp-image-2700\" src=\"https:\/\/servolinearactuator.com\/wp-content\/uploads\/2025\/07\/145-Series.jpg\" alt=\"\" width=\"1407\" height=\"2036\" srcset=\"https:\/\/servolinearactuator.com\/wp-content\/uploads\/2025\/07\/145-Series.jpg 1407w, https:\/\/servolinearactuator.com\/wp-content\/uploads\/2025\/07\/145-Series-207x300.jpg 207w, https:\/\/servolinearactuator.com\/wp-content\/uploads\/2025\/07\/145-Series-708x1024.jpg 708w, https:\/\/servolinearactuator.com\/wp-content\/uploads\/2025\/07\/145-Series-768x1111.jpg 768w, https:\/\/servolinearactuator.com\/wp-content\/uploads\/2025\/07\/145-Series-1061x1536.jpg 1061w, https:\/\/servolinearactuator.com\/wp-content\/uploads\/2025\/07\/145-Series-600x868.jpg 600w\" sizes=\"(max-width: 1407px) 100vw, 1407px\" \/> <img decoding=\"async\" class=\"aligncenter size-full wp-image-2699\" src=\"https:\/\/servolinearactuator.com\/wp-content\/uploads\/2025\/07\/145-Series-2.jpg\" alt=\"\" width=\"1407\" height=\"2036\" srcset=\"https:\/\/servolinearactuator.com\/wp-content\/uploads\/2025\/07\/145-Series-2.jpg 1407w, https:\/\/servolinearactuator.com\/wp-content\/uploads\/2025\/07\/145-Series-2-207x300.jpg 207w, https:\/\/servolinearactuator.com\/wp-content\/uploads\/2025\/07\/145-Series-2-708x1024.jpg 708w, https:\/\/servolinearactuator.com\/wp-content\/uploads\/2025\/07\/145-Series-2-768x1111.jpg 768w, https:\/\/servolinearactuator.com\/wp-content\/uploads\/2025\/07\/145-Series-2-1061x1536.jpg 1061w, https:\/\/servolinearactuator.com\/wp-content\/uploads\/2025\/07\/145-Series-2-600x868.jpg 600w\" sizes=\"(max-width: 1407px) 100vw, 1407px\" \/><img decoding=\"async\" class=\"aligncenter size-full wp-image-2701\" src=\"https:\/\/servolinearactuator.com\/wp-content\/uploads\/2025\/07\/145-Series-3.jpg\" alt=\"\" width=\"1420\" height=\"2036\" srcset=\"https:\/\/servolinearactuator.com\/wp-content\/uploads\/2025\/07\/145-Series-3.jpg 1420w, https:\/\/servolinearactuator.com\/wp-content\/uploads\/2025\/07\/145-Series-3-209x300.jpg 209w, https:\/\/servolinearactuator.com\/wp-content\/uploads\/2025\/07\/145-Series-3-714x1024.jpg 714w, https:\/\/servolinearactuator.com\/wp-content\/uploads\/2025\/07\/145-Series-3-768x1101.jpg 768w, https:\/\/servolinearactuator.com\/wp-content\/uploads\/2025\/07\/145-Series-3-1071x1536.jpg 1071w, https:\/\/servolinearactuator.com\/wp-content\/uploads\/2025\/07\/145-Series-3-600x860.jpg 600w\" sizes=\"(max-width: 1420px) 100vw, 1420px\" \/> <img loading=\"lazy\" decoding=\"async\" class=\"aligncenter size-full wp-image-2702\" src=\"https:\/\/servolinearactuator.com\/wp-content\/uploads\/2025\/07\/145-Series-1.jpg\" alt=\"\" width=\"1433\" height=\"2036\" srcset=\"https:\/\/servolinearactuator.com\/wp-content\/uploads\/2025\/07\/145-Series-1.jpg 1433w, https:\/\/servolinearactuator.com\/wp-content\/uploads\/2025\/07\/145-Series-1-211x300.jpg 211w, https:\/\/servolinearactuator.com\/wp-content\/uploads\/2025\/07\/145-Series-1-721x1024.jpg 721w, https:\/\/servolinearactuator.com\/wp-content\/uploads\/2025\/07\/145-Series-1-768x1091.jpg 768w, https:\/\/servolinearactuator.com\/wp-content\/uploads\/2025\/07\/145-Series-1-1081x1536.jpg 1081w, https:\/\/servolinearactuator.com\/wp-content\/uploads\/2025\/07\/145-Series-1-600x852.jpg 600w\" sizes=\"(max-width: 1433px) 100vw, 1433px\" \/><\/p>\n<p><script src=\"chrome-extension:\/\/fpelahbljekknahkcaegamhcndkfpfnc\/iFrame.js\" type=\"text\/javascript\"><\/script><\/p>","protected":false},"excerpt":{"rendered":"<p>Jimmy Technology'nin 145 Serisi Servo Elektrikli Silindiriyle hassasiyet ve kuvvetin kilidini a\u00e7\u0131n. Bu sa\u011flam, \u00f6zel akt\u00fcat\u00f6r otomasyon i\u00e7in y\u00fcksek hassasiyet sunar.<\/p>\n<p><script src=\"chrome-extension:\/\/fpelahbljekknahkcaegamhcndkfpfnc\/iFrame.js\" type=\"text\/javascript\"><\/script><\/p>","protected":false},"featured_media":2482,"template":"","meta":{"_kad_post_transparent":"default","_kad_post_title":"","_kad_post_layout":"default","_kad_post_sidebar_id":"","_kad_post_content_style":"default","_kad_post_vertical_padding":"default","_kad_post_feature":"","_kad_post_feature_position":"","_kad_post_header":false,"_kad_post_footer":false,"_kad_post_classname":""},"product_brand":[],"product_cat":[587,577,566,563,581,578,556,15,567,545],"product_tag":[668,669,647],"class_list":{"0":"post-2403","1":"product","2":"type-product","3":"status-publish","4":"has-post-thumbnail","6":"product_cat-actuators-by-drive-type","7":"product_cat-actuators-by-feature","8":"product_cat-actuators-by-force-duty","9":"product_cat-actuators-by-motor-type","10":"product_cat-actuators-by-popular-application","11":"product_cat-actuators-with-position-feedback","12":"product_cat-electric-cylinders","13":"product_cat-electric-linear-actuators","14":"product_cat-heavy-duty-linear-actuators","15":"product_cat-servo-motor-actuators","16":"product_tag-custom-servo-electric-cylinder","17":"product_tag-high-precision-cylinder","18":"product_tag-servo-electric-cylinder","20":"first","21":"instock","22":"shipping-taxable","23":"product-type-simple","24":"entry","25":"content-bg","26":"loop-entry"},"_links":{"self":[{"href":"https:\/\/servolinearactuator.com\/tr\/wp-json\/wp\/v2\/product\/2403","targetHints":{"allow":["GET"]}}],"collection":[{"href":"https:\/\/servolinearactuator.com\/tr\/wp-json\/wp\/v2\/product"}],"about":[{"href":"https:\/\/servolinearactuator.com\/tr\/wp-json\/wp\/v2\/types\/product"}],"wp:featuredmedia":[{"embeddable":true,"href":"https:\/\/servolinearactuator.com\/tr\/wp-json\/wp\/v2\/media\/2482"}],"wp:attachment":[{"href":"https:\/\/servolinearactuator.com\/tr\/wp-json\/wp\/v2\/media?parent=2403"}],"wp:term":[{"taxonomy":"product_brand","embeddable":true,"href":"https:\/\/servolinearactuator.com\/tr\/wp-json\/wp\/v2\/product_brand?post=2403"},{"taxonomy":"product_cat","embeddable":true,"href":"https:\/\/servolinearactuator.com\/tr\/wp-json\/wp\/v2\/product_cat?post=2403"},{"taxonomy":"product_tag","embeddable":true,"href":"https:\/\/servolinearactuator.com\/tr\/wp-json\/wp\/v2\/product_tag?post=2403"}],"curies":[{"name":"wp","href":"https:\/\/api.w.org\/{rel}","templated":true}]}}