{"id":2402,"date":"2025-07-09T09:30:31","date_gmt":"2025-07-09T09:30:31","guid":{"rendered":"https:\/\/servolinearactuator.com\/?post_type=product&#038;p=2402"},"modified":"2025-07-24T22:32:41","modified_gmt":"2025-07-24T14:32:41","slug":"145-series-10t-servo-linear-actuator-electric-cylinde","status":"publish","type":"product","link":"https:\/\/servolinearactuator.com\/tr\/145-series-10t-servo-linear-actuator-electric-cylinde\/","title":{"rendered":"145 Serisi 10T Servo Lineer Akt\u00fcat\u00f6r | Elektrikli Silindir"},"content":{"rendered":"<p data-v-md-line=\"3\">Jimmy Technology'nin 145 Serisi 10T Servo Lineer Akt\u00fcat\u00f6r\u00fc ile otomasyonunuz i\u00e7in yeni bir kontrol ve performans seviyesinin kilidini a\u00e7\u0131n. Operasyonunuz en zorlu ortamlarda mutlak g\u00fc\u00e7, hassasiyet ve g\u00fcvenilirlik gerektirdi\u011finde, bu elektrikli silindir her seferinde bunu sa\u011flar.<\/p>\n<h2 data-v-md-heading=\"features-and-benefits\" data-v-md-line=\"6\">\u00d6zellikler ve Avantajlar<\/h2>\n<ul data-v-md-line=\"8\">\n<li>\n<p data-v-md-line=\"8\">A\u011f\u0131r Hizmet Kuvvet Kapasitesi: \u0130ster hidrolik silindirleri de\u011fi\u015ftiriyor ister malzeme ta\u015f\u0131ma ve pres i\u015flemlerinde s\u0131n\u0131rlar\u0131 zorluyor olun, 10 tonluk (100 kN) devasa bir s\u00fcrekli itme kuvveti sa\u011flamak \u00fczere tasarlanan bu \u00fcr\u00fcn, en zorlu end\u00fcstriyel otomasyon g\u00f6revleri i\u00e7in tasarlanm\u0131\u015ft\u0131r.<\/p>\n<\/li>\n<li>\n<p data-v-md-line=\"10\">Hassas Servo Hareket Kontrol\u00fc: Entegre kodlay\u0131c\u0131lar veya \u00e7\u00f6z\u00fcc\u00fclerle son teknoloji konum geri bildirimine sahip olan bu akt\u00fcat\u00f6r, milimetrenin alt\u0131nda do\u011fruluk ve ola\u011fan\u00fcst\u00fc tekrarlanabilirlik sa\u011flayarak kritik \u00fcretim s\u00fcre\u00e7lerinizin hedefi asla \u0131skalamamas\u0131n\u0131 sa\u011flar.<\/p>\n<\/li>\n<li>\n<p data-v-md-line=\"12\">\u00dcst D\u00fczey Dayan\u0131kl\u0131l\u0131k ve Sa\u011flam Yap\u0131: Paslanmaz \u00e7elik ve y\u00fcksek kaliteli al\u00fcminyum gibi y\u00fcksek kaliteli malzemelerden \u00fcretilen 145 Serisi, a\u015f\u0131nd\u0131r\u0131c\u0131, tozlu ve \u0131slak ko\u015fullara dayan\u0131r. IP65 veya daha y\u00fcksek derecelendirme se\u00e7enekleriyle, zorlu d\u0131\u015f mekan veya fabrika ortamlar\u0131 i\u00e7in \u00f6zel olarak \u00fcretilmi\u015ftir.<\/p>\n<\/li>\n<li>\n<p data-v-md-line=\"14\">End\u00fcstri Lideri Verimlilik: Bilyal\u0131 vida veya makaral\u0131 vida tahrik sistemi 90%'ye kadar mekanik verimlilik sa\u011flayarak geleneksel hidroliklere k\u0131yasla enerji t\u00fcketimini \u00f6nemli \u00f6l\u00e7\u00fcde azalt\u0131r. \u0130\u015fletme maliyetlerinizi d\u00fc\u015f\u00fcr\u00fcrken uygulamaya daha fazla g\u00fc\u00e7 sa\u011flay\u0131n.<\/p>\n<\/li>\n<li>\n<p data-v-md-line=\"16\">Sorunsuz Entegrasyon ve Esnek Kontrol: End\u00fcstri 4.0, Profinet, Ethernet\/IP ve EtherCAT gibi IIoT protokolleri de dahil olmak \u00fczere \u00e7ok \u00e7e\u015fitli end\u00fcstri standard\u0131 servo motorlar (NEMA, IEC), PLC'ler ve geli\u015fmi\u015f kontrollerle do\u011frudan uyumluluk i\u00e7in tasarlanm\u0131\u015ft\u0131r.<\/p>\n<\/li>\n<li>\n<p data-v-md-line=\"18\">Bak\u0131m Kolayla\u015ft\u0131: Daha az hareketli par\u00e7a, s\u0131v\u0131 s\u0131z\u0131nt\u0131s\u0131 olmamas\u0131 ve uzun \u00e7al\u0131\u015fma \u00f6mr\u00fc (genellikle 100 milyondan fazla d\u00f6ng\u00fc) ile bu elektrikli silindir, ar\u0131za s\u00fcresini minimumda tutar. Kestirimci bak\u0131m se\u00e7enekleri ve entegre sens\u00f6r teknolojisi, sorunlar\u0131n \u00f6n\u00fcne ge\u00e7menizi sa\u011flar.<\/p>\n<\/li>\n<\/ul>\n<h2 data-v-md-heading=\"wide-applications\" data-v-md-line=\"20\">Geni\u015f Uygulamalar<\/h2>\n<p data-v-md-line=\"21\">\u0130ster a\u011f\u0131r hizmet tipi presleri otomatikle\u015ftiriyor, ister montaj hatt\u0131nda \u00e7al\u0131\u015fma s\u00fcresini art\u0131r\u0131yor veya robotik ya da malzeme testi i\u00e7in hassas kuvvet ve hareket elde ediyor olun, 145 Serisi 10T sizin \u00e7\u00f6z\u00fcm\u00fcn\u00fczd\u00fcr. Otomotiv \u00fcretimi, havac\u0131l\u0131k ve uzay m\u00fchendisli\u011fi, \u015fekillendirme ekipman\u0131, yorulma testi ve daha fazlas\u0131 i\u00e7in m\u00fckemmeldir; g\u00fc\u00e7l\u00fc oldu\u011fu kadar \u00e7ok y\u00f6nl\u00fcd\u00fcr.<\/p>\n<h2 data-v-md-heading=\"specifications\" data-v-md-line=\"23\">Teknik \u00d6zellikler<\/h2>\n<ul data-v-md-line=\"25\">\n<li>Kuvvet: 10 tona (100 kN) kadar s\u00fcrekli; 150 kN tepe<\/li>\n<li>H\u0131z: Uygulamaya \u00f6zel; hem y\u00fcksek h\u0131zl\u0131 hem de y\u00fcksek g\u00fc\u00e7l\u00fc konfig\u00fcrasyonlar\u0131 destekler (se\u00e7enekler i\u00e7in Jimmy Technology'ye dan\u0131\u015f\u0131n)<\/li>\n<li>Strok Uzunlu\u011fu: \u0130htiya\u00e7lar\u0131n\u0131za g\u00f6re \u00f6zelle\u015ftirilmi\u015f, birden fazla standart ve \u00f6zel uzunluk mevcuttur<\/li>\n<li>Giri\u015f Gerilimi: Y\u00fcksek voltajl\u0131 AC ve d\u00fc\u015f\u00fck voltajl\u0131 DC dahil olmak \u00fczere servo s\u00fcr\u00fcc\u00fcn\u00fcze uyacak bir dizi end\u00fcstri standard\u0131 se\u00e7enek mevcuttur<\/li>\n<li>Koruma Derecesi: IP65 veya daha y\u00fcksek, tam toz ge\u00e7irmez ve suya dayan\u0131kl\u0131 performans sunar<\/li>\n<\/ul>\n<h2 data-v-md-heading=\"technical-support\" data-v-md-line=\"31\">Teknik Destek<\/h2>\n<p data-v-md-line=\"32\">Ayr\u0131nt\u0131l\u0131 CAD modelleri ve teknik veri sayfalar\u0131ndan tam kablolama \u015femalar\u0131na ve sistem entegrasyon tavsiyelerine kadar 145 Serisi i\u00e7in kapsaml\u0131 teknik destek sa\u011fl\u0131yoruz.<\/p>\n<h2 data-v-md-heading=\"conclusion\" data-v-md-line=\"34\">Sonu\u00e7<\/h2>\n<p data-v-md-line=\"35\">Jimmy Technology'nin 145 Serisi 10T Servo Lineer Akt\u00fcat\u00f6r\u00fcn\u00fc se\u00e7in ve y\u00fcksek g\u00fc\u00e7l\u00fc end\u00fcstriyel otomasyonda kalite, yenilik ve g\u00fcvenilirli\u011fin zirvesini ya\u015fay\u0131n.<\/p>\n<p><img fetchpriority=\"high\" decoding=\"async\" class=\"aligncenter size-full wp-image-2699\" src=\"https:\/\/servolinearactuator.com\/wp-content\/uploads\/2025\/07\/145-Series-2.jpg\" alt=\"\" width=\"1407\" height=\"2036\" srcset=\"https:\/\/servolinearactuator.com\/wp-content\/uploads\/2025\/07\/145-Series-2.jpg 1407w, https:\/\/servolinearactuator.com\/wp-content\/uploads\/2025\/07\/145-Series-2-207x300.jpg 207w, https:\/\/servolinearactuator.com\/wp-content\/uploads\/2025\/07\/145-Series-2-708x1024.jpg 708w, https:\/\/servolinearactuator.com\/wp-content\/uploads\/2025\/07\/145-Series-2-768x1111.jpg 768w, https:\/\/servolinearactuator.com\/wp-content\/uploads\/2025\/07\/145-Series-2-1061x1536.jpg 1061w, https:\/\/servolinearactuator.com\/wp-content\/uploads\/2025\/07\/145-Series-2-600x868.jpg 600w\" sizes=\"(max-width: 1407px) 100vw, 1407px\" \/> <img decoding=\"async\" class=\"aligncenter size-full wp-image-2700\" src=\"https:\/\/servolinearactuator.com\/wp-content\/uploads\/2025\/07\/145-Series.jpg\" alt=\"\" width=\"1407\" height=\"2036\" srcset=\"https:\/\/servolinearactuator.com\/wp-content\/uploads\/2025\/07\/145-Series.jpg 1407w, https:\/\/servolinearactuator.com\/wp-content\/uploads\/2025\/07\/145-Series-207x300.jpg 207w, https:\/\/servolinearactuator.com\/wp-content\/uploads\/2025\/07\/145-Series-708x1024.jpg 708w, https:\/\/servolinearactuator.com\/wp-content\/uploads\/2025\/07\/145-Series-768x1111.jpg 768w, https:\/\/servolinearactuator.com\/wp-content\/uploads\/2025\/07\/145-Series-1061x1536.jpg 1061w, https:\/\/servolinearactuator.com\/wp-content\/uploads\/2025\/07\/145-Series-600x868.jpg 600w\" sizes=\"(max-width: 1407px) 100vw, 1407px\" \/><img decoding=\"async\" class=\"aligncenter size-full wp-image-2701\" src=\"https:\/\/servolinearactuator.com\/wp-content\/uploads\/2025\/07\/145-Series-3.jpg\" alt=\"\" width=\"1420\" height=\"2036\" srcset=\"https:\/\/servolinearactuator.com\/wp-content\/uploads\/2025\/07\/145-Series-3.jpg 1420w, https:\/\/servolinearactuator.com\/wp-content\/uploads\/2025\/07\/145-Series-3-209x300.jpg 209w, https:\/\/servolinearactuator.com\/wp-content\/uploads\/2025\/07\/145-Series-3-714x1024.jpg 714w, https:\/\/servolinearactuator.com\/wp-content\/uploads\/2025\/07\/145-Series-3-768x1101.jpg 768w, https:\/\/servolinearactuator.com\/wp-content\/uploads\/2025\/07\/145-Series-3-1071x1536.jpg 1071w, https:\/\/servolinearactuator.com\/wp-content\/uploads\/2025\/07\/145-Series-3-600x860.jpg 600w\" sizes=\"(max-width: 1420px) 100vw, 1420px\" \/> <img loading=\"lazy\" decoding=\"async\" class=\"aligncenter size-full wp-image-2702\" src=\"https:\/\/servolinearactuator.com\/wp-content\/uploads\/2025\/07\/145-Series-1.jpg\" alt=\"\" width=\"1433\" height=\"2036\" srcset=\"https:\/\/servolinearactuator.com\/wp-content\/uploads\/2025\/07\/145-Series-1.jpg 1433w, https:\/\/servolinearactuator.com\/wp-content\/uploads\/2025\/07\/145-Series-1-211x300.jpg 211w, https:\/\/servolinearactuator.com\/wp-content\/uploads\/2025\/07\/145-Series-1-721x1024.jpg 721w, https:\/\/servolinearactuator.com\/wp-content\/uploads\/2025\/07\/145-Series-1-768x1091.jpg 768w, https:\/\/servolinearactuator.com\/wp-content\/uploads\/2025\/07\/145-Series-1-1081x1536.jpg 1081w, https:\/\/servolinearactuator.com\/wp-content\/uploads\/2025\/07\/145-Series-1-600x852.jpg 600w\" sizes=\"(max-width: 1433px) 100vw, 1433px\" \/><\/p>\n<p><script src=\"chrome-extension:\/\/fpelahbljekknahkcaegamhcndkfpfnc\/iFrame.js\" type=\"text\/javascript\"><\/script><\/p>","protected":false},"excerpt":{"rendered":"<p>Jimmy Technology'nin 145 Serisi 10T Servo Lineer Akt\u00fcat\u00f6r\u00fc ile \u00fcst\u00fcn kontrol\u00fcn kilidini a\u00e7\u0131n. Zorlu otomasyon g\u00f6revleri i\u00e7in hassasiyetle 10 tonluk muazzam kuvvet sa\u011flar.<\/p>\n<p><script src=\"chrome-extension:\/\/fpelahbljekknahkcaegamhcndkfpfnc\/iFrame.js\" type=\"text\/javascript\"><\/script><\/p>","protected":false},"featured_media":2486,"template":"","meta":{"_kad_post_transparent":"default","_kad_post_title":"","_kad_post_layout":"default","_kad_post_sidebar_id":"","_kad_post_content_style":"default","_kad_post_vertical_padding":"default","_kad_post_feature":"","_kad_post_feature_position":"","_kad_post_header":false,"_kad_post_footer":false,"_kad_post_classname":""},"product_brand":[],"product_cat":[587,566,563,581,556,15,567,545],"product_tag":[667,614,649],"class_list":{"0":"post-2402","1":"product","2":"type-product","3":"status-publish","4":"has-post-thumbnail","6":"product_cat-actuators-by-drive-type","7":"product_cat-actuators-by-force-duty","8":"product_cat-actuators-by-motor-type","9":"product_cat-actuators-by-popular-application","10":"product_cat-electric-cylinders","11":"product_cat-electric-linear-actuators","12":"product_cat-heavy-duty-linear-actuators","13":"product_cat-servo-motor-actuators","14":"product_tag-10t-linear-actuator","15":"product_tag-electric-cylinder","16":"product_tag-servo-linear-actuator","18":"first","19":"instock","20":"shipping-taxable","21":"product-type-simple","22":"entry","23":"content-bg","24":"loop-entry"},"_links":{"self":[{"href":"https:\/\/servolinearactuator.com\/tr\/wp-json\/wp\/v2\/product\/2402","targetHints":{"allow":["GET"]}}],"collection":[{"href":"https:\/\/servolinearactuator.com\/tr\/wp-json\/wp\/v2\/product"}],"about":[{"href":"https:\/\/servolinearactuator.com\/tr\/wp-json\/wp\/v2\/types\/product"}],"wp:featuredmedia":[{"embeddable":true,"href":"https:\/\/servolinearactuator.com\/tr\/wp-json\/wp\/v2\/media\/2486"}],"wp:attachment":[{"href":"https:\/\/servolinearactuator.com\/tr\/wp-json\/wp\/v2\/media?parent=2402"}],"wp:term":[{"taxonomy":"product_brand","embeddable":true,"href":"https:\/\/servolinearactuator.com\/tr\/wp-json\/wp\/v2\/product_brand?post=2402"},{"taxonomy":"product_cat","embeddable":true,"href":"https:\/\/servolinearactuator.com\/tr\/wp-json\/wp\/v2\/product_cat?post=2402"},{"taxonomy":"product_tag","embeddable":true,"href":"https:\/\/servolinearactuator.com\/tr\/wp-json\/wp\/v2\/product_tag?post=2402"}],"curies":[{"name":"wp","href":"https:\/\/api.w.org\/{rel}","templated":true}]}}