{"id":2398,"date":"2025-07-09T09:30:23","date_gmt":"2025-07-09T09:30:23","guid":{"rendered":"https:\/\/servolinearactuator.com\/?post_type=product&#038;p=2398"},"modified":"2025-07-24T22:29:28","modified_gmt":"2025-07-24T14:29:28","slug":"95-series-fast-servo-linear-actuator-industrial-electric-cylinder","status":"publish","type":"product","link":"https:\/\/servolinearactuator.com\/tr\/95-series-fast-servo-linear-actuator-industrial-electric-cylinder\/","title":{"rendered":"95 Serisi H\u0131zl\u0131 Servo Lineer Akt\u00fcat\u00f6r | End\u00fcstriyel Elektrikli Silindir"},"content":{"rendered":"<p data-v-md-line=\"3\">Jimmy Technology'nin 95 Serisi H\u0131zl\u0131 Servo Lineer Akt\u00fcat\u00f6r\u00fc ile end\u00fcstriyel otomasyonda bir sonraki seviye performans\u0131n kilidini a\u00e7\u0131n - en zorlu ortamlarda sa\u011flam, y\u00fcksek h\u0131zl\u0131, hassas hareket i\u00e7in anahtar\u0131n\u0131z.<\/p>\n<h2 data-v-md-heading=\"features-and-benefits\" data-v-md-line=\"5\">\u00d6zellikler ve Avantajlar<\/h2>\n<ul data-v-md-line=\"7\">\n<li><strong>Sa\u011flam, A\u011f\u0131r Hizmet Tipi Yap\u0131:<\/strong>\u00a0Y\u00fcksek kaliteli malzemelerden \u00fcretilen bu akt\u00fcat\u00f6r, zorlu end\u00fcstriyel ortamlarda ba\u015far\u0131l\u0131 olmak i\u00e7in \u00fcretilmi\u015ftir. Sa\u011flam elektrikli silindir y\u00fcksek kuvvetlere dayan\u0131r ve d\u00f6ng\u00fcden d\u00f6ng\u00fcye g\u00fcvenilir \u00e7al\u0131\u015fma sa\u011flar.<\/li>\n<li><strong>Y\u00fcksek H\u0131zl\u0131, Hassas Do\u011frusal Hareket:<\/strong>\u00a0Kapal\u0131 d\u00f6ng\u00fc servo sistemi entegre eden 95 Serisi, y\u0131ld\u0131r\u0131m h\u0131z\u0131nda tepki s\u00fcreleri ve milimetrenin alt\u0131nda tekrarlanabilirlik sa\u011flar; y\u00fcksek h\u0131zl\u0131 konumland\u0131rma ve hassasiyetin en \u00f6nemli oldu\u011fu uygulamalar i\u00e7in idealdir.<\/li>\n<li><strong>\u00c7ok Y\u00f6nl\u00fc Hareket Profilleri:<\/strong>\u00a0Programlanabilir kontrol ve entegre servo geri besleme ile en \u00fcst d\u00fczeyde esneklik kazan\u0131rs\u0131n\u0131z: montaj hatt\u0131 otomasyonundan malzeme ta\u015f\u0131maya kadar her g\u00f6rev i\u00e7in kuvveti, h\u0131z\u0131 ve hareketi hassas bir \u015fekilde uyarlay\u0131n.<\/li>\n<li><strong>Az Bak\u0131m Gerektirir, Temiz \u00c7al\u0131\u015fma:<\/strong>\u00a0Hidrolik veya pn\u00f6matik silindirlerin aksine, bu elektrikli silindir s\u0131z\u0131nt\u0131 olmadan enerji tasarruflu performans, en aza indirilmi\u015f ar\u0131za s\u00fcresi ve f\u0131s\u0131lt\u0131 sessizli\u011finde \u00e7al\u0131\u015ft\u0131rma sunarak daha g\u00fcvenli ve temiz bir \u00e7al\u0131\u015fma alan\u0131 yarat\u0131r.<\/li>\n<li><strong>Sorunsuz End\u00fcstri 4.0 Entegrasyonu:<\/strong>\u00a0Ba\u015fl\u0131ca PLC'ler, HMI'lar ve end\u00fcstriyel fieldbus protokolleri (PROFINET, EtherCAT, Modbus TCP\/IP, CANopen gibi) ile uyumlu olan akt\u00fcat\u00f6r, otomasyon hatt\u0131n\u0131z\u0131 gelece\u011fe haz\u0131rlamak i\u00e7in sorunsuz, senkronize hareket ve ger\u00e7ek zamanl\u0131 tan\u0131lama sunar.<\/li>\n<\/ul>\n<h2 data-v-md-heading=\"wide-applications\" data-v-md-line=\"13\">Geni\u015f Uygulamalar<\/h2>\n<p data-v-md-line=\"15\">95 Serisi akt\u00fcat\u00f6r, paketleme sistemleri, otomotiv \u00fcretimi, alma ve yerle\u015ftirme robotlar\u0131, geli\u015fmi\u015f malzeme ta\u015f\u0131ma, presleme ve damgalama ekipmanlar\u0131 ve fotovoltaik izleme sistemleri dahil ancak bunlarla s\u0131n\u0131rl\u0131 olmamak \u00fczere otomasyon yelpazesinde dinamik do\u011frusal hareket kontrol\u00fc i\u00e7in ideal se\u00e7imdir. G\u00fcvenilirli\u011fi ve y\u00fcksek performans\u0131, onu fabrika otomasyonu, yiyecek ve i\u00e7ecek i\u015fleme ve y\u00fcksek h\u0131zl\u0131, a\u011f\u0131r hizmet tipi lineer tahrik gerektiren t\u00fcm ortamlar i\u00e7in tercih edilen bir \u00e7\u00f6z\u00fcm haline getirir.<\/p>\n<h2 data-v-md-heading=\"specifications\" data-v-md-line=\"17\">Teknik \u00d6zellikler<\/h2>\n<ul data-v-md-line=\"19\">\n<li><strong>Kuvvet:<\/strong>\u00a0A\u011f\u0131r end\u00fcstriyel y\u00fcklerin \u00fcstesinden gelmek i\u00e7in 50 kN'ye kadar (end\u00fcstri \u00f6l\u00e7\u00fct\u00fc).<\/li>\n<li><strong>H\u0131z:<\/strong>\u00a0Daha fazla verim i\u00e7in d\u00f6ng\u00fc s\u00fcrelerini k\u0131saltarak 5 m\/s'ye kadar h\u0131zlara ula\u015f\u0131r.<\/li>\n<li><strong>Strok Uzunlu\u011fu:<\/strong>\u00a0\u00d6zel operasyonel ayak izinize uyacak geni\u015f bir se\u00e7enek yelpazesi ile \u00f6zelle\u015ftirilebilir.<\/li>\n<li><strong>Giri\u015f Voltaj\u0131:<\/strong>\u00a0Standart end\u00fcstriyel gerilimleri destekler (tam gereksiniminizi belirtmek i\u00e7in bizimle ileti\u015fime ge\u00e7in).<\/li>\n<li><strong>Koruma Derecesi:<\/strong>\u00a0D\u0131\u015f mekan ve zorlu uygulamalar i\u00e7in toza ve suya dayan\u0131kl\u0131l\u0131k sa\u011flayan sa\u011flam s\u0131zd\u0131rmazl\u0131k-IP65 veya daha iyisi ile zorlu ortamlar i\u00e7in tasarlanm\u0131\u015ft\u0131r.<\/li>\n<\/ul>\n<h2 data-v-md-heading=\"technical-support\" data-v-md-line=\"25\">Teknik Destek<\/h2>\n<p data-v-md-line=\"27\">Ba\u015far\u0131n\u0131za olan ba\u011fl\u0131l\u0131\u011f\u0131m\u0131z akt\u00fcat\u00f6r\u00fcn \u00f6tesine ge\u00e7er. Jimmy Technology, 95 Serisi i\u00e7in ayr\u0131nt\u0131l\u0131 CAD modelleri, eksiksiz teknik veri sayfalar\u0131, devre ve ba\u011flant\u0131 \u015femalar\u0131 gibi kapsaml\u0131 teknik destek sa\u011flar. Yat\u0131r\u0131m\u0131n\u0131zdan en iyi \u015fekilde yararlanabilmeniz i\u00e7in se\u00e7im, yap\u0131land\u0131rma ve entegrasyonun her ad\u0131m\u0131nda size rehberlik edece\u011fiz.<\/p>\n<h2 data-v-md-heading=\"conclusion\" data-v-md-line=\"29\">Sonu\u00e7<\/h2>\n<p data-v-md-line=\"31\">Jimmy Technology'nin 95 Serisi H\u0131zl\u0131 Servo Lineer Akt\u00fcat\u00f6r\u00fcn\u00fc se\u00e7ti\u011finizde, otomasyonunuzun bir ad\u0131m \u00f6nde olmas\u0131n\u0131 sa\u011flayan e\u015fsiz kaliteyi, amans\u0131z g\u00fcvenilirli\u011fi ve geli\u015fmi\u015f m\u00fchendisli\u011fi se\u00e7mi\u015f olursunuz.<\/p>\n<p><img fetchpriority=\"high\" decoding=\"async\" class=\"aligncenter size-full wp-image-2689\" src=\"https:\/\/servolinearactuator.com\/wp-content\/uploads\/2025\/07\/95-Series-1.jpg\" alt=\"\" width=\"1413\" height=\"2036\" srcset=\"https:\/\/servolinearactuator.com\/wp-content\/uploads\/2025\/07\/95-Series-1.jpg 1413w, https:\/\/servolinearactuator.com\/wp-content\/uploads\/2025\/07\/95-Series-1-208x300.jpg 208w, https:\/\/servolinearactuator.com\/wp-content\/uploads\/2025\/07\/95-Series-1-711x1024.jpg 711w, https:\/\/servolinearactuator.com\/wp-content\/uploads\/2025\/07\/95-Series-1-768x1107.jpg 768w, https:\/\/servolinearactuator.com\/wp-content\/uploads\/2025\/07\/95-Series-1-1066x1536.jpg 1066w, https:\/\/servolinearactuator.com\/wp-content\/uploads\/2025\/07\/95-Series-1-600x865.jpg 600w\" sizes=\"(max-width: 1413px) 100vw, 1413px\" \/> <img decoding=\"async\" class=\"aligncenter size-full wp-image-2691\" src=\"https:\/\/servolinearactuator.com\/wp-content\/uploads\/2025\/07\/95-Series.jpg\" alt=\"\" width=\"1407\" height=\"2036\" srcset=\"https:\/\/servolinearactuator.com\/wp-content\/uploads\/2025\/07\/95-Series.jpg 1407w, https:\/\/servolinearactuator.com\/wp-content\/uploads\/2025\/07\/95-Series-207x300.jpg 207w, https:\/\/servolinearactuator.com\/wp-content\/uploads\/2025\/07\/95-Series-708x1024.jpg 708w, https:\/\/servolinearactuator.com\/wp-content\/uploads\/2025\/07\/95-Series-768x1111.jpg 768w, https:\/\/servolinearactuator.com\/wp-content\/uploads\/2025\/07\/95-Series-1061x1536.jpg 1061w, https:\/\/servolinearactuator.com\/wp-content\/uploads\/2025\/07\/95-Series-600x868.jpg 600w\" sizes=\"(max-width: 1407px) 100vw, 1407px\" \/> <img decoding=\"async\" class=\"aligncenter size-full wp-image-2690\" src=\"https:\/\/servolinearactuator.com\/wp-content\/uploads\/2025\/07\/95-Series-2.jpg\" alt=\"\" width=\"1407\" height=\"2036\" srcset=\"https:\/\/servolinearactuator.com\/wp-content\/uploads\/2025\/07\/95-Series-2.jpg 1407w, https:\/\/servolinearactuator.com\/wp-content\/uploads\/2025\/07\/95-Series-2-207x300.jpg 207w, https:\/\/servolinearactuator.com\/wp-content\/uploads\/2025\/07\/95-Series-2-708x1024.jpg 708w, https:\/\/servolinearactuator.com\/wp-content\/uploads\/2025\/07\/95-Series-2-768x1111.jpg 768w, https:\/\/servolinearactuator.com\/wp-content\/uploads\/2025\/07\/95-Series-2-1061x1536.jpg 1061w, https:\/\/servolinearactuator.com\/wp-content\/uploads\/2025\/07\/95-Series-2-600x868.jpg 600w\" sizes=\"(max-width: 1407px) 100vw, 1407px\" \/><img loading=\"lazy\" decoding=\"async\" class=\"aligncenter size-full wp-image-2692\" src=\"https:\/\/servolinearactuator.com\/wp-content\/uploads\/2025\/07\/95-Series-1-1.jpg\" alt=\"\" width=\"1427\" height=\"2036\" srcset=\"https:\/\/servolinearactuator.com\/wp-content\/uploads\/2025\/07\/95-Series-1-1.jpg 1427w, https:\/\/servolinearactuator.com\/wp-content\/uploads\/2025\/07\/95-Series-1-1-210x300.jpg 210w, https:\/\/servolinearactuator.com\/wp-content\/uploads\/2025\/07\/95-Series-1-1-718x1024.jpg 718w, https:\/\/servolinearactuator.com\/wp-content\/uploads\/2025\/07\/95-Series-1-1-768x1096.jpg 768w, https:\/\/servolinearactuator.com\/wp-content\/uploads\/2025\/07\/95-Series-1-1-1077x1536.jpg 1077w, https:\/\/servolinearactuator.com\/wp-content\/uploads\/2025\/07\/95-Series-1-1-600x856.jpg 600w\" sizes=\"(max-width: 1427px) 100vw, 1427px\" \/> <img loading=\"lazy\" decoding=\"async\" class=\"aligncenter size-full wp-image-2693\" src=\"https:\/\/servolinearactuator.com\/wp-content\/uploads\/2025\/07\/95-Series-2-1.jpg\" alt=\"\" width=\"1400\" height=\"2036\" srcset=\"https:\/\/servolinearactuator.com\/wp-content\/uploads\/2025\/07\/95-Series-2-1.jpg 1400w, https:\/\/servolinearactuator.com\/wp-content\/uploads\/2025\/07\/95-Series-2-1-206x300.jpg 206w, https:\/\/servolinearactuator.com\/wp-content\/uploads\/2025\/07\/95-Series-2-1-704x1024.jpg 704w, https:\/\/servolinearactuator.com\/wp-content\/uploads\/2025\/07\/95-Series-2-1-768x1117.jpg 768w, https:\/\/servolinearactuator.com\/wp-content\/uploads\/2025\/07\/95-Series-2-1-1056x1536.jpg 1056w, https:\/\/servolinearactuator.com\/wp-content\/uploads\/2025\/07\/95-Series-2-1-600x873.jpg 600w\" sizes=\"(max-width: 1400px) 100vw, 1400px\" \/><\/p>\n<p><script src=\"chrome-extension:\/\/fpelahbljekknahkcaegamhcndkfpfnc\/iFrame.js\" type=\"text\/javascript\"><\/script><\/p>","protected":false},"excerpt":{"rendered":"<div class=\"chat-container\">\n<div class=\"chat-view-container ng-star-inserted\">\n<div>\n<div class=\"chat-turn-container model render cdk-focused cdk-mouse-focused\" tabindex=\"-1\">\n<div class=\"model-prompt-container\" data-turn-role=\"Model\">\n<div class=\"turn-content\">\n<p class=\"ng-star-inserted\"><span class=\"ng-star-inserted\">Jimmy Technology'nin 95 Serisi H\u0131zl\u0131 Servo Akt\u00fcat\u00f6r\u00fc, zorlu end\u00fcstriyel otomasyon i\u00e7in sa\u011flam, y\u00fcksek h\u0131zl\u0131, hassas hareket sunar.<\/span><\/p>\n<\/div>\n<\/div>\n<\/div>\n<\/div>\n<\/div>\n<\/div>\n<p><script src=\"chrome-extension:\/\/fpelahbljekknahkcaegamhcndkfpfnc\/iFrame.js\" type=\"text\/javascript\"><\/script><\/p>","protected":false},"featured_media":2457,"template":"","meta":{"_kad_post_transparent":"default","_kad_post_title":"","_kad_post_layout":"default","_kad_post_sidebar_id":"","_kad_post_content_style":"default","_kad_post_vertical_padding":"default","_kad_post_feature":"","_kad_post_feature_position":"","_kad_post_header":false,"_kad_post_footer":false,"_kad_post_classname":""},"product_brand":[],"product_cat":[587,573,563,581,570,556,15,571,576,545],"product_tag":[660,661,649],"class_list":{"0":"post-2398","1":"product","2":"type-product","3":"status-publish","4":"has-post-thumbnail","6":"product_cat-actuators-by-drive-type","7":"product_cat-actuators-by-environment","8":"product_cat-actuators-by-motor-type","9":"product_cat-actuators-by-popular-application","10":"product_cat-actuators-by-speed","11":"product_cat-electric-cylinders","12":"product_cat-electric-linear-actuators","13":"product_cat-high-speed-linear-actuators","14":"product_cat-industrial-linear-actuators","15":"product_cat-servo-motor-actuators","16":"product_tag-fast-electric-cylinder","17":"product_tag-industrial-electric-cylinder","18":"product_tag-servo-linear-actuator","20":"first","21":"instock","22":"shipping-taxable","23":"product-type-simple","24":"entry","25":"content-bg","26":"loop-entry"},"_links":{"self":[{"href":"https:\/\/servolinearactuator.com\/tr\/wp-json\/wp\/v2\/product\/2398","targetHints":{"allow":["GET"]}}],"collection":[{"href":"https:\/\/servolinearactuator.com\/tr\/wp-json\/wp\/v2\/product"}],"about":[{"href":"https:\/\/servolinearactuator.com\/tr\/wp-json\/wp\/v2\/types\/product"}],"wp:featuredmedia":[{"embeddable":true,"href":"https:\/\/servolinearactuator.com\/tr\/wp-json\/wp\/v2\/media\/2457"}],"wp:attachment":[{"href":"https:\/\/servolinearactuator.com\/tr\/wp-json\/wp\/v2\/media?parent=2398"}],"wp:term":[{"taxonomy":"product_brand","embeddable":true,"href":"https:\/\/servolinearactuator.com\/tr\/wp-json\/wp\/v2\/product_brand?post=2398"},{"taxonomy":"product_cat","embeddable":true,"href":"https:\/\/servolinearactuator.com\/tr\/wp-json\/wp\/v2\/product_cat?post=2398"},{"taxonomy":"product_tag","embeddable":true,"href":"https:\/\/servolinearactuator.com\/tr\/wp-json\/wp\/v2\/product_tag?post=2398"}],"curies":[{"name":"wp","href":"https:\/\/api.w.org\/{rel}","templated":true}]}}