{"id":2396,"date":"2025-07-09T09:30:19","date_gmt":"2025-07-09T09:30:19","guid":{"rendered":"https:\/\/servolinearactuator.com\/?post_type=product&#038;p=2396"},"modified":"2025-07-24T22:27:48","modified_gmt":"2025-07-24T14:27:48","slug":"75-series-high-thrust-servo-linear-actuator-factory-direct","status":"publish","type":"product","link":"https:\/\/servolinearactuator.com\/tr\/75-series-high-thrust-servo-linear-actuator-factory-direct\/","title":{"rendered":"75 Serisi Y\u00fcksek \u0130tmeli Servo Lineer Akt\u00fcat\u00f6r | Fabrika Do\u011frudan"},"content":{"rendered":"<p data-v-md-line=\"4\">Jimmy Technology'nin 75 Serisi Y\u00fcksek \u0130tmeli Servo Lineer Akt\u00fcat\u00f6r\u00fc ile y\u00fcksek g\u00fc\u00e7l\u00fc, hassas tahrikli end\u00fcstriyel otomasyonun zirvesini ya\u015fay\u0131n - do\u011frudan fabrikam\u0131zdan size. En zorlu uygulamalar\u0131n \u00fcstesinden gelmek i\u00e7in tasarlanm\u0131\u015f y\u00fcksek itme g\u00fcc\u00fc, hassas lineer \u00e7al\u0131\u015ft\u0131rma ve sa\u011flam g\u00fcvenilirli\u011fin nihai kombinasyonunu ortaya \u00e7\u0131kar\u0131n.<\/p>\n<h2 data-v-md-heading=\"features-and-benefits\" data-v-md-line=\"6\">\u00d6zellikler ve Avantajlar<\/h2>\n<ul data-v-md-line=\"8\">\n<li>Sa\u011flam A\u011f\u0131r Hizmet Performans\u0131: 75 Serisi, hantal hidrolik silindirlerin yerini almak veya b\u00fcy\u00fck \u00f6l\u00e7ekli presleme, kald\u0131rma ve malzeme ta\u015f\u0131ma sistemlerine g\u00fc\u00e7 sa\u011flamak i\u00e7in ideal olan benzersiz s\u00fcrekli kuvvet sunan y\u00fcksek itmeli elektrikli akt\u00fcat\u00f6r gereksinimleri i\u00e7in \u00fcretilmi\u015ftir.<\/li>\n<li>Hassas Servo Do\u011frusal Hareket: Servo motor entegre akt\u00fcat\u00f6r teknolojisi sayesinde, hassas \u00fcretim veya otomatik denetim gibi dar toleranslar gerektiren uygulamalar i\u00e7in kritik olan nokta hassasiyet ve tekrarlanabilirlik (\u00b10,01 mm ila \u00b10,03 mm) elde edersiniz.<\/li>\n<li>Zorlu Ortamlar i\u00e7in \u00dcst\u00fcn Yap\u0131: Y\u00fcksek kaliteli al\u00fcminyum ve paslanmaz \u00e7elikten \u00fcretilen bu akt\u00fcat\u00f6r sadece korozyona kar\u015f\u0131 dayan\u0131kl\u0131 olmakla kalmaz, ayn\u0131 zamanda zorlu end\u00fcstriyel ortamlar, temiz odalar ve y\u0131kama ortamlar\u0131 i\u00e7in m\u00fckemmel olan IP65 ve NEMA 4X'e kadar derecelendirme se\u00e7eneklerinde de mevcuttur.<\/li>\n<li>Entegre Kontrol ve Geri Bildirim: PLC'ler, HMI'lar ve pop\u00fcler servo s\u00fcr\u00fcc\u00fc platformlar\u0131 ile kolayca aray\u00fcz olu\u015fturun. Ger\u00e7ek zamanl\u0131 geri bildirim ve geli\u015fmi\u015f kapal\u0131 d\u00f6ng\u00fc hareket kontrol\u00fc i\u00e7in mutlak veya art\u0131ml\u0131 enkoder se\u00e7eneklerinden birini se\u00e7in.<\/li>\n<li>Esnek ve \u00d6zelle\u015ftirilebilir: 75 Serisi, \u00f6zelle\u015ftirilebilir strok uzunluklar\u0131n\u0131 (100 mm ila 2000 mm), \u00e7oklu montaj se\u00e7eneklerini ve hatta OEM'ler i\u00e7in \u00f6zel akt\u00fcat\u00f6r tasar\u0131mlar\u0131n\u0131 destekler ve neredeyse t\u00fcm makinelere veya s\u00fcre\u00e7lere sorunsuz entegrasyon sa\u011flar.<\/li>\n<li>Enerji Verimli ve Bak\u0131m Gerektirmeyen: Ya\u011f s\u0131z\u0131nt\u0131lar\u0131n\u0131 ortadan kald\u0131r\u0131n, g\u00fcr\u00fclt\u00fcy\u00fc azalt\u0131n, hidrolik sistemlere k\u0131yasla enerji t\u00fcketimini 80%'ye kadar azalt\u0131n ve 100 milyondan fazla \u00e7evrim \u00f6mr\u00fc ile neredeyse bak\u0131m gerektirmeyen bir \u00e7\u00f6z\u00fcm\u00fcn keyfini \u00e7\u0131kar\u0131n.<\/li>\n<\/ul>\n<h2 data-v-md-heading=\"wide-applications\" data-v-md-line=\"15\">Geni\u015f Uygulamalar<\/h2>\n<p data-v-md-line=\"16\">Bu akt\u00fcat\u00f6r, otomasyon projeleriniz i\u00e7in ideal se\u00e7imdir; otomotiv montaj hatlar\u0131, robotik kaynak, a\u011f\u0131r hizmet tipi malzeme ta\u015f\u0131ma sistemleri, paketleme makineleri, havac\u0131l\u0131kta test standlar\u0131 ve sim\u00fclasyon, t\u0131bbi cihaz konumland\u0131rma, yiyecek ve i\u00e7ecek \u00fcretimi ve ola\u011fan\u00fcst\u00fc g\u00fc\u00e7 ve do\u011fruluk gerektiren her t\u00fcrl\u00fc uygulama dahil ancak bunlarla s\u0131n\u0131rl\u0131 de\u011fildir. Geni\u015f \u00f6zelle\u015ftirilebilir se\u00e7enek yelpazesi sayesinde geli\u015fmi\u015f ev otomasyonu, g\u00fcne\u015f takip sistemleri ve \u00f6zel otomotiv yap\u0131lar\u0131 i\u00e7in de m\u00fckemmeldir.<\/p>\n<h2 data-v-md-heading=\"specifications\" data-v-md-line=\"18\">Teknik \u00d6zellikler<\/h2>\n<ul data-v-md-line=\"20\">\n<li>Kuvvet: 10 kN ila 200 kN (2.250-45.000 lbf), en a\u011f\u0131r y\u00fckleri g\u00fcvenle ta\u015f\u0131y\u0131n<\/li>\n<li>H\u0131z: 500 mm\/s ila 1500 mm\/s, h\u0131zl\u0131, dinamik end\u00fcstriyel d\u00f6ng\u00fcler i\u00e7in<\/li>\n<li>Strok Uzunlu\u011fu: 100 mm ila 2000 mm (\u00f6zel uzunluklar mevcuttur)<\/li>\n<li>Giri\u015f Voltaj\u0131: \u00c7o\u011fu end\u00fcstriyel servo ve s\u00fcr\u00fcc\u00fc gerilimi ile uyumludur<\/li>\n<li>Koruma Derecesi: IP65\/NEMA 4X'e kadar (toza ve suya dayan\u0131kl\u0131l\u0131k i\u00e7in s\u0131zd\u0131rmaz; d\u0131\u015f mekanda veya y\u0131kamada kullan\u0131m i\u00e7in g\u00fcvenli)<\/li>\n<\/ul>\n<h2 data-v-md-heading=\"technical-support\" data-v-md-line=\"26\">Teknik Destek<\/h2>\n<p data-v-md-line=\"27\">Otomasyon projenize sorunsuz ve kolay entegrasyon sa\u011flamak i\u00e7in ayr\u0131nt\u0131l\u0131 CAD modelleri, teknik veri sayfalar\u0131 ve kablo ba\u011flant\u0131 \u015femalar\u0131 dahil olmak \u00fczere bu \u00fcr\u00fcn i\u00e7in kapsaml\u0131 teknik destek sa\u011fl\u0131yoruz. Uzman m\u00fchendislerimiz akt\u00fcat\u00f6r boyutland\u0131rmas\u0131, se\u00e7imi veya \u00f6zel uygulama sorular\u0131 konusunda yard\u0131mc\u0131 olmaya haz\u0131rd\u0131r.<\/p>\n<h2 data-v-md-heading=\"conclusion\" data-v-md-line=\"29\">Sonu\u00e7<\/h2>\n<p data-v-md-line=\"30\">Jimmy Technology'yi se\u00e7mek, her zorlu hareket kontrol g\u00f6revi i\u00e7in pazar lideri kaliteyi, durmak bilmeyen inovasyonu ve mutlak g\u00fcvenilirli\u011fi se\u00e7ti\u011finiz anlam\u0131na gelir.<\/p>\n<p><img fetchpriority=\"high\" decoding=\"async\" class=\"aligncenter size-full wp-image-2684\" src=\"https:\/\/servolinearactuator.com\/wp-content\/uploads\/2025\/07\/75-Series-2.jpg\" alt=\"\" width=\"1420\" height=\"2036\" srcset=\"https:\/\/servolinearactuator.com\/wp-content\/uploads\/2025\/07\/75-Series-2.jpg 1420w, https:\/\/servolinearactuator.com\/wp-content\/uploads\/2025\/07\/75-Series-2-209x300.jpg 209w, https:\/\/servolinearactuator.com\/wp-content\/uploads\/2025\/07\/75-Series-2-714x1024.jpg 714w, https:\/\/servolinearactuator.com\/wp-content\/uploads\/2025\/07\/75-Series-2-768x1101.jpg 768w, https:\/\/servolinearactuator.com\/wp-content\/uploads\/2025\/07\/75-Series-2-1071x1536.jpg 1071w, https:\/\/servolinearactuator.com\/wp-content\/uploads\/2025\/07\/75-Series-2-600x860.jpg 600w\" sizes=\"(max-width: 1420px) 100vw, 1420px\" \/> <img decoding=\"async\" class=\"aligncenter size-full wp-image-2685\" src=\"https:\/\/servolinearactuator.com\/wp-content\/uploads\/2025\/07\/75-Series.jpg\" alt=\"\" width=\"1420\" height=\"2036\" srcset=\"https:\/\/servolinearactuator.com\/wp-content\/uploads\/2025\/07\/75-Series.jpg 1420w, https:\/\/servolinearactuator.com\/wp-content\/uploads\/2025\/07\/75-Series-209x300.jpg 209w, https:\/\/servolinearactuator.com\/wp-content\/uploads\/2025\/07\/75-Series-714x1024.jpg 714w, https:\/\/servolinearactuator.com\/wp-content\/uploads\/2025\/07\/75-Series-768x1101.jpg 768w, https:\/\/servolinearactuator.com\/wp-content\/uploads\/2025\/07\/75-Series-1071x1536.jpg 1071w, https:\/\/servolinearactuator.com\/wp-content\/uploads\/2025\/07\/75-Series-600x860.jpg 600w\" sizes=\"(max-width: 1420px) 100vw, 1420px\" \/><img decoding=\"async\" class=\"aligncenter size-full wp-image-2687\" src=\"https:\/\/servolinearactuator.com\/wp-content\/uploads\/2025\/07\/75-Series-4.jpg\" alt=\"\" width=\"1420\" height=\"2036\" srcset=\"https:\/\/servolinearactuator.com\/wp-content\/uploads\/2025\/07\/75-Series-4.jpg 1420w, https:\/\/servolinearactuator.com\/wp-content\/uploads\/2025\/07\/75-Series-4-209x300.jpg 209w, https:\/\/servolinearactuator.com\/wp-content\/uploads\/2025\/07\/75-Series-4-714x1024.jpg 714w, https:\/\/servolinearactuator.com\/wp-content\/uploads\/2025\/07\/75-Series-4-768x1101.jpg 768w, https:\/\/servolinearactuator.com\/wp-content\/uploads\/2025\/07\/75-Series-4-1071x1536.jpg 1071w, https:\/\/servolinearactuator.com\/wp-content\/uploads\/2025\/07\/75-Series-4-600x860.jpg 600w\" sizes=\"(max-width: 1420px) 100vw, 1420px\" \/> <img loading=\"lazy\" decoding=\"async\" class=\"aligncenter size-full wp-image-2686\" src=\"https:\/\/servolinearactuator.com\/wp-content\/uploads\/2025\/07\/75-Series-3.jpg\" alt=\"\" width=\"1407\" height=\"2036\" srcset=\"https:\/\/servolinearactuator.com\/wp-content\/uploads\/2025\/07\/75-Series-3.jpg 1407w, https:\/\/servolinearactuator.com\/wp-content\/uploads\/2025\/07\/75-Series-3-207x300.jpg 207w, https:\/\/servolinearactuator.com\/wp-content\/uploads\/2025\/07\/75-Series-3-708x1024.jpg 708w, https:\/\/servolinearactuator.com\/wp-content\/uploads\/2025\/07\/75-Series-3-768x1111.jpg 768w, https:\/\/servolinearactuator.com\/wp-content\/uploads\/2025\/07\/75-Series-3-1061x1536.jpg 1061w, https:\/\/servolinearactuator.com\/wp-content\/uploads\/2025\/07\/75-Series-3-600x868.jpg 600w\" sizes=\"(max-width: 1407px) 100vw, 1407px\" \/><\/p>\n<p><script src=\"chrome-extension:\/\/fpelahbljekknahkcaegamhcndkfpfnc\/iFrame.js\" type=\"text\/javascript\"><\/script><\/p>\n<p><script src=\"chrome-extension:\/\/fpelahbljekknahkcaegamhcndkfpfnc\/iFrame.js\" type=\"text\/javascript\"><\/script><\/p>","protected":false},"excerpt":{"rendered":"<div class=\"chat-container\">\n<div class=\"chat-view-container ng-star-inserted\">\n<div>\n<div class=\"chat-turn-container model render cdk-focused cdk-mouse-focused\" tabindex=\"-1\">\n<div class=\"model-prompt-container\" data-turn-role=\"Model\">\n<div class=\"turn-content\">\n<p class=\"ng-star-inserted\"><span class=\"ng-star-inserted\">Jimmy Technology'nin 75 Serisi Y\u00fcksek \u0130tmeli Servo Lineer Akt\u00fcat\u00f6r\u00fc ile y\u00fcksek g\u00fc\u00e7l\u00fc, hassas tahrikli otomasyonun zirvesini ya\u015fay\u0131n.<\/span><\/p>\n<\/div>\n<\/div>\n<\/div>\n<\/div>\n<\/div>\n<\/div>\n<p><script src=\"chrome-extension:\/\/fpelahbljekknahkcaegamhcndkfpfnc\/iFrame.js\" type=\"text\/javascript\"><\/script><\/p>","protected":false},"featured_media":2438,"template":"","meta":{"_kad_post_transparent":"default","_kad_post_title":"","_kad_post_layout":"default","_kad_post_sidebar_id":"","_kad_post_content_style":"default","_kad_post_vertical_padding":"default","_kad_post_feature":"","_kad_post_feature_position":"","_kad_post_header":false,"_kad_post_footer":false,"_kad_post_classname":""},"product_brand":[],"product_cat":[587,15,566,563,581,556,567,545],"product_tag":[657,656,649],"class_list":{"0":"post-2396","1":"product","2":"type-product","3":"status-publish","4":"has-post-thumbnail","6":"product_cat-actuators-by-drive-type","7":"product_cat-electric-linear-actuators","8":"product_cat-actuators-by-force-duty","9":"product_cat-actuators-by-motor-type","10":"product_cat-actuators-by-popular-application","11":"product_cat-electric-cylinders","12":"product_cat-heavy-duty-linear-actuators","13":"product_cat-servo-motor-actuators","14":"product_tag-factory-direct-linear-actuator","15":"product_tag-high-thrust-actuator","16":"product_tag-servo-linear-actuator","18":"first","19":"instock","20":"shipping-taxable","21":"product-type-simple","22":"entry","23":"content-bg","24":"loop-entry"},"_links":{"self":[{"href":"https:\/\/servolinearactuator.com\/tr\/wp-json\/wp\/v2\/product\/2396","targetHints":{"allow":["GET"]}}],"collection":[{"href":"https:\/\/servolinearactuator.com\/tr\/wp-json\/wp\/v2\/product"}],"about":[{"href":"https:\/\/servolinearactuator.com\/tr\/wp-json\/wp\/v2\/types\/product"}],"wp:featuredmedia":[{"embeddable":true,"href":"https:\/\/servolinearactuator.com\/tr\/wp-json\/wp\/v2\/media\/2438"}],"wp:attachment":[{"href":"https:\/\/servolinearactuator.com\/tr\/wp-json\/wp\/v2\/media?parent=2396"}],"wp:term":[{"taxonomy":"product_brand","embeddable":true,"href":"https:\/\/servolinearactuator.com\/tr\/wp-json\/wp\/v2\/product_brand?post=2396"},{"taxonomy":"product_cat","embeddable":true,"href":"https:\/\/servolinearactuator.com\/tr\/wp-json\/wp\/v2\/product_cat?post=2396"},{"taxonomy":"product_tag","embeddable":true,"href":"https:\/\/servolinearactuator.com\/tr\/wp-json\/wp\/v2\/product_tag?post=2396"}],"curies":[{"name":"wp","href":"https:\/\/api.w.org\/{rel}","templated":true}]}}