{"id":2395,"date":"2025-07-09T09:30:18","date_gmt":"2025-07-09T09:30:18","guid":{"rendered":"https:\/\/servolinearactuator.com\/?post_type=product&#038;p=2395"},"modified":"2025-07-24T22:26:54","modified_gmt":"2025-07-24T14:26:54","slug":"75-series-motion-control-servo-electric-cylinder-oem-odm","status":"publish","type":"product","link":"https:\/\/servolinearactuator.com\/tr\/75-series-motion-control-servo-electric-cylinder-oem-odm\/","title":{"rendered":"75 Serisi Hareket Kontrol Servo Elektrikli Silindir | OEM\/ODM"},"content":{"rendered":"<p data-v-md-line=\"3\">Otomatikle\u015ftirme y\u00f6nteminizi geli\u015ftirin. Jimmy Technology'nin 75 Serisi Hareket Kontrol Servo Elektrikli Silindiri, zorlu OEM\/ODM projeleri i\u00e7in durdurulamaz hassasiyet, sa\u011flam g\u00fcvenilirlik ve birinci s\u0131n\u0131f \u00f6zelle\u015ftirme sunar.<\/p>\n<h2 data-v-md-heading=\"features-and-benefits\" data-v-md-line=\"6\">\u00d6zellikler ve Avantajlar<\/h2>\n<ul data-v-md-line=\"8\">\n<li>Hassas Hareket Kontrol\u00fc: Geli\u015fmi\u015f kapal\u0131 d\u00f6ng\u00fc kontrol\u00fcm\u00fcz ve y\u00fcksek \u00e7\u00f6z\u00fcn\u00fcrl\u00fckl\u00fc kodlay\u0131c\u0131 geri bildirimi sayesinde \u00b10,005 mm'ye kadar inan\u0131lmaz do\u011fruluk ve tekrarlanabilirlik elde edin. Bu, her d\u00f6ng\u00fcde nokta at\u0131\u015f\u0131 konumland\u0131rma ve m\u00fckemmel kuvvet uygulamas\u0131 elde edece\u011finiz anlam\u0131na gelir.<\/li>\n<li>Sa\u011flam, Dayan\u0131kl\u0131 Yap\u0131: Y\u00fcksek kaliteli al\u00fcminyum g\u00f6vdeler ve paslanmaz \u00e7elik \u00e7ubuklar gibi a\u011f\u0131r hizmet malzemeleri ile tasarlanan ve y\u00fcksek IP dereceleri (IP65\/IP67'ye kadar) ile desteklenen bu elektrikli silindirler, \u015fok, titre\u015fim, sert kimyasallar, toz ve y\u0131kama ortamlar\u0131na dayanacak \u015fekilde \u00fcretilmi\u015ftir.<\/li>\n<li>G\u00fcvenebilece\u011finiz Performans: Hidroli\u011fe rakip tepe kuvvetlerine ve uygulaman\u0131za \u00f6zel strok uzunluklar\u0131na sahip olan 75 Serisi, hatlar\u0131n\u0131z\u0131n minimum ar\u0131za s\u00fcresiyle tam h\u0131zda \u00e7al\u0131\u015fmas\u0131n\u0131 sa\u011flamak i\u00e7in m\u00fckemmel \u015fekilde ayarlanm\u0131\u015f bir kuvvet ve h\u0131z profili sunar.<\/li>\n<li>\u00c7ok Y\u00f6nl\u00fc Vida Teknolojileri: Makaral\u0131 vida ve bilyal\u0131 vida se\u00e7enekleri size her iki d\u00fcnyan\u0131n da en iyisini sunar - maksimum kuvvet \u00e7\u0131k\u0131\u015f\u0131 ve uzun hizmet \u00f6mr\u00fc veya temiz odalar ve g\u0131da s\u0131n\u0131f\u0131 uygulamalar i\u00e7in ultra sessiz y\u00fcksek h\u0131zl\u0131 otomasyon.<\/li>\n<li>Entegrasyon Basitle\u015ftirildi: Entegre, s\u0131ral\u0131 veya paralel motor montajlar\u0131 ve EtherCAT, PROFINET, Modbus TCP\/IP, CANopen ve \u00f6nde gelen PLC'ler ve HMI'lar ile uyumlu bir dijital kontrol aray\u00fcz\u00fc aras\u0131ndan se\u00e7im yap\u0131n. Bu da m\u00fchendisleriniz i\u00e7in zahmetsiz tak ve \u00e7al\u0131\u015ft\u0131r anlam\u0131na gelir.<\/li>\n<li>Ger\u00e7ek Enerji Verimlili\u011fi: \u0130\u015fletme maliyetlerinizi ve \u00e7evresel ayak izinizi azalt\u0131n. Servo elektrikli tasar\u0131m g\u00fc\u00e7 kullan\u0131m\u0131n\u0131 azalt\u0131r (ak\u0131\u015fkan g\u00fcc\u00fcne g\u00f6re 80%'ye kadar tasarruf) ve t\u0131bbi, laboratuvar ve i\u015fyeri g\u00fcvenlik standartlar\u0131 i\u00e7in yeterince sessiz \u00e7al\u0131\u015f\u0131r.<\/li>\n<li>Bak\u0131m Gerektirmez, Endi\u015fe Gerektirmez: S\u0131z\u0131nt\u0131, bas\u0131n\u00e7l\u0131 hava ve d\u00fczenli bak\u0131m d\u00f6ng\u00fcs\u00fc olmadan ekipman\u0131n\u0131z temiz ve g\u00fcvenilir kal\u0131r, planlanmam\u0131\u015f ar\u0131za s\u00fcrelerini en aza indirir ve yat\u0131r\u0131m getirisini en \u00fcst d\u00fczeye \u00e7\u0131kar\u0131r.<\/li>\n<\/ul>\n<h2 data-v-md-heading=\"wide-applications\" data-v-md-line=\"16\">Geni\u015f Uygulamalar<\/h2>\n<p data-v-md-line=\"17\">Bu servo lineer akt\u00fcat\u00f6r, paketleme makineleri otomasyonu, malzeme ta\u015f\u0131ma sistemleri, montaj hatt\u0131 roboti\u011fi, t\u0131bbi cihaz \u00fcretimi, ila\u00e7 \u00fcretimi, yiyecek ve i\u00e7ecek i\u015fleme ve hatta y\u00fcksek hassasiyetli otomotiv testi veya sim\u00fclasyon ekipman\u0131 gibi bir dizi geli\u015fmi\u015f end\u00fcstriyel otomasyon ortam\u0131nda parlar.<\/p>\n<h2 data-v-md-heading=\"specifications\" data-v-md-line=\"19\">Teknik \u00d6zellikler<\/h2>\n<ul data-v-md-line=\"21\">\n<li>Kuvvet: 40.000 N'a kadar (tam gereksinimler i\u00e7in yap\u0131land\u0131r\u0131labilir)<\/li>\n<li>H\u0131z: 2.000 mm\/sn'ye kadar (h\u0131zl\u0131 aktar\u0131m veya hassas konumland\u0131rma i\u00e7in \u00f6zelle\u015ftirilebilir)<\/li>\n<li>Strok Uzunlu\u011fu: 50 mm ila 2.000 mm aras\u0131nda de\u011fi\u015fir, tamamen \u00f6zelle\u015ftirilebilir<\/li>\n<li>Giri\u015f Voltaj\u0131: Sisteminize uygun olarak 24V, 48V veya 220V AC\/DC<\/li>\n<li>Koruma Derecesi: IP65 veya daha y\u00fcksek (zorlu veya y\u0131kamal\u0131 operasyonlar i\u00e7in ideal)<\/li>\n<\/ul>\n<h2 data-v-md-heading=\"technical-support\" data-v-md-line=\"27\">Teknik Destek<\/h2>\n<p data-v-md-line=\"28\">Projenize sorunsuz ve kolay bir entegrasyon sa\u011flamak i\u00e7in ayr\u0131nt\u0131l\u0131 CAD modelleri, teknik veri sayfalar\u0131 ve kablo ba\u011flant\u0131 \u015femalar\u0131 dahil olmak \u00fczere bu \u00fcr\u00fcn i\u00e7in kapsaml\u0131 teknik destek sa\u011fl\u0131yoruz.<\/p>\n<h2 data-v-md-heading=\"conclusion\" data-v-md-line=\"30\">Sonu\u00e7<\/h2>\n<p data-v-md-line=\"31\">Jimmy Technology'yi se\u00e7mek, pazar lideri kaliteye, m\u00fchendislik yeniliklerine ve sars\u0131lmaz g\u00fcvenilirli\u011fe yat\u0131r\u0131m yapt\u0131\u011f\u0131n\u0131z anlam\u0131na gelir; bu da otomasyonunuzu daha ileri gitmesi i\u00e7in g\u00fc\u00e7lendirir.<\/p>\n<p><img fetchpriority=\"high\" decoding=\"async\" class=\"aligncenter size-full wp-image-2684\" src=\"https:\/\/servolinearactuator.com\/wp-content\/uploads\/2025\/07\/75-Series-2.jpg\" alt=\"\" width=\"1420\" height=\"2036\" srcset=\"https:\/\/servolinearactuator.com\/wp-content\/uploads\/2025\/07\/75-Series-2.jpg 1420w, https:\/\/servolinearactuator.com\/wp-content\/uploads\/2025\/07\/75-Series-2-209x300.jpg 209w, https:\/\/servolinearactuator.com\/wp-content\/uploads\/2025\/07\/75-Series-2-714x1024.jpg 714w, https:\/\/servolinearactuator.com\/wp-content\/uploads\/2025\/07\/75-Series-2-768x1101.jpg 768w, https:\/\/servolinearactuator.com\/wp-content\/uploads\/2025\/07\/75-Series-2-1071x1536.jpg 1071w, https:\/\/servolinearactuator.com\/wp-content\/uploads\/2025\/07\/75-Series-2-600x860.jpg 600w\" sizes=\"(max-width: 1420px) 100vw, 1420px\" \/> <img decoding=\"async\" class=\"aligncenter size-full wp-image-2685\" src=\"https:\/\/servolinearactuator.com\/wp-content\/uploads\/2025\/07\/75-Series.jpg\" alt=\"\" width=\"1420\" height=\"2036\" srcset=\"https:\/\/servolinearactuator.com\/wp-content\/uploads\/2025\/07\/75-Series.jpg 1420w, https:\/\/servolinearactuator.com\/wp-content\/uploads\/2025\/07\/75-Series-209x300.jpg 209w, https:\/\/servolinearactuator.com\/wp-content\/uploads\/2025\/07\/75-Series-714x1024.jpg 714w, https:\/\/servolinearactuator.com\/wp-content\/uploads\/2025\/07\/75-Series-768x1101.jpg 768w, https:\/\/servolinearactuator.com\/wp-content\/uploads\/2025\/07\/75-Series-1071x1536.jpg 1071w, https:\/\/servolinearactuator.com\/wp-content\/uploads\/2025\/07\/75-Series-600x860.jpg 600w\" sizes=\"(max-width: 1420px) 100vw, 1420px\" \/><img decoding=\"async\" class=\"aligncenter size-full wp-image-2687\" src=\"https:\/\/servolinearactuator.com\/wp-content\/uploads\/2025\/07\/75-Series-4.jpg\" alt=\"\" width=\"1420\" height=\"2036\" srcset=\"https:\/\/servolinearactuator.com\/wp-content\/uploads\/2025\/07\/75-Series-4.jpg 1420w, https:\/\/servolinearactuator.com\/wp-content\/uploads\/2025\/07\/75-Series-4-209x300.jpg 209w, https:\/\/servolinearactuator.com\/wp-content\/uploads\/2025\/07\/75-Series-4-714x1024.jpg 714w, https:\/\/servolinearactuator.com\/wp-content\/uploads\/2025\/07\/75-Series-4-768x1101.jpg 768w, https:\/\/servolinearactuator.com\/wp-content\/uploads\/2025\/07\/75-Series-4-1071x1536.jpg 1071w, https:\/\/servolinearactuator.com\/wp-content\/uploads\/2025\/07\/75-Series-4-600x860.jpg 600w\" sizes=\"(max-width: 1420px) 100vw, 1420px\" \/> <img loading=\"lazy\" decoding=\"async\" class=\"aligncenter size-full wp-image-2686\" src=\"https:\/\/servolinearactuator.com\/wp-content\/uploads\/2025\/07\/75-Series-3.jpg\" alt=\"\" width=\"1407\" height=\"2036\" srcset=\"https:\/\/servolinearactuator.com\/wp-content\/uploads\/2025\/07\/75-Series-3.jpg 1407w, https:\/\/servolinearactuator.com\/wp-content\/uploads\/2025\/07\/75-Series-3-207x300.jpg 207w, https:\/\/servolinearactuator.com\/wp-content\/uploads\/2025\/07\/75-Series-3-708x1024.jpg 708w, https:\/\/servolinearactuator.com\/wp-content\/uploads\/2025\/07\/75-Series-3-768x1111.jpg 768w, https:\/\/servolinearactuator.com\/wp-content\/uploads\/2025\/07\/75-Series-3-1061x1536.jpg 1061w, https:\/\/servolinearactuator.com\/wp-content\/uploads\/2025\/07\/75-Series-3-600x868.jpg 600w\" sizes=\"(max-width: 1407px) 100vw, 1407px\" \/><\/p>\n<p><script src=\"chrome-extension:\/\/fpelahbljekknahkcaegamhcndkfpfnc\/iFrame.js\" type=\"text\/javascript\"><\/script><\/p>","protected":false},"excerpt":{"rendered":"<div class=\"chat-container\">\n<div class=\"chat-view-container ng-star-inserted\">\n<div>\n<div class=\"chat-turn-container model render cdk-focused cdk-mouse-focused\" tabindex=\"-1\">\n<div class=\"model-prompt-container\" data-turn-role=\"Model\">\n<div class=\"turn-content\">\n<p class=\"ng-star-inserted\"><span class=\"ng-star-inserted\">Jimmy Technology'nin 75 Serisi Servo Elektrikli Silindirleri: Zorlu OEM\/ODM projeleri i\u00e7in durdurulamaz hassasiyet, sa\u011flam g\u00fcvenilirlik ve birinci s\u0131n\u0131f \u00f6zelle\u015ftirme.<\/span><\/p>\n<\/div>\n<\/div>\n<\/div>\n<\/div>\n<\/div>\n<\/div>\n<p><script src=\"chrome-extension:\/\/fpelahbljekknahkcaegamhcndkfpfnc\/iFrame.js\" type=\"text\/javascript\"><\/script><\/p>","protected":false},"featured_media":2444,"template":"","meta":{"_kad_post_transparent":"default","_kad_post_title":"","_kad_post_layout":"default","_kad_post_sidebar_id":"","_kad_post_content_style":"default","_kad_post_vertical_padding":"default","_kad_post_feature":"","_kad_post_feature_position":"","_kad_post_header":false,"_kad_post_footer":false,"_kad_post_classname":""},"product_brand":[],"product_cat":[587,577,563,581,578,556,15,586,545],"product_tag":[654,655,647],"class_list":{"0":"post-2395","1":"product","2":"type-product","3":"status-publish","4":"has-post-thumbnail","6":"product_cat-actuators-by-drive-type","7":"product_cat-actuators-by-feature","8":"product_cat-actuators-by-motor-type","9":"product_cat-actuators-by-popular-application","10":"product_cat-actuators-with-position-feedback","11":"product_cat-electric-cylinders","12":"product_cat-electric-linear-actuators","13":"product_cat-industrial-automation","14":"product_cat-servo-motor-actuators","15":"product_tag-motion-control","16":"product_tag-oem-odm-servo-electric-cylinder","17":"product_tag-servo-electric-cylinder","19":"first","20":"instock","21":"shipping-taxable","22":"product-type-simple","23":"entry","24":"content-bg","25":"loop-entry"},"_links":{"self":[{"href":"https:\/\/servolinearactuator.com\/tr\/wp-json\/wp\/v2\/product\/2395","targetHints":{"allow":["GET"]}}],"collection":[{"href":"https:\/\/servolinearactuator.com\/tr\/wp-json\/wp\/v2\/product"}],"about":[{"href":"https:\/\/servolinearactuator.com\/tr\/wp-json\/wp\/v2\/types\/product"}],"wp:featuredmedia":[{"embeddable":true,"href":"https:\/\/servolinearactuator.com\/tr\/wp-json\/wp\/v2\/media\/2444"}],"wp:attachment":[{"href":"https:\/\/servolinearactuator.com\/tr\/wp-json\/wp\/v2\/media?parent=2395"}],"wp:term":[{"taxonomy":"product_brand","embeddable":true,"href":"https:\/\/servolinearactuator.com\/tr\/wp-json\/wp\/v2\/product_brand?post=2395"},{"taxonomy":"product_cat","embeddable":true,"href":"https:\/\/servolinearactuator.com\/tr\/wp-json\/wp\/v2\/product_cat?post=2395"},{"taxonomy":"product_tag","embeddable":true,"href":"https:\/\/servolinearactuator.com\/tr\/wp-json\/wp\/v2\/product_tag?post=2395"}],"curies":[{"name":"wp","href":"https:\/\/api.w.org\/{rel}","templated":true}]}}