{"id":2394,"date":"2025-07-09T09:30:17","date_gmt":"2025-07-09T09:30:17","guid":{"rendered":"https:\/\/servolinearactuator.com\/?post_type=product&#038;p=2394"},"modified":"2025-07-24T22:26:00","modified_gmt":"2025-07-24T14:26:00","slug":"75-series-industrial-electric-cylinder-servo-linear-actuator","status":"publish","type":"product","link":"https:\/\/servolinearactuator.com\/tr\/75-series-industrial-electric-cylinder-servo-linear-actuator\/","title":{"rendered":"75 Serisi End\u00fcstriyel Elektrikli Silindir | Servo Lineer Akt\u00fcat\u00f6r"},"content":{"rendered":"<p data-v-md-line=\"3\">Hassasiyet, verimlilik ve sa\u011flam g\u00fcvenilirlik i\u00e7in nihai \u00e7\u00f6z\u00fcm\u00fcn\u00fcz olan 75 Serisi End\u00fcstriyel Elektrikli Silindir ile end\u00fcstriyel otomasyonda yeni bir \u00e7a\u011fa ad\u0131m at\u0131n. \u00d6z\u00fcnde servo kontrol bulunan bu akt\u00fcat\u00f6r, ortam\u0131n\u0131z ne kadar zorlu olursa olsun otomasyonunuzu e\u015fsiz bir performansla g\u00fc\u00e7lendirir.<\/p>\n<h2 data-v-md-heading=\"features-and-benefits\" data-v-md-line=\"5\">\u00d6zellikler ve Avantajlar<\/h2>\n<ul data-v-md-line=\"7\">\n<li>Sa\u011flam, A\u011f\u0131r Hizmet Tipi Yap\u0131: Paslanmaz \u00e7elik ve hassas i\u015flenmi\u015f al\u00fcminyum gibi y\u00fcksek kaliteli malzemelerden \u00fcretilen 75 Serisi, uzun ve bak\u0131m gerektirmeyen bir \u00f6m\u00fcr i\u00e7in korozyona kar\u015f\u0131 diren\u00e7 g\u00f6sterirken zorlu end\u00fcstriyel ko\u015fullara dayan\u0131r.<\/li>\n<li>Kapal\u0131 D\u00f6ng\u00fc Servo Kontrol: Servo motor tahrikli do\u011frusal hareketin g\u00fcc\u00fcnden yararlanarak kaya gibi sa\u011flam akt\u00fcat\u00f6r hassas kontrol\u00fc, ger\u00e7ek zamanl\u0131 konumland\u0131rma ve dinamik kuvvet ayar\u0131 sa\u011flar; \u00fcst d\u00fczey otomasyon sistemi entegrasyonu i\u00e7in m\u00fckemmeldir.<\/li>\n<li>\u00dcst\u00fcn IP Korumas\u0131: IP65 s\u0131n\u0131f\u0131 muhafazas\u0131 ile bu akt\u00fcat\u00f6r toz ve suya kar\u015f\u0131 dayan\u0131kl\u0131d\u0131r, bu da onu y\u0131kama senaryolar\u0131, temiz odalar ve affetmeyen end\u00fcstriyel ortamlar i\u00e7in ideal hale getirir; b\u00f6ylece operasyonlar\u0131n\u0131z asla bir ritmi ka\u00e7\u0131rmaz.<\/li>\n<li>Y\u00fcksek Kuvvet ve H\u0131z Yetenekleri: 25 kN'ye (yakla\u015f\u0131k 5600 lbf) kadar itme g\u00fcc\u00fc sa\u011flayan ve 1500 mm\/s'ye kadar h\u0131zlarda yar\u0131\u015fan bu \u00fcr\u00fcn, s\u00fcre\u00e7lerinizin en h\u0131zl\u0131 \u00fcretim hatlar\u0131na bile ayak uydurmas\u0131n\u0131 sa\u011flar.<\/li>\n<li>Ultra Hassas Konumland\u0131rma: Modern end\u00fcstriyel robot akt\u00fcat\u00f6rleri veya milimetrenin her bir kesrinin \u00f6nemli oldu\u011fu uygulamalar i\u00e7in tercih edilen bir se\u00e7enek haline getirerek \u00b10,01 mm kadar s\u0131k\u0131 tekrarlanabilirlik elde edin.<\/li>\n<li>Bak\u0131m Gerektirmeyen, D\u00fc\u015f\u00fck G\u00fcr\u00fclt\u00fcl\u00fc \u00c7al\u0131\u015fma: Elektrikli \u00e7ubuk tarz\u0131 akt\u00fcat\u00f6r, hidrolik ve pn\u00f6matik alternatiflerin s\u0131z\u0131nt\u0131lar\u0131n\u0131 ve g\u00fcr\u00fclt\u00fcs\u00fcn\u00fc ortadan kald\u0131rarak \u00e7al\u0131\u015fma alan\u0131n\u0131z\u0131 sessiz bir \u015fekilde iyile\u015ftirir ve bak\u0131m maliyetlerini \u00f6nemli \u00f6l\u00e7\u00fcde d\u00fc\u015f\u00fcr\u00fcr.<\/li>\n<li>Zahmetsiz Sistem Entegrasyonu: Basit devreye alma ve geni\u015fletilmi\u015f End\u00fcstri 4.0 uyumlulu\u011fu i\u00e7in \u00f6nde gelen PLC, HMI ve EtherCAT, PROFINET ve Ethernet\/IP gibi end\u00fcstriyel a\u011flarla sorunsuz ba\u011flant\u0131n\u0131n keyfini \u00e7\u0131kar\u0131n.<\/li>\n<\/ul>\n<h2 data-v-md-heading=\"wide-applications\" data-v-md-line=\"15\">Geni\u015f Uygulamalar<\/h2>\n<p data-v-md-line=\"17\">Paketleme makinelerinden otomotiv \u00fcretimine, yiyecek ve i\u00e7ecek i\u015flemeden ak\u0131ll\u0131 fabrika robotlar\u0131na kadar 75 Serisi, say\u0131s\u0131z senaryoda end\u00fcstriyel otomasyon bile\u015feni olarak de\u011ferini kan\u0131tl\u0131yor. Montaj hatt\u0131 otomasyonu, alma ve yerle\u015ftirme robotlar\u0131, valf veya damper kontrol\u00fc, ila\u00e7 \u00fcretimi ve modern \u00fcretimdeki her t\u00fcrl\u00fc y\u00fcksek kuvvet, hassas hareket gereksinimi i\u00e7in m\u00fckemmel bir se\u00e7imdir.<\/p>\n<h2 data-v-md-heading=\"specifications\" data-v-md-line=\"19\">Teknik \u00d6zellikler<\/h2>\n<ul data-v-md-line=\"21\">\n<li>Kuvvet: 10 kN - 25 kN (modele ba\u011fl\u0131)<\/li>\n<li>H\u0131z: 1500 mm\/s'ye kadar<\/li>\n<li>Strok Uzunlu\u011fu: Birden fazla se\u00e7enek mevcuttur (uygulamaya g\u00f6re \u00f6zelle\u015ftirilebilir)<\/li>\n<li>Giri\u015f Voltaj\u0131: \u00c7e\u015fitli servo motor gerilimleri ile uyumlu<\/li>\n<li>Koruma Derecesi: IP65 (toz ge\u00e7irmez, su jetlerine kar\u015f\u0131 korumal\u0131)<\/li>\n<\/ul>\n<h2 data-v-md-heading=\"technical-support\" data-v-md-line=\"27\">Teknik Destek<\/h2>\n<p data-v-md-line=\"29\">Herhangi bir projeye sorunsuz ve ba\u015f a\u011fr\u0131s\u0131z bir entegrasyon sa\u011flamak i\u00e7in ayr\u0131nt\u0131l\u0131 CAD modelleri, teknik veri sayfalar\u0131 ve kablo ba\u011flant\u0131 \u015femalar\u0131 dahil olmak \u00fczere bu \u00fcr\u00fcn i\u00e7in kapsaml\u0131 teknik destek sa\u011fl\u0131yoruz.<\/p>\n<h2 data-v-md-heading=\"conclusion\" data-v-md-line=\"31\">Sonu\u00e7<\/h2>\n<p data-v-md-line=\"33\">Jimmy Technology'yi se\u00e7mek, her hareket i\u00e7in her zaman pazar lideri kalite, yenilik ve g\u00fcvenilirli\u011fi se\u00e7ti\u011finiz anlam\u0131na gelir.<\/p>\n<p><img fetchpriority=\"high\" decoding=\"async\" class=\"aligncenter size-full wp-image-2684\" src=\"https:\/\/servolinearactuator.com\/wp-content\/uploads\/2025\/07\/75-Series-2.jpg\" alt=\"\" width=\"1420\" height=\"2036\" srcset=\"https:\/\/servolinearactuator.com\/wp-content\/uploads\/2025\/07\/75-Series-2.jpg 1420w, https:\/\/servolinearactuator.com\/wp-content\/uploads\/2025\/07\/75-Series-2-209x300.jpg 209w, https:\/\/servolinearactuator.com\/wp-content\/uploads\/2025\/07\/75-Series-2-714x1024.jpg 714w, https:\/\/servolinearactuator.com\/wp-content\/uploads\/2025\/07\/75-Series-2-768x1101.jpg 768w, https:\/\/servolinearactuator.com\/wp-content\/uploads\/2025\/07\/75-Series-2-1071x1536.jpg 1071w, https:\/\/servolinearactuator.com\/wp-content\/uploads\/2025\/07\/75-Series-2-600x860.jpg 600w\" sizes=\"(max-width: 1420px) 100vw, 1420px\" \/> <img decoding=\"async\" class=\"aligncenter size-full wp-image-2685\" src=\"https:\/\/servolinearactuator.com\/wp-content\/uploads\/2025\/07\/75-Series.jpg\" alt=\"\" width=\"1420\" height=\"2036\" srcset=\"https:\/\/servolinearactuator.com\/wp-content\/uploads\/2025\/07\/75-Series.jpg 1420w, https:\/\/servolinearactuator.com\/wp-content\/uploads\/2025\/07\/75-Series-209x300.jpg 209w, https:\/\/servolinearactuator.com\/wp-content\/uploads\/2025\/07\/75-Series-714x1024.jpg 714w, https:\/\/servolinearactuator.com\/wp-content\/uploads\/2025\/07\/75-Series-768x1101.jpg 768w, https:\/\/servolinearactuator.com\/wp-content\/uploads\/2025\/07\/75-Series-1071x1536.jpg 1071w, https:\/\/servolinearactuator.com\/wp-content\/uploads\/2025\/07\/75-Series-600x860.jpg 600w\" sizes=\"(max-width: 1420px) 100vw, 1420px\" \/><img decoding=\"async\" class=\"aligncenter size-full wp-image-2686\" src=\"https:\/\/servolinearactuator.com\/wp-content\/uploads\/2025\/07\/75-Series-3.jpg\" alt=\"\" width=\"1407\" height=\"2036\" srcset=\"https:\/\/servolinearactuator.com\/wp-content\/uploads\/2025\/07\/75-Series-3.jpg 1407w, https:\/\/servolinearactuator.com\/wp-content\/uploads\/2025\/07\/75-Series-3-207x300.jpg 207w, https:\/\/servolinearactuator.com\/wp-content\/uploads\/2025\/07\/75-Series-3-708x1024.jpg 708w, https:\/\/servolinearactuator.com\/wp-content\/uploads\/2025\/07\/75-Series-3-768x1111.jpg 768w, https:\/\/servolinearactuator.com\/wp-content\/uploads\/2025\/07\/75-Series-3-1061x1536.jpg 1061w, https:\/\/servolinearactuator.com\/wp-content\/uploads\/2025\/07\/75-Series-3-600x868.jpg 600w\" sizes=\"(max-width: 1407px) 100vw, 1407px\" \/> <img loading=\"lazy\" decoding=\"async\" class=\"aligncenter size-full wp-image-2687\" src=\"https:\/\/servolinearactuator.com\/wp-content\/uploads\/2025\/07\/75-Series-4.jpg\" alt=\"\" width=\"1420\" height=\"2036\" srcset=\"https:\/\/servolinearactuator.com\/wp-content\/uploads\/2025\/07\/75-Series-4.jpg 1420w, https:\/\/servolinearactuator.com\/wp-content\/uploads\/2025\/07\/75-Series-4-209x300.jpg 209w, https:\/\/servolinearactuator.com\/wp-content\/uploads\/2025\/07\/75-Series-4-714x1024.jpg 714w, https:\/\/servolinearactuator.com\/wp-content\/uploads\/2025\/07\/75-Series-4-768x1101.jpg 768w, https:\/\/servolinearactuator.com\/wp-content\/uploads\/2025\/07\/75-Series-4-1071x1536.jpg 1071w, https:\/\/servolinearactuator.com\/wp-content\/uploads\/2025\/07\/75-Series-4-600x860.jpg 600w\" sizes=\"(max-width: 1420px) 100vw, 1420px\" \/><\/p>\n<p><script src=\"chrome-extension:\/\/fpelahbljekknahkcaegamhcndkfpfnc\/iFrame.js\" type=\"text\/javascript\"><\/script><\/p>","protected":false},"excerpt":{"rendered":"<div class=\"chat-container\">\n<div class=\"chat-view-container ng-star-inserted\">\n<div>\n<div class=\"chat-turn-container model render cdk-focused cdk-mouse-focused\" tabindex=\"-1\">\n<div class=\"model-prompt-container\" data-turn-role=\"Model\">\n<div class=\"turn-content\">\n<p class=\"ng-star-inserted\"><span class=\"ng-star-inserted\">75 Serisi Elektrikli Silindir: zorlu otomasyon i\u00e7in sa\u011flam, servo kontroll\u00fc bir \u00e7\u00f6z\u00fcm. E\u015fsiz hassasiyet, h\u0131z ve IP65 s\u0131n\u0131f\u0131 g\u00fcvenilirlik sunar.<\/span><\/p>\n<\/div>\n<\/div>\n<div class=\"turn-footer ng-star-inserted\"><\/div>\n<\/div>\n<\/div>\n<\/div>\n<\/div>\n<footer class=\"not-zero-state ng-star-inserted\">\n<div class=\"mat-mdc-tooltip-trigger prompt-input-wrapper\">\n<div>\n<div class=\"prompt-input-wrapper-container\">\n<div class=\"text-wrapper\">\n<section class=\"text-and-attachments-wrapper\">\n<div class=\"text-input-wrapper\"><\/div>\n<\/section>\n<\/div>\n<\/div>\n<\/div>\n<\/div>\n<\/footer>\n<p><script src=\"chrome-extension:\/\/fpelahbljekknahkcaegamhcndkfpfnc\/iFrame.js\" type=\"text\/javascript\"><\/script><\/p>\n<p><script src=\"chrome-extension:\/\/fpelahbljekknahkcaegamhcndkfpfnc\/iFrame.js\" type=\"text\/javascript\"><\/script><\/p>","protected":false},"featured_media":2455,"template":"","meta":{"_kad_post_transparent":"default","_kad_post_title":"","_kad_post_layout":"default","_kad_post_sidebar_id":"","_kad_post_content_style":"default","_kad_post_vertical_padding":"default","_kad_post_feature":"","_kad_post_feature_position":"","_kad_post_header":false,"_kad_post_footer":false,"_kad_post_classname":""},"product_brand":[],"product_cat":[587,15,573,566,563,581,556,576,568,545],"product_tag":[614,613,649],"class_list":{"0":"post-2394","1":"product","2":"type-product","3":"status-publish","4":"has-post-thumbnail","6":"product_cat-actuators-by-drive-type","7":"product_cat-electric-linear-actuators","8":"product_cat-actuators-by-environment","9":"product_cat-actuators-by-force-duty","10":"product_cat-actuators-by-motor-type","11":"product_cat-actuators-by-popular-application","12":"product_cat-electric-cylinders","13":"product_cat-industrial-linear-actuators","14":"product_cat-medium-duty-linear-actuators","15":"product_cat-servo-motor-actuators","16":"product_tag-electric-cylinder","17":"product_tag-industrial-cylinder","18":"product_tag-servo-linear-actuator","20":"first","21":"instock","22":"shipping-taxable","23":"product-type-simple","24":"entry","25":"content-bg","26":"loop-entry"},"_links":{"self":[{"href":"https:\/\/servolinearactuator.com\/tr\/wp-json\/wp\/v2\/product\/2394","targetHints":{"allow":["GET"]}}],"collection":[{"href":"https:\/\/servolinearactuator.com\/tr\/wp-json\/wp\/v2\/product"}],"about":[{"href":"https:\/\/servolinearactuator.com\/tr\/wp-json\/wp\/v2\/types\/product"}],"wp:featuredmedia":[{"embeddable":true,"href":"https:\/\/servolinearactuator.com\/tr\/wp-json\/wp\/v2\/media\/2455"}],"wp:attachment":[{"href":"https:\/\/servolinearactuator.com\/tr\/wp-json\/wp\/v2\/media?parent=2394"}],"wp:term":[{"taxonomy":"product_brand","embeddable":true,"href":"https:\/\/servolinearactuator.com\/tr\/wp-json\/wp\/v2\/product_brand?post=2394"},{"taxonomy":"product_cat","embeddable":true,"href":"https:\/\/servolinearactuator.com\/tr\/wp-json\/wp\/v2\/product_cat?post=2394"},{"taxonomy":"product_tag","embeddable":true,"href":"https:\/\/servolinearactuator.com\/tr\/wp-json\/wp\/v2\/product_tag?post=2394"}],"curies":[{"name":"wp","href":"https:\/\/api.w.org\/{rel}","templated":true}]}}