{"id":2393,"date":"2025-07-09T09:30:15","date_gmt":"2025-07-09T09:30:15","guid":{"rendered":"https:\/\/servolinearactuator.com\/?post_type=product&#038;p=2393"},"modified":"2025-07-24T22:24:46","modified_gmt":"2025-07-24T14:24:46","slug":"65-series-oem-servo-electric-cylinder-custom-linear-actuator","status":"publish","type":"product","link":"https:\/\/servolinearactuator.com\/tr\/65-series-oem-servo-electric-cylinder-custom-linear-actuator\/","title":{"rendered":"65 Serisi OEM Servo Elektrikli Silindir | \u00d6zel Lineer Akt\u00fcat\u00f6r"},"content":{"rendered":"<p data-v-md-line=\"3\">Jimmy Technology'nin 65 Serisi OEM Servo Elektrikli Silindiri ile bir sonraki seviye otomasyonun kilidini a\u00e7\u0131n; tavizsiz hassasiyetin sa\u011flam, \u00f6zel tasarlanm\u0131\u015f g\u00fc\u00e7le bulu\u015ftu\u011fu yer. Bu sadece ba\u015fka bir akt\u00fcat\u00f6r de\u011fil; end\u00fcstriyel otomasyon, robotik ve geli\u015fmi\u015f makinelerde inovasyon i\u00e7in plan\u0131n\u0131zd\u0131r.<\/p>\n<h2 data-v-md-heading=\"features-and-benefits\" data-v-md-line=\"5\">\u00d6zellikler ve Avantajlar<\/h2>\n<ul data-v-md-line=\"7\">\n<li>Ger\u00e7ek D\u00fcnya Y\u00fckleri i\u00e7in \u00dcretildi: Paslanmaz \u00e7elik ve anodize al\u00fcminyum gibi y\u00fcksek kaliteli malzemelerle tasarlanan bu servo elektrikli silindir, zorlu, y\u00fcksek \u00e7evrimli \u00e7al\u0131\u015fma ortamlar\u0131na dayan\u0131r. Genellikle 100 milyon \u00e7evrimi a\u015fan etkileyici bir uzun \u00f6m\u00fcr bekleyin.<\/li>\n<li>Servo Motor Uyumlulu\u011fu: \u00d6nde gelen servo markalar\u0131yla (Siemens, Yaskawa, Mitsubishi Electric) sorunsuz entegrasyon i\u00e7in tasarlanan bu akt\u00fcat\u00f6rler, g\u00fcn\u00fcm\u00fcz\u00fcn OEM sistemleri i\u00e7in kritik olan s\u0131k\u0131 senkronize, hassas hareket kontrol\u00fcn\u00fc garanti eder.<\/li>\n<li>Hassas Hareket Kontrol\u00fc: Hassas test ve \u00f6l\u00e7\u00fcm veya montaj hatt\u0131 otomasyonu i\u00e7in m\u00fckemmel olan \u00b10,01 mm'ye kadar hassasiyet elde edin ve sonsuz programlanabilir konumlardan tam olarak yararlan\u0131n.<\/li>\n<li>\u00d6zel Akt\u00fcat\u00f6r Tasar\u0131m\u0131: Her \u00fcnite \u00f6zel olarak tasarlan\u0131r; strok uzunluklar\u0131n\u0131, kuvvet \u00e7\u0131k\u0131\u015flar\u0131n\u0131 (genellikle 5-20 kN), k\u0131lavuz vida tiplerini, g\u00f6vde malzemelerini ve montaj se\u00e7eneklerini (NEMA, muylu, T yuvas\u0131, \u00e7atal ve daha fazlas\u0131) se\u00e7in.<\/li>\n<li>Temiz, Sessiz ve Verimli: Hava veya hidrolik s\u0131z\u0131nt\u0131s\u0131 olmayan ve ultra d\u00fc\u015f\u00fck g\u00fcr\u00fclt\u00fcl\u00fc bu elektrikli silindirler temiz oda, g\u0131da i\u015fleme ve farmas\u00f6tik otomasyonda parlar.<\/li>\n<li>IP65 Koruma Mevcuttur: Y\u0131kama alanlar\u0131 veya zorlu ortamlar i\u00e7in y\u00fcksek giri\u015f korumas\u0131n\u0131 se\u00e7in; toz ve suyu d\u0131\u015far\u0131da tutun, verimlili\u011fi art\u0131r\u0131n.<\/li>\n<li>Entegre Limit Sens\u00f6rleri: Ak\u0131ll\u0131, programlanabilir u\u00e7 noktalar, g\u00fcvenli\u011fi ve g\u00fcvenilirli\u011fi art\u0131r\u0131rken ekipman\u0131n\u0131z\u0131n korunmas\u0131na yard\u0131mc\u0131 olur.<\/li>\n<li>Bak\u0131m Gerektirmez: Ar\u0131za s\u00fcrelerini unutun; geli\u015fmi\u015f rulman sistemleri ve dayan\u0131kl\u0131 vida mekanizmalar\u0131 servis aral\u0131klar\u0131n\u0131 k\u0131salt\u0131r ve size benzer pn\u00f6matik veya hidrolik se\u00e7eneklere g\u00f6re 90%'ye kadar daha az bak\u0131m sa\u011flar.<\/li>\n<li>End\u00fcstri 4.0 ile uyumludur: Ger\u00e7ek zamanl\u0131 geri bildirim, fieldbus ba\u011flant\u0131s\u0131 (EtherCAT, PROFINET, EtherNet\/IP) ve \u00f6ng\u00f6r\u00fcl\u00fc tan\u0131lama, operasyonunuzu verimli bir \u015fekilde dijital \u00e7a\u011fa ta\u015f\u0131r.<\/li>\n<\/ul>\n<h2 data-v-md-heading=\"wide-applications\" data-v-md-line=\"17\">Geni\u015f Uygulamalar<\/h2>\n<p data-v-md-line=\"19\">Bu akt\u00fcat\u00f6r, a\u015fa\u011f\u0131dakiler dahil ancak bunlarla s\u0131n\u0131rl\u0131 olmamak \u00fczere otomasyon projeleriniz i\u00e7in ideal se\u00e7imdir: end\u00fcstriyel robotlar, kol ucu tak\u0131mlar\u0131, alma ve yerle\u015ftirme sistemleri, hassas t\u0131bbi cihaz \u00fcretimi, y\u00fcksek h\u0131zl\u0131 paketleme hatlar\u0131, otomatik y\u00f6nlendirmeli ara\u00e7lar (AGV'ler), test ve \u00f6l\u00e7\u00fcm te\u00e7hizatlar\u0131, malzeme ta\u015f\u0131ma ve \u00f6zel montaj makineleri.<\/p>\n<h2 data-v-md-heading=\"specifications\" data-v-md-line=\"21\">Teknik \u00d6zellikler<\/h2>\n<ul data-v-md-line=\"23\">\n<li>Kuvvet: \u00d6zelle\u015ftirilebilir, tipik olarak 5-20 kN (\u00f6zel aral\u0131klar i\u00e7in dan\u0131\u015f\u0131n)<\/li>\n<li>H\u0131z: 500 mm\/s'ye kadar<\/li>\n<li>Strok Uzunlu\u011fu: \u00d6zel hareket profiliniz i\u00e7in tasarlanm\u0131\u015f standart ve \u00f6zel uzunluklar<\/li>\n<li>Giri\u015f Gerilimi: Yayg\u0131n end\u00fcstriyel voltajlarla uyumlu, projeye g\u00f6re uyarlanm\u0131\u015f (standart 24V\/48V\/230V se\u00e7enekleri)<\/li>\n<li>Koruma Derecesi: Toz\/su direnci i\u00e7in IP65'e kadar modeller mevcuttur<\/li>\n<\/ul>\n<h2 data-v-md-heading=\"technical-support\" data-v-md-line=\"29\">Teknik Destek<\/h2>\n<p data-v-md-line=\"31\">Bu \u00fcr\u00fcn i\u00e7in kapsaml\u0131 teknik destek sa\u011fl\u0131yoruz. Buna ayr\u0131nt\u0131l\u0131 CAD modelleri, teknik veri sayfalar\u0131, \u00f6rnek uygulama kodu ve kablo ba\u011flant\u0131 \u015femalar\u0131 dahildir; b\u00f6ylece entegrasyonunuz \u00e7\u00f6z\u00fcm\u00fcn kendisi kadar kolay olur.<\/p>\n<h2 data-v-md-heading=\"conclusion\" data-v-md-line=\"33\">Sonu\u00e7<\/h2>\n<p data-v-md-line=\"35\">Jimmy Technology'yi se\u00e7mek, otomatikle\u015ftirdi\u011finiz her hareket i\u00e7in pazar lideri kalite, yenilik ve g\u00fcvenilirli\u011fi se\u00e7mek anlam\u0131na gelir. Bug\u00fcn 65 Serisi ile otomasyonunuzun t\u00fcm potansiyelini ortaya \u00e7\u0131kar\u0131n.<\/p>\n<p><img fetchpriority=\"high\" decoding=\"async\" class=\"aligncenter size-full wp-image-2682\" src=\"https:\/\/servolinearactuator.com\/wp-content\/uploads\/2025\/07\/65-Series.jpg\" alt=\"\" width=\"1400\" height=\"2036\" srcset=\"https:\/\/servolinearactuator.com\/wp-content\/uploads\/2025\/07\/65-Series.jpg 1400w, https:\/\/servolinearactuator.com\/wp-content\/uploads\/2025\/07\/65-Series-206x300.jpg 206w, https:\/\/servolinearactuator.com\/wp-content\/uploads\/2025\/07\/65-Series-704x1024.jpg 704w, https:\/\/servolinearactuator.com\/wp-content\/uploads\/2025\/07\/65-Series-768x1117.jpg 768w, https:\/\/servolinearactuator.com\/wp-content\/uploads\/2025\/07\/65-Series-1056x1536.jpg 1056w, https:\/\/servolinearactuator.com\/wp-content\/uploads\/2025\/07\/65-Series-600x873.jpg 600w\" sizes=\"(max-width: 1400px) 100vw, 1400px\" \/> <img decoding=\"async\" class=\"aligncenter size-full wp-image-2679\" src=\"https:\/\/servolinearactuator.com\/wp-content\/uploads\/2025\/07\/65-Series-1.jpg\" alt=\"\" width=\"1413\" height=\"2036\" srcset=\"https:\/\/servolinearactuator.com\/wp-content\/uploads\/2025\/07\/65-Series-1.jpg 1413w, https:\/\/servolinearactuator.com\/wp-content\/uploads\/2025\/07\/65-Series-1-208x300.jpg 208w, https:\/\/servolinearactuator.com\/wp-content\/uploads\/2025\/07\/65-Series-1-711x1024.jpg 711w, https:\/\/servolinearactuator.com\/wp-content\/uploads\/2025\/07\/65-Series-1-768x1107.jpg 768w, https:\/\/servolinearactuator.com\/wp-content\/uploads\/2025\/07\/65-Series-1-1066x1536.jpg 1066w, https:\/\/servolinearactuator.com\/wp-content\/uploads\/2025\/07\/65-Series-1-600x865.jpg 600w\" sizes=\"(max-width: 1413px) 100vw, 1413px\" \/><img decoding=\"async\" class=\"aligncenter size-full wp-image-2681\" src=\"https:\/\/servolinearactuator.com\/wp-content\/uploads\/2025\/07\/65-Series-5.jpg\" alt=\"\" width=\"1413\" height=\"2036\" srcset=\"https:\/\/servolinearactuator.com\/wp-content\/uploads\/2025\/07\/65-Series-5.jpg 1413w, https:\/\/servolinearactuator.com\/wp-content\/uploads\/2025\/07\/65-Series-5-208x300.jpg 208w, https:\/\/servolinearactuator.com\/wp-content\/uploads\/2025\/07\/65-Series-5-711x1024.jpg 711w, https:\/\/servolinearactuator.com\/wp-content\/uploads\/2025\/07\/65-Series-5-768x1107.jpg 768w, https:\/\/servolinearactuator.com\/wp-content\/uploads\/2025\/07\/65-Series-5-1066x1536.jpg 1066w, https:\/\/servolinearactuator.com\/wp-content\/uploads\/2025\/07\/65-Series-5-600x865.jpg 600w\" sizes=\"(max-width: 1413px) 100vw, 1413px\" \/> <img loading=\"lazy\" decoding=\"async\" class=\"aligncenter size-full wp-image-2680\" src=\"https:\/\/servolinearactuator.com\/wp-content\/uploads\/2025\/07\/65-Series-4.jpg\" alt=\"\" width=\"1427\" height=\"2036\" srcset=\"https:\/\/servolinearactuator.com\/wp-content\/uploads\/2025\/07\/65-Series-4.jpg 1427w, https:\/\/servolinearactuator.com\/wp-content\/uploads\/2025\/07\/65-Series-4-210x300.jpg 210w, https:\/\/servolinearactuator.com\/wp-content\/uploads\/2025\/07\/65-Series-4-718x1024.jpg 718w, https:\/\/servolinearactuator.com\/wp-content\/uploads\/2025\/07\/65-Series-4-768x1096.jpg 768w, https:\/\/servolinearactuator.com\/wp-content\/uploads\/2025\/07\/65-Series-4-1077x1536.jpg 1077w, https:\/\/servolinearactuator.com\/wp-content\/uploads\/2025\/07\/65-Series-4-600x856.jpg 600w\" sizes=\"(max-width: 1427px) 100vw, 1427px\" \/><\/p>\n<p><script src=\"chrome-extension:\/\/fpelahbljekknahkcaegamhcndkfpfnc\/iFrame.js\" type=\"text\/javascript\"><\/script><\/p>","protected":false},"excerpt":{"rendered":"<div class=\"model-prompt-container\" data-turn-role=\"Model\">\n<div class=\"turn-content\">\n<p class=\"ng-star-inserted\"><span class=\"ng-star-inserted\">65 Serisi OEM Servo Elektrikli Silindir ile \u00fcst d\u00fczey otomasyonun kilidini a\u00e7\u0131n. \u00d6d\u00fcn vermeyen hassasiyet ve sa\u011flam, \u00f6zel olarak tasarlanm\u0131\u015f g\u00fc\u00e7 sunar.<\/span><\/p>\n<\/div>\n<\/div>\n<p><script src=\"chrome-extension:\/\/fpelahbljekknahkcaegamhcndkfpfnc\/iFrame.js\" type=\"text\/javascript\"><\/script><\/p>","protected":false},"featured_media":2427,"template":"","meta":{"_kad_post_transparent":"default","_kad_post_title":"","_kad_post_layout":"default","_kad_post_sidebar_id":"","_kad_post_content_style":"default","_kad_post_vertical_padding":"default","_kad_post_feature":"","_kad_post_feature_position":"","_kad_post_header":false,"_kad_post_footer":false,"_kad_post_classname":""},"product_brand":[],"product_cat":[587,15,563,581,556,586,545],"product_tag":[653,652,647],"class_list":{"0":"post-2393","1":"product","2":"type-product","3":"status-publish","4":"has-post-thumbnail","6":"product_cat-actuators-by-drive-type","7":"product_cat-electric-linear-actuators","8":"product_cat-actuators-by-motor-type","9":"product_cat-actuators-by-popular-application","10":"product_cat-electric-cylinders","11":"product_cat-industrial-automation","12":"product_cat-servo-motor-actuators","13":"product_tag-custom-linear-actuator","14":"product_tag-oem-actuator","15":"product_tag-servo-electric-cylinder","17":"first","18":"instock","19":"shipping-taxable","20":"product-type-simple","21":"entry","22":"content-bg","23":"loop-entry"},"_links":{"self":[{"href":"https:\/\/servolinearactuator.com\/tr\/wp-json\/wp\/v2\/product\/2393","targetHints":{"allow":["GET"]}}],"collection":[{"href":"https:\/\/servolinearactuator.com\/tr\/wp-json\/wp\/v2\/product"}],"about":[{"href":"https:\/\/servolinearactuator.com\/tr\/wp-json\/wp\/v2\/types\/product"}],"wp:featuredmedia":[{"embeddable":true,"href":"https:\/\/servolinearactuator.com\/tr\/wp-json\/wp\/v2\/media\/2427"}],"wp:attachment":[{"href":"https:\/\/servolinearactuator.com\/tr\/wp-json\/wp\/v2\/media?parent=2393"}],"wp:term":[{"taxonomy":"product_brand","embeddable":true,"href":"https:\/\/servolinearactuator.com\/tr\/wp-json\/wp\/v2\/product_brand?post=2393"},{"taxonomy":"product_cat","embeddable":true,"href":"https:\/\/servolinearactuator.com\/tr\/wp-json\/wp\/v2\/product_cat?post=2393"},{"taxonomy":"product_tag","embeddable":true,"href":"https:\/\/servolinearactuator.com\/tr\/wp-json\/wp\/v2\/product_tag?post=2393"}],"curies":[{"name":"wp","href":"https:\/\/api.w.org\/{rel}","templated":true}]}}