{"id":2392,"date":"2025-07-09T09:30:13","date_gmt":"2025-07-09T09:30:13","guid":{"rendered":"https:\/\/servolinearactuator.com\/?post_type=product&#038;p=2392"},"modified":"2025-07-24T22:23:57","modified_gmt":"2025-07-24T14:23:57","slug":"65-series-high-speed-servo-linear-actuator-electric-cylinder","status":"publish","type":"product","link":"https:\/\/servolinearactuator.com\/tr\/65-series-high-speed-servo-linear-actuator-electric-cylinder\/","title":{"rendered":"65 Serisi Y\u00fcksek H\u0131zl\u0131 Servo Lineer Akt\u00fcat\u00f6r | Elektrikli Silindir"},"content":{"rendered":"<p data-v-md-line=\"3\">Jimmy Technology'nin 65 Serisi Y\u00fcksek H\u0131zl\u0131 Servo Lineer Akt\u00fcat\u00f6r\u00fc ile hassasiyeti, g\u00fcc\u00fc ve ger\u00e7ek yenili\u011fi deneyimleyin - \"yeterince iyi\" ile yetinmeyi reddeden zorlu end\u00fcstriyel otomasyon i\u00e7in tasarlanm\u0131\u015f birinci s\u0131n\u0131f bir elektrikli silindir.<\/p>\n<p data-v-md-line=\"5\"><strong>\u00d6zellikler ve Avantajlar<\/strong><\/p>\n<ul data-v-md-line=\"6\">\n<li>Uzun S\u00fcreli Dayan\u0131kl\u0131l\u0131k i\u00e7in Sa\u011flam Yap\u0131: Eloksall\u0131 al\u00fcminyum ve paslanmaz \u00e7elik \u00e7ubuk gibi y\u00fcksek kaliteli malzemelerden \u00fcretilen bu akt\u00fcat\u00f6r, zorlu ortamlarda ba\u015far\u0131l\u0131 olur. Sa\u011flam yap\u0131s\u0131 korozyona, a\u011f\u0131r hizmet d\u00f6ng\u00fclerine ve en zorlu otomasyon g\u00f6revlerine kar\u015f\u0131 dayan\u0131kl\u0131d\u0131r.<\/li>\n<li>Y\u00fcksek H\u0131zl\u0131 Lineer Hareket: H\u0131zl\u0131 h\u0131zlanma ve yava\u015flama \u00f6zellikleriyle 65 Serisi, d\u00f6ng\u00fc s\u00fcrelerini k\u0131salt\u0131r ve verimi en \u00fcst d\u00fczeye \u00e7\u0131kar\u0131r; paketleme hatlar\u0131 veya y\u00fcksek h\u0131zl\u0131 alma ve yerle\u015ftirme uygulamalar\u0131 i\u00e7in mutlak bir oyun de\u011fi\u015ftiricidir.<\/li>\n<li>Kapal\u0131 D\u00f6ng\u00fc Servo Kontrol: Geli\u015fmi\u015f h\u0131z ve kuvvet kontrol sistemleri sayesinde, hassas da\u011f\u0131t\u0131m, montaj otomasyonu ve kritik kalite g\u00f6revleri i\u00e7in kritik olan milimetrenin alt\u0131nda do\u011fruluk ve tekrarlanabilir do\u011frusal hareket elde edersiniz.<\/li>\n<li>G\u00fc\u00e7l\u00fc Y\u00fcksek \u0130tme Performans\u0131: Otomotiv montaj\u0131, presleme ve a\u011f\u0131r malzeme ta\u015f\u0131ma i\u00e7in uygun kuvvet aral\u0131klar\u0131 sunan bu akt\u00fcat\u00f6r, pn\u00f6matik ve hidrolik sistemleri elektriksel olarak verimli homurtu ile de\u011fi\u015ftirerek y\u00fcksek g\u00fc\u00e7l\u00fc end\u00fcstriyel hareketin \u00fcstesinden gelmeye haz\u0131rd\u0131r.<\/li>\n<li>Optimum \u00c7evresel Koruma: IP65 s\u0131n\u0131f\u0131 s\u0131zd\u0131rmazl\u0131k \u00f6zelli\u011fine sahip olan akt\u00fcat\u00f6r, toz ve sudan etkilenmez, bu da onu y\u0131kama ortamlar\u0131 ve hatta zorlu d\u0131\u015f mekan kurulumlar\u0131 i\u00e7in ideal hale getirir.<\/li>\n<li>Kolay Entegrasyon ve Bak\u0131m Gerektirmeyen \u00c7al\u0131\u015fma: Pop\u00fcler servo motorlar, PLC'ler ve EtherCAT, Ethernet\/IP ve Profinet gibi end\u00fcstriyel ileti\u015fim protokolleriyle uyumlu olan bu elektrikli silindir, kontrol kabini tasar\u0131m\u0131n\u0131z\u0131 kolayla\u015ft\u0131r\u0131r. Bilyal\u0131 vida ve makaral\u0131 vida se\u00e7enekleri uzun \u00f6m\u00fcr ve minimum bak\u0131m ihtiyac\u0131 vaat eder.<\/li>\n<\/ul>\n<p data-v-md-line=\"13\"><strong>Geni\u015f Uygulamalar<\/strong><br \/>\nBu akt\u00fcat\u00f6r, y\u00fcksek h\u0131z, kuvvet ve hassasiyetin en \u00f6nemli oldu\u011fu her yerde \u00fcst\u00fcnl\u00fck sa\u011flar. End\u00fcstri 4.0 verimlili\u011fine do\u011fru ilerleyen fabrikalarda end\u00fcstriyel otomasyon \u00e7\u00f6z\u00fcmleri, otomotiv montaj\u0131, geli\u015fmi\u015f robotik, yiyecek ve i\u00e7ecek i\u015fleme, paketleme, \u015fi\u015feleme ve malzeme ta\u015f\u0131ma i\u00e7in alt\u0131n standartt\u0131r.<\/p>\n<p data-v-md-line=\"16\"><strong>Teknik \u00d6zellikler<\/strong><\/p>\n<ul data-v-md-line=\"17\">\n<li>Kuvvet: Tipik olarak 1 kN ila 20 kN aras\u0131nda de\u011fi\u015fir (daha b\u00fcy\u00fck konfig\u00fcrasyonlar i\u00e7in 50 kN'ye kadar)<\/li>\n<li>H\u0131z: 500 mm\/s ila 2000 mm\/s'ye ula\u015fabilir (3000 mm\/s'ye kadar se\u00e7eneklerle)<\/li>\n<li>Strok Uzunlu\u011fu: Esnek - 50 mm'den 1500 mm'ye kadar, \u00f6zel se\u00e7enekler mevcuttur<\/li>\n<li>Giri\u015f Voltaj\u0131: Standart end\u00fcstriyel servo s\u00fcr\u00fcc\u00fclerle uyumludur (ayr\u0131nt\u0131lar i\u00e7in Jimmy Technology'nin ayr\u0131nt\u0131l\u0131 veri sayfas\u0131na bak\u0131n)<\/li>\n<li>Koruma Derecesi: Standart olarak IP65 s\u0131n\u0131f\u0131, zorlu ve y\u0131kamal\u0131 ortamlar i\u00e7in toza ve suya dayan\u0131kl\u0131l\u0131k sa\u011flar<\/li>\n<\/ul>\n<p data-v-md-line=\"23\"><strong>Teknik Destek<\/strong><br \/>\nJimmy Technology'de ekibimiz kendini projenizin ba\u015far\u0131s\u0131na adam\u0131\u015ft\u0131r. Sorunsuz entegrasyon ve daha h\u0131zl\u0131 devreye alma sa\u011flamak i\u00e7in ayr\u0131nt\u0131l\u0131 CAD modelleri, teknik veri sayfalar\u0131, kablo ba\u011flant\u0131 \u015femalar\u0131 ve uzman tavsiyesi dahil olmak \u00fczere kapsaml\u0131 teknik destek sa\u011fl\u0131yoruz.<\/p>\n<p data-v-md-line=\"26\"><strong>Sonu\u00e7<\/strong><br \/>\nJimmy Technology'yi se\u00e7mek, pazar lideri kaliteye, son teknoloji m\u00fchendisli\u011fe ve sars\u0131lmaz g\u00fcvenilirli\u011fe yat\u0131r\u0131m yapt\u0131\u011f\u0131n\u0131z anlam\u0131na gelir; bu da her otomasyon projesini s\u0131f\u0131rdan daha h\u0131zl\u0131, daha ak\u0131ll\u0131 ve daha uygun maliyetli hale getirir.<\/p>\n<p><img fetchpriority=\"high\" decoding=\"async\" class=\"aligncenter size-full wp-image-2679\" src=\"https:\/\/servolinearactuator.com\/wp-content\/uploads\/2025\/07\/65-Series-1.jpg\" alt=\"\" width=\"1413\" height=\"2036\" srcset=\"https:\/\/servolinearactuator.com\/wp-content\/uploads\/2025\/07\/65-Series-1.jpg 1413w, https:\/\/servolinearactuator.com\/wp-content\/uploads\/2025\/07\/65-Series-1-208x300.jpg 208w, https:\/\/servolinearactuator.com\/wp-content\/uploads\/2025\/07\/65-Series-1-711x1024.jpg 711w, https:\/\/servolinearactuator.com\/wp-content\/uploads\/2025\/07\/65-Series-1-768x1107.jpg 768w, https:\/\/servolinearactuator.com\/wp-content\/uploads\/2025\/07\/65-Series-1-1066x1536.jpg 1066w, https:\/\/servolinearactuator.com\/wp-content\/uploads\/2025\/07\/65-Series-1-600x865.jpg 600w\" sizes=\"(max-width: 1413px) 100vw, 1413px\" \/> <img decoding=\"async\" class=\"aligncenter size-full wp-image-2682\" src=\"https:\/\/servolinearactuator.com\/wp-content\/uploads\/2025\/07\/65-Series.jpg\" alt=\"\" width=\"1400\" height=\"2036\" srcset=\"https:\/\/servolinearactuator.com\/wp-content\/uploads\/2025\/07\/65-Series.jpg 1400w, https:\/\/servolinearactuator.com\/wp-content\/uploads\/2025\/07\/65-Series-206x300.jpg 206w, https:\/\/servolinearactuator.com\/wp-content\/uploads\/2025\/07\/65-Series-704x1024.jpg 704w, https:\/\/servolinearactuator.com\/wp-content\/uploads\/2025\/07\/65-Series-768x1117.jpg 768w, https:\/\/servolinearactuator.com\/wp-content\/uploads\/2025\/07\/65-Series-1056x1536.jpg 1056w, https:\/\/servolinearactuator.com\/wp-content\/uploads\/2025\/07\/65-Series-600x873.jpg 600w\" sizes=\"(max-width: 1400px) 100vw, 1400px\" \/><img decoding=\"async\" class=\"aligncenter size-full wp-image-2680\" src=\"https:\/\/servolinearactuator.com\/wp-content\/uploads\/2025\/07\/65-Series-4.jpg\" alt=\"\" width=\"1427\" height=\"2036\" srcset=\"https:\/\/servolinearactuator.com\/wp-content\/uploads\/2025\/07\/65-Series-4.jpg 1427w, https:\/\/servolinearactuator.com\/wp-content\/uploads\/2025\/07\/65-Series-4-210x300.jpg 210w, https:\/\/servolinearactuator.com\/wp-content\/uploads\/2025\/07\/65-Series-4-718x1024.jpg 718w, https:\/\/servolinearactuator.com\/wp-content\/uploads\/2025\/07\/65-Series-4-768x1096.jpg 768w, https:\/\/servolinearactuator.com\/wp-content\/uploads\/2025\/07\/65-Series-4-1077x1536.jpg 1077w, https:\/\/servolinearactuator.com\/wp-content\/uploads\/2025\/07\/65-Series-4-600x856.jpg 600w\" sizes=\"(max-width: 1427px) 100vw, 1427px\" \/> <img loading=\"lazy\" decoding=\"async\" class=\"aligncenter size-full wp-image-2681\" src=\"https:\/\/servolinearactuator.com\/wp-content\/uploads\/2025\/07\/65-Series-5.jpg\" alt=\"\" width=\"1413\" height=\"2036\" srcset=\"https:\/\/servolinearactuator.com\/wp-content\/uploads\/2025\/07\/65-Series-5.jpg 1413w, https:\/\/servolinearactuator.com\/wp-content\/uploads\/2025\/07\/65-Series-5-208x300.jpg 208w, https:\/\/servolinearactuator.com\/wp-content\/uploads\/2025\/07\/65-Series-5-711x1024.jpg 711w, https:\/\/servolinearactuator.com\/wp-content\/uploads\/2025\/07\/65-Series-5-768x1107.jpg 768w, https:\/\/servolinearactuator.com\/wp-content\/uploads\/2025\/07\/65-Series-5-1066x1536.jpg 1066w, https:\/\/servolinearactuator.com\/wp-content\/uploads\/2025\/07\/65-Series-5-600x865.jpg 600w\" sizes=\"(max-width: 1413px) 100vw, 1413px\" \/><\/p>\n<p><script src=\"chrome-extension:\/\/fpelahbljekknahkcaegamhcndkfpfnc\/iFrame.js\" type=\"text\/javascript\"><\/script><\/p>","protected":false},"excerpt":{"rendered":"<div class=\"model-prompt-container\" data-turn-role=\"Model\">\n<div class=\"turn-content\">\n<p class=\"ng-star-inserted\"><span class=\"ng-star-inserted\">Jimmy Technology'nin 65 Serisi Y\u00fcksek H\u0131zl\u0131 Servo Akt\u00fcat\u00f6r\u00fc: Asla \"yeterince iyi\" ile yetinmeyen zorlu end\u00fcstriyel otomasyon i\u00e7in hassasiyet, g\u00fc\u00e7 ve yenilik.<\/span><\/p>\n<\/div>\n<\/div>\n<p><script src=\"chrome-extension:\/\/fpelahbljekknahkcaegamhcndkfpfnc\/iFrame.js\" type=\"text\/javascript\"><\/script><\/p>","protected":false},"featured_media":2433,"template":"","meta":{"_kad_post_transparent":"default","_kad_post_title":"","_kad_post_layout":"default","_kad_post_sidebar_id":"","_kad_post_content_style":"default","_kad_post_vertical_padding":"default","_kad_post_feature":"","_kad_post_feature_position":"","_kad_post_header":false,"_kad_post_footer":false,"_kad_post_classname":""},"product_brand":[],"product_cat":[587,566,563,581,570,556,15,571,568,545],"product_tag":[614,651,649],"class_list":{"0":"post-2392","1":"product","2":"type-product","3":"status-publish","4":"has-post-thumbnail","6":"product_cat-actuators-by-drive-type","7":"product_cat-actuators-by-force-duty","8":"product_cat-actuators-by-motor-type","9":"product_cat-actuators-by-popular-application","10":"product_cat-actuators-by-speed","11":"product_cat-electric-cylinders","12":"product_cat-electric-linear-actuators","13":"product_cat-high-speed-linear-actuators","14":"product_cat-medium-duty-linear-actuators","15":"product_cat-servo-motor-actuators","16":"product_tag-electric-cylinder","17":"product_tag-high-speed-actuator","18":"product_tag-servo-linear-actuator","20":"first","21":"instock","22":"shipping-taxable","23":"product-type-simple","24":"entry","25":"content-bg","26":"loop-entry"},"_links":{"self":[{"href":"https:\/\/servolinearactuator.com\/tr\/wp-json\/wp\/v2\/product\/2392","targetHints":{"allow":["GET"]}}],"collection":[{"href":"https:\/\/servolinearactuator.com\/tr\/wp-json\/wp\/v2\/product"}],"about":[{"href":"https:\/\/servolinearactuator.com\/tr\/wp-json\/wp\/v2\/types\/product"}],"wp:featuredmedia":[{"embeddable":true,"href":"https:\/\/servolinearactuator.com\/tr\/wp-json\/wp\/v2\/media\/2433"}],"wp:attachment":[{"href":"https:\/\/servolinearactuator.com\/tr\/wp-json\/wp\/v2\/media?parent=2392"}],"wp:term":[{"taxonomy":"product_brand","embeddable":true,"href":"https:\/\/servolinearactuator.com\/tr\/wp-json\/wp\/v2\/product_brand?post=2392"},{"taxonomy":"product_cat","embeddable":true,"href":"https:\/\/servolinearactuator.com\/tr\/wp-json\/wp\/v2\/product_cat?post=2392"},{"taxonomy":"product_tag","embeddable":true,"href":"https:\/\/servolinearactuator.com\/tr\/wp-json\/wp\/v2\/product_tag?post=2392"}],"curies":[{"name":"wp","href":"https:\/\/api.w.org\/{rel}","templated":true}]}}