{"id":2390,"date":"2025-07-09T09:27:50","date_gmt":"2025-07-09T09:27:50","guid":{"rendered":"https:\/\/servolinearactuator.com\/?post_type=product&#038;p=2390"},"modified":"2025-07-24T22:22:07","modified_gmt":"2025-07-24T14:22:07","slug":"52-series-compact-servo-electric-cylinder-fast-actuator","status":"publish","type":"product","link":"https:\/\/servolinearactuator.com\/tr\/52-series-compact-servo-electric-cylinder-fast-actuator\/","title":{"rendered":"52 Serisi Kompakt Servo Elektrikli Silindir | H\u0131zl\u0131 Akt\u00fcat\u00f6r"},"content":{"rendered":"<p data-v-md-line=\"3\">Jimmy Technology'nin 52 Serisi Kompakt Servo Elektrikli Silindiri ile \u00fcst d\u00fczey otomasyon hassasiyetini ve h\u0131z\u0131n\u0131 deneyimleyin. Y\u00fcksek performans i\u00e7in tasarlanan bu h\u0131zl\u0131 lineer akt\u00fcat\u00f6r, rakipsiz kuvvet, do\u011fruluk ve esneklik sunar - hepsi de g\u00fcn\u00fcm\u00fcz\u00fcn otomasyon zorluklar\u0131 i\u00e7in \u00f6zel olarak tasarlanm\u0131\u015f yerden tasarruf sa\u011flayan bir tasar\u0131mda.<\/p>\n<h2 data-v-md-heading=\"features-and-benefits\" data-v-md-line=\"5\">\u00d6zellikler ve Avantajlar<\/h2>\n<ul data-v-md-line=\"7\">\n<li>Ultra Kompakt, Y\u00fcksek G\u00fc\u00e7l\u00fc Tasar\u0131m: G\u00fc\u00e7ten \u00f6d\u00fcn vermeyen kompakt bir akt\u00fcat\u00f6r ile otomasyon oyununuzu h\u0131zland\u0131r\u0131n. 52 Serisi, dar makine d\u00fczenlerine s\u0131\u011fd\u0131rmak i\u00e7in ideal olan k\u00fc\u00e7\u00fck bir ayak izine ola\u011fan\u00fcst\u00fc h\u0131z ve g\u00fc\u00e7 s\u0131\u011fd\u0131r\u0131r.<\/li>\n<li>\u00c7ok H\u0131zl\u0131 Do\u011frusal Hareket: Geli\u015fmi\u015f servo motor entegrasyonu sayesinde h\u0131zl\u0131 d\u00f6ng\u00fc s\u00fcreleri elde edin ve verimi art\u0131r\u0131n. Bu hassas servo akt\u00fcat\u00f6r, 2,0 m\/s'ye varan h\u0131zlar sunarak \u00fcretim hatlar\u0131n\u0131z\u0131 rekabette \u00f6nde tutar.<\/li>\n<li>Sa\u011flam, End\u00fcstriyel S\u0131n\u0131f Yap\u0131: A\u011f\u0131r hizmet tipi, y\u00fcksek kaliteli al\u00fcminyum ve paslanmaz \u00e7elikten \u00fcretilen bu akt\u00fcat\u00f6r, suistimale kar\u015f\u0131 dayan\u0131kl\u0131d\u0131r, korozyona kar\u015f\u0131 diren\u00e7lidir ve zorlu ortamlarda g\u00fc\u00e7l\u00fc durur. Sa\u011flam mimari, daha az ar\u0131za s\u00fcresi-daha fazla \u00fcretkenlik anlam\u0131na gelir.<\/li>\n<li>Hassas Tekrarlanabilirlik: Kapal\u0131 d\u00f6ng\u00fc servo kontrol ve kaliteli bilyal\u0131 veya makaral\u0131 vida se\u00e7enekleri, tutarl\u0131, mikron d\u00fczeyinde konumland\u0131rma do\u011frulu\u011fu sa\u011flar. G\u00fcvenilirli\u011fin sadece tercih edilmedi\u011fi, olmazsa olmaz oldu\u011fu uygulamalar i\u00e7in m\u00fckemmeldir.<\/li>\n<li>IP65\/IP67 Koruma Se\u00e7enekleri: Toza ve suya dayan\u0131kl\u0131l\u0131k, bu akt\u00fcat\u00f6r\u00fc y\u0131kama alanlar\u0131, yiyecek ve i\u00e7ecek tesisleri ve d\u0131\u015f mekan makineleri i\u00e7in tercih edilen akt\u00fcat\u00f6r haline getirir.<\/li>\n<li>Esnek Ba\u011flanabilirlik: EtherCAT, PROFINET ve CANopen gibi ba\u015fl\u0131ca fieldbus protokolleriyle tam uyumludur. PLC'ler, hareket kontrol\u00f6rleri ve mevcut otomasyon a\u011flar\u0131 ile entegrasyon sorunsuzdur.<\/li>\n<li>Bak\u0131m Gerektirmeyen \u00c7al\u0131\u015fma: Minimum bak\u0131mla uzun hizmet \u00f6mr\u00fcn\u00fcn keyfini \u00e7\u0131kar\u0131n. Uzat\u0131lm\u0131\u015f ya\u011flama aral\u0131klar\u0131 ve y\u00fcksek kaliteli bile\u015fenler bak\u0131m maliyetlerini en aza indirir ve yat\u0131r\u0131m getirisini en \u00fcst d\u00fczeye \u00e7\u0131kar\u0131r.<\/li>\n<li>D\u00fc\u015f\u00fck G\u00fcr\u00fclt\u00fc \u00c7\u0131k\u0131\u015f\u0131: Ortak \u00e7al\u0131\u015fma alanlar\u0131 ve insan-makine etkile\u015fim b\u00f6lgeleri i\u00e7in yeterince sessiz olan &lt;70 dB \u00e7al\u0131\u015fma ile ortam\u0131n\u0131z\u0131 g\u00fcvenli ve \u00fcretken tutun.<\/li>\n<\/ul>\n<h2 data-v-md-heading=\"wide-applications\" data-v-md-line=\"16\">Geni\u015f Uygulamalar<\/h2>\n<p data-v-md-line=\"18\">52 Serisi, zorlu senaryolar yelpazesinde parl\u0131yor. Hassas alma ve yerle\u015ftirme robotlar\u0131, paketleme makineleri, ak\u0131ll\u0131 t\u0131bbi cihazlar, geli\u015fmi\u015f montaj hatlar\u0131, g\u0131da i\u015fleme ve malzeme ta\u015f\u0131ma sistemleri gibi h\u0131zl\u0131, g\u00fcvenilir, programlanabilir hareketin \u015fart oldu\u011fu her yerde tercih edilen akt\u00fcat\u00f6rd\u00fcr.<\/p>\n<h2 data-v-md-heading=\"specifications\" data-v-md-line=\"20\">Teknik \u00d6zellikler<\/h2>\n<ul data-v-md-line=\"22\">\n<li>Kuvvet: 5 kN'ye (1124 lbf) kadar<\/li>\n<li>H\u0131z: 2,0 m\/s'ye (78 ips) kadar<\/li>\n<li>Strok Uzunlu\u011fu: 50 mm ila 1000 mm (2 in\u00e7 ila 40 in\u00e7)<\/li>\n<li>Giri\u015f Voltaj\u0131: Standart 24V\/48V DC (\u00f6zel aral\u0131klar mevcuttur)<\/li>\n<li>Koruma Derecesi: IP65 (zorlu\/y\u0131kama ortamlar\u0131 i\u00e7in iste\u011fe ba\u011fl\u0131 IP67)<\/li>\n<\/ul>\n<h2 data-v-md-heading=\"technical-support\" data-v-md-line=\"28\">Teknik Destek<\/h2>\n<p data-v-md-line=\"30\">Projenize sorunsuz ve kolay bir entegrasyon sa\u011flamak i\u00e7in ayr\u0131nt\u0131l\u0131 CAD modelleri, teknik veri sayfalar\u0131 ve kablo ba\u011flant\u0131 \u015femalar\u0131 dahil olmak \u00fczere bu \u00fcr\u00fcn i\u00e7in kapsaml\u0131 teknik destek sa\u011fl\u0131yoruz.<\/p>\n<h2 data-v-md-heading=\"conclusion\" data-v-md-line=\"32\">Sonu\u00e7<\/h2>\n<p data-v-md-line=\"34\">Jimmy Technology'yi se\u00e7mek, pazar lideri kaliteyi, \u00e7\u0131\u011f\u0131r a\u00e7an yenilikleri ve asla vazge\u00e7meyen g\u00fcvenilirli\u011fi se\u00e7mek anlam\u0131na gelir.<\/p>\n<p><img fetchpriority=\"high\" decoding=\"async\" class=\"aligncenter size-full wp-image-2675\" src=\"https:\/\/servolinearactuator.com\/wp-content\/uploads\/2025\/07\/06-2.jpg\" alt=\"\" width=\"1433\" height=\"2036\" srcset=\"https:\/\/servolinearactuator.com\/wp-content\/uploads\/2025\/07\/06-2.jpg 1433w, https:\/\/servolinearactuator.com\/wp-content\/uploads\/2025\/07\/06-2-211x300.jpg 211w, https:\/\/servolinearactuator.com\/wp-content\/uploads\/2025\/07\/06-2-721x1024.jpg 721w, https:\/\/servolinearactuator.com\/wp-content\/uploads\/2025\/07\/06-2-768x1091.jpg 768w, https:\/\/servolinearactuator.com\/wp-content\/uploads\/2025\/07\/06-2-1081x1536.jpg 1081w, https:\/\/servolinearactuator.com\/wp-content\/uploads\/2025\/07\/06-2-600x852.jpg 600w\" sizes=\"(max-width: 1433px) 100vw, 1433px\" \/><img decoding=\"async\" class=\"aligncenter size-full wp-image-2676\" src=\"https:\/\/servolinearactuator.com\/wp-content\/uploads\/2025\/07\/15-1.jpg\" alt=\"\" width=\"1447\" height=\"2036\" srcset=\"https:\/\/servolinearactuator.com\/wp-content\/uploads\/2025\/07\/15-1.jpg 1447w, https:\/\/servolinearactuator.com\/wp-content\/uploads\/2025\/07\/15-1-213x300.jpg 213w, https:\/\/servolinearactuator.com\/wp-content\/uploads\/2025\/07\/15-1-728x1024.jpg 728w, https:\/\/servolinearactuator.com\/wp-content\/uploads\/2025\/07\/15-1-768x1081.jpg 768w, https:\/\/servolinearactuator.com\/wp-content\/uploads\/2025\/07\/15-1-1092x1536.jpg 1092w, https:\/\/servolinearactuator.com\/wp-content\/uploads\/2025\/07\/15-1-600x844.jpg 600w\" sizes=\"(max-width: 1447px) 100vw, 1447px\" \/><\/p>\n<p><img decoding=\"async\" class=\"aligncenter size-full wp-image-2683\" src=\"https:\/\/servolinearactuator.com\/wp-content\/uploads\/2025\/07\/52-Series-5.jpg\" alt=\"\" width=\"1420\" height=\"2036\" srcset=\"https:\/\/servolinearactuator.com\/wp-content\/uploads\/2025\/07\/52-Series-5.jpg 1420w, https:\/\/servolinearactuator.com\/wp-content\/uploads\/2025\/07\/52-Series-5-209x300.jpg 209w, https:\/\/servolinearactuator.com\/wp-content\/uploads\/2025\/07\/52-Series-5-714x1024.jpg 714w, https:\/\/servolinearactuator.com\/wp-content\/uploads\/2025\/07\/52-Series-5-768x1101.jpg 768w, https:\/\/servolinearactuator.com\/wp-content\/uploads\/2025\/07\/52-Series-5-1071x1536.jpg 1071w, https:\/\/servolinearactuator.com\/wp-content\/uploads\/2025\/07\/52-Series-5-600x860.jpg 600w\" sizes=\"(max-width: 1420px) 100vw, 1420px\" \/><\/p>\n<p><script src=\"chrome-extension:\/\/fpelahbljekknahkcaegamhcndkfpfnc\/iFrame.js\" type=\"text\/javascript\"><\/script><\/p>\n<p><script src=\"chrome-extension:\/\/fpelahbljekknahkcaegamhcndkfpfnc\/iFrame.js\" type=\"text\/javascript\"><\/script><\/p>","protected":false},"excerpt":{"rendered":"<p class=\"ng-star-inserted\"><span class=\"ng-star-inserted\">Hassas otomasyonu 52 Serisi Kompakt Elektrikli Silindir ile deneyimleyin. Yer tasarrufu sa\u011flayan bir tasar\u0131mda y\u00fcksek h\u0131z, kuvvet ve hassasiyet sunar.<\/span><\/p>\n<p><script src=\"chrome-extension:\/\/fpelahbljekknahkcaegamhcndkfpfnc\/iFrame.js\" type=\"text\/javascript\"><\/script><\/p>\n<p><script src=\"chrome-extension:\/\/fpelahbljekknahkcaegamhcndkfpfnc\/iFrame.js\" type=\"text\/javascript\"><\/script><\/p>\n<p><script src=\"chrome-extension:\/\/fpelahbljekknahkcaegamhcndkfpfnc\/iFrame.js\" type=\"text\/javascript\"><\/script><\/p>\n<p><script src=\"chrome-extension:\/\/fpelahbljekknahkcaegamhcndkfpfnc\/iFrame.js\" type=\"text\/javascript\"><\/script><\/p>","protected":false},"featured_media":2426,"template":"","meta":{"_kad_post_transparent":"default","_kad_post_title":"","_kad_post_layout":"default","_kad_post_sidebar_id":"","_kad_post_content_style":"default","_kad_post_vertical_padding":"default","_kad_post_feature":"","_kad_post_feature_position":"","_kad_post_header":false,"_kad_post_footer":false,"_kad_post_classname":""},"product_brand":[],"product_cat":[587,15,566,563,581,570,556,571,569,545],"product_tag":[648,646,647],"class_list":{"0":"post-2390","1":"product","2":"type-product","3":"status-publish","4":"has-post-thumbnail","6":"product_cat-actuators-by-drive-type","7":"product_cat-electric-linear-actuators","8":"product_cat-actuators-by-force-duty","9":"product_cat-actuators-by-motor-type","10":"product_cat-actuators-by-popular-application","11":"product_cat-actuators-by-speed","12":"product_cat-electric-cylinders","13":"product_cat-high-speed-linear-actuators","14":"product_cat-light-duty-miniature-actuators","15":"product_cat-servo-motor-actuators","16":"product_tag-compact-electric-cylinder","17":"product_tag-fast-actuator","18":"product_tag-servo-electric-cylinder","20":"first","21":"instock","22":"shipping-taxable","23":"product-type-simple","24":"entry","25":"content-bg","26":"loop-entry"},"_links":{"self":[{"href":"https:\/\/servolinearactuator.com\/tr\/wp-json\/wp\/v2\/product\/2390","targetHints":{"allow":["GET"]}}],"collection":[{"href":"https:\/\/servolinearactuator.com\/tr\/wp-json\/wp\/v2\/product"}],"about":[{"href":"https:\/\/servolinearactuator.com\/tr\/wp-json\/wp\/v2\/types\/product"}],"wp:featuredmedia":[{"embeddable":true,"href":"https:\/\/servolinearactuator.com\/tr\/wp-json\/wp\/v2\/media\/2426"}],"wp:attachment":[{"href":"https:\/\/servolinearactuator.com\/tr\/wp-json\/wp\/v2\/media?parent=2390"}],"wp:term":[{"taxonomy":"product_brand","embeddable":true,"href":"https:\/\/servolinearactuator.com\/tr\/wp-json\/wp\/v2\/product_brand?post=2390"},{"taxonomy":"product_cat","embeddable":true,"href":"https:\/\/servolinearactuator.com\/tr\/wp-json\/wp\/v2\/product_cat?post=2390"},{"taxonomy":"product_tag","embeddable":true,"href":"https:\/\/servolinearactuator.com\/tr\/wp-json\/wp\/v2\/product_tag?post=2390"}],"curies":[{"name":"wp","href":"https:\/\/api.w.org\/{rel}","templated":true}]}}