{"id":2389,"date":"2025-07-08T14:38:06","date_gmt":"2025-07-08T14:38:06","guid":{"rendered":"https:\/\/servolinearactuator.com\/?post_type=product&#038;p=2389"},"modified":"2025-07-24T22:55:41","modified_gmt":"2025-07-24T14:55:41","slug":"pa6-electric-actuator-with-controller-kit-fast-quiet","status":"publish","type":"product","link":"https:\/\/servolinearactuator.com\/tr\/pa6-electric-actuator-with-controller-kit-fast-quiet\/","title":{"rendered":"PA6 Kontrol Kitli Elektrikli Akt\u00fcat\u00f6r | H\u0131zl\u0131 ve Sessiz"},"content":{"rendered":"<p data-v-md-line=\"3\">Jimmy Technology'nin PA6 Kontrol Kitli Elektrikli Akt\u00fcat\u00f6r\u00fc ile yeni nesil hassas hareket deneyimini ya\u015fay\u0131n. Bu, sa\u011flam ve kullan\u0131c\u0131 dostu bir pakete sar\u0131lm\u0131\u015f h\u0131zl\u0131, f\u0131s\u0131lt\u0131 kadar sessiz ve g\u00fcvenilir otomasyon arayan herkes i\u00e7in bir \u00e7\u00f6z\u00fcmd\u00fcr.<\/p>\n<h2 data-v-md-heading=\"features-and-benefits\" data-v-md-line=\"5\"><strong>\u00d6zellikler ve Avantajlar<\/strong><\/h2>\n<ul data-v-md-line=\"7\">\n<li>Geli\u015fmi\u015f PA6'dan (Naylon 6) \u00fcretilen bu lineer elektrikli akt\u00fcat\u00f6r, hem sa\u011flam dayan\u0131kl\u0131l\u0131k hem de kolay kullan\u0131m gerektiren uygulamalar i\u00e7in ideal olan hafif ve korozyona dayan\u0131kl\u0131 \u00f6zelliklerle birlikte y\u00fcksek performansl\u0131 m\u00fchendislik polimerinin g\u00fcc\u00fcn\u00fc sunar.<\/li>\n<li>Maksimum 5000N itme\/\u00e7ekme kuvvetine sahip bu akt\u00fcat\u00f6r, hareket sisteminize end\u00fcstriyel s\u0131n\u0131f kas g\u00fcc\u00fc getirerek HVAC damperlerinden ev otomasyon akt\u00fcat\u00f6rlerine, t\u0131bbi yataklardan robotik platformlara kadar her \u015feyde g\u00fc\u00e7l\u00fc kald\u0131rma, a\u00e7ma veya konumland\u0131rma sa\u011flar.<\/li>\n<li>\"H\u0131zl\u0131 ve Sessiz\" tasar\u0131m, tam y\u00fckte 20 mm\/s'ye kadar h\u0131zlara ula\u015f\u0131rken f\u0131s\u0131lt\u0131 kadar sessiz g\u00fcr\u00fclt\u00fc seviyelerinde (45 dB'den az) \u00e7al\u0131\u015f\u0131r. Sessizli\u011fin alt\u0131n de\u011ferinde oldu\u011fu t\u0131bbi ofisler veya ak\u0131ll\u0131 evler gibi hassas ortamlar i\u00e7in m\u00fckemmeldir.<\/li>\n<li>Entegre kavrama koruma sistemi, durma veya a\u015f\u0131r\u0131 y\u00fck ko\u015fullar\u0131 alt\u0131nda hem akt\u00fcat\u00f6r\u00fc hem de ba\u011fl\u0131 ekipman\u0131 koruyarak ekstra bir g\u00fcvenlik katman\u0131 ekler.<\/li>\n<li>Tam kurulum kolayl\u0131\u011f\u0131: 50mm'den tam metreye (1000mm) kadar geni\u015f strok se\u00e7enekleri, do\u011frusal hareket \u00e7\u00f6z\u00fcm\u00fcn\u00fcz\u00fc \u00f6zelle\u015ftirmenizi sa\u011flar. Potansiyometreler ve Hall sens\u00f6rleri gibi iste\u011fe ba\u011fl\u0131 geri bildirim sens\u00f6rleri, zorlu otomasyon g\u00f6revleri i\u00e7in hassas konumland\u0131rma kontrol\u00fc sa\u011flar.<\/li>\n<li>IP65 su ve toz ge\u00e7irmezlik derecesine sahip olan PA6 akt\u00fcat\u00f6r, zorlu ortamlara, d\u0131\u015f mekan kurulumlar\u0131na ve sera havaland\u0131rmas\u0131, denizcilik kapa\u011f\u0131 \u00e7al\u0131\u015ft\u0131rma veya g\u0131da i\u015fleme hatlar\u0131 gibi en da\u011f\u0131n\u0131k end\u00fcstriyel ortamlara dayan\u0131r.<\/li>\n<\/ul>\n<h2 data-v-md-heading=\"wide-applications\" data-v-md-line=\"14\"><strong>Geni\u015f Uygulamalar<\/strong><\/h2>\n<p data-v-md-line=\"16\">\u0130ster t\u0131bbi cihaz akt\u00fcat\u00f6rlerini g\u00fc\u00e7lendiriyor, ister havaland\u0131rma sistemlerini otomatikle\u015ftiriyor, ak\u0131ll\u0131 ev konforunu y\u00fckseltiyor veya h\u0131zl\u0131 prototipleme i\u00e7in robotik geli\u015ftiriyor olun, PA6 Kontrol\u00f6r Kitli Elektrikli Akt\u00fcat\u00f6r sizin \u00e7\u00f6z\u00fcm\u00fcn\u00fczd\u00fcr. Uygulamalar pencere a\u00e7ma akt\u00fcat\u00f6rleri ve ayarlanabilir yataklardan end\u00fcstriyel ve deniz otomasyonuna kadar uzan\u0131r.<\/p>\n<h2 data-v-md-heading=\"specifications\" data-v-md-line=\"18\"><strong>Teknik \u00d6zellikler<\/strong><\/h2>\n<ul data-v-md-line=\"20\">\n<li>Kuvvet: 5000N'a kadar (itme\/\u00e7ekme)<\/li>\n<li>H\u0131z: Tam y\u00fckte 20 mm\/sn'ye kadar<\/li>\n<li>Strok Uzunlu\u011fu: 50 mm ila 1000 mm aras\u0131nda yap\u0131land\u0131r\u0131labilir<\/li>\n<li>Giri\u015f Voltaj\u0131: (L\u00fctfen belirli model i\u00e7in veri sayfas\u0131na bak\u0131n; modeller genellikle standart 12V veya 24V olarak mevcuttur - ayr\u0131nt\u0131lar i\u00e7in bize sorun!)<\/li>\n<li>Koruma Derecesi: IP65 (su ge\u00e7irmez ve toz ge\u00e7irmez)<\/li>\n<li>\u00c7al\u0131\u015fma S\u0131cakl\u0131\u011f\u0131: -25\u00b0C ila +65\u00b0C<\/li>\n<\/ul>\n<h2 data-v-md-heading=\"technical-support\" data-v-md-line=\"27\"><strong>Teknik Destek<\/strong><\/h2>\n<p data-v-md-line=\"29\">Sizin arkan\u0131zday\u0131z: Jimmy Technology, CAD modelleri, ba\u011flant\u0131 \u015femalar\u0131 ve ayr\u0131nt\u0131l\u0131 veri sayfalar\u0131 dahil olmak \u00fczere kapsaml\u0131 teknik destek sa\u011flar. Projeniz ister DIY basitli\u011fi ister geli\u015fmi\u015f PLC\/Arduino kontrol\u00f6r uyumlulu\u011fu gerektirsin, h\u0131zl\u0131 ve sorunsuz entegrasyon i\u00e7in ihtiyac\u0131n\u0131z olan her \u015feye sahip olacaks\u0131n\u0131z.<\/p>\n<h2 data-v-md-heading=\"conclusion\" data-v-md-line=\"31\"><strong>Sonu\u00e7<\/strong><\/h2>\n<p data-v-md-line=\"33\">Jimmy Technology'yi se\u00e7mek, pazar lideri kalite, yenilik ve g\u00fcvenilirli\u011fe yat\u0131r\u0131m yapt\u0131\u011f\u0131n\u0131z anlam\u0131na gelir; bu da bir sonraki otomasyon projenize hem h\u0131z hem de sessizlik a\u00e7\u0131s\u0131ndan ciddi bir avantaj sa\u011flar.<\/p>","protected":false},"excerpt":{"rendered":"<p>Jimmy Technology'nin PA6 Elektrikli Akt\u00fcat\u00f6r Kiti ile h\u0131zl\u0131, sessiz ve g\u00fcvenilir otomasyon elde edin. Hassas hareket i\u00e7in sa\u011flam ve kullan\u0131c\u0131 dostu bir \u00e7\u00f6z\u00fcm.<\/p>","protected":false},"featured_media":2664,"template":"","meta":{"_kad_post_transparent":"default","_kad_post_title":"","_kad_post_layout":"default","_kad_post_sidebar_id":"","_kad_post_content_style":"default","_kad_post_vertical_padding":"default","_kad_post_feature":"","_kad_post_feature_position":"","_kad_post_header":false,"_kad_post_footer":false,"_kad_post_classname":""},"product_brand":[],"product_cat":[587,577,563,581,570,543,15,571,580,572],"product_tag":[645,618,646],"class_list":{"0":"post-2389","1":"product","2":"type-product","3":"status-publish","4":"has-post-thumbnail","6":"product_cat-actuators-by-drive-type","7":"product_cat-actuators-by-feature","8":"product_cat-actuators-by-motor-type","9":"product_cat-actuators-by-popular-application","10":"product_cat-actuators-by-speed","11":"product_cat-brushed-dc-actuators","12":"product_cat-electric-linear-actuators","13":"product_cat-high-speed-linear-actuators","14":"product_cat-kits-with-remote-control","15":"product_cat-quiet-linear-actuators","16":"product_tag-controller-kit","17":"product_tag-electric-actuator","18":"product_tag-fast-actuator","20":"first","21":"instock","22":"shipping-taxable","23":"product-type-simple","24":"entry","25":"content-bg","26":"loop-entry"},"_links":{"self":[{"href":"https:\/\/servolinearactuator.com\/tr\/wp-json\/wp\/v2\/product\/2389","targetHints":{"allow":["GET"]}}],"collection":[{"href":"https:\/\/servolinearactuator.com\/tr\/wp-json\/wp\/v2\/product"}],"about":[{"href":"https:\/\/servolinearactuator.com\/tr\/wp-json\/wp\/v2\/types\/product"}],"wp:featuredmedia":[{"embeddable":true,"href":"https:\/\/servolinearactuator.com\/tr\/wp-json\/wp\/v2\/media\/2664"}],"wp:attachment":[{"href":"https:\/\/servolinearactuator.com\/tr\/wp-json\/wp\/v2\/media?parent=2389"}],"wp:term":[{"taxonomy":"product_brand","embeddable":true,"href":"https:\/\/servolinearactuator.com\/tr\/wp-json\/wp\/v2\/product_brand?post=2389"},{"taxonomy":"product_cat","embeddable":true,"href":"https:\/\/servolinearactuator.com\/tr\/wp-json\/wp\/v2\/product_cat?post=2389"},{"taxonomy":"product_tag","embeddable":true,"href":"https:\/\/servolinearactuator.com\/tr\/wp-json\/wp\/v2\/product_tag?post=2389"}],"curies":[{"name":"wp","href":"https:\/\/api.w.org\/{rel}","templated":true}]}}