{"id":2387,"date":"2025-07-08T14:38:02","date_gmt":"2025-07-08T14:38:02","guid":{"rendered":"https:\/\/servolinearactuator.com\/?post_type=product&#038;p=2387"},"modified":"2025-07-24T22:54:05","modified_gmt":"2025-07-24T14:54:05","slug":"pa5-electric-linear-actuator-with-position-feedback-option","status":"publish","type":"product","link":"https:\/\/servolinearactuator.com\/tr\/pa5-electric-linear-actuator-with-position-feedback-option\/","title":{"rendered":"Pozisyon Geri Besleme Opsiyonlu PA5 Elektrikli Lineer Akt\u00fcat\u00f6r"},"content":{"rendered":"<p data-v-md-line=\"3\">Jimmy Technology'nin Pozisyon Geri Besleme Opsiyonlu PA5 Elektrikli Lineer Akt\u00fcat\u00f6r\u00fc ile rafine kontrol\u00fcn ve \u00f6d\u00fcn vermeyen g\u00fcvenilirli\u011fin kilidini a\u00e7\u0131n. En zorlu otomasyon ortamlar\u0131nda \u00fcst\u00fcn performans g\u00f6sterecek \u015fekilde tasarlanan bu akt\u00fcat\u00f6r, talep etti\u011finiz g\u00fc\u00e7, zeka ve hassasiyetin m\u00fckemmel kar\u0131\u015f\u0131m\u0131n\u0131 sunar.<\/p>\n<h2 data-v-md-heading=\"features-and-benefits\" data-v-md-line=\"6\">\u00d6zellikler ve Avantajlar<\/h2>\n<ul data-v-md-line=\"7\">\n<li>Sa\u011flam Yap\u0131: Y\u00fcksek kaliteli, a\u011f\u0131r hizmet tipi malzemelerle tasarlanan PA5, end\u00fcstriyel k\u00f6t\u00fc kullan\u0131ma, \u015fiddetli hava ko\u015fullar\u0131na ve a\u011f\u0131r kullan\u0131ma kar\u015f\u0131 dayan\u0131kl\u0131d\u0131r; bu da onu piyasadaki en sa\u011flam akt\u00fcat\u00f6rlerden biri haline getirir.<\/li>\n<li>Konum Geri Bildirimi M\u00fckemmelli\u011fi: Entegre potansiyometre veya Hall etkisi sens\u00f6r\u00fc geri bildirimi aras\u0131ndan se\u00e7im yaparak her t\u00fcrl\u00fc uygulama i\u00e7in kapal\u0131 d\u00f6ng\u00fc hareket kontrol\u00fc, nokta hassasiyet ve geli\u015fmi\u015f otomasyon elde edebilirsiniz.<\/li>\n<li>Debriyaj Korumas\u0131: Mekanik kavrama, ekipman\u0131n\u0131z\u0131 ve akt\u00fcat\u00f6r\u00fc a\u015f\u0131r\u0131 y\u00fckler s\u0131ras\u0131nda hasar g\u00f6rmekten koruyarak daha fazla g\u00f6n\u00fcl rahatl\u0131\u011f\u0131 ve daha uzun \u00e7al\u0131\u015fma \u00f6mr\u00fc sa\u011flar.<\/li>\n<li>\u00c7ok Y\u00f6nl\u00fc G\u00fc\u00e7: DC gerilimlerle (12V veya 24V gibi) uyumlu olan PA5, programlanabilir mant\u0131k denetleyicilerinden (PLC'ler) \u00f6zel mikro denetleyici kurulumlar\u0131na kadar \u00e7ok \u00e7e\u015fitli kontrol sistemlerini bar\u0131nd\u0131r\u0131r.<\/li>\n<li>Dahili Limit Anahtarlar\u0131: Strok limitlerinde otomatik kapanma, a\u015f\u0131r\u0131 hareketlere kar\u015f\u0131 koruma sa\u011flayarak daha fazla g\u00fcvenlik sa\u011flar ve hem ar\u0131za s\u00fcresini hem de bak\u0131m sorunlar\u0131n\u0131 azalt\u0131r.<\/li>\n<li>Zorlu Ortamlar i\u00e7in IP S\u0131n\u0131f\u0131: Zorlu end\u00fcstriyel, tar\u0131msal veya d\u0131\u015f mekan ortamlar\u0131nda harekete haz\u0131r olacak \u015fekilde tasarlanm\u0131\u015ft\u0131r; IP koruma s\u0131n\u0131f\u0131 toz ve su giri\u015fine kar\u015f\u0131 koruma sa\u011flar.<\/li>\n<li>D\u00fc\u015f\u00fck Bak\u0131m, Sessiz \u00c7al\u0131\u015fma: Hassas i\u00e7 di\u015fliler ve geli\u015fmi\u015f hareket mekanizmalar\u0131, vardiyadan vardiyaya g\u00fcvenebilece\u011finiz p\u00fcr\u00fczs\u00fcz, g\u00fcvenilir ve f\u0131s\u0131lt\u0131 kadar sessiz do\u011frusal hareket sa\u011flar.<\/li>\n<\/ul>\n<h2 data-v-md-heading=\"wide-applications\" data-v-md-line=\"15\">Geni\u015f Uygulamalar<\/h2>\n<p data-v-md-line=\"16\">\u0130ster yenilenebilir bir enerji \u00e7\u00f6z\u00fcm\u00fcn\u00fc, ister robotik kolu, t\u0131bbi cihaz\u0131 veya hatta y\u00fcksek teknolojili ergonomik bir masay\u0131 otomatikle\u015ftiriyor olun, PA5 do\u011frusal hareket kontrol\u00fc i\u00e7in ba\u015fvuraca\u011f\u0131n\u0131z akt\u00fcat\u00f6rd\u00fcr. Fabrika otomasyonu, geli\u015fmi\u015f robotik, tar\u0131m makineleri, \u00f6zel ara\u00e7lar, ev otomasyonu y\u00fckseltmeleri, g\u00fcne\u015f takibi ve daha fazlas\u0131 i\u00e7in idealdir.<\/p>\n<h2 data-v-md-heading=\"specifications\" data-v-md-line=\"18\">Teknik \u00d6zellikler<\/h2>\n<ul data-v-md-line=\"19\">\n<li>Kuvvet: A\u011f\u0131r hizmet kapasitesi (kesin de\u011ferler i\u00e7in PA5 veri sayfas\u0131na bak\u0131n)<\/li>\n<li>H\u0131z: \u0130stedi\u011finiz hareket profiline uymas\u0131 i\u00e7in birden fazla se\u00e7enek mevcuttur<\/li>\n<li>Strok Uzunlu\u011fu: \u00c7e\u015fitli otomasyon g\u00f6revlerine uyacak \u015fekilde yap\u0131land\u0131r\u0131labilir<\/li>\n<li>Giri\u015f Voltaj\u0131: 12V veya 24V DC modeller<\/li>\n<li>Koruma S\u0131n\u0131f\u0131: D\u0131\u015f mekan ve end\u00fcstriyel kullan\u0131m i\u00e7in IP s\u0131n\u0131f\u0131<\/li>\n<\/ul>\n<h2 data-v-md-heading=\"technical-support\" data-v-md-line=\"25\">Teknik Destek<\/h2>\n<p data-v-md-line=\"26\">Jimmy Technology, CAD modelleri, ba\u011flant\u0131 \u015femalar\u0131 ve ayr\u0131nt\u0131l\u0131 veri sayfalar\u0131 dahil olmak \u00fczere kapsaml\u0131 destek sa\u011flayarak entegrasyonu ekibiniz i\u00e7in sorunsuz ve zahmetsiz hale getirir.<\/p>\n<h2 data-v-md-heading=\"conclusion\" data-v-md-line=\"28\">Sonu\u00e7<\/h2>\n<p data-v-md-line=\"29\">Kal\u0131c\u0131 performans, rakipsiz hassasiyet ve kusursuz \u00e7ok y\u00f6nl\u00fcl\u00fck talep etti\u011finizde, geli\u015fmi\u015f hareket kontrol\u00fc i\u00e7in Jimmy Technology'yi ilk tercihiniz yap\u0131n.<\/p>","protected":false},"excerpt":{"rendered":"<p>PA5 Elektrikli Lineer Akt\u00fcat\u00f6r: Rafine kontrol, sa\u011flam g\u00fcvenilirlik. Hassasiyet i\u00e7in konum geri bildirimi ile zorlu otomasyon ortamlar\u0131nda ba\u015far\u0131l\u0131 olur.<\/p>","protected":false},"featured_media":2647,"template":"","meta":{"_kad_post_transparent":"default","_kad_post_title":"","_kad_post_layout":"default","_kad_post_sidebar_id":"","_kad_post_content_style":"default","_kad_post_vertical_padding":"default","_kad_post_feature":"","_kad_post_feature_position":"","_kad_post_header":false,"_kad_post_footer":false,"_kad_post_classname":""},"product_brand":[],"product_cat":[587,15,577,566,563,581,578,543,568],"product_tag":[641,642],"class_list":{"0":"post-2387","1":"product","2":"type-product","3":"status-publish","4":"has-post-thumbnail","6":"product_cat-actuators-by-drive-type","7":"product_cat-electric-linear-actuators","8":"product_cat-actuators-by-feature","9":"product_cat-actuators-by-force-duty","10":"product_cat-actuators-by-motor-type","11":"product_cat-actuators-by-popular-application","12":"product_cat-actuators-with-position-feedback","13":"product_cat-brushed-dc-actuators","14":"product_cat-medium-duty-linear-actuators","15":"product_tag-electric-linear-actuator","16":"product_tag-position-feedback","18":"first","19":"instock","20":"shipping-taxable","21":"product-type-simple","22":"entry","23":"content-bg","24":"loop-entry"},"_links":{"self":[{"href":"https:\/\/servolinearactuator.com\/tr\/wp-json\/wp\/v2\/product\/2387","targetHints":{"allow":["GET"]}}],"collection":[{"href":"https:\/\/servolinearactuator.com\/tr\/wp-json\/wp\/v2\/product"}],"about":[{"href":"https:\/\/servolinearactuator.com\/tr\/wp-json\/wp\/v2\/types\/product"}],"wp:featuredmedia":[{"embeddable":true,"href":"https:\/\/servolinearactuator.com\/tr\/wp-json\/wp\/v2\/media\/2647"}],"wp:attachment":[{"href":"https:\/\/servolinearactuator.com\/tr\/wp-json\/wp\/v2\/media?parent=2387"}],"wp:term":[{"taxonomy":"product_brand","embeddable":true,"href":"https:\/\/servolinearactuator.com\/tr\/wp-json\/wp\/v2\/product_brand?post=2387"},{"taxonomy":"product_cat","embeddable":true,"href":"https:\/\/servolinearactuator.com\/tr\/wp-json\/wp\/v2\/product_cat?post=2387"},{"taxonomy":"product_tag","embeddable":true,"href":"https:\/\/servolinearactuator.com\/tr\/wp-json\/wp\/v2\/product_tag?post=2387"}],"curies":[{"name":"wp","href":"https:\/\/api.w.org\/{rel}","templated":true}]}}