{"id":2386,"date":"2025-07-08T14:38:00","date_gmt":"2025-07-08T14:38:00","guid":{"rendered":"https:\/\/servolinearactuator.com\/?post_type=product&#038;p=2386"},"modified":"2025-07-24T22:53:22","modified_gmt":"2025-07-24T14:53:22","slug":"pa5-6000n-industrial-linear-actuator-12v-24v-ip65","status":"publish","type":"product","link":"https:\/\/servolinearactuator.com\/tr\/pa5-6000n-industrial-linear-actuator-12v-24v-ip65\/","title":{"rendered":"PA5 6000N End\u00fcstriyel Lineer Akt\u00fcat\u00f6r | 12V\/24V | IP65"},"content":{"rendered":"<p data-v-md-line=\"3\">Tek bir sa\u011flam pakette kas ve zekaya ihtiyac\u0131n\u0131z varsa, PA5 6000N End\u00fcstriyel Lineer Akt\u00fcat\u00f6r bunu sa\u011flar. Amans\u0131z performans i\u00e7in tasarlanan bu akt\u00fcat\u00f6r, hassasiyet ve kontrol sunarken en zorlu ortamlarda size g\u00fcvenilir y\u00fcksek g\u00fc\u00e7l\u00fc do\u011frusal hareket sa\u011flar.<\/p>\n<h2 data-v-md-heading=\"features-and-benefits\" data-v-md-line=\"5\">\u00d6zellikler ve Avantajlar<\/h2>\n<ul data-v-md-line=\"7\">\n<li>G\u00fc\u00e7 ve Dayan\u0131kl\u0131l\u0131k i\u00e7in \u00dcretildi: Maksimum 6000N itme\/\u00e7ekme kuvvetine sahip PA5, ger\u00e7ekten a\u011f\u0131r y\u00fcklerin \u00fcstesinden gelir; bu da onu end\u00fcstriyel otomasyon, tar\u0131m ekipmanlar\u0131 veya kaba kuvvetin iste\u011fe ba\u011fl\u0131 de\u011fil, gerekli oldu\u011fu \u00f6zel ara\u00e7lar i\u00e7in m\u00fckemmel hale getirir.<\/li>\n<li>\u00c7ift Voltaj Esnekli\u011fi: Sa\u011flam 12V veya enerji tasarruflu 24V DC giri\u015f aras\u0131nda se\u00e7im yap\u0131n. Bu, ister mobil, pille \u00e7al\u0131\u015fan kurulumlara ister y\u00fcksek talep g\u00f6ren end\u00fcstriyel kontrol sistemlerine entegre ediyor olun, sisteminizin ihtiya\u00e7lar\u0131n\u0131 kar\u015f\u0131layacak g\u00fcc\u00fc sa\u011flar.<\/li>\n<li>H\u0131zl\u0131, G\u00fcvenilir Do\u011frusal Hareket: Tam y\u00fckte 37 mm\/sn'ye varan h\u0131z\u0131n keyfini \u00e7\u0131kar\u0131n; projelerin devam etmesini sa\u011flayacak kadar h\u0131zl\u0131, b\u00fcy\u00fck makineleri hareket ettirecek kadar g\u00fc\u00e7l\u00fc.<\/li>\n<li>Zorlu Ortamlar i\u00e7in Sa\u011flamla\u015ft\u0131r\u0131lm\u0131\u015ft\u0131r: IP65 su ge\u00e7irmezlik derecesi, bu akt\u00fcat\u00f6r\u00fcn harekete haz\u0131r oldu\u011fu anlam\u0131na gelir - ya\u011fmur, toz veya \u00e7amur. Y\u00fcksek kaliteli al\u00fcminyum ve birinci s\u0131n\u0131f contalar kirleticileri d\u0131\u015far\u0131da b\u0131rak\u0131r, b\u00f6ylece d\u0131\u015f mekanlara, kirli fabrikalara veya a\u00e7\u0131kta kalan mobil te\u00e7hizatlara monte edebilirsiniz.<\/li>\n<li>\u00d6zelle\u015ftirilebilir Strok Aral\u0131\u011f\u0131: 50 ila 1000 mm aras\u0131nda stroklar mevcuttur. Akt\u00fcat\u00f6r\u00fc hassas kald\u0131rma, itme veya \u00e7ekme ihtiya\u00e7lar\u0131n\u0131za g\u00f6re uyarlay\u0131n - art\u0131k \u00f6d\u00fcn vermek yok, sadece istedi\u011finiz performans.<\/li>\n<li>Koruyucu \u00d6zellikler: Bir kavrama mekanizmas\u0131 a\u015f\u0131r\u0131 y\u00fck alt\u0131nda mekanik hasar\u0131 \u00f6nlerken, potansiyometre ve Hall sens\u00f6r\u00fc dahil olmak \u00fczere entegre sens\u00f6r se\u00e7enekleri, karma\u015f\u0131k otomasyon kurulumlar\u0131nda bile ger\u00e7ek zamanl\u0131 konum geri bildirimi ve kontrol\u00fc sorunsuz ve g\u00fcvenilir hale getirir.<\/li>\n<li>T\u00fcm Hava Ko\u015fullar\u0131nda Sava\u015f\u00e7\u0131: 40\u00b0C ila +65\u00b0C aras\u0131ndaki a\u015f\u0131r\u0131 s\u0131cakl\u0131klarda \u00e7al\u0131\u015fmaya uygun olan bu akt\u00fcat\u00f6r, di\u011ferleri durdu\u011funda \u00e7al\u0131\u015fmaya devam eder.<\/li>\n<\/ul>\n<h2 data-v-md-heading=\"wide-applications\" data-v-md-line=\"15\">Geni\u015f Uygulamalar<\/h2>\n<p data-v-md-line=\"17\">\u0130ster zorlu \u00e7iftlik ko\u015fullar\u0131nda bir hayvan kap\u0131s\u0131n\u0131 otomatikle\u015ftiriyor olun, ister de\u011fi\u015fken hava ko\u015fullar\u0131nda bir g\u00fcne\u015f enerjisi dizisini takip edin, ister bir geri d\u00f6n\u00fc\u015f\u00fcm tesisinde panelleri kald\u0131r\u0131n veya \u00f6zel otomotiv projelerine g\u00fc\u00e7 verin, bu akt\u00fcat\u00f6r m\u00fchendislerin g\u00fcvendi\u011fi sa\u011flam, hassas, bak\u0131m gerektirmeyen bir \u00e7\u00f6z\u00fcmd\u00fcr. A\u011f\u0131r hizmet tipi end\u00fcstriyel otomasyon, deniz ambar kontrol\u00fc, ak\u0131ll\u0131 HVAC, uyarlanabilir robotik ve daha fazlas\u0131 i\u00e7in kullan\u0131n.<\/p>\n<h2 data-v-md-heading=\"specifications\" data-v-md-line=\"19\">Teknik \u00d6zellikler<\/h2>\n<ul data-v-md-line=\"21\">\n<li>Kuvvet: Maksimum 6000N (itme\/\u00e7ekme)<\/li>\n<li>H\u0131z: Tam y\u00fckte 37 mm\/s'ye kadar<\/li>\n<li>Strok Uzunlu\u011fu: 50-1000mm (\u00f6zelle\u015ftirilebilir)<\/li>\n<li>Giri\u015f Voltaj\u0131: 12V DC veya 24V DC<\/li>\n<li>Koruma Derecesi: IP65 (toza ve su jetine dayan\u0131kl\u0131)<\/li>\n<li>\u00c7al\u0131\u015fma S\u0131cakl\u0131\u011f\u0131 Aral\u0131\u011f\u0131: -40\u00b0C ila +65\u00b0C<\/li>\n<li>\u00d6zellikler: Debriyaj korumas\u0131, potansiyometre\/Hall sens\u00f6r\u00fc se\u00e7enekleri<\/li>\n<\/ul>\n<h2 data-v-md-heading=\"technical-support\" data-v-md-line=\"29\">Teknik Destek<\/h2>\n<p data-v-md-line=\"31\">Sat\u0131n ald\u0131\u011f\u0131n\u0131z her PA5 6000N akt\u00fcat\u00f6r i\u00e7in ayr\u0131nt\u0131l\u0131 CAD modelleri, teknik veri sayfalar\u0131 ve kablo ba\u011flant\u0131 \u015femalar\u0131 dahil olmak \u00fczere kapsaml\u0131 teknik destek sa\u011fl\u0131yoruz; \u00e7\u00fcnk\u00fc entegrasyon s\u00fcreciniz akt\u00fcat\u00f6r\u00fcn\u00fcz\u00fcn hareketi kadar sorunsuz ve stressiz olmal\u0131d\u0131r.<\/p>\n<h2 data-v-md-heading=\"conclusion\" data-v-md-line=\"33\">Sonu\u00e7<\/h2>\n<p data-v-md-line=\"35\">Jimmy Technology'yi se\u00e7mek, pazar lideri kaliteyi, yenili\u011fi ve g\u00fcvenilirli\u011fi se\u00e7ti\u011finiz anlam\u0131na gelir; en zorlu otomasyon g\u00f6revlerinizi yerine getirmek i\u00e7in PA5 6000N'ye g\u00fcvenin.<\/p>","protected":false},"excerpt":{"rendered":"<div class=\"model-prompt-container\" data-turn-role=\"Model\">\n<div class=\"turn-content\">\n<p class=\"ng-star-inserted\"><span class=\"ng-star-inserted\">Sa\u011flam PA5 6000N akt\u00fcat\u00f6r 6000N g\u00fc\u00e7l\u00fc, hassas hareket sa\u011flar. En zorlu end\u00fcstriyel ortamlarda amans\u0131z performans i\u00e7in tasarlanm\u0131\u015ft\u0131r.<\/span><\/p>\n<\/div>\n<\/div>","protected":false},"featured_media":2649,"template":"","meta":{"_kad_post_transparent":"default","_kad_post_title":"","_kad_post_layout":"default","_kad_post_sidebar_id":"","_kad_post_content_style":"default","_kad_post_vertical_padding":"default","_kad_post_feature":"","_kad_post_feature_position":"","_kad_post_header":false,"_kad_post_footer":false,"_kad_post_classname":""},"product_brand":[],"product_cat":[587,15,573,566,563,581,543,576,568,574],"product_tag":[638,639,640],"class_list":{"0":"post-2386","1":"product","2":"type-product","3":"status-publish","4":"has-post-thumbnail","6":"product_cat-actuators-by-drive-type","7":"product_cat-electric-linear-actuators","8":"product_cat-actuators-by-environment","9":"product_cat-actuators-by-force-duty","10":"product_cat-actuators-by-motor-type","11":"product_cat-actuators-by-popular-application","12":"product_cat-brushed-dc-actuators","13":"product_cat-industrial-linear-actuators","14":"product_cat-medium-duty-linear-actuators","15":"product_cat-waterproof-linear-actuators","16":"product_tag-6000n-industrial-actuator","17":"product_tag-industrial-linear-actuator","18":"product_tag-ip65-actuator","20":"first","21":"instock","22":"shipping-taxable","23":"product-type-simple","24":"entry","25":"content-bg","26":"loop-entry"},"_links":{"self":[{"href":"https:\/\/servolinearactuator.com\/tr\/wp-json\/wp\/v2\/product\/2386","targetHints":{"allow":["GET"]}}],"collection":[{"href":"https:\/\/servolinearactuator.com\/tr\/wp-json\/wp\/v2\/product"}],"about":[{"href":"https:\/\/servolinearactuator.com\/tr\/wp-json\/wp\/v2\/types\/product"}],"wp:featuredmedia":[{"embeddable":true,"href":"https:\/\/servolinearactuator.com\/tr\/wp-json\/wp\/v2\/media\/2649"}],"wp:attachment":[{"href":"https:\/\/servolinearactuator.com\/tr\/wp-json\/wp\/v2\/media?parent=2386"}],"wp:term":[{"taxonomy":"product_brand","embeddable":true,"href":"https:\/\/servolinearactuator.com\/tr\/wp-json\/wp\/v2\/product_brand?post=2386"},{"taxonomy":"product_cat","embeddable":true,"href":"https:\/\/servolinearactuator.com\/tr\/wp-json\/wp\/v2\/product_cat?post=2386"},{"taxonomy":"product_tag","embeddable":true,"href":"https:\/\/servolinearactuator.com\/tr\/wp-json\/wp\/v2\/product_tag?post=2386"}],"curies":[{"name":"wp","href":"https:\/\/api.w.org\/{rel}","templated":true}]}}