{"id":2385,"date":"2025-07-08T14:37:37","date_gmt":"2025-07-08T14:37:37","guid":{"rendered":"https:\/\/servolinearactuator.com\/?post_type=product&#038;p=2385"},"modified":"2025-07-24T22:51:29","modified_gmt":"2025-07-24T14:51:29","slug":"pa3-low-noise-small-linear-actuator-for-furniture-home","status":"publish","type":"product","link":"https:\/\/servolinearactuator.com\/tr\/pa3-low-noise-small-linear-actuator-for-furniture-home\/","title":{"rendered":"PA3 Mobilya ve Ev i\u00e7in D\u00fc\u015f\u00fck G\u00fcr\u00fclt\u00fcl\u00fc K\u00fc\u00e7\u00fck Lineer Akt\u00fcat\u00f6r"},"content":{"rendered":"<p data-v-md-line=\"3\">Bir sonraki ev veya mobilya projenizde kusursuz otomasyon, f\u0131s\u0131lt\u0131 sessizli\u011finde performans ve yerden tasarruf sa\u011flayan tasar\u0131m\u0131n kilidini mi a\u00e7mak istiyorsunuz? Jimmy Technology'nin PA3 D\u00fc\u015f\u00fck G\u00fcr\u00fclt\u00fcl\u00fc K\u00fc\u00e7\u00fck Lineer Akt\u00fcat\u00f6r\u00fc, sofistike, sessiz ve g\u00fc\u00e7 sunar; ya\u015fam ortam\u0131n\u0131z\u0131 \u00f6d\u00fcn vermeden otomatikle\u015ftirmenize ve y\u00fckseltmenize olanak tan\u0131r.<\/p>\n<h2 data-v-md-heading=\"features-and-benefits\" data-v-md-line=\"5\">\u00d6zellikler ve Avantajlar<\/h2>\n<ul data-v-md-line=\"7\">\n<li><strong>Ultra Kompakt, G\u00fc\u00e7l\u00fc Tasar\u0131m:<\/strong>\u00a0Kompakt montaj boyutuyla PA3, mobilya, dolap ve \u00f6zel ak\u0131ll\u0131 \u00f6zelliklerin i\u00e7indeki k\u00fc\u00e7\u00fck alanlara zahmetsizce s\u0131\u011far. Kanepe yat\u0131rma mekanizmalar\u0131ndan gizli TV asans\u00f6rlerine kadar her \u015feyde karma\u015f\u0131k ayarlamalar i\u00e7in yeterli olan 8000N'a kadar maksimum itme\/\u00e7ekme kuvveti ile ihtiyac\u0131n\u0131z olan g\u00fcc\u00fc elde edersiniz ve bunlar\u0131n t\u00fcm\u00fc o kadar kompakt bir ayak izine sar\u0131l\u0131r ki neredeyse kaybolur.<\/li>\n<li><strong>F\u0131s\u0131lt\u0131 Sessizli\u011finde Do\u011frusal Hareket:<\/strong>\u00a0Sessiz \u00e7al\u0131\u015fma i\u00e7in tasarlanan PA3, ortam g\u00fcr\u00fclt\u00fcs\u00fcn\u00fc en aza indirmenin gerekli oldu\u011fu yatak odalar\u0131, oturma odalar\u0131 ve \u00e7al\u0131\u015fma alan\u0131 ortamlar\u0131nda huzuru korur. Bu akt\u00fcat\u00f6r, sessiz motorlu mobilya ve d\u00fc\u015f\u00fck g\u00fcr\u00fclt\u00fcl\u00fc akt\u00fcat\u00f6r mobilya projelerine y\u00f6nelik talebi tam anlam\u0131yla kar\u015f\u0131lar.<\/li>\n<li><strong>Sa\u011flam G\u00fcvenilirlik, Uzun S\u00fcre Dayanacak \u015eekilde \u00dcretilmi\u015ftir:<\/strong>\u00a0IP65 su ge\u00e7irmezlik derecesi, tozlu veya nemli ev ortamlar\u0131nda bile g\u00fcvenilir, bak\u0131m gerektirmeyen \u00e7al\u0131\u015fman\u0131n keyfini \u00e7\u0131karman\u0131z anlam\u0131na gelir. A\u015f\u0131r\u0131 y\u00fck korumas\u0131, zorlu ko\u015fullarda bile akt\u00fcat\u00f6r\u00fcn ve ekipman\u0131n\u0131z\u0131n korunmas\u0131n\u0131 sa\u011flayarak yat\u0131r\u0131m\u0131n\u0131z\u0131 g\u00fcvence alt\u0131na al\u0131r.<\/li>\n<li><strong>Geli\u015fmi\u015f Sens\u00f6r Entegrasyonu:<\/strong>\u00a0Opsiyonel Hall sens\u00f6rleri, ev otomasyonu uygulamalar\u0131 i\u00e7in hassas kontrol ve geri bildirim sunar; ak\u0131ll\u0131 ev akt\u00fcat\u00f6r se\u00e7eneklerini se\u00e7kin, gelece\u011fe haz\u0131r kurulumlara entegre etmek i\u00e7in m\u00fckemmeldir.<\/li>\n<li><strong>Geni\u015f S\u0131cakl\u0131k Aral\u0131\u011f\u0131:<\/strong>\u00a040\u00b0C ila +65\u00b0C aras\u0131nda \u00e7al\u0131\u015fabilen PA3, hem \u0131l\u0131k ev i\u00e7 mekanlar\u0131 hem de daha zorlu ortamlar (havuz kenar\u0131ndaki d\u0131\u015f mekan ak\u0131ll\u0131 mobilyalar\u0131 veya \u0131s\u0131t\u0131lmayan garajlar\u0131 d\u00fc\u015f\u00fcn\u00fcn) i\u00e7in haz\u0131rd\u0131r.<\/li>\n<\/ul>\n<h2 data-v-md-heading=\"wide-applications\" data-v-md-line=\"13\">Geni\u015f Uygulamalar<\/h2>\n<p data-v-md-line=\"15\">Jimmy Technology PA3, modern mobilya otomasyonu i\u00e7in ba\u015fvuraca\u011f\u0131n\u0131z akt\u00fcat\u00f6rd\u00fcr: ayarlanabilir masalar, motorlu yataklar, yatar kanepeler, otomatik TV asans\u00f6rleri, gizli depolama, ak\u0131ll\u0131 mutfak dolaplar\u0131, a\u00e7\u0131l\u0131r prizler ve \u00e7ok daha fazlas\u0131nda m\u00fckemmeldir. Herhangi bir konut veya ak\u0131ll\u0131 ev projesine konfor, ergonomik esneklik ve son teknoloji otomasyon getirin.<\/p>\n<h2 data-v-md-heading=\"specifications\" data-v-md-line=\"17\">Teknik \u00d6zellikler<\/h2>\n<ul data-v-md-line=\"19\">\n<li><strong>Kuvvet:<\/strong>\u00a08000N'a kadar (itme\/\u00e7ekme)<\/li>\n<li><strong>H\u0131z:<\/strong>\u00a0Tam y\u00fckte 20 mm\/sn<\/li>\n<li><strong>Strok Uzunlu\u011fu:<\/strong>\u00a020-1000mm (her proje i\u00e7in \u00f6zelle\u015ftirilebilir)<\/li>\n<li><strong>Giri\u015f Voltaj\u0131:<\/strong>\u00a012V veya 24V DC sistemler i\u00e7in mevcuttur<\/li>\n<li><strong>Koruma Derecesi:<\/strong>\u00a0IP65 (tamamen toz ge\u00e7irmez, su jetlerine kar\u015f\u0131 korumal\u0131)<\/li>\n<li><strong>S\u0131cakl\u0131k Aral\u0131\u011f\u0131:<\/strong>\u00a0-40\u00b0C ila +65\u00b0C<\/li>\n<li><strong>Ek \u00d6zellikler:<\/strong>\u00a0A\u015f\u0131r\u0131 y\u00fck korumas\u0131, geri bildirim ve kontrol i\u00e7in Hall sens\u00f6rleri<\/li>\n<\/ul>\n<h2 data-v-md-heading=\"technical-support\" data-v-md-line=\"27\">Teknik Destek<\/h2>\n<p data-v-md-line=\"29\">Jimmy Technology, PA3 serisi i\u00e7in ayr\u0131nt\u0131l\u0131 CAD modelleri, hedeflenen teknik veri sayfalar\u0131 ve kullan\u0131c\u0131 dostu ba\u011flant\u0131 \u015femalar\u0131 dahil olmak \u00fczere kapsaml\u0131 teknik destek sunar. Herhangi bir kompakt lineer akt\u00fcat\u00f6r, konut tipi lineer hareket veya ergonomik mobilya uygulamas\u0131na sorunsuz ve sorunsuz bir entegrasyonun keyfini \u00e7\u0131karabilmeniz i\u00e7in planlamadan kuruluma kadar sizinle yak\u0131n bir \u015fekilde \u00e7al\u0131\u015f\u0131yoruz.<\/p>\n<h2 data-v-md-heading=\"conclusion\" data-v-md-line=\"31\">Sonu\u00e7<\/h2>\n<p data-v-md-line=\"33\">Ev otomasyonu ihtiya\u00e7lar\u0131n\u0131z i\u00e7in Jimmy Technology'yi se\u00e7in ve sessiz g\u00fc\u00e7, g\u00fcvenilirlik ve ak\u0131ll\u0131 tasar\u0131m\u0131n bulu\u015ftu\u011fu pazar lideri bir \u00e7\u00f6z\u00fcm\u00fc deneyimleyin. PA3 D\u00fc\u015f\u00fck G\u00fcr\u00fclt\u00fcl\u00fc K\u00fc\u00e7\u00fck Lineer Akt\u00fcat\u00f6r sadece bir y\u00fckseltme de\u011fil, her modern ev i\u00e7in ergonomik, f\u0131s\u0131lt\u0131 sessizli\u011finde konforun gelece\u011fidir.<\/p>","protected":false},"excerpt":{"rendered":"<div class=\"chat-container\">\n<div class=\"chat-view-container ng-star-inserted\">\n<div>\n<div class=\"chat-turn-container model render cdk-focused cdk-mouse-focused\" tabindex=\"-1\">\n<div class=\"model-prompt-container\" data-turn-role=\"Model\">\n<div class=\"turn-content\">\n<p class=\"ng-star-inserted\"><span class=\"ng-star-inserted\">Sorunsuz, sessiz otomasyonun kilidini a\u00e7\u0131n. Jimmy Technology PA3, mobilyalar i\u00e7in kompakt, g\u00fc\u00e7l\u00fc bir lineer akt\u00fcat\u00f6rd\u00fcr ve evinize sofistike ve sessizlik sunar.<\/span><\/p>\n<\/div>\n<\/div>\n<\/div>\n<\/div>\n<\/div>\n<\/div>","protected":false},"featured_media":2617,"template":"","meta":{"_kad_post_transparent":"default","_kad_post_title":"","_kad_post_layout":"default","_kad_post_sidebar_id":"","_kad_post_content_style":"default","_kad_post_vertical_padding":"default","_kad_post_feature":"","_kad_post_feature_position":"","_kad_post_header":false,"_kad_post_footer":false,"_kad_post_classname":""},"product_brand":[],"product_cat":[587,566,563,581,570,543,585,15,569,572],"product_tag":[637,635,636],"class_list":{"0":"post-2385","1":"product","2":"type-product","3":"status-publish","4":"has-post-thumbnail","6":"product_cat-actuators-by-drive-type","7":"product_cat-actuators-by-force-duty","8":"product_cat-actuators-by-motor-type","9":"product_cat-actuators-by-popular-application","10":"product_cat-actuators-by-speed","11":"product_cat-brushed-dc-actuators","12":"product_cat-diy-projects-robotics","13":"product_cat-electric-linear-actuators","14":"product_cat-light-duty-miniature-actuators","15":"product_cat-quiet-linear-actuators","16":"product_tag-furniture-actuator","17":"product_tag-low-noise-actuator","18":"product_tag-small-linear-actuator","20":"first","21":"instock","22":"shipping-taxable","23":"product-type-simple","24":"entry","25":"content-bg","26":"loop-entry"},"_links":{"self":[{"href":"https:\/\/servolinearactuator.com\/tr\/wp-json\/wp\/v2\/product\/2385","targetHints":{"allow":["GET"]}}],"collection":[{"href":"https:\/\/servolinearactuator.com\/tr\/wp-json\/wp\/v2\/product"}],"about":[{"href":"https:\/\/servolinearactuator.com\/tr\/wp-json\/wp\/v2\/types\/product"}],"wp:featuredmedia":[{"embeddable":true,"href":"https:\/\/servolinearactuator.com\/tr\/wp-json\/wp\/v2\/media\/2617"}],"wp:attachment":[{"href":"https:\/\/servolinearactuator.com\/tr\/wp-json\/wp\/v2\/media?parent=2385"}],"wp:term":[{"taxonomy":"product_brand","embeddable":true,"href":"https:\/\/servolinearactuator.com\/tr\/wp-json\/wp\/v2\/product_brand?post=2385"},{"taxonomy":"product_cat","embeddable":true,"href":"https:\/\/servolinearactuator.com\/tr\/wp-json\/wp\/v2\/product_cat?post=2385"},{"taxonomy":"product_tag","embeddable":true,"href":"https:\/\/servolinearactuator.com\/tr\/wp-json\/wp\/v2\/product_tag?post=2385"}],"curies":[{"name":"wp","href":"https:\/\/api.w.org\/{rel}","templated":true}]}}