{"id":2382,"date":"2025-07-08T14:32:15","date_gmt":"2025-07-08T14:32:15","guid":{"rendered":"https:\/\/servolinearactuator.com\/?post_type=product&#038;p=2382"},"modified":"2025-07-24T22:49:37","modified_gmt":"2025-07-24T14:49:37","slug":"od28-high-precision-ball-screw-linear-actuator-for-cnc-oem","status":"publish","type":"product","link":"https:\/\/servolinearactuator.com\/tr\/od28-high-precision-ball-screw-linear-actuator-for-cnc-oem\/","title":{"rendered":"CNC \/ OEM i\u00e7in OD28 Y\u00fcksek Hassasiyetli Vidal\u0131 Lineer Akt\u00fcat\u00f6r"},"content":{"rendered":"<p data-v-md-line=\"3\">Jimmy Technology'nin OD28 Y\u00fcksek Hassasiyetli Vidal\u0131 Lineer Akt\u00fcat\u00f6r\u00fc ile otomasyonunuzu bir \u00fcst seviyeye ta\u015f\u0131y\u0131n; hassasiyet, g\u00fc\u00e7 ve ak\u0131ll\u0131 tasar\u0131m, sizin gibi modern CNC ve OEM yenilik\u00e7ileri i\u00e7in \u00fcretilmi\u015f bir pakette bir araya geliyor.<\/p>\n<h2 data-v-md-heading=\"features-and-benefits\" data-v-md-line=\"5\">\u00d6zellikler ve Avantajlar<\/h2>\n<ul data-v-md-line=\"7\">\n<li>Sa\u011flam bir al\u00fcminyum uzatma borusu ve d\u0131\u015f kabu\u011fun yan\u0131 s\u0131ra ekstra dayan\u0131kl\u0131l\u0131k i\u00e7in iste\u011fe ba\u011fl\u0131 bir paslanmaz \u00e7elik boru ile \u00fcretilen bu akt\u00fcat\u00f6r, g\u00fcnl\u00fck cezalara, zorlu ortamlara ve zorlu d\u00f6ng\u00fclere dayan\u0131r.<\/li>\n<li>Esneklik i\u00e7in tasarlanan bu \u00fcr\u00fcn, hem DC 12V hem de 24V olarak mevcuttur ve \u00e7ok \u00e7e\u015fitli CNC ve OEM uygulamalar\u0131nda entegrasyonu kolayla\u015ft\u0131r\u0131r.<\/li>\n<li>Maksimum 3000N \u00e7ekme kuvveti ve 2500N itme kuvveti ile ciddi bir g\u00fc\u00e7 sa\u011flar - g\u00fcvenilirli\u011fin sonradan d\u00fc\u015f\u00fcn\u00fclemeyece\u011fi a\u011f\u0131r hizmet tipi do\u011frusal hareket g\u00f6revleri i\u00e7in yeterlidir.<\/li>\n<li>Geri tepmeyi en aza indiren ve verimlili\u011fi en \u00fcst d\u00fczeye \u00e7\u0131karan (90%'ye g\u00f6re) bilyal\u0131 vida mekanizmas\u0131 sayesinde ultra hassas, tekrarlanabilir hareket bekleyin, sisteminizi do\u011fru ve enerji tasarruflu tutun.<\/li>\n<li>Strok uzunlu\u011fu 15 mm'den 600 mm'ye kadar tamamen \u00f6zelle\u015ftirilebilir, b\u00f6ylece ister kompakt otomasyon ister y\u00fcksek hareket kabiliyetli robotik kollar in\u015fa ediyor olun, akt\u00fcat\u00f6r\u00fc projenizin gereksinimlerine m\u00fckemmel \u015fekilde uydurabilirsiniz.<\/li>\n<li>IP66 s\u0131n\u0131f\u0131 toza ve suya dayan\u0131kl\u0131l\u0131k, zorlu fabrika ortamlar\u0131nda veya d\u0131\u015f mekan kurulumlar\u0131nda uzun s\u00fcreli koruma sa\u011flayarak ar\u0131zan\u0131n bir se\u00e7enek olmad\u0131\u011f\u0131 yerlerde i\u00e7inizin rahat olmas\u0131n\u0131 sa\u011flar.<\/li>\n<li>Entegre ak\u0131m s\u0131n\u0131rlama ve dahili anahtarlar ekipman\u0131n\u0131z\u0131 ve akt\u00fcat\u00f6r\u00fcn kendisini korur; bunu maliyetli ar\u0131za s\u00fcrelerini ortadan kald\u0131rmaya yard\u0131mc\u0131 olan ak\u0131ll\u0131 bir kendini koruma sistemi olarak d\u00fc\u015f\u00fcn\u00fcn.<\/li>\n<li>D\u00fc\u015f\u00fck g\u00fcr\u00fclt\u00fcl\u00fc \u00e7al\u0131\u015fma (\u226460dB), akt\u00fcat\u00f6r\u00fc 7\/24 \u00fcretim hatt\u0131nda s\u0131n\u0131rlar\u0131na kadar zorlad\u0131\u011f\u0131n\u0131zda bile \u00e7al\u0131\u015fma ortam\u0131n\u0131z\u0131 rahat tutar.<\/li>\n<li>Sinyal geri besleme se\u00e7enekleri (potansiyometre veya anahtar), kritik hareket kontrol uygulamalar\u0131 i\u00e7in kolay konum izleme ve kapal\u0131 d\u00f6ng\u00fc kontrol\u00fc sa\u011flar.<\/li>\n<\/ul>\n<h2 data-v-md-heading=\"wide-applications\" data-v-md-line=\"17\">Geni\u015f Uygulamalar<\/h2>\n<p data-v-md-line=\"19\">\u0130ster son teknoloji CNC makineleri, ister hassas alma ve yerle\u015ftirme robotlar\u0131, \u00f6zelle\u015ftirilmi\u015f otomotiv \u00e7\u00f6z\u00fcmleri, b\u00fcy\u00fck \u00f6l\u00e7ekli fabrika otomasyonu ve hatta g\u00fcne\u015f takip sistemleri tasarl\u0131yor olun, OD28 y\u00fcksek performansl\u0131 do\u011frusal hareket i\u00e7in tercihinizdir.<\/p>\n<h2 data-v-md-heading=\"specifications\" data-v-md-line=\"21\">Teknik \u00d6zellikler<\/h2>\n<ul data-v-md-line=\"23\">\n<li>Kuvvet: Maksimum \u00e7ekme kuvveti 3000N \/ itme kuvveti 2500N<\/li>\n<li>H\u0131z: 4 mm\/sn y\u00fcks\u00fcz, 3 mm\/sn y\u00fck alt\u0131nda (3000N); 8 mm\/sn y\u00fcks\u00fcz, 6 mm\/sn y\u00fck alt\u0131nda (1500N)<\/li>\n<li>Strok Uzunlu\u011fu: 15 mm'den 600 mm'ye kadar ayarlanabilir<\/li>\n<li>Giri\u015f Voltaj\u0131: DC 12V veya 24V<\/li>\n<li>Koruma Derecesi: IP66 (toza ve suya dayan\u0131kl\u0131)<\/li>\n<\/ul>\n<h2 data-v-md-heading=\"technical-support\" data-v-md-line=\"29\">Teknik Destek<\/h2>\n<p data-v-md-line=\"31\">Jimmy Technology, her OD28'i ayr\u0131nt\u0131l\u0131 CAD modelleri, teknik veri sayfalar\u0131 ve net kablolama \u015femalar\u0131 dahil olmak \u00fczere kapsaml\u0131 teknik destekle destekler; b\u00f6ylece akt\u00fcat\u00f6r\u00fcn\u00fcz\u00fc entegre etmek bir ba\u015f a\u011fr\u0131s\u0131 de\u011fil, bir esinti olur.<\/p>\n<h2 data-v-md-heading=\"conclusion\" data-v-md-line=\"33\">Sonu\u00e7<\/h2>\n<p data-v-md-line=\"35\">Jimmy Technology'nin OD28 Y\u00fcksek Hassasiyetli Vidal\u0131 Lineer Akt\u00fcat\u00f6r\u00fcn\u00fc se\u00e7in ve her hareket kontrol\u00fc zorlu\u011fu i\u00e7in e\u015fsiz kalite, yenilik ve g\u00f6n\u00fcl rahatl\u0131\u011f\u0131na yat\u0131r\u0131m yap\u0131n.<\/p>","protected":false},"excerpt":{"rendered":"<div class=\"chat-container\">\n<div class=\"chat-view-container ng-star-inserted\">\n<div>\n<div class=\"chat-turn-container model render cdk-focused cdk-mouse-focused\" tabindex=\"-1\">\n<div class=\"model-prompt-container\" data-turn-role=\"Model\">\n<div class=\"turn-content\">\n<p class=\"ng-star-inserted\"><span class=\"ng-star-inserted\">OD28 Vidal\u0131 Lineer Akt\u00fcat\u00f6r ile otomasyonunuzu geli\u015ftirin. Jimmy Technology, CNC ve OEM yenilik\u00e7ileri i\u00e7in hassasiyet, g\u00fc\u00e7 ve ak\u0131ll\u0131 tasar\u0131m sunar.<\/span><\/p>\n<\/div>\n<\/div>\n<\/div>\n<\/div>\n<\/div>\n<\/div>","protected":false},"featured_media":2641,"template":"","meta":{"_kad_post_transparent":"default","_kad_post_title":"","_kad_post_layout":"default","_kad_post_sidebar_id":"","_kad_post_content_style":"default","_kad_post_vertical_padding":"default","_kad_post_feature":"","_kad_post_feature_position":"","_kad_post_header":false,"_kad_post_footer":false,"_kad_post_classname":""},"product_brand":[],"product_cat":[587,15,563,581,564,547,546,586],"product_tag":[630,631,629],"class_list":{"0":"post-2382","1":"product","2":"type-product","3":"status-publish","4":"has-post-thumbnail","6":"product_cat-actuators-by-drive-type","7":"product_cat-electric-linear-actuators","8":"product_cat-actuators-by-motor-type","9":"product_cat-actuators-by-popular-application","10":"product_cat-actuators-by-screw-type","11":"product_cat-ball-screw-actuators","12":"product_cat-brushless-dc-actuators","13":"product_cat-industrial-automation","14":"product_tag-ball-screw-linear-actuator","15":"product_tag-cnc-actuator","16":"product_tag-high-precision-actuator","18":"first","19":"instock","20":"shipping-taxable","21":"product-type-simple","22":"entry","23":"content-bg","24":"loop-entry"},"_links":{"self":[{"href":"https:\/\/servolinearactuator.com\/tr\/wp-json\/wp\/v2\/product\/2382","targetHints":{"allow":["GET"]}}],"collection":[{"href":"https:\/\/servolinearactuator.com\/tr\/wp-json\/wp\/v2\/product"}],"about":[{"href":"https:\/\/servolinearactuator.com\/tr\/wp-json\/wp\/v2\/types\/product"}],"wp:featuredmedia":[{"embeddable":true,"href":"https:\/\/servolinearactuator.com\/tr\/wp-json\/wp\/v2\/media\/2641"}],"wp:attachment":[{"href":"https:\/\/servolinearactuator.com\/tr\/wp-json\/wp\/v2\/media?parent=2382"}],"wp:term":[{"taxonomy":"product_brand","embeddable":true,"href":"https:\/\/servolinearactuator.com\/tr\/wp-json\/wp\/v2\/product_brand?post=2382"},{"taxonomy":"product_cat","embeddable":true,"href":"https:\/\/servolinearactuator.com\/tr\/wp-json\/wp\/v2\/product_cat?post=2382"},{"taxonomy":"product_tag","embeddable":true,"href":"https:\/\/servolinearactuator.com\/tr\/wp-json\/wp\/v2\/product_tag?post=2382"}],"curies":[{"name":"wp","href":"https:\/\/api.w.org\/{rel}","templated":true}]}}