{"id":2381,"date":"2025-07-08T14:32:09","date_gmt":"2025-07-08T14:32:09","guid":{"rendered":"https:\/\/servolinearactuator.com\/?post_type=product&#038;p=2381"},"modified":"2025-07-24T22:48:50","modified_gmt":"2025-07-24T14:48:50","slug":"od28-high-speed-linear-actuator-with-brushless-dc-motor","status":"publish","type":"product","link":"https:\/\/servolinearactuator.com\/tr\/od28-high-speed-linear-actuator-with-brushless-dc-motor\/","title":{"rendered":"F\u0131r\u00e7as\u0131z DC Motorlu OD28 Y\u00fcksek H\u0131zl\u0131 Lineer Akt\u00fcat\u00f6r"},"content":{"rendered":"<p data-v-md-line=\"3\">Kompakt otomasyonda yeni bir standard\u0131 ke\u015ffedin: OD28 Y\u00fcksek H\u0131zl\u0131 Lineer Akt\u00fcat\u00f6r, son derece k\u00fc\u00e7\u00fck bir pakette ola\u011fan\u00fcst\u00fc g\u00fc\u00e7, hassasiyet ve sa\u011flaml\u0131k sunar. Zorlu ortamlar i\u00e7in tasarlanan bu \u00fcr\u00fcn, g\u00fcvenilirlik veya performanstan \u00f6d\u00fcn vermek istemeyen profesyonellerin tercihidir.<\/p>\n<h2 data-v-md-heading=\"features-and-benefits\" data-v-md-line=\"5\">\u00d6zellikler ve Avantajlar<\/h2>\n<ul data-v-md-line=\"7\">\n<li><strong>E\u015fsiz G\u00fc\u00e7 ve Dayan\u0131kl\u0131l\u0131k:<\/strong>\u00a0Y\u00fcksek kaliteli al\u00fcminyum uzatma borusu ve d\u0131\u015f kabuk ile \u00fcretilen ve iste\u011fe ba\u011fl\u0131 paslanmaz \u00e7elik y\u00fckseltmesi bulunan bu akt\u00fcat\u00f6r, di\u011ferlerinin ba\u015far\u0131s\u0131z oldu\u011fu yerlerde ba\u015far\u0131l\u0131 olmak i\u00e7in tasarlanm\u0131\u015ft\u0131r. En zorlu ko\u015fullarda bile e\u015fsiz korozyon direnci ve uzun bir hizmet \u00f6mr\u00fc bekleyin.<\/li>\n<li><strong>A\u011f\u0131r Hizmet Performans\u0131:<\/strong>\u00a03000N'a kadar ola\u011fan\u00fcst\u00fc bir maksimum \u00e7ekme kuvveti sunan OD28, en zorlu g\u00f6revlerin \u00fcstesinden gelir, hassasiyeti korurken a\u011f\u0131r y\u00fckleri kolayl\u0131kla ta\u015f\u0131r.<\/li>\n<li><strong>Esnek, Hassas Hareket:<\/strong>\u00a015mm'den 600mm'ye kadar geni\u015f bir strok aral\u0131\u011f\u0131 ve potansiyometre ve sinyal anahtarlar\u0131 gibi dahili geri bildirim se\u00e7enekleriyle, \"neredeyse do\u011fru \"nun neredeyse yeterli olmad\u0131\u011f\u0131 otomasyon, robotik ve laboratuvar uygulamalar\u0131 i\u00e7in ideal olan ola\u011fan\u00fcst\u00fc konum do\u011frulu\u011fu elde edeceksiniz.<\/li>\n<li><strong>IP66 Toza ve Suya Dayan\u0131kl\u0131l\u0131k:<\/strong>\u00a0IP66 derecesine sahip bu akt\u00fcat\u00f6r toz ve sudan etkilenmez, bu da onu end\u00fcstriyel \u00e7al\u0131\u015fma alanlar\u0131, d\u0131\u015f mekan otomasyonu ve g\u00fcvenilirli\u011fin \u015fansa b\u0131rak\u0131lamayaca\u011f\u0131 her ortam i\u00e7in m\u00fckemmel k\u0131lar.<\/li>\n<li><strong>F\u0131s\u0131lt\u0131 Sessizli\u011finde \u00c7al\u0131\u015fma:<\/strong>\u00a060dB'de \u00e7al\u0131\u015farak medikal, laboratuvar veya ofis ortamlar\u0131na sorunsuz bir \u015fekilde uyum sa\u011flar ve g\u00fcr\u00fclt\u00fc olmadan end\u00fcstriyel g\u00fc\u00e7 sa\u011flar.<\/li>\n<li><strong>Ak\u0131ll\u0131 G\u00fcvenlik ve Kontroller:<\/strong>\u00a0Dahili limit anahtarlar\u0131 ve ak\u0131m s\u0131n\u0131rlama korumas\u0131na sahiptir. Bu akt\u00fcat\u00f6r, arka planda sessizce \u00e7al\u0131\u015farak ekipman\u0131n\u0131z\u0131 ve kendisini korur; b\u00f6ylece onar\u0131mlara de\u011fil sonu\u00e7lara odaklanabilirsiniz.<\/li>\n<li><strong>Y\u0131l Boyu G\u00fcvenilirlik:<\/strong>\u00a025\u00b0C ila +65\u00b0C aras\u0131ndaki a\u015f\u0131r\u0131 s\u0131cakl\u0131klarda \u00e7al\u0131\u015f\u0131r. \u0130ster a\u00e7\u0131k havada so\u011fuk bir sabah, ister s\u0131cak bir \u00fcretim hatt\u0131 olsun, OD28 \u00e7al\u0131\u015fmaya devam eder.<\/li>\n<\/ul>\n<h2 data-v-md-heading=\"wide-applications\" data-v-md-line=\"15\">Geni\u015f Uygulamalar<\/h2>\n<p data-v-md-line=\"17\">OD28 akt\u00fcat\u00f6r neredeyse her projeye zahmetsizce uyum sa\u011flar. \u0130ster ev otomasyonunu geli\u015ftiriyor, ister hassas robotik sistemler kuruyor, ister \u00f6zel otomotiv sistemlerini y\u00fckseltiyor, g\u00fcne\u015f enerjisi takibi yap\u0131yor veya end\u00fcstriyel ekipman\u0131 d\u00fczene sokuyor olun, bu akt\u00fcat\u00f6r en \u00e7ok y\u00f6nl\u00fc, g\u00fcvenilir \u00e7\u00f6z\u00fcm\u00fcn\u00fcz olarak \u00f6ne \u00e7\u0131kar.<\/p>\n<h2 data-v-md-heading=\"specifications\" data-v-md-line=\"19\">Teknik \u00d6zellikler<\/h2>\n<ul data-v-md-line=\"21\">\n<li>Kuvvet: 3000N'a kadar \u00e7ekme kuvveti (boyutuna g\u00f6re sekt\u00f6r lideri)<\/li>\n<li>H\u0131z: 4 mm\/sn y\u00fcks\u00fcz (maksimum y\u00fckte 3 mm\/sn); 8mm\/sn y\u00fcks\u00fcz (1500N'de 6 mm\/sn)<\/li>\n<li>Strok Uzunlu\u011fu: 15-600mm mevcut<\/li>\n<li>Giri\u015f Voltaj\u0131: 12V veya 24V DC<\/li>\n<li>Koruma Derecesi: IP66 (toz ge\u00e7irmez, suya dayan\u0131kl\u0131)<\/li>\n<\/ul>\n<h2 data-v-md-heading=\"technical-support\" data-v-md-line=\"27\">Teknik Destek<\/h2>\n<p data-v-md-line=\"29\">Jimmy Technology ile asla tek ba\u015f\u0131n\u0131za u\u011fra\u015fmak zorunda kalmazs\u0131n\u0131z. Ayr\u0131nt\u0131l\u0131 CAD modelleri, ba\u011flant\u0131 \u015femalar\u0131 ve veri sayfalar\u0131 sunarak entegrasyonu sorunsuz ve stressiz hale getiriyoruz. Uzmanlar\u0131m\u0131z tasar\u0131m\u0131n\u0131z\u0131, prototipinizi ve da\u011f\u0131t\u0131m\u0131n\u0131z\u0131 desteklemek i\u00e7in haz\u0131rd\u0131r.<\/p>\n<h2 data-v-md-heading=\"conclusion\" data-v-md-line=\"31\">Sonu\u00e7<\/h2>\n<p data-v-md-line=\"33\">Jimmy Technology'yi se\u00e7in ve otomasyonunuzu g\u00fcvenle ileriye ta\u015f\u0131y\u0131n; her OD28 lineer akt\u00fcat\u00f6rde end\u00fcstri lideri kalite, yenilik ve g\u00fcvenilirli\u011fi deneyimleyin.<\/p>","protected":false},"excerpt":{"rendered":"<p>OD28 Y\u00fcksek H\u0131zl\u0131 Lineer Akt\u00fcat\u00f6r ile tan\u0131\u015f\u0131n: kompakt bir g\u00fc\u00e7 ve hassasiyet merkezi. Zorlu i\u015fler i\u00e7in tasarlanan bu \u00fcr\u00fcn, profesyonellere e\u015fsiz g\u00fcvenilirlik ve performans sunar.<\/p>","protected":false},"featured_media":2658,"template":"","meta":{"_kad_post_transparent":"default","_kad_post_title":"","_kad_post_layout":"default","_kad_post_sidebar_id":"","_kad_post_content_style":"default","_kad_post_vertical_padding":"default","_kad_post_feature":"","_kad_post_feature_position":"","_kad_post_header":false,"_kad_post_footer":false,"_kad_post_classname":""},"product_brand":[],"product_cat":[587,563,581,564,570,547,546,15,571],"product_tag":[628,627,626],"class_list":{"0":"post-2381","1":"product","2":"type-product","3":"status-publish","4":"has-post-thumbnail","6":"product_cat-actuators-by-drive-type","7":"product_cat-actuators-by-motor-type","8":"product_cat-actuators-by-popular-application","9":"product_cat-actuators-by-screw-type","10":"product_cat-actuators-by-speed","11":"product_cat-ball-screw-actuators","12":"product_cat-brushless-dc-actuators","13":"product_cat-electric-linear-actuators","14":"product_cat-high-speed-linear-actuators","15":"product_tag-12v-24v-dc-motor","16":"product_tag-brushless-dc-motor","17":"product_tag-high-speed-linear-actuator","19":"first","20":"instock","21":"shipping-taxable","22":"product-type-simple","23":"entry","24":"content-bg","25":"loop-entry"},"_links":{"self":[{"href":"https:\/\/servolinearactuator.com\/tr\/wp-json\/wp\/v2\/product\/2381","targetHints":{"allow":["GET"]}}],"collection":[{"href":"https:\/\/servolinearactuator.com\/tr\/wp-json\/wp\/v2\/product"}],"about":[{"href":"https:\/\/servolinearactuator.com\/tr\/wp-json\/wp\/v2\/types\/product"}],"wp:featuredmedia":[{"embeddable":true,"href":"https:\/\/servolinearactuator.com\/tr\/wp-json\/wp\/v2\/media\/2658"}],"wp:attachment":[{"href":"https:\/\/servolinearactuator.com\/tr\/wp-json\/wp\/v2\/media?parent=2381"}],"wp:term":[{"taxonomy":"product_brand","embeddable":true,"href":"https:\/\/servolinearactuator.com\/tr\/wp-json\/wp\/v2\/product_brand?post=2381"},{"taxonomy":"product_cat","embeddable":true,"href":"https:\/\/servolinearactuator.com\/tr\/wp-json\/wp\/v2\/product_cat?post=2381"},{"taxonomy":"product_tag","embeddable":true,"href":"https:\/\/servolinearactuator.com\/tr\/wp-json\/wp\/v2\/product_tag?post=2381"}],"curies":[{"name":"wp","href":"https:\/\/api.w.org\/{rel}","templated":true}]}}