{"id":2380,"date":"2025-07-08T14:32:02","date_gmt":"2025-07-08T14:32:02","guid":{"rendered":"https:\/\/servolinearactuator.com\/?post_type=product&#038;p=2380"},"modified":"2025-07-24T22:44:33","modified_gmt":"2025-07-24T14:44:33","slug":"od26-heavy-duty-linear-motor-for-solar-power-systems-24v","status":"publish","type":"product","link":"https:\/\/servolinearactuator.com\/tr\/od26-heavy-duty-linear-motor-for-solar-power-systems-24v\/","title":{"rendered":"OD26 G\u00fcne\u015f Enerjisi Sistemleri i\u00e7in A\u011f\u0131r Hizmet Lineer Motor | 24V"},"content":{"rendered":"<p data-v-md-line=\"3\">OD26 A\u011f\u0131r Hizmet Lineer Motoru ile g\u00fcne\u015f enerjisi otomasyonunuzu geli\u015ftirin. Bu y\u00fcksek performansl\u0131 24V akt\u00fcat\u00f6r, g\u00fcne\u015f enerjisi sistemlerine sa\u011flam g\u00fcvenilirlik, hassas hareket ve e\u015fsiz dayan\u0131kl\u0131l\u0131k getirerek panellerinizin her g\u00fcn her \u0131\u015f\u0131n\u0131 yakalamas\u0131n\u0131 sa\u011flar.<\/p>\n<h2 data-v-md-heading=\"features-and-benefits\" data-v-md-line=\"5\">\u00d6zellikler ve Avantajlar<\/h2>\n<ul data-v-md-line=\"7\">\n<li>\n<p data-v-md-line=\"7\"><strong>Y\u00fcksek S\u0131n\u0131f Dayan\u0131kl\u0131l\u0131k<\/strong>: Sa\u011flam, a\u011f\u0131r hizmet malzemeleri ile \u00fcretilmi\u015f ve a\u015f\u0131r\u0131 dayan\u0131kl\u0131l\u0131k i\u00e7in tasarlanm\u0131\u015ft\u0131r. OD26, zorlu hava ko\u015fullar\u0131na (r\u00fczgar, toz, kar ve \u0131s\u0131) kar\u015f\u0131 dayan\u0131kl\u0131d\u0131r; b\u00f6ylece yat\u0131r\u0131m\u0131n\u0131z i\u00e7in uykular\u0131n\u0131z ka\u00e7maz. IP67 s\u0131n\u0131f\u0131 muhafazas\u0131, d\u0131\u015f mekan g\u00fcne\u015f enerjisi dizileri i\u00e7in ideal olan kaya gibi sa\u011flam toz ve su direnci anlam\u0131na gelir.<\/p>\n<\/li>\n<li>\n<p data-v-md-line=\"9\"><strong>Ola\u011fan\u00fcst\u00fc Y\u00fck Kapasitesi<\/strong>: Zorlu takip sistemleri i\u00e7in tasarlanan OD26, 10.000 N (2.250 lbs) statik ve 5.000 N (1.125 lbs) dinamik g\u00fcce kadar etkileyici bir itme g\u00fcc\u00fc sunar. Bu g\u00fc\u00e7, \u015febeke \u00f6l\u00e7e\u011findeki operasyonlarda en b\u00fcy\u00fck PV panellerini, parabolik oluklar\u0131 ve heliostatlar\u0131 bile destekler.<\/p>\n<\/li>\n<li>\n<p data-v-md-line=\"11\"><strong>Hassas G\u00fcne\u015f Takibi<\/strong>: 5-25 mm\/sn (kontrol\u00f6r taraf\u0131ndan ayarlanabilir) \u00e7al\u0131\u015fma h\u0131zlar\u0131 ve limit anahtarlar\u0131 ve enkoderler i\u00e7in entegre se\u00e7eneklerle, optimum g\u00fcne\u015f \u0131\u015f\u0131\u011f\u0131 yakalama i\u00e7in nokta at\u0131\u015f\u0131 konumland\u0131rma elde edersiniz. Tekrarlanabilir do\u011fruluk, her g\u00fcn daha y\u00fcksek enerji verimi ve daha ak\u0131ll\u0131 enerji \u00fcretimi anlam\u0131na gelir.<\/p>\n<\/li>\n<li>\n<p data-v-md-line=\"13\"><strong>G\u00fcne\u015f Enerjisi Entegrasyonu i\u00e7in Optimize Edildi<\/strong>: Do\u011fal olarak 24V DC'de \u00e7al\u0131\u015f\u0131r ve kurulumu fotovoltaik ve CSP sistem mimarilerinin \u00e7o\u011fuyla do\u011frudan uyumlu hale getirir. G\u00fc\u00e7 \u00e7eki\u015fi verimli kal\u0131r (2-10A), g\u00fcne\u015f invert\u00f6r\u00fcn\u00fcz ve kontrol \u00fcniteleriniz \u00fczerindeki talepleri en aza indirir.<\/p>\n<\/li>\n<li>\n<p data-v-md-line=\"15\"><strong>Uzun \u00d6m\u00fcr i\u00e7in Tasarland\u0131<\/strong>: Y\u00fcksek kaliteli al\u00fcminyum ala\u015f\u0131mlar ve paslanmaz \u00e7elik bile\u015fenlere sahip bak\u0131m gerektirmeyen tasar\u0131m korozyona (500 saate kadar tuz p\u00fcsk\u00fcrtme), UV \u0131\u015f\u0131nlar\u0131na ve a\u015f\u0131r\u0131 termal s\u0131cakl\u0131klara (-40\u00b0C ila +85\u00b0C) kar\u015f\u0131 dayan\u0131kl\u0131d\u0131r. 20.000-30.000'den fazla d\u00f6ng\u00fc veya on y\u0131ldan fazla g\u00fcvenilir hizmet bekleyin.<\/p>\n<\/li>\n<li>\n<p data-v-md-line=\"17\"><strong>Ak\u0131ll\u0131 G\u00fcvenlik ve Kontrol<\/strong>: Dahili kendinden kilitleme, limit anahtar\u0131 uyumlulu\u011fu ve geli\u015fmi\u015f geri bildirim se\u00e7enekleri hem yat\u0131r\u0131m\u0131n\u0131z\u0131 hem de operasyonel verimlili\u011finizi korur. Daha az ar\u0131za s\u00fcresi, daha az endi\u015fe.<\/p>\n<\/li>\n<\/ul>\n<h2 data-v-md-heading=\"wide-applications\" data-v-md-line=\"19\">Geni\u015f Uygulamalar<\/h2>\n<p data-v-md-line=\"21\">\u0130ster Arizona \u00e7\u00f6l\u00fcnde kamu hizmeti \u00f6l\u00e7e\u011finde bir g\u00fcne\u015f enerjisi \u00e7iftli\u011fini optimize ediyor olun, ister y\u00fcksek irtifada uzak bir PV dizisi kuruyor olun, OD26 sorunsuz bir \u015fekilde uyum sa\u011flar. Tek ve \u00e7ift eksenli g\u00fcne\u015f takip cihazlar\u0131, heliostat alanlar\u0131, BIPV dizileri, uzaktan \u015febeke d\u0131\u015f\u0131 enerji sistemleri ve hatta otomatik panel temizleme robotlar\u0131 i\u00e7in m\u00fckemmel \u015fekilde uygundur; sa\u011flam hassasiyetin \u015fart oldu\u011fu her yerde.<\/p>\n<h2 data-v-md-heading=\"specifications\" data-v-md-line=\"23\">Teknik \u00d6zellikler<\/h2>\n<ul data-v-md-line=\"25\">\n<li><strong>Kuvvet<\/strong>: 10.000 N'a kadar (statik), 5.000 N'a kadar (dinamik)<\/li>\n<li><strong>H\u0131z<\/strong>: 5-25 mm\/s (kontrol\u00f6r ayarlanabilir)<\/li>\n<li><strong>Vuru\u015f Uzunlu\u011fu<\/strong>: 100 mm ila 1000 mm, 50 mm'lik art\u0131\u015flarla<\/li>\n<li><strong>Giri\u015f Gerilimi<\/strong>: 24V DC, y\u00fcke ba\u011fl\u0131 olarak 2-10A ak\u0131m \u00e7ekimi<\/li>\n<li><strong>Koruma Derecesi<\/strong>: IP66 \/ IP67 (tamamen toz ve su ge\u00e7irmez, d\u0131\u015f mekan s\u0131n\u0131f\u0131)<\/li>\n<li><strong>\u00c7al\u0131\u015fma S\u0131cakl\u0131\u011f\u0131<\/strong>: -40\u00b0C ila +85\u00b0C<\/li>\n<li><strong>G\u00f6rev D\u00f6ng\u00fcs\u00fc<\/strong>: 25% (S\u00fcrekli tekrarlanabilir kullan\u0131m i\u00e7in S3-25%)<\/li>\n<li><strong>Malzemeler<\/strong>: Y\u00fcksek kaliteli al\u00fcminyum ala\u015f\u0131ml\u0131 g\u00f6vde ve paslanmaz \u00e7elik \u00e7ubuk<\/li>\n<\/ul>\n<h2 data-v-md-heading=\"technical-support\" data-v-md-line=\"34\">Teknik Destek<\/h2>\n<p data-v-md-line=\"36\">Jimmy Technology her ad\u0131mda yan\u0131n\u0131zda. Tam CAD modellerine, teknik veri sayfalar\u0131na, ayr\u0131nt\u0131l\u0131 kablo ba\u011flant\u0131 \u015femalar\u0131na ve \u00f6zel m\u00fchendislik deste\u011fine eri\u015fin. Entegrasyon kolay, sorunsuz ve g\u00fcne\u015f enerjisi otomasyonundan anlayan uzmanlar taraf\u0131ndan desteklenir.<\/p>\n<h2 data-v-md-heading=\"conclusion\" data-v-md-line=\"38\">Sonu\u00e7<\/h2>\n<p data-v-md-line=\"40\">Jimmy Technology'nin OD26 A\u011f\u0131r Hizmet Lineer Motorunu se\u00e7ti\u011finizde, g\u00fcne\u015fin her do\u011fu\u015funda pazar lideri performans, yenilik ve sars\u0131lmaz g\u00fcvenilirlik elde ederek g\u00fcne\u015f enerjisi hedeflerinizin gelece\u011fine g\u00fc\u00e7 verirsiniz.<\/p>","protected":false},"excerpt":{"rendered":"<p>OD26 A\u011f\u0131r Hizmet Lineer Motoru ile g\u00fcne\u015f enerjisi otomasyonunuza g\u00fc\u00e7 verin. Bu sa\u011flam, hassas 24V akt\u00fcat\u00f6r, maksimum enerji yakalama i\u00e7in benzersiz dayan\u0131kl\u0131l\u0131k sa\u011flar.<\/p>","protected":false},"featured_media":2590,"template":"","meta":{"_kad_post_transparent":"default","_kad_post_title":"","_kad_post_layout":"default","_kad_post_sidebar_id":"","_kad_post_content_style":"default","_kad_post_vertical_padding":"default","_kad_post_feature":"","_kad_post_feature_position":"","_kad_post_header":false,"_kad_post_footer":false,"_kad_post_classname":""},"product_brand":[],"product_cat":[587,566,563,581,543,15,567,583],"product_tag":[623,624,625],"class_list":{"0":"post-2380","1":"product","2":"type-product","3":"status-publish","4":"has-post-thumbnail","6":"product_cat-actuators-by-drive-type","7":"product_cat-actuators-by-force-duty","8":"product_cat-actuators-by-motor-type","9":"product_cat-actuators-by-popular-application","10":"product_cat-brushed-dc-actuators","11":"product_cat-electric-linear-actuators","12":"product_cat-heavy-duty-linear-actuators","13":"product_cat-solar-panel-tracking","14":"product_tag-heavy-duty-linear-actuator-24v","15":"product_tag-linear-motor","16":"product_tag-solar-power-systems","18":"first","19":"instock","20":"shipping-taxable","21":"product-type-simple","22":"entry","23":"content-bg","24":"loop-entry"},"_links":{"self":[{"href":"https:\/\/servolinearactuator.com\/tr\/wp-json\/wp\/v2\/product\/2380","targetHints":{"allow":["GET"]}}],"collection":[{"href":"https:\/\/servolinearactuator.com\/tr\/wp-json\/wp\/v2\/product"}],"about":[{"href":"https:\/\/servolinearactuator.com\/tr\/wp-json\/wp\/v2\/types\/product"}],"wp:featuredmedia":[{"embeddable":true,"href":"https:\/\/servolinearactuator.com\/tr\/wp-json\/wp\/v2\/media\/2590"}],"wp:attachment":[{"href":"https:\/\/servolinearactuator.com\/tr\/wp-json\/wp\/v2\/media?parent=2380"}],"wp:term":[{"taxonomy":"product_brand","embeddable":true,"href":"https:\/\/servolinearactuator.com\/tr\/wp-json\/wp\/v2\/product_brand?post=2380"},{"taxonomy":"product_cat","embeddable":true,"href":"https:\/\/servolinearactuator.com\/tr\/wp-json\/wp\/v2\/product_cat?post=2380"},{"taxonomy":"product_tag","embeddable":true,"href":"https:\/\/servolinearactuator.com\/tr\/wp-json\/wp\/v2\/product_tag?post=2380"}],"curies":[{"name":"wp","href":"https:\/\/api.w.org\/{rel}","templated":true}]}}