{"id":2379,"date":"2025-07-08T14:31:56","date_gmt":"2025-07-08T14:31:56","guid":{"rendered":"https:\/\/servolinearactuator.com\/?post_type=product&#038;p=2379"},"modified":"2025-07-24T22:43:24","modified_gmt":"2025-07-24T14:43:24","slug":"od26-20000n-high-load-linear-actuator-long-stroke-oem","status":"publish","type":"product","link":"https:\/\/servolinearactuator.com\/tr\/od26-20000n-high-load-linear-actuator-long-stroke-oem\/","title":{"rendered":"OD26 20000N Y\u00fcksek Y\u00fckl\u00fc Lineer Akt\u00fcat\u00f6r | Uzun Strok | OEM"},"content":{"rendered":"<p data-v-md-line=\"3\">Sorunsuz OEM entegrasyonu i\u00e7in a\u011f\u0131r hizmet g\u00fcc\u00fcn\u00fcn hassasiyetle bulu\u015ftu\u011fu OD26 20000N Y\u00fcksek Y\u00fckl\u00fc Lineer Akt\u00fcat\u00f6r ile bir m\u00fchendislik at\u0131l\u0131m\u0131n\u0131 deneyimleyin. Otomasyon projeniz ola\u011fan\u00fcst\u00fc do\u011frusal hareket, sa\u011flam dayan\u0131kl\u0131l\u0131k ve maksimum kuvvet gerektirdi\u011finde, bu akt\u00fcat\u00f6r \u00e7\u0131tay\u0131 y\u00fckseltir.<\/p>\n<h2 data-v-md-heading=\"features-and-benefits\" data-v-md-line=\"6\">\u00d6zellikler ve Avantajlar<\/h2>\n<ul data-v-md-line=\"8\">\n<li>\n<p data-v-md-line=\"8\">Ola\u011fan\u00fcst\u00fc 20.000N \u0130tme\/\u00c7ekme Kapasitesi<br \/>\n2 metrik tona kadar g\u00fc\u00e7 sa\u011flayan OD26, en zorlu malzeme ta\u015f\u0131ma ve end\u00fcstriyel otomasyon sorunlar\u0131n\u0131z\u0131n \u00fcstesinden kolayl\u0131kla gelebilecek ger\u00e7ek bir y\u00fcksek g\u00fc\u00e7l\u00fc akt\u00fcat\u00f6r olarak tasarlanm\u0131\u015ft\u0131r.<\/p>\n<\/li>\n<li>\n<p data-v-md-line=\"11\">Sa\u011flam, A\u011f\u0131r Hizmet Tipi Yap\u0131<br \/>\nY\u00fcksek kaliteli al\u00fcminyumdan \u00fcretilen ve en \u00f6nemli yerlerde paslanmaz \u00e7elikle g\u00fc\u00e7lendirilen bu elektrikli lineer akt\u00fcat\u00f6r, zorlu ortamlarda ba\u015far\u0131l\u0131 olur. Sa\u011flam \u015fasisi darbelere ve titre\u015fimlere kar\u015f\u0131 dayan\u0131kl\u0131d\u0131r ve sisteminizin \u00e7al\u0131\u015fmas\u0131n\u0131 sa\u011flayan g\u00fcvenilirlik sunar.<\/p>\n<\/li>\n<li>\n<p data-v-md-line=\"14\">Zorlu Ortamlar i\u00e7in Tasarland\u0131 - Y\u00fcksek IP Korumas\u0131<br \/>\nIP66 veya daha y\u00fcksek koruma derecesine sahip bu akt\u00fcat\u00f6r toz, su jetleri ve hatta ge\u00e7ici olarak suya dald\u0131rmaya kar\u015f\u0131 dayan\u0131kl\u0131d\u0131r. Ya\u011fmur, kir ve y\u0131kamadan etkilenmez, bu da onu d\u0131\u015f mekan kullan\u0131m\u0131 ve zorlu end\u00fcstriyel ortamlar i\u00e7in m\u00fckemmel hale getirir.<\/p>\n<\/li>\n<li>\n<p data-v-md-line=\"17\">Uzun Strok Esnekli\u011fi<br \/>\nStandart, uzun veya uzat\u0131lm\u0131\u015f strok uzunluklar\u0131nda (2000 mm veya daha fazlas\u0131na kadar) mevcut olan OD26, size geni\u015f hareket se\u00e7enekleri sunar. \u0130ster b\u00fcy\u00fck kap\u0131lar\u0131, ister g\u00fcne\u015f takip sistemlerini veya platform asans\u00f6rlerini otomatikle\u015ftiriyor olun, her zaman ihtiyac\u0131n\u0131z olan eri\u015fimi elde edersiniz.<\/p>\n<\/li>\n<li>\n<p data-v-md-line=\"20\">Hassas Hareket ve Kontrol<br \/>\nEntegre konum geri bildirimi se\u00e7enekleri (potansiyometre, Hall sens\u00f6r\u00fc veya enkoder) nokta hassasiyetine ula\u015fman\u0131z\u0131 sa\u011flar. Dahili limit anahtarlar\u0131, g\u00fcvenli ve bak\u0131m gerektirmeyen \u00e7al\u0131\u015fma i\u00e7in hareketi otomatik olarak durdurur. Tam PLC ve \u00f6zel kontrol\u00f6r uyumlulu\u011fu entegrasyonu kolayla\u015ft\u0131r\u0131r.<\/p>\n<\/li>\n<li>\n<p data-v-md-line=\"23\">Sessiz, G\u00fcvenilir Performans<br \/>\nGeli\u015fmi\u015f tahrik di\u015flileri ve dahili s\u00f6n\u00fcmleme g\u00fcr\u00fclt\u00fcy\u00fc minimumda tutar, b\u00f6ylece akt\u00fcat\u00f6r d\u00fc\u015f\u00fck kesinti ile y\u00fcksek itme g\u00fcc\u00fc sa\u011flar; t\u0131bbi, ergonomik veya kapal\u0131 ortamlar i\u00e7in idealdir.<\/p>\n<\/li>\n<li>\n<p data-v-md-line=\"26\">Enerji Tasarruflu, Bak\u0131m Gerektirmeyen<br \/>\nElektrikli \u00e7al\u0131\u015ft\u0131rma, daha d\u00fc\u015f\u00fck i\u015fletme maliyetleri ve da\u011f\u0131n\u0131k hidrolik veya pn\u00f6matik olmad\u0131\u011f\u0131 anlam\u0131na gelir. Ger\u00e7ek d\u00fcnya y\u00fckleri alt\u0131nda 25.000 ila 100.000+ d\u00f6ng\u00fc \u00f6mr\u00fc ile bak\u0131m aral\u0131klar\u0131 \u00e7ok daha uzundur.<\/p>\n<\/li>\n<\/ul>\n<h2 data-v-md-heading=\"wide-applications\" data-v-md-line=\"29\">Geni\u015f Uygulamalar<\/h2>\n<p data-v-md-line=\"30\">Bu end\u00fcstriyel lineer akt\u00fcat\u00f6r, b\u00fcy\u00fck vana otomasyonu, tar\u0131m makineleri, t\u0131bbi asans\u00f6rler, a\u011f\u0131r kap\u0131 \u00e7al\u0131\u015ft\u0131rma, g\u00fcne\u015f takibi, robotik, madencilik ekipman\u0131 ve \u00fcst d\u00fczey OEM makineleri gibi alanlarda a\u011f\u0131r kald\u0131rma ve uzun hareket akt\u00fcat\u00f6r ihtiya\u00e7lar\u0131 i\u00e7in tercihinizdir.<\/p>\n<h2 data-v-md-heading=\"specifications\" data-v-md-line=\"32\">Teknik \u00d6zellikler<\/h2>\n<ul data-v-md-line=\"34\">\n<li>Kuvvet: 20.000N (2 metrik ton)<\/li>\n<li>H\u0131z: Maksimum y\u00fck alt\u0131nda 5 ila 20 mm\/sn<\/li>\n<li>Strok Uzunlu\u011fu: Yap\u0131land\u0131r\u0131labilir-300 mm'den 2000 mm+'ya kadar<\/li>\n<li>Giri\u015f Voltaj\u0131: \u00d6zel se\u00e7enekler (tipik olarak 24V\/48V DC veya 110V\/220V AC)<\/li>\n<li>Koruma Derecesi: Sa\u011flam \u00e7evresel diren\u00e7 i\u00e7in IP66\/IP67<\/li>\n<\/ul>\n<h2 data-v-md-heading=\"technical-support\" data-v-md-line=\"40\">Teknik Destek<\/h2>\n<p data-v-md-line=\"41\">Ayr\u0131nt\u0131l\u0131 veri sayfalar\u0131na, CAD modellerine, kablo ba\u011flant\u0131 \u015femalar\u0131na ve uzman m\u00fchendislik rehberli\u011fine eri\u015fim dahil olmak \u00fczere kapsaml\u0131 teknik destek sa\u011fl\u0131yoruz. OEM m\u00fc\u015fterilerimiz, optimum akt\u00fcat\u00f6r se\u00e7imi ve sorunsuz tasar\u0131m i\u00e7in ki\u015fiselle\u015ftirilmi\u015f dan\u0131\u015fmanl\u0131ktan yararlan\u0131r.<\/p>\n<h2 data-v-md-heading=\"conclusion\" data-v-md-line=\"43\">Sonu\u00e7<\/h2>\n<p data-v-md-line=\"44\">Jimmy Technology'yi se\u00e7ti\u011finizde, pazar lideri kaliteyi, sa\u011flam inovasyonu ve kal\u0131c\u0131 g\u00fcvenilirli\u011fi se\u00e7mi\u015f olursunuz - otomasyon projelerinizi end\u00fcstri standard\u0131n\u0131 belirleyecek \u015fekilde g\u00fc\u00e7lendirirsiniz.<\/p>","protected":false},"excerpt":{"rendered":"<p>OD26 20000N Akt\u00fcat\u00f6r: a\u011f\u0131r hizmet g\u00fcc\u00fcn\u00fcn hassasiyetle bulu\u015ftu\u011fu yer. Zorlu projelerde sorunsuz OEM entegrasyonu i\u00e7in 2 ton kuvvet sa\u011flar.<\/p>","protected":false},"featured_media":2596,"template":"","meta":{"_kad_post_transparent":"default","_kad_post_title":"","_kad_post_layout":"default","_kad_post_sidebar_id":"","_kad_post_content_style":"default","_kad_post_vertical_padding":"default","_kad_post_feature":"","_kad_post_feature_position":"","_kad_post_header":false,"_kad_post_footer":false,"_kad_post_classname":""},"product_brand":[],"product_cat":[587,15,566,563,581,543,567,586],"product_tag":[621,622,602],"class_list":{"0":"post-2379","1":"product","2":"type-product","3":"status-publish","4":"has-post-thumbnail","6":"product_cat-actuators-by-drive-type","7":"product_cat-electric-linear-actuators","8":"product_cat-actuators-by-force-duty","9":"product_cat-actuators-by-motor-type","10":"product_cat-actuators-by-popular-application","11":"product_cat-brushed-dc-actuators","12":"product_cat-heavy-duty-linear-actuators","13":"product_cat-industrial-automation","14":"product_tag-20000n-linear-actuator","15":"product_tag-high-load-actuator","16":"product_tag-linear-actuator","18":"first","19":"instock","20":"shipping-taxable","21":"product-type-simple","22":"entry","23":"content-bg","24":"loop-entry"},"_links":{"self":[{"href":"https:\/\/servolinearactuator.com\/tr\/wp-json\/wp\/v2\/product\/2379","targetHints":{"allow":["GET"]}}],"collection":[{"href":"https:\/\/servolinearactuator.com\/tr\/wp-json\/wp\/v2\/product"}],"about":[{"href":"https:\/\/servolinearactuator.com\/tr\/wp-json\/wp\/v2\/types\/product"}],"wp:featuredmedia":[{"embeddable":true,"href":"https:\/\/servolinearactuator.com\/tr\/wp-json\/wp\/v2\/media\/2596"}],"wp:attachment":[{"href":"https:\/\/servolinearactuator.com\/tr\/wp-json\/wp\/v2\/media?parent=2379"}],"wp:term":[{"taxonomy":"product_brand","embeddable":true,"href":"https:\/\/servolinearactuator.com\/tr\/wp-json\/wp\/v2\/product_brand?post=2379"},{"taxonomy":"product_cat","embeddable":true,"href":"https:\/\/servolinearactuator.com\/tr\/wp-json\/wp\/v2\/product_cat?post=2379"},{"taxonomy":"product_tag","embeddable":true,"href":"https:\/\/servolinearactuator.com\/tr\/wp-json\/wp\/v2\/product_tag?post=2379"}],"curies":[{"name":"wp","href":"https:\/\/api.w.org\/{rel}","templated":true}]}}