{"id":2378,"date":"2025-07-08T14:31:53","date_gmt":"2025-07-08T14:31:53","guid":{"rendered":"https:\/\/servolinearactuator.com\/?post_type=product&#038;p=2378"},"modified":"2025-07-24T22:42:45","modified_gmt":"2025-07-24T14:42:45","slug":"od4-ip67-waterproof-linear-actuator-12v-24v-dc-motor","status":"publish","type":"product","link":"https:\/\/servolinearactuator.com\/tr\/od4-ip67-waterproof-linear-actuator-12v-24v-dc-motor\/","title":{"rendered":"OD4 IP67 Su Ge\u00e7irmez Lineer Akt\u00fcat\u00f6r | 12V \/ 24V DC Motor"},"content":{"rendered":"<p data-v-md-line=\"3\">En zorlu g\u00f6revlerinizi otomatikle\u015ftirmeye haz\u0131r m\u0131s\u0131n\u0131z? OD4 IP67 Su Ge\u00e7irmez Lineer Akt\u00fcat\u00f6r, g\u00fcvenilirli\u011fin tart\u0131\u015f\u0131lmaz oldu\u011fu her yerde kompakt g\u00fc\u00e7 ve hassasiyet sunar. Teknede, sahada veya fabrika zemininde ar\u0131za bir se\u00e7enek olmad\u0131\u011f\u0131nda, projenizin devam etmesini sa\u011flamak i\u00e7in Jimmy Technology'ye g\u00fcvenin.<\/p>\n<h2 data-v-md-heading=\"features-and-benefits\" data-v-md-line=\"5\"><strong>\u00d6zellikler ve Avantajlar<\/strong><\/h2>\n<ul data-v-md-line=\"6\">\n<li>A\u011f\u0131r Hizmet Tipi IP67 \u00c7evre Korumas\u0131: Tamamen toz ge\u00e7irmez ve su ge\u00e7irmez bir muhafazaya sahip olan bu akt\u00fcat\u00f6r, kir, ya\u011fmur, sprey veya ge\u00e7ici olarak suya dald\u0131rmaya kar\u015f\u0131 dayan\u0131kl\u0131d\u0131r. Bu, onu daha d\u00fc\u015f\u00fck akt\u00fcat\u00f6rlerin tutukluk yapt\u0131\u011f\u0131 denizcilik, end\u00fcstriyel ve d\u0131\u015f mekan ortamlar\u0131nda otomasyon i\u00e7in tercih edilen bir se\u00e7enek haline getirir.<\/li>\n<li>Sa\u011flam, Korozyona Dayan\u0131kl\u0131 Yap\u0131: Paslanmaz \u00e7elik k\u0131lavuzlar ve sa\u011flam, anodize al\u00fcminyum g\u00f6vde paslanmaya, sert kimyasallara ve tuzlu suya kar\u015f\u0131 koruma sa\u011flar; denizcilik s\u0131n\u0131f\u0131 otomasyon veya a\u015f\u0131nd\u0131r\u0131c\u0131 y\u0131kama uygulamalar\u0131 i\u00e7in idealdir.<\/li>\n<li>Kompakt OD4 Tasar\u0131m\u0131: K\u00fc\u00e7\u00fck, yerden tasarruf sa\u011flayan d\u0131\u015f \u00e7ap\u0131, pencere a\u00e7\u0131c\u0131lar, g\u00fcne\u015f takip cihazlar\u0131 veya kompakt robotlar gibi dar kurulum k\u0131s\u0131tlamalar\u0131 olan uygulamalar i\u00e7in m\u00fckemmeldir.<\/li>\n<li>Hassas Kontrol, \u00c7ok Y\u00f6nl\u00fc G\u00fc\u00e7: Ak\u00fc, otomotiv veya \u015febeke d\u0131\u015f\u0131 sistemlerle sorunsuz entegrasyon i\u00e7in g\u00fcvenilir 12V veya 24V DC \u00e7al\u0131\u015fmay\u0131 se\u00e7in. Hall etkisi sens\u00f6r\u00fc veya potansiyometre geri bildirimi gibi ak\u0131ll\u0131 se\u00e7enekler, herhangi bir end\u00fcstriyel veya otomasyon g\u00f6revi i\u00e7in size kesin do\u011fruluk sa\u011flar.<\/li>\n<li>Bak\u0131m Gerektirmeyen, Sessiz \u00c7al\u0131\u015fma: Uzun kullan\u0131m \u00f6mr\u00fc (nominal y\u00fckler alt\u0131nda 100.000 d\u00f6ng\u00fcye kadar) ve ultra d\u00fc\u015f\u00fck g\u00fcr\u00fclt\u00fc (&lt;50 dB) i\u00e7in tasarlanan bu akt\u00fcat\u00f6r, t\u0131bbi, konut veya hassas ortamlarda m\u00fckemmeldir. Yerle\u015fik limit anahtarlar\u0131, kazara ekipman hasar\u0131n\u0131 g\u00fcvenilir bir \u015fekilde \u00f6nler.<\/li>\n<li>Geni\u015f \u00c7al\u0131\u015fma S\u0131cakl\u0131\u011f\u0131 Aral\u0131\u011f\u0131: 20\u00b0C'den 65\u00b0C'ye kadar performans g\u00f6sterir, b\u00f6ylece ister \u00e7\u00f6l s\u0131ca\u011f\u0131na ister k\u0131\u015f f\u0131rt\u0131nalar\u0131na g\u00f6\u011f\u00fcs gerin, sisteminiz \u00e7al\u0131\u015fmaya devam eder.<\/li>\n<\/ul>\n<h2 data-v-md-heading=\"wide-applications\" data-v-md-line=\"13\"><strong>Geni\u015f Uygulamalar<\/strong><\/h2>\n<p data-v-md-line=\"14\">\u0130ster bir yat\u0131n kapaklar\u0131n\u0131 g\u00fc\u00e7lendiriyor, ister sera havaland\u0131rmalar\u0131n\u0131 otomatikle\u015ftiriyor, ister kompakt robotik m\u00fchendisli\u011fi yap\u0131yor veya arazi ara\u00e7lar\u0131n\u0131 y\u00fckseltiyor olun, OD4 IP67 akt\u00fcat\u00f6r sorunsuz bir \u015fekilde uyum sa\u011flar. G\u00fcne\u015f takip sistemlerinde, g\u0131da i\u015fleme hatlar\u0131nda, end\u00fcstriyel valf kontrollerinde, otomotiv \u00f6zelle\u015ftirmelerinde ve daha fazlas\u0131nda, dayan\u0131kl\u0131l\u0131\u011f\u0131n ve g\u00fcvenilir su ge\u00e7irmez do\u011frusal hareketin kritik oldu\u011fu her yerde ba\u015far\u0131l\u0131 olur.<\/p>\n<h2 data-v-md-heading=\"specifications\" data-v-md-line=\"16\"><strong>Teknik \u00d6zellikler<\/strong><\/h2>\n<ul data-v-md-line=\"17\">\n<li>Kuvvet: 50N ila 2000N (yakla\u015f\u0131k 11 lbs ila 450 lbs), hafif veya a\u011f\u0131r i\u015fler i\u00e7in \u00e7ok y\u00f6nl\u00fc<\/li>\n<li>H\u0131z: 5 mm\/s ila 50 mm\/s (0,2 in\u00e7\/s ila 2 in\u00e7\/s), \u00f6zel hareket kontrol\u00fc i\u00e7in<\/li>\n<li>Strok Uzunlu\u011fu: K\u0131sa at\u0131\u015flardan uzun do\u011frusal hareketlere kadar ihtiya\u00e7lar\u0131n\u0131za g\u00f6re \u00f6zelle\u015ftirilebilir<\/li>\n<li>Giri\u015f Voltaj\u0131: 12V DC veya 24V DC, t\u00fcm standart kontroller ve g\u00fc\u00e7 kaynaklar\u0131 ile uyumlu<\/li>\n<li>Koruma Derecesi: IP67-toz ge\u00e7irmez, su ge\u00e7irmez, zorlu d\u0131\u015f mekan ve y\u0131kama ortamlar\u0131 i\u00e7in haz\u0131r<\/li>\n<\/ul>\n<h2 data-v-md-heading=\"technical-support\" data-v-md-line=\"23\"><strong>Teknik Destek<\/strong><\/h2>\n<p data-v-md-line=\"24\">Her sipari\u015fte g\u00f6n\u00fcl rahatl\u0131\u011f\u0131 sa\u011fl\u0131yoruz: derinlemesine CAD modelleri, teknik veri sayfalar\u0131 ve ba\u011flant\u0131 \u015femalar\u0131 edinin. Uzman destek ekibimiz yeni akt\u00fcat\u00f6r\u00fcn\u00fcz\u00fc entegre etmenize, yap\u0131land\u0131rman\u0131za ve sorun gidermenize yard\u0131mc\u0131 olmak i\u00e7in her zaman haz\u0131rd\u0131r.<\/p>\n<h2 data-v-md-heading=\"conclusion\" data-v-md-line=\"26\"><strong>Sonu\u00e7<\/strong><\/h2>\n<p data-v-md-line=\"27\">Jimmy Technology'yi se\u00e7mek, ortam ne olursa olsun sizi \u00f6ne \u00e7\u0131karan pazar lideri kalite, yenilik ve g\u00fcvenilirli\u011fi se\u00e7ti\u011finiz anlam\u0131na gelir.<\/p>","protected":false},"excerpt":{"rendered":"<p>OD4 IP67 Su Ge\u00e7irmez Lineer Akt\u00fcat\u00f6r, teknede, sahada veya fabrika zemininde g\u00fcvenilirli\u011fin tart\u0131\u015f\u0131lmaz oldu\u011fu yerlerde kompakt g\u00fc\u00e7 ve hassasiyet sunar.<\/p>","protected":false},"featured_media":2579,"template":"","meta":{"_kad_post_transparent":"default","_kad_post_title":"","_kad_post_layout":"default","_kad_post_sidebar_id":"","_kad_post_content_style":"default","_kad_post_vertical_padding":"default","_kad_post_feature":"","_kad_post_feature_position":"","_kad_post_header":false,"_kad_post_footer":false,"_kad_post_classname":""},"product_brand":[],"product_cat":[587,15,573,566,563,581,543,567,574],"product_tag":[620,619,602],"class_list":{"0":"post-2378","1":"product","2":"type-product","3":"status-publish","4":"has-post-thumbnail","6":"product_cat-actuators-by-drive-type","7":"product_cat-electric-linear-actuators","8":"product_cat-actuators-by-environment","9":"product_cat-actuators-by-force-duty","10":"product_cat-actuators-by-motor-type","11":"product_cat-actuators-by-popular-application","12":"product_cat-brushed-dc-actuators","13":"product_cat-heavy-duty-linear-actuators","14":"product_cat-waterproof-linear-actuators","15":"product_tag-dc-motor","16":"product_tag-ip67-waterproof-actuator","17":"product_tag-linear-actuator","19":"first","20":"instock","21":"shipping-taxable","22":"product-type-simple","23":"entry","24":"content-bg","25":"loop-entry"},"_links":{"self":[{"href":"https:\/\/servolinearactuator.com\/tr\/wp-json\/wp\/v2\/product\/2378","targetHints":{"allow":["GET"]}}],"collection":[{"href":"https:\/\/servolinearactuator.com\/tr\/wp-json\/wp\/v2\/product"}],"about":[{"href":"https:\/\/servolinearactuator.com\/tr\/wp-json\/wp\/v2\/types\/product"}],"wp:featuredmedia":[{"embeddable":true,"href":"https:\/\/servolinearactuator.com\/tr\/wp-json\/wp\/v2\/media\/2579"}],"wp:attachment":[{"href":"https:\/\/servolinearactuator.com\/tr\/wp-json\/wp\/v2\/media?parent=2378"}],"wp:term":[{"taxonomy":"product_brand","embeddable":true,"href":"https:\/\/servolinearactuator.com\/tr\/wp-json\/wp\/v2\/product_brand?post=2378"},{"taxonomy":"product_cat","embeddable":true,"href":"https:\/\/servolinearactuator.com\/tr\/wp-json\/wp\/v2\/product_cat?post=2378"},{"taxonomy":"product_tag","embeddable":true,"href":"https:\/\/servolinearactuator.com\/tr\/wp-json\/wp\/v2\/product_tag?post=2378"}],"curies":[{"name":"wp","href":"https:\/\/api.w.org\/{rel}","templated":true}]}}