{"id":2377,"date":"2025-07-08T14:31:51","date_gmt":"2025-07-08T14:31:51","guid":{"rendered":"https:\/\/servolinearactuator.com\/?post_type=product&#038;p=2377"},"modified":"2025-07-24T22:41:57","modified_gmt":"2025-07-24T14:41:57","slug":"od4-60000n-heavy-duty-electric-actuator-for-industrial-use","status":"publish","type":"product","link":"https:\/\/servolinearactuator.com\/tr\/od4-60000n-heavy-duty-electric-actuator-for-industrial-use\/","title":{"rendered":"OD4 60000N End\u00fcstriyel Kullan\u0131m i\u00e7in A\u011f\u0131r Hizmet Tipi Elektrikli Akt\u00fcat\u00f6r"},"content":{"rendered":"<p data-v-md-line=\"3\">End\u00fcstriyel otomasyon projeniz hem kaba g\u00fc\u00e7 hem de tam bir g\u00f6n\u00fcl rahatl\u0131\u011f\u0131 gerektirdi\u011finde, Jimmy Technology'nin OD4 60000N A\u011f\u0131r Hizmet Tipi Elektrikli Akt\u00fcat\u00f6r\u00fc bariz bir se\u00e7im olarak \u00f6ne \u00e7\u0131kar. Devasa 60kN itme g\u00fcc\u00fcn\u00fc geli\u015fmi\u015f m\u00fchendislikle birle\u015ftiren bu end\u00fcstriyel elektrikli silindir, en zorlu ortamlar i\u00e7in g\u00fcvenilirlik, uzun \u00f6m\u00fcrl\u00fcl\u00fck ve performansta yeni bir standart belirler.<\/p>\n<h2 data-v-md-heading=\"features-and-benefits\" data-v-md-line=\"5\">\u00d6zellikler ve Avantajlar<\/h2>\n<ul data-v-md-line=\"7\">\n<li><strong>Ola\u011fan\u00fcst\u00fc 60.000N \u0130tme \u00c7\u0131k\u0131\u015f\u0131:<\/strong>\u00a0En a\u011f\u0131r y\u00fckler i\u00e7in y\u00fcksek kuvvette do\u011frusal hareket sa\u011flar; b\u00fcy\u00fck valf \u00e7al\u0131\u015ft\u0131rma, a\u011f\u0131r hizmet tipi malzeme ta\u015f\u0131ma ve b\u00fcy\u00fck end\u00fcstriyel presler gibi uygulamalar i\u00e7in m\u00fckemmeldir.<\/li>\n<li><strong>Sa\u011flam, End\u00fcstriyel S\u0131n\u0131f Yap\u0131:<\/strong>\u00a0Y\u00fcksek kaliteli malzemeler ve korozyona dayan\u0131kl\u0131 bir muhafaza ile \u00fcretilen bu akt\u00fcat\u00f6r, zorlu ko\u015fullara dayan\u0131r. D\u0131\u015f mekan veya zorlu end\u00fcstriyel ortamlar i\u00e7in sa\u011flam tasar\u0131m\u0131na her y\u0131l g\u00fcvenebilirsiniz.<\/li>\n<li><strong>IP67 Koruma S\u0131n\u0131f\u0131:<\/strong>\u00a0Toz, su veya \u00f6ng\u00f6r\u00fclemeyen hava ko\u015fullar\u0131yla kar\u015f\u0131la\u015fsan\u0131z da OD4 performans\u0131n\u0131 s\u00fcrd\u00fcr\u00fcr. Y\u00fcksek giri\u015f koruma derecesi, d\u0131\u015f mekan ve y\u0131kama ortamlar\u0131 i\u00e7in ger\u00e7ek \u00e7evresel esneklik ve uygunluk anlam\u0131na gelir.<\/li>\n<li><strong>S1 S\u00fcrekli \u00c7al\u0131\u015fma:<\/strong>\u00a0Kesintisiz \u00e7al\u0131\u015fma i\u00e7in tasarlanan bu akt\u00fcat\u00f6r, en y\u00fcksek \u00e7al\u0131\u015fma s\u00fcrelerini destekleyen a\u011f\u0131r hizmet tipi bir d\u00f6ng\u00fc sunar; asla dinlenmemesi gereken kritik s\u00fcre\u00e7 kontrol\u00fc ve otomasyon sistemleri i\u00e7in idealdir.<\/li>\n<li><strong>Entegre Pozisyon Geri Bildirimi:<\/strong>\u00a0Geli\u015fmi\u015f enkoderler veya potansiyometre se\u00e7enekleri sayesinde, nokta at\u0131\u015f\u0131 konumland\u0131rma do\u011frulu\u011fu elde edersiniz. Hassas hareket, s\u00fcre\u00e7lerinizin her seferinde istedi\u011finiz gibi \u00e7al\u0131\u015fmas\u0131n\u0131 sa\u011flar.<\/li>\n<li><strong>Geni\u015f Kontrol Uyumlulu\u011fu:<\/strong>\u00a0Modern end\u00fcstriyel otomasyon mimarilerine sorunsuz bir \u015fekilde entegre olur. PLC, DCS veya SCADA sistemleri ile basit aray\u00fcz olu\u015fturmak i\u00e7in Modbus, Profibus ve Ethernet\/IP gibi standart ileti\u015fim protokollerini destekler.<\/li>\n<li><strong>G\u00fcvenlik ve G\u00fcvenilirlik \u00d6zellikleri:<\/strong>\u00a0Dahili termal ve a\u015f\u0131r\u0131 y\u00fck korumalar\u0131, \u00f6zelle\u015ftirilebilir strok sonu limit anahtarlar\u0131, acil durum manuel ge\u00e7ersiz k\u0131lma ve ar\u0131za emniyetli \u00e7al\u0131\u015ft\u0131rma se\u00e7enekleri ile i\u00e7iniz rahat olsun.<\/li>\n<li><strong>Az Bak\u0131m Gerektiren, Uzun \u00d6m\u00fcrl\u00fc Tasar\u0131m:<\/strong>\u00a0\u00dcst\u00fcn mekanik verimlilik ve y\u00f6netilmesi gereken hidrolik s\u0131v\u0131 olmamas\u0131 sayesinde bak\u0131m duru\u015f s\u00fcrelerini ve i\u015fletme maliyetlerini en aza indirirsiniz. Geli\u015fmi\u015f makaral\u0131 vida tahriki, en zorlu y\u00fckler alt\u0131nda bile onlarca y\u0131l g\u00fcvenilir hizmet sa\u011flar.<\/li>\n<\/ul>\n<h2 data-v-md-heading=\"wide-applications\" data-v-md-line=\"16\">Geni\u015f Uygulamalar<\/h2>\n<p data-v-md-line=\"18\">OD4 60000N akt\u00fcat\u00f6r, a\u011f\u0131r ekipman elektrikli akt\u00fcat\u00f6r ihtiya\u00e7lar\u0131 ve end\u00fcstriyel otomasyon uygulamalar\u0131 i\u00e7in ba\u015fvurulacak \u00e7\u00f6z\u00fcmd\u00fcr. Bu akt\u00fcat\u00f6r\u00fc genellikle enerji \u00fcretiminde b\u00fcy\u00fck s\u00fcrg\u00fcl\u00fc vanalar\u0131 otomatikle\u015ftirirken, \u00e7imento ve \u00e7elik fabrikalar\u0131nda damperleri kontrol ederken, madencilikte y\u00f6n de\u011fi\u015ftiricileri veya \u015fut kap\u0131lar\u0131n\u0131 y\u00f6netirken ve \u00fcretimde hassas s\u0131k\u0131\u015ft\u0131rma veya pres i\u015flemleri sa\u011flarken bulabilirsiniz. G\u00fcvenilir, y\u00fcksek iti\u015f g\u00fcc\u00fcne sahip do\u011frusal hareketin kritik oldu\u011fu her yerde bu akt\u00fcat\u00f6r bu g\u00f6revi yerine getirir.<\/p>\n<h2 data-v-md-heading=\"specifications\" data-v-md-line=\"20\">Teknik \u00d6zellikler<\/h2>\n<ul data-v-md-line=\"22\">\n<li><strong>Kuvvet:<\/strong>\u00a0A\u011f\u0131r hizmet tipi do\u011frusal hareket i\u00e7in 60.000N (60kN) y\u00fcksek itme g\u00fcc\u00fc<\/li>\n<li><strong>H\u0131z:<\/strong>\u00a0Uygulama gereksinimlerine g\u00f6re \u00f6zelle\u015ftirilebilir (standart aral\u0131klar i\u00e7in veri sayfas\u0131na bak\u0131n)<\/li>\n<li><strong>Strok Uzunlu\u011fu:<\/strong>\u00a0Zorlu end\u00fcstriyel kurulumlara uymas\u0131 i\u00e7in \u00e7ok \u00e7e\u015fitli uzunluklarda mevcuttur<\/li>\n<li><strong>Giri\u015f Voltaj\u0131:<\/strong>\u00a0Maksimum g\u00fcvenilirlik i\u00e7in yayg\u0131n olarak 24V\/12V DC (di\u011fer voltajlar istek \u00fczerine mevcuttur)<\/li>\n<li><strong>Koruma Derecesi:<\/strong>\u00a0IP67-tam toz korumas\u0131 ve g\u00fc\u00e7l\u00fc su jetlerine veya ge\u00e7ici dald\u0131rmaya kar\u015f\u0131 dayan\u0131kl\u0131<\/li>\n<\/ul>\n<h2 data-v-md-heading=\"technical-support\" data-v-md-line=\"28\">Teknik Destek<\/h2>\n<p data-v-md-line=\"30\">Jimmy Technology, yat\u0131r\u0131m\u0131n\u0131z\u0131 kapsaml\u0131 destekle destekler: ayr\u0131nt\u0131l\u0131 CAD modelleri ve kablo ba\u011flant\u0131 \u015femalar\u0131ndan h\u0131zl\u0131 yan\u0131t veren teknik yard\u0131ma kadar. OD4'\u00fc kontrol mimarinize entegre etmek, her ad\u0131mda size yard\u0131mc\u0131 olan k\u0131lavuzlar ve veri sayfalar\u0131 ile sorunsuz ve basittir.<\/p>\n<h2 data-v-md-heading=\"conclusion\" data-v-md-line=\"32\">Sonu\u00e7<\/h2>\n<p data-v-md-line=\"34\">Jimmy Technology'yi se\u00e7ti\u011finizde, en zorlu end\u00fcstriyel ortamlarda ba\u015far\u0131n\u0131za g\u00fc\u00e7 katmak i\u00e7in tasarlanm\u0131\u015f pazar lideri kaliteyi, yenili\u011fi ve inat\u00e7\u0131 g\u00fcvenilirli\u011fi se\u00e7mi\u015f olursunuz.<\/p>","protected":false},"excerpt":{"rendered":"<p>Jimmy Technology'nin OD4 60000N akt\u00fcat\u00f6r\u00fc, en zorlu end\u00fcstriyel i\u015fleriniz i\u00e7in 60kN itme g\u00fcc\u00fc sa\u011flar. G\u00fcvenilir, y\u00fcksek performansl\u0131 do\u011frusal hareket elde edin.<\/p>\n<p><script src=\"chrome-extension:\/\/fpelahbljekknahkcaegamhcndkfpfnc\/iFrame.js\" type=\"text\/javascript\"><\/script><\/p>","protected":false},"featured_media":2584,"template":"","meta":{"_kad_post_transparent":"default","_kad_post_title":"","_kad_post_layout":"default","_kad_post_sidebar_id":"","_kad_post_content_style":"default","_kad_post_vertical_padding":"default","_kad_post_feature":"","_kad_post_feature_position":"","_kad_post_header":false,"_kad_post_footer":false,"_kad_post_classname":""},"product_brand":[],"product_cat":[587,573,566,563,581,543,15,567,576],"product_tag":[616,618,617],"class_list":{"0":"post-2377","1":"product","2":"type-product","3":"status-publish","4":"has-post-thumbnail","6":"product_cat-actuators-by-drive-type","7":"product_cat-actuators-by-environment","8":"product_cat-actuators-by-force-duty","9":"product_cat-actuators-by-motor-type","10":"product_cat-actuators-by-popular-application","11":"product_cat-brushed-dc-actuators","12":"product_cat-electric-linear-actuators","13":"product_cat-heavy-duty-linear-actuators","14":"product_cat-industrial-linear-actuators","15":"product_tag-60000n-actuator","16":"product_tag-electric-actuator","17":"product_tag-heavy-duty-actuator","19":"first","20":"instock","21":"shipping-taxable","22":"product-type-simple","23":"entry","24":"content-bg","25":"loop-entry"},"_links":{"self":[{"href":"https:\/\/servolinearactuator.com\/tr\/wp-json\/wp\/v2\/product\/2377","targetHints":{"allow":["GET"]}}],"collection":[{"href":"https:\/\/servolinearactuator.com\/tr\/wp-json\/wp\/v2\/product"}],"about":[{"href":"https:\/\/servolinearactuator.com\/tr\/wp-json\/wp\/v2\/types\/product"}],"wp:featuredmedia":[{"embeddable":true,"href":"https:\/\/servolinearactuator.com\/tr\/wp-json\/wp\/v2\/media\/2584"}],"wp:attachment":[{"href":"https:\/\/servolinearactuator.com\/tr\/wp-json\/wp\/v2\/media?parent=2377"}],"wp:term":[{"taxonomy":"product_brand","embeddable":true,"href":"https:\/\/servolinearactuator.com\/tr\/wp-json\/wp\/v2\/product_brand?post=2377"},{"taxonomy":"product_cat","embeddable":true,"href":"https:\/\/servolinearactuator.com\/tr\/wp-json\/wp\/v2\/product_cat?post=2377"},{"taxonomy":"product_tag","embeddable":true,"href":"https:\/\/servolinearactuator.com\/tr\/wp-json\/wp\/v2\/product_tag?post=2377"}],"curies":[{"name":"wp","href":"https:\/\/api.w.org\/{rel}","templated":true}]}}