{"id":2376,"date":"2025-07-08T14:25:14","date_gmt":"2025-07-08T14:25:14","guid":{"rendered":"https:\/\/servolinearactuator.com\/?post_type=product&#038;p=2376"},"modified":"2025-07-24T22:40:27","modified_gmt":"2025-07-24T14:40:27","slug":"od3-heavy-duty-10000n-linear-actuator-for-solar-trackers","status":"publish","type":"product","link":"https:\/\/servolinearactuator.com\/tr\/od3-heavy-duty-10000n-linear-actuator-for-solar-trackers\/","title":{"rendered":"OD3 G\u00fcne\u015f Takip Cihazlar\u0131 i\u00e7in A\u011f\u0131r Hizmet Tipi 10000N Lineer Akt\u00fcat\u00f6r"},"content":{"rendered":"<p data-v-md-line=\"3\">G\u00fcne\u015f takip sistemlerinizde \u00fcst d\u00fczey g\u00fcvenilirlik ve maksimum verimlilik talep etti\u011finizde, Jimmy Technology'nin OD3 A\u011f\u0131r Hizmet 10000N Lineer Akt\u00fcat\u00f6r\u00fc bunu sa\u011flar. En zorlu d\u0131\u015f ortamlar i\u00e7in tasarlanan bu akt\u00fcat\u00f6r, fotovoltaik (PV) sisteminizin her g\u00fcn her \u0131\u015f\u0131n\u0131 yakalamas\u0131n\u0131 sa\u011flayan sa\u011flam, y\u00fcksek g\u00fc\u00e7l\u00fc otomasyon standard\u0131n\u0131 belirler.<\/p>\n<h2 data-v-md-heading=\"features-and-benefits\" data-v-md-line=\"5\"><strong>\u00d6zellikler ve Avantajlar<\/strong><\/h2>\n<ul data-v-md-line=\"7\">\n<li>\n<p data-v-md-line=\"7\">Sa\u011flam, y\u00fcksek kaliteli malzemelerden \u00fcretilmi\u015ftir<br \/>\nOD3'\u00fcn paslanmaz \u00e7elik uzatma borusu ve al\u00fcminyum koruma borusu onu korozyona, UV \u0131\u015f\u0131nlar\u0131na ve a\u015f\u0131r\u0131 hava ko\u015fullar\u0131na kar\u015f\u0131 koruyarak zorlu PV kurulumlar\u0131nda y\u0131llarca hizmet vermesini garanti eder.<\/p>\n<\/li>\n<li>\n<p data-v-md-line=\"10\">Devasa 10.000N itme kapasitesi<br \/>\n10000N itme\/\u00e7ekme de\u011ferine (yakla\u015f\u0131k 1 metrik ton) sahip bu akt\u00fcat\u00f6r, en a\u011f\u0131r g\u00fcne\u015f panellerinin, r\u00fczgar ve kar y\u00fcklerinin ve y\u00fcksek y\u00fckl\u00fc CSP veya heliostat uygulamalar\u0131n\u0131n \u00fcstesinden g\u00fcvenle gelir.<\/p>\n<\/li>\n<li>\n<p data-v-md-line=\"13\">Hava ko\u015fullar\u0131na dayan\u0131kl\u0131 IP66 koruma<br \/>\nToza, kire ve g\u00fc\u00e7l\u00fc su p\u00fcsk\u00fcrmelerine kar\u015f\u0131 tamamen s\u0131zd\u0131rmaz olan OD3 akt\u00fcat\u00f6r\u00fc, g\u00fcne\u015fin kavurdu\u011fu \u00e7\u00f6llerden r\u00fczgar\u0131n savurdu\u011fu buzlu tarlalara kadar zorlu iklimlerde d\u0131\u015f mekan kullan\u0131m\u0131 i\u00e7in \u00fcretilmi\u015ftir.<\/p>\n<\/li>\n<li>\n<p data-v-md-line=\"16\">G\u00fcvenilir DC g\u00fc\u00e7<br \/>\n12V veya 24V DC esnek giri\u015f, standart g\u00fcne\u015f takip g\u00fc\u00e7 sistemlerine ve yenilenebilir enerji kurulumlar\u0131na kolay entegrasyon sa\u011flar.<\/p>\n<\/li>\n<li>\n<p data-v-md-line=\"19\">Hassas sinyal geri bildirimi<br \/>\nY\u00fcksek do\u011frulukta konumland\u0131rma i\u00e7in entegre potansiyometre veya anahtar sinyali geri bildirimi aras\u0131ndan se\u00e7im yap\u0131n. Bu, g\u00fcne\u015f takip kontrol sisteminizde sorunsuz kontrol, otomatik g\u00fcne\u015f hizalama ve ger\u00e7ek zamanl\u0131 izleme sa\u011flar.<\/p>\n<\/li>\n<li>\n<p data-v-md-line=\"22\">Yerle\u015fik g\u00fcvenlik ve koruma<br \/>\nYerle\u015fik bir anahtar ve ak\u0131m s\u0131n\u0131rlama devresi a\u015f\u0131r\u0131 y\u00fckleri \u00f6nler ve g\u00fcne\u015f takip cihaz\u0131 bile\u015fenlerinizi korur; sessiz, bak\u0131m gerektirmeyen \u00e7al\u0131\u015fma i\u00e7in toz metal\u00fcrjisi metal di\u015flilerle desteklenir.<\/p>\n<\/li>\n<\/ul>\n<h2 data-v-md-heading=\"wide-applications\" data-v-md-line=\"25\"><strong>Geni\u015f Uygulamalar<\/strong><\/h2>\n<p data-v-md-line=\"27\">G\u00fcvenilirli\u011fin tart\u0131\u015f\u0131lmaz oldu\u011fu a\u011f\u0131r hizmet uygulamalar\u0131 i\u00e7in m\u00fckemmel olan OD3 A\u011f\u0131r Hizmet 10000N Lineer Akt\u00fcat\u00f6r, g\u00fc\u00e7 sa\u011flar:<\/p>\n<ul data-v-md-line=\"28\">\n<li>Kamu hizmeti \u00f6l\u00e7e\u011finde ve ticari g\u00fcne\u015f takip cihazlar\u0131 (tek eksenli, \u00e7ift eksenli)<\/li>\n<li>Yo\u011funla\u015ft\u0131r\u0131lm\u0131\u015f g\u00fcne\u015f enerjisi (CSP) heliostatlar\u0131<\/li>\n<li>Otomatik tar\u0131msal g\u00fcne\u015f enerjisi dizileri<\/li>\n<li>A\u015f\u0131r\u0131 r\u00fczgar veya karla kar\u015f\u0131la\u015fan end\u00fcstriyel takip sistemleri<\/li>\n<li>G\u00fc\u00e7, hassasiyet ve kan\u0131tlanm\u0131\u015f hava ko\u015fullar\u0131na dayan\u0131kl\u0131l\u0131k gerektiren her t\u00fcrl\u00fc d\u0131\u015f mekan otomasyonu<\/li>\n<\/ul>\n<h2 data-v-md-heading=\"specifications\" data-v-md-line=\"34\"><strong>Teknik \u00d6zellikler<\/strong><\/h2>\n<ul data-v-md-line=\"36\">\n<li>Kuvvet: 10.000N (g\u00fcne\u015f enerjisi, PV ve end\u00fcstriyel kullan\u0131m i\u00e7in a\u011f\u0131r hizmet tipi itme g\u00fcc\u00fc)<\/li>\n<li>H\u0131z: (Uygulamaya \u00f6zel h\u0131z se\u00e7enekleri i\u00e7in teknik veri sayfas\u0131na bak\u0131n)<\/li>\n<li>Strok Uzunlu\u011fu: (Birden fazla uzunlukta mevcuttur - \u00fcr\u00fcn se\u00e7eneklerine bak\u0131n veya destek birimiyle ileti\u015fime ge\u00e7in)<\/li>\n<li>Giri\u015f Voltaj\u0131: 12V veya 24V DC<\/li>\n<li>Koruma Derecesi: IP66 (Toz ge\u00e7irmez ve g\u00fc\u00e7l\u00fc su jeti ge\u00e7irmez)<\/li>\n<li>\u00c7al\u0131\u015fma S\u0131cakl\u0131k Aral\u0131\u011f\u0131: -25\u00b0C ila +65\u00b0C<\/li>\n<li>Geri Besleme Se\u00e7enekleri: Potansiyometre veya anahtar sinyali geri beslemesi<\/li>\n<li>Malzemeler: Paslanmaz \u00e7elik uzatma borusu, al\u00fcminyum koruma borusu, toz metalurjisi di\u015fliler<\/li>\n<li>G\u00fcvenlik: Dahili anahtar ve ak\u0131m s\u0131n\u0131rlay\u0131c\u0131 a\u015f\u0131r\u0131 y\u00fck korumas\u0131<\/li>\n<\/ul>\n<h2 data-v-md-heading=\"technical-support\" data-v-md-line=\"46\"><strong>Teknik Destek<\/strong><\/h2>\n<p data-v-md-line=\"48\">Jimmy Technology'de deste\u011fimiz sat\u0131\u015f\u0131n \u00f6tesine ge\u00e7er. Eksiksiz teknik dok\u00fcmantasyon, CAD modelleri, kablo \u015femalar\u0131 ve uzman entegrasyon tavsiyeleri al\u0131rs\u0131n\u0131z; ister tek bir izleyiciyi y\u00fckseltirken ister tam bir g\u00fcne\u015f enerjisi \u00e7iftli\u011fi tasarlarken kurulumu sorunsuz hale getirirsiniz.<\/p>\n<h2 data-v-md-heading=\"conclusion\" data-v-md-line=\"50\"><strong>Sonu\u00e7<\/strong><\/h2>\n<p data-v-md-line=\"52\">Jimmy Technology'yi se\u00e7mek, y\u00fcksek y\u00fckl\u00fc solar otomasyon projeleriniz i\u00e7in pazar lideri kaliteye, geli\u015fmi\u015f yeniliklere ve sars\u0131lmaz g\u00fcvenilirli\u011fe yat\u0131r\u0131m yapmak anlam\u0131na gelir.<\/p>","protected":false},"excerpt":{"rendered":"<p>G\u00fcne\u015f takip cihazlar\u0131n\u0131z i\u00e7in g\u00fcvenilir, y\u00fcksek g\u00fc\u00e7l\u00fc otomasyon elde edin. OD3 A\u011f\u0131r Hizmet 10000N akt\u00fcat\u00f6r, en zorlu ortamlarda maksimum verimlilik sa\u011flar.<\/p>","protected":false},"featured_media":2567,"template":"","meta":{"_kad_post_transparent":"default","_kad_post_title":"","_kad_post_layout":"default","_kad_post_sidebar_id":"","_kad_post_content_style":"default","_kad_post_vertical_padding":"default","_kad_post_feature":"","_kad_post_feature_position":"","_kad_post_header":false,"_kad_post_footer":false,"_kad_post_classname":""},"product_brand":[],"product_cat":[587,15,566,563,581,543,567,583],"product_tag":[611,610,612],"class_list":{"0":"post-2376","1":"product","2":"type-product","3":"status-publish","4":"has-post-thumbnail","6":"product_cat-actuators-by-drive-type","7":"product_cat-electric-linear-actuators","8":"product_cat-actuators-by-force-duty","9":"product_cat-actuators-by-motor-type","10":"product_cat-actuators-by-popular-application","11":"product_cat-brushed-dc-actuators","12":"product_cat-heavy-duty-linear-actuators","13":"product_cat-solar-panel-tracking","14":"product_tag-10000n-linear-actuator","15":"product_tag-heavy-duty-linear-actuator","16":"product_tag-solar-trackers-actuator","18":"first","19":"instock","20":"shipping-taxable","21":"product-type-simple","22":"entry","23":"content-bg","24":"loop-entry"},"_links":{"self":[{"href":"https:\/\/servolinearactuator.com\/tr\/wp-json\/wp\/v2\/product\/2376","targetHints":{"allow":["GET"]}}],"collection":[{"href":"https:\/\/servolinearactuator.com\/tr\/wp-json\/wp\/v2\/product"}],"about":[{"href":"https:\/\/servolinearactuator.com\/tr\/wp-json\/wp\/v2\/types\/product"}],"wp:featuredmedia":[{"embeddable":true,"href":"https:\/\/servolinearactuator.com\/tr\/wp-json\/wp\/v2\/media\/2567"}],"wp:attachment":[{"href":"https:\/\/servolinearactuator.com\/tr\/wp-json\/wp\/v2\/media?parent=2376"}],"wp:term":[{"taxonomy":"product_brand","embeddable":true,"href":"https:\/\/servolinearactuator.com\/tr\/wp-json\/wp\/v2\/product_brand?post=2376"},{"taxonomy":"product_cat","embeddable":true,"href":"https:\/\/servolinearactuator.com\/tr\/wp-json\/wp\/v2\/product_cat?post=2376"},{"taxonomy":"product_tag","embeddable":true,"href":"https:\/\/servolinearactuator.com\/tr\/wp-json\/wp\/v2\/product_tag?post=2376"}],"curies":[{"name":"wp","href":"https:\/\/api.w.org\/{rel}","templated":true}]}}