{"id":2374,"date":"2025-07-08T14:06:10","date_gmt":"2025-07-08T14:06:10","guid":{"rendered":"https:\/\/servolinearactuator.com\/?post_type=product&#038;p=2374"},"modified":"2025-07-24T22:13:06","modified_gmt":"2025-07-24T14:13:06","slug":"45-eg-heavy-duty-ball-screw-linear-motion-actuator","status":"publish","type":"product","link":"https:\/\/servolinearactuator.com\/tr\/45-eg-heavy-duty-ball-screw-linear-motion-actuator\/","title":{"rendered":"45-EG A\u011f\u0131r Hizmet Tipi Vidal\u0131 Lineer Hareket Akt\u00fcat\u00f6r\u00fc"},"content":{"rendered":"<p data-v-md-line=\"58\">Jimmy Technology'nin 45-EG A\u011f\u0131r Hizmet Tipi Vidal\u0131 Lineer Hareket Akt\u00fcat\u00f6r\u00fc ile end\u00fcstri lideri kuvvet, tekrarlanabilirlik ve sa\u011flaml\u0131\u011f\u0131n kilidini a\u00e7\u0131n - modern end\u00fcstriyel ortamlar\u0131n talepleri i\u00e7in tasarlanm\u0131\u015f y\u00fcksek performansl\u0131 otomasyon \u00e7\u00f6z\u00fcm\u00fcn\u00fcz.<\/p>\n<h2 data-v-md-heading=\"features-and-benefits-1\" data-v-md-line=\"60\">\u00d6zellikler ve Avantajlar<\/h2>\n<ul data-v-md-line=\"62\">\n<li>\n<p data-v-md-line=\"62\"><strong>A\u011f\u0131r Hizmet Tipi, Hassas Bilyal\u0131 Vida Mekanizmas\u0131<\/strong><br \/>\n45-EG, kritik otomasyon, montaj ve malzeme ta\u015f\u0131ma i\u00e7in g\u00fcvenebilece\u011finiz p\u00fcr\u00fczs\u00fcz, hassas do\u011frusal hareket sa\u011flayan sa\u011flam bir vidal\u0131 mil tahrik sistemine sahiptir. Ola\u011fan\u00fcst\u00fc konumland\u0131rma do\u011frulu\u011fu ve tekrarlanabilirlik elde edersiniz.<\/p>\n<\/li>\n<li>\n<p data-v-md-line=\"65\"><strong>Zorlu Ortamlar i\u00e7in Tasarland\u0131<\/strong><br \/>\nUygulaman\u0131z i\u00e7in m\u00fckemmel g\u00fc\u00e7 ve korozyon direnci dengesini elde etmek i\u00e7in karbon \u00e7eli\u011fi veya paslanmaz \u00e7elik k\u0131lavuz raylar\u0131 se\u00e7in. Bu akt\u00fcat\u00f6r zorlu i\u015fler i\u00e7in \u00fcretilmi\u015ftir - baz\u0131 akt\u00fcat\u00f6rlerin zorland\u0131\u011f\u0131 ortamlarda 45-EG basit\u00e7e ba\u015far\u0131l\u0131 olur.<\/p>\n<\/li>\n<li>\n<p data-v-md-line=\"68\"><strong>Zorlu G\u00f6revler i\u00e7in Y\u00fcksek Y\u00fck Kapasitesi<\/strong><br \/>\nEnd\u00fcstriyel kullan\u0131m d\u00fc\u015f\u00fcn\u00fclerek tasarlanan 45-EG, 25 kg'a kadar yatay y\u00fckleri ve 10 kg'a kadar dikey y\u00fckleri ta\u015f\u0131r. Art\u0131k a\u011f\u0131r kald\u0131rma ve zorlu itme veya \u00e7ekme i\u015flemlerini g\u00fcvenle otomatikle\u015ftirebilirsiniz.<\/p>\n<\/li>\n<li>\n<p data-v-md-line=\"71\"><strong>Her D\u00f6ng\u00fcde Ola\u011fan\u00fcst\u00fc Tekrarlanabilirlik<\/strong><br \/>\n0,02 mm tekrarlanabilirlik ile her g\u00fcn g\u00fcvenilir ve hassas konumland\u0131rma sa\u011flars\u0131n\u0131z. Otomatikle\u015ftirilmi\u015f prosesiniz y\u00fcksek hacimli \u00fcretim, test veya robotik i\u00e7in gereken tutarl\u0131l\u0131\u011f\u0131 elde eder.<\/p>\n<\/li>\n<li>\n<p data-v-md-line=\"74\"><strong>Yap\u0131land\u0131r\u0131labilir Strok Uzunlu\u011fu<\/strong><br \/>\nUygulaman\u0131z i\u00e7in tam olarak ihtiyac\u0131n\u0131z olan eri\u015fimi elde edin. Etkili stroklar 100 mm ila 1000 mm aras\u0131nda de\u011fi\u015firken, toplam akt\u00fcat\u00f6r uzunlu\u011fu buna g\u00f6re ayarlan\u0131r - ister kompakt harekete ister daha uzun eri\u015fime ihtiyac\u0131n\u0131z olsun.<\/p>\n<\/li>\n<li>\n<p data-v-md-line=\"77\"><strong>Optimize Edilmi\u015f H\u0131z ve Tork<\/strong><br \/>\n0,2 m\/s'ye varan h\u0131zlarla h\u0131zl\u0131 ve verimli hareket elde edin. Akt\u00fcat\u00f6r\u00fcn g\u00fcvenilir tork aktar\u0131m\u0131 duyarl\u0131 kontrol sa\u011flar, bu da otomatik hatlar\u0131n\u0131z i\u00e7in daha iyi verim anlam\u0131na gelir.<\/p>\n<\/li>\n<li>\n<p data-v-md-line=\"80\"><strong>Bak\u0131m Dostu Tasar\u0131m<\/strong><br \/>\nY\u00fcksek kaliteli bile\u015fenler a\u015f\u0131nmay\u0131 en aza indirir, ar\u0131za s\u00fcresini azalt\u0131r ve bak\u0131m ekibinizin y\u00fcz\u00fcn\u00fcn g\u00fclmesini sa\u011flar.<\/p>\n<\/li>\n<\/ul>\n<h2 data-v-md-heading=\"wide-applications-1\" data-v-md-line=\"83\">Geni\u015f Uygulamalar<\/h2>\n<p data-v-md-line=\"85\">45-EG A\u011f\u0131r Hizmet Tipi Vidal\u0131 Lineer Hareket Akt\u00fcat\u00f6r\u00fc, end\u00fcstriyel otomasyon projeleri, robotik, paketleme makineleri, malzeme ta\u015f\u0131ma sistemleri, hassas montaj ve y\u00fcksek kuvvet ve do\u011frulu\u011fun tart\u0131\u015f\u0131lmaz oldu\u011fu zorlu ortamlar i\u00e7in ba\u015fvurulacak \u00e7\u00f6z\u00fcmd\u00fcr. Ayr\u0131ca geli\u015fmi\u015f Ar-Ge kurulumlar\u0131, \u00f6zel makineler ve zorlu test fikst\u00fcrleri i\u00e7in de uygundur.<\/p>\n<h2 data-v-md-heading=\"specifications-1\" data-v-md-line=\"87\">Teknik \u00d6zellikler<\/h2>\n<ul data-v-md-line=\"89\">\n<li><strong>Kuvvet:<\/strong>\u00a025 kg'a kadar yatay, 10 kg'a kadar dikey y\u00fck kapasitesi<\/li>\n<li><strong>H\u0131z:<\/strong>\u00a00,2 m\/s'ye kadar<\/li>\n<li><strong>Strok Uzunlu\u011fu:<\/strong>\u00a0100 mm - 1000 mm (yap\u0131land\u0131r\u0131labilir)<\/li>\n<li><strong>Giri\u015f Voltaj\u0131:<\/strong>\u00a0[Kontrol ortam\u0131n\u0131z i\u00e7in teknik se\u00e7eneklere ba\u015fvurun]<\/li>\n<li><strong>Koruma Derecesi:<\/strong>\u00a0[Uygulaman\u0131za \u00f6zel ayr\u0131nt\u0131lar i\u00e7in bizimle ileti\u015fime ge\u00e7in; dayan\u0131kl\u0131l\u0131k i\u00e7in hem karbon \u00e7eli\u011fi hem de paslanmaz \u00e7elik se\u00e7enekleri mevcuttur]<\/li>\n<\/ul>\n<h2 data-v-md-heading=\"technical-support-1\" data-v-md-line=\"95\">Teknik Destek<\/h2>\n<p data-v-md-line=\"97\">Jimmy Technology, kapsaml\u0131 teknik destek ile 45-EG akt\u00fcat\u00f6r\u00fcn arkas\u0131nda durmaktad\u0131r. Tasar\u0131m ve entegrasyon s\u00fcrecinizi basitle\u015ftirmek i\u00e7in ayr\u0131nt\u0131l\u0131 CAD modellerine, teknik veri sayfalar\u0131na ve tam kablo ba\u011flant\u0131 \u015femalar\u0131na eri\u015fin. M\u00fchendislerimiz, otomasyon sisteminiz i\u00e7in m\u00fckemmel akt\u00fcat\u00f6r\u00fc belirlemenize yard\u0131mc\u0131 olmaya haz\u0131rd\u0131r.<\/p>\n<h2 data-v-md-heading=\"conclusion-1\" data-v-md-line=\"99\">Sonu\u00e7<\/h2>\n<p data-v-md-line=\"101\">Jimmy Technology'nin 45-EG A\u011f\u0131r Hizmet Tipi Vidal\u0131 Lineer Hareket Akt\u00fcat\u00f6r\u00fcn\u00fc se\u00e7in ve bir sonraki projeniz i\u00e7in pazar lideri dayan\u0131kl\u0131l\u0131k, m\u00fchendislik yenili\u011fi ve kan\u0131tlanm\u0131\u015f g\u00fcvenilirli\u011fi g\u00fcvence alt\u0131na al\u0131n.<\/p>\n<p><img fetchpriority=\"high\" decoding=\"async\" class=\"aligncenter size-full wp-image-2714\" src=\"https:\/\/servolinearactuator.com\/wp-content\/uploads\/2025\/07\/45-sp.png\" alt=\"\" width=\"840\" height=\"1106\" srcset=\"https:\/\/servolinearactuator.com\/wp-content\/uploads\/2025\/07\/45-sp.png 840w, https:\/\/servolinearactuator.com\/wp-content\/uploads\/2025\/07\/45-sp-228x300.png 228w, https:\/\/servolinearactuator.com\/wp-content\/uploads\/2025\/07\/45-sp-778x1024.png 778w, https:\/\/servolinearactuator.com\/wp-content\/uploads\/2025\/07\/45-sp-768x1011.png 768w, https:\/\/servolinearactuator.com\/wp-content\/uploads\/2025\/07\/45-sp-600x790.png 600w\" sizes=\"(max-width: 840px) 100vw, 840px\" \/><\/p>\n<p><script src=\"chrome-extension:\/\/fpelahbljekknahkcaegamhcndkfpfnc\/iFrame.js\" type=\"text\/javascript\"><\/script><\/p>","protected":false},"excerpt":{"rendered":"<div class=\"model-prompt-container\" data-turn-role=\"Model\">\n<div class=\"turn-content\">\n<p class=\"ng-star-inserted\"><span class=\"ng-star-inserted\">Jimmy Technology'nin 45-EG Vidal\u0131 Akt\u00fcat\u00f6r\u00fc ile sekt\u00f6r lideri g\u00fc\u00e7 ve hassasiyeti deneyimleyin. Zorlu end\u00fcstriyel otomasyon i\u00e7in \u00fcretilmi\u015ftir.<\/span><\/p>\n<\/div>\n<\/div>\n<p><script src=\"chrome-extension:\/\/fpelahbljekknahkcaegamhcndkfpfnc\/iFrame.js\" type=\"text\/javascript\"><\/script><\/p>","protected":false},"featured_media":2518,"template":"","meta":{"_kad_post_transparent":"default","_kad_post_title":"","_kad_post_layout":"default","_kad_post_sidebar_id":"","_kad_post_content_style":"default","_kad_post_vertical_padding":"default","_kad_post_feature":"","_kad_post_feature_position":"","_kad_post_header":false,"_kad_post_footer":false,"_kad_post_classname":""},"product_brand":[],"product_cat":[587,573,566,581,564,547,567,576],"product_tag":[589,588,590],"class_list":{"0":"post-2374","1":"product","2":"type-product","3":"status-publish","4":"has-post-thumbnail","6":"product_cat-actuators-by-drive-type","7":"product_cat-actuators-by-environment","8":"product_cat-actuators-by-force-duty","9":"product_cat-actuators-by-popular-application","10":"product_cat-actuators-by-screw-type","11":"product_cat-ball-screw-actuators","12":"product_cat-heavy-duty-linear-actuators","13":"product_cat-industrial-linear-actuators","14":"product_tag-ball-screw-motion-actuator","15":"product_tag-heavy-duty-motion-actuator","16":"product_tag-linear-motion-actuator","18":"first","19":"instock","20":"shipping-taxable","21":"product-type-simple","22":"entry","23":"content-bg","24":"loop-entry"},"_links":{"self":[{"href":"https:\/\/servolinearactuator.com\/tr\/wp-json\/wp\/v2\/product\/2374","targetHints":{"allow":["GET"]}}],"collection":[{"href":"https:\/\/servolinearactuator.com\/tr\/wp-json\/wp\/v2\/product"}],"about":[{"href":"https:\/\/servolinearactuator.com\/tr\/wp-json\/wp\/v2\/types\/product"}],"wp:featuredmedia":[{"embeddable":true,"href":"https:\/\/servolinearactuator.com\/tr\/wp-json\/wp\/v2\/media\/2518"}],"wp:attachment":[{"href":"https:\/\/servolinearactuator.com\/tr\/wp-json\/wp\/v2\/media?parent=2374"}],"wp:term":[{"taxonomy":"product_brand","embeddable":true,"href":"https:\/\/servolinearactuator.com\/tr\/wp-json\/wp\/v2\/product_brand?post=2374"},{"taxonomy":"product_cat","embeddable":true,"href":"https:\/\/servolinearactuator.com\/tr\/wp-json\/wp\/v2\/product_cat?post=2374"},{"taxonomy":"product_tag","embeddable":true,"href":"https:\/\/servolinearactuator.com\/tr\/wp-json\/wp\/v2\/product_tag?post=2374"}],"curies":[{"name":"wp","href":"https:\/\/api.w.org\/{rel}","templated":true}]}}