{"id":2373,"date":"2025-07-08T14:02:58","date_gmt":"2025-07-08T14:02:58","guid":{"rendered":"https:\/\/servolinearactuator.com\/?post_type=product&#038;p=2373"},"modified":"2025-07-24T22:21:01","modified_gmt":"2025-07-24T14:21:01","slug":"64-eg-gantry-robot-linear-guide-motion-actuator","status":"publish","type":"product","link":"https:\/\/servolinearactuator.com\/tr\/64-eg-gantry-robot-linear-guide-motion-actuator\/","title":{"rendered":"64-EG Gantry Robot Lineer K\u0131lavuz ve Hareket Akt\u00fcat\u00f6r\u00fc"},"content":{"rendered":"<p data-v-md-line=\"3\">Jimmy Technology'nin 64-EG Gantry Robot Lineer K\u0131lavuz ve Hareket Akt\u00fcat\u00f6r\u00fc ile fabrikan\u0131z, deponuz veya geli\u015fmi\u015f \u00fcretim h\u00fccreniz i\u00e7in y\u00fcksek hassasiyetli, a\u011f\u0131r hizmet otomasyonunun kilidini a\u00e7\u0131n. G\u00fc\u00e7, g\u00fcvenilirlik ve sorunsuz entegrasyon i\u00e7in tasarlanan end\u00fcstriyel otomasyonun gelece\u011fini deneyimleyin.<\/p>\n<p data-v-md-line=\"5\"><strong>\u00d6zellikler ve Avantajlar<\/strong><\/p>\n<ul data-v-md-line=\"7\">\n<li><strong>Karbon \u00c7elik K\u0131lavuz Raylar\u0131 ile Sa\u011flam Yap\u0131:<\/strong>\u00a0Zorlu end\u00fcstriyel ortamlara dayanacak \u015fekilde \u00fcretilen 64-EG Gantry Sistemi, ola\u011fan\u00fcst\u00fc dayan\u0131kl\u0131l\u0131k ve uzun hizmet \u00f6mr\u00fc i\u00e7in y\u00fcksek kaliteli karbon \u00e7elik raylardan yararlan\u0131r. Bu da daha az ar\u0131za s\u00fcresi ve daha d\u00fczenli \u00fcretim anlam\u0131na gelir.<\/li>\n<li><strong>Y\u00fcksek Y\u00fck Kapasitesi:<\/strong>\u00a0A\u011f\u0131r y\u00fck uygulamalar\u0131 i\u00e7in tasarlanan bu akt\u00fcat\u00f6r serisi, yatay olarak 60 kg'a ve dikey olarak 30 kg'a kadar destekler. \u00d6nemli montajlar\u0131, par\u00e7alar\u0131 veya tak\u0131mlar\u0131 g\u00fcvenle ta\u015f\u0131y\u0131n; a\u011f\u0131r hizmet tipi portal g\u00f6revleri i\u00e7in m\u00fckemmeldir.<\/li>\n<li><strong>Hassas Bilyal\u0131 Vida \u015eanz\u0131man:<\/strong>\u00a0Entegre bilyal\u0131 vidal\u0131 akt\u00fcat\u00f6r, \u00b10,02 mm'lik tekrar konumland\u0131rma hassasiyeti ile ultra yumu\u015fak hareketi garanti eder. Montaj kalitesini art\u0131ran ve hatalar\u0131 en aza indiren istikrarl\u0131, y\u00fcksek hassasiyetli do\u011frusal hareketin keyfini \u00e7\u0131kar\u0131n.<\/li>\n<li><strong>\u00c7ok Y\u00f6nl\u00fc Strok Uzunlu\u011fu \u00d6zelle\u015ftirme:<\/strong>\u00a0Her bir 64-EG'yi, 100 mm ile 1500 mm aras\u0131nda de\u011fi\u015fen ayarlanabilir strok uzunluklar\u0131yla, ister kompakt bir alma ve yerle\u015ftirme istasyonu ister uzun hareket mesafeli bir portal robot olsun, uygulaman\u0131z\u0131n benzersiz gereksinimlerine tam olarak uyacak \u015fekilde uyarlayabilirsiniz.<\/li>\n<li><strong>Esnek Montaj ve Mod\u00fcler Tasar\u0131m:<\/strong>\u00a0\u0130ster geni\u015fletilmi\u015f s\u00fcrg\u00fclere, ister \u00e7ok eksenli kurulumlara veya \u00f6zel montajlara ihtiyac\u0131n\u0131z olsun, 64-EG Lineer K\u0131lavuz sorunsuz bir \u015fekilde entegre olur (DC64-SP-EG-JC gibi geni\u015fletilmi\u015f s\u00fcrg\u00fcler dahil). Bu, kurulum zahmetini azalt\u0131r ve tasar\u0131m \u00f6zg\u00fcrl\u00fc\u011f\u00fcn\u00fcz\u00fc en \u00fcst d\u00fczeye \u00e7\u0131kar\u0131r.<\/li>\n<\/ul>\n<p data-v-md-line=\"13\"><strong>Geni\u015f Uygulamalar<\/strong><\/p>\n<p data-v-md-line=\"15\">64-EG Lineer K\u0131lavuz ve Hareket Akt\u00fcat\u00f6r\u00fc, geli\u015fmi\u015f portal robot tasar\u0131mlar\u0131, end\u00fcstriyel otomasyon \u00e7\u00f6z\u00fcmleri, CNC i\u015fleme, alma ve yerle\u015ftirme otomasyonu, otomatik montaj hatlar\u0131, malzeme ta\u015f\u0131ma robotlar\u0131 ve \u00f6zel end\u00fcstriyel makinelere g\u00fc\u00e7 veren m\u00fchendisler ve sistem entegrat\u00f6rleri i\u00e7in sa\u011flam bir se\u00e7imdir. Bu seri, otomotiv montaj\u0131ndan y\u00fcksek h\u0131zl\u0131 e-ticaret yerine getirmeye kadar \u00e7ok eksenli robotik ve hassas fabrika otomasyonu projelerinde g\u00fcvenilir sonu\u00e7lar sunar.<\/p>\n<p data-v-md-line=\"17\"><strong>Teknik \u00d6zellikler<\/strong><\/p>\n<ul data-v-md-line=\"19\">\n<li><strong>Kuvvet:<\/strong>\u00a060 kg'a kadar yatay y\u00fck, 30 kg'a kadar dikey y\u00fck<\/li>\n<li><strong>H\u0131z:<\/strong>\u00a0Uygulama ve aktar\u0131m oran\u0131na g\u00f6re yap\u0131land\u0131r\u0131labilir (se\u00e7enekler i\u00e7in teknik veri sayfas\u0131na bak\u0131n)<\/li>\n<li><strong>Strok Uzunlu\u011fu:<\/strong>\u00a0100 mm ila 1500 mm (art\u0131\u015flarla \u00f6zelle\u015ftirilebilir)<\/li>\n<li><strong>Giri\u015f Voltaj\u0131:<\/strong>\u00a0Uyumlu s\u00fcr\u00fcc\u00fc sistemleri arac\u0131l\u0131\u011f\u0131yla standart otomasyon kontrol gerilimleri ile entegrasyonu destekler<\/li>\n<li><strong>Koruma Derecesi:<\/strong>\u00a0(Konfig\u00fcrasyona ba\u011fl\u0131 olarak \u00e7evresel ve IP derecelendirmeleri i\u00e7in ayr\u0131nt\u0131l\u0131 veri sayfas\u0131na bak\u0131n)<\/li>\n<\/ul>\n<p data-v-md-line=\"25\"><strong>Teknik Destek<\/strong><\/p>\n<p data-v-md-line=\"27\">Jimmy Technology, 64-EG Gantry Robot Lineer K\u0131lavuz ve Hareket Akt\u00fcat\u00f6r\u00fcn\u00fc CAD modelleri, teknik veri sayfalar\u0131, ba\u011flant\u0131 \u015femalar\u0131 ve tam m\u00fchendislik k\u0131lavuzlar\u0131 dahil olmak \u00fczere kapsaml\u0131 teknik belgelerle desteklemektedir. Uzmanlar\u0131m\u0131z, yedek par\u00e7a ve h\u0131zl\u0131 \u00fcr\u00fcn deste\u011fi ile sorunsuz kurulum ve maksimum performans elde etmenize yard\u0131mc\u0131 olmak i\u00e7in her zaman haz\u0131rd\u0131r.<\/p>\n<p data-v-md-line=\"29\"><strong>Sonu\u00e7<\/strong><\/p>\n<p data-v-md-line=\"31\">Jimmy Technology'yi se\u00e7mek kaliteyi, yenili\u011fi ve g\u00f6n\u00fcl rahatl\u0131\u011f\u0131n\u0131 se\u00e7mek demektir. Hassasiyet, g\u00fc\u00e7 ve uzun \u00f6m\u00fcrl\u00fcl\u00fck elde edin - tam da otomasyon projenizin en \u00e7ok ihtiya\u00e7 duydu\u011fu yerde.<\/p>\n<p><img fetchpriority=\"high\" decoding=\"async\" class=\"aligncenter size-full wp-image-2716\" src=\"https:\/\/servolinearactuator.com\/wp-content\/uploads\/2025\/07\/64-eg.png\" alt=\"\" width=\"843\" height=\"1139\" srcset=\"https:\/\/servolinearactuator.com\/wp-content\/uploads\/2025\/07\/64-eg.png 843w, https:\/\/servolinearactuator.com\/wp-content\/uploads\/2025\/07\/64-eg-222x300.png 222w, https:\/\/servolinearactuator.com\/wp-content\/uploads\/2025\/07\/64-eg-758x1024.png 758w, https:\/\/servolinearactuator.com\/wp-content\/uploads\/2025\/07\/64-eg-768x1038.png 768w, https:\/\/servolinearactuator.com\/wp-content\/uploads\/2025\/07\/64-eg-600x811.png 600w\" sizes=\"(max-width: 843px) 100vw, 843px\" \/><\/p>\n<p><script src=\"chrome-extension:\/\/fpelahbljekknahkcaegamhcndkfpfnc\/iFrame.js\" type=\"text\/javascript\"><\/script><\/p>","protected":false},"excerpt":{"rendered":"<div class=\"model-prompt-container\" data-turn-role=\"Model\">\n<div class=\"turn-content\">\n<p class=\"ng-star-inserted\"><span class=\"ng-star-inserted\">Jimmy Technology'den 64-EG Gantry Robot: A\u011f\u0131r hizmet tipi, y\u00fcksek hassasiyetli otomasyon. Sorunsuz entegrasyon ile g\u00fc\u00e7l\u00fc, g\u00fcvenilir performans\u0131 deneyimleyin.<\/span><\/p>\n<\/div>\n<\/div>\n<p><script src=\"chrome-extension:\/\/fpelahbljekknahkcaegamhcndkfpfnc\/iFrame.js\" type=\"text\/javascript\"><\/script><\/p>\n<p><script src=\"chrome-extension:\/\/fpelahbljekknahkcaegamhcndkfpfnc\/iFrame.js\" type=\"text\/javascript\"><\/script><\/p>","protected":false},"featured_media":2549,"template":"","meta":{"_kad_post_transparent":"default","_kad_post_title":"","_kad_post_layout":"default","_kad_post_sidebar_id":"","_kad_post_content_style":"default","_kad_post_vertical_padding":"default","_kad_post_feature":"","_kad_post_feature_position":"","_kad_post_header":false,"_kad_post_footer":false,"_kad_post_classname":""},"product_brand":[],"product_cat":[587,581,557,585,556,586,562],"product_tag":[591,592,593],"class_list":{"0":"post-2373","1":"product","2":"type-product","3":"status-publish","4":"has-post-thumbnail","6":"product_cat-actuators-by-drive-type","7":"product_cat-actuators-by-popular-application","8":"product_cat-controllers-accessories","9":"product_cat-diy-projects-robotics","10":"product_cat-electric-cylinders","11":"product_cat-industrial-automation","12":"product_cat-linear-guides-rails","13":"product_tag-gantry-robot-actuator","14":"product_tag-linear-guide-actuator","15":"product_tag-motion-actuator","17":"first","18":"instock","19":"shipping-taxable","20":"product-type-simple","21":"entry","22":"content-bg","23":"loop-entry"},"_links":{"self":[{"href":"https:\/\/servolinearactuator.com\/tr\/wp-json\/wp\/v2\/product\/2373","targetHints":{"allow":["GET"]}}],"collection":[{"href":"https:\/\/servolinearactuator.com\/tr\/wp-json\/wp\/v2\/product"}],"about":[{"href":"https:\/\/servolinearactuator.com\/tr\/wp-json\/wp\/v2\/types\/product"}],"wp:featuredmedia":[{"embeddable":true,"href":"https:\/\/servolinearactuator.com\/tr\/wp-json\/wp\/v2\/media\/2549"}],"wp:attachment":[{"href":"https:\/\/servolinearactuator.com\/tr\/wp-json\/wp\/v2\/media?parent=2373"}],"wp:term":[{"taxonomy":"product_brand","embeddable":true,"href":"https:\/\/servolinearactuator.com\/tr\/wp-json\/wp\/v2\/product_brand?post=2373"},{"taxonomy":"product_cat","embeddable":true,"href":"https:\/\/servolinearactuator.com\/tr\/wp-json\/wp\/v2\/product_cat?post=2373"},{"taxonomy":"product_tag","embeddable":true,"href":"https:\/\/servolinearactuator.com\/tr\/wp-json\/wp\/v2\/product_tag?post=2373"}],"curies":[{"name":"wp","href":"https:\/\/api.w.org\/{rel}","templated":true}]}}