{"id":2371,"date":"2025-07-08T14:02:48","date_gmt":"2025-07-08T14:02:48","guid":{"rendered":"https:\/\/servolinearactuator.com\/?post_type=product&#038;p=2371"},"modified":"2025-07-24T22:19:59","modified_gmt":"2025-07-24T14:19:59","slug":"64-sp-high-precision-ball-screw-linear-motion-stage","status":"publish","type":"product","link":"https:\/\/servolinearactuator.com\/tr\/64-sp-high-precision-ball-screw-linear-motion-stage\/","title":{"rendered":"64-SP Y\u00fcksek Hassasiyetli Bilyal\u0131 Vidal\u0131 Lineer Hareket Kademesi"},"content":{"rendered":"<p data-v-md-line=\"3\">Otomasyon kurulumunuzda \u00fcst\u00fcn hassasiyet ve kaya gibi sa\u011flam g\u00fcvenilirlik mi ar\u0131yorsunuz? Jimmy Technology'nin 64-SP Y\u00fcksek Hassasiyetli Bilyal\u0131 Vidal\u0131 Lineer Hareket Kademesi, zorlu hareket kontrol\u00fc i\u00e7in yeni bir \u00f6l\u00e7\u00fct belirleyerek her t\u00fcrl\u00fc ileri m\u00fchendislik, \u00fcretim veya ara\u015ft\u0131rma ortam\u0131nda g\u00fcven uyand\u0131racak do\u011fruluk ve performans sunar.<\/p>\n<h2 data-v-md-heading=\"features-and-benefits\" data-v-md-line=\"5\">\u00d6zellikler ve Avantajlar<\/h2>\n<ul data-v-md-line=\"7\">\n<li><strong>E\u015fsiz Konumland\u0131rma Hassasiyeti:<\/strong>\u00a064-SP, \u00b10,02 mm tekrar konumland\u0131rma hassasiyeti sa\u011flayan sa\u011flam bir vidal\u0131 mil aktar\u0131m sistemine sahiptir. Bu, otomasyon veya robotik s\u00fcrecinizin her seferinde y\u00fcksek tekrarlanabilirlik sa\u011flad\u0131\u011f\u0131 anlam\u0131na gelir.<\/li>\n<li><strong>A\u011f\u0131r Y\u00fck Ta\u015f\u0131ma:<\/strong>\u00a0End\u00fcstriyel g\u00f6revler i\u00e7in tasarlanan bu y\u00fcksek y\u00fckl\u00fc lineer kademe, yatay olarak 60 kg'a ve dikey olarak 30 kg'a kadar destekler, b\u00f6ylece a\u011f\u0131r montajlar\u0131 veya y\u00fckleri hareket do\u011frulu\u011fundan \u00f6d\u00fcn vermeden ta\u015f\u0131yabilirsiniz.<\/li>\n<li><strong>Dayan\u0131kl\u0131, \u00c7ok Y\u00f6nl\u00fc Yap\u0131:<\/strong>\u00a0Karbon \u00e7eli\u011fi ve paslanmaz \u00e7elik k\u0131lavuz raylar aras\u0131ndan se\u00e7im yap\u0131n ve rijit, titre\u015fim s\u00f6n\u00fcmleyici bir yap\u0131dan yararlan\u0131n. 64-SP, y\u00fcksek \u00e7evrimli kullan\u0131ma dayan\u0131r ve maksimum y\u00fck alt\u0131nda bile deformasyona kar\u015f\u0131 diren\u00e7 g\u00f6stererek tipik lineer k\u0131zaklardan daha iyi performans g\u00f6sterir.<\/li>\n<li><strong>Esnek Strok Uzunluklar\u0131:<\/strong>\u00a0Etkili strok uzunluklar\u0131 aras\u0131ndan 100 mm ile 1500 mm aras\u0131nda se\u00e7im yap\u0131n. \u0130ster mikro konumland\u0131rma ister daha uzun hareket ihtiyac\u0131n\u0131z olsun, uygulaman\u0131z\u0131n gerektirdi\u011fi hareket aral\u0131\u011f\u0131n\u0131 tam olarak elde edersiniz.<\/li>\n<li><strong>Entegre G\u00fcvenlik ve Uyarlanabilirlik:<\/strong>\u00a0T yuval\u0131 somunlar, u\u00e7 montaj delikleri ve iste\u011fe ba\u011fl\u0131 limit anahtarlar\u0131 entegrasyonu kolayla\u015ft\u0131rman\u0131za yard\u0131mc\u0131 olur. Bu \u00f6zellikler ekipman\u0131n\u0131z\u0131 korur ve herhangi bir end\u00fcstriyel sisteme veya \u00e7ok eksenli uygulamaya h\u0131zl\u0131 bir \u015fekilde hizalanmas\u0131n\u0131 sa\u011flar.<\/li>\n<li><strong>H\u0131zda Performans:<\/strong>\u00a0Y\u00fcksek verimli vidal\u0131 mil mekani\u011fi, h\u0131zl\u0131 h\u0131zlanma ve yava\u015flama sa\u011flayarak hassasiyetten \u00f6d\u00fcn vermeden verimi art\u0131rman\u0131za olanak tan\u0131r.<\/li>\n<li><strong>Mod\u00fcler ve \u00d6zelle\u015ftirilebilir:<\/strong>\u00a0Sistem, paralel motor montaj\u0131, geni\u015fletilmi\u015f s\u00fcrg\u00fcler ve motor uyumlulu\u011fu i\u00e7in uyarlanabilir - ister step motorlar, ister servo motorlar \u00e7al\u0131\u015ft\u0131r\u0131yor olun veya kapal\u0131 d\u00f6ng\u00fc kontrol\u00fc i\u00e7in kodlay\u0131c\u0131 geri bildirimine ihtiyac\u0131n\u0131z olsun.<\/li>\n<\/ul>\n<h2 data-v-md-heading=\"wide-applications\" data-v-md-line=\"15\">Geni\u015f Uygulamalar<\/h2>\n<p data-v-md-line=\"17\">64-SP vidal\u0131 lineer akt\u00fcat\u00f6r, yar\u0131 iletken \u00fcretim hatlar\u0131, robotik, laboratuvar otomasyonu, t\u0131bbi cihaz montaj\u0131, hassas CNC bile\u015fenleri, denetim ve metroloji ekipmanlar\u0131, optik hizalama ve end\u00fcstriyel tak\u0131m tezgahlar\u0131 dahil olmak \u00fczere geli\u015fmi\u015f otomasyon i\u00e7in ideal se\u00e7imdir. Temiz oda, zorlu veya y\u00fcksek verimli ortamlarda m\u00fckemmel olacak \u015fekilde tasarlanan bu \u00fcr\u00fcn, y\u00fcksek hassasiyetin en \u00f6nemli oldu\u011fu her yerde g\u00fcvenilirlik sa\u011flar.<\/p>\n<h2 data-v-md-heading=\"specifications\" data-v-md-line=\"19\">Teknik \u00d6zellikler<\/h2>\n<ul data-v-md-line=\"21\">\n<li><strong>Kuvvet:<\/strong>\u00a060 kg'a kadar (yatay), 30 kg'a kadar (dikey) dinamik y\u00fck kapasitesi<\/li>\n<li><strong>H\u0131z:<\/strong>\u00a0Modelinizin ihtiya\u00e7lar\u0131na g\u00f6re uyarlanm\u0131\u015f h\u0131zlanma\/yava\u015flama oranlar\u0131 ile y\u00fcksek h\u0131z (t\u00fcm \u00fcr\u00fcn yelpazesi i\u00e7in teknik veri sayfas\u0131na bak\u0131n)<\/li>\n<li><strong>Strok Uzunlu\u011fu:<\/strong>\u00a0100 mm ila 1500 mm (\u00e7oklu konfig\u00fcrasyonlar mevcuttur)<\/li>\n<li><strong>Giri\u015f Voltaj\u0131:<\/strong>\u00a0Step veya servo motor konfig\u00fcrasyonlar\u0131 ile uyumludur (entegrasyon ayr\u0131nt\u0131lar\u0131 i\u00e7in motor teknik \u00f6zellik sayfas\u0131na bak\u0131n)<\/li>\n<li><strong>Koruma Derecesi:<\/strong>\u00a0Zorlu end\u00fcstriyel ortamlarda kullan\u0131m i\u00e7in iste\u011fe ba\u011fl\u0131 limit alg\u0131lama anahtarlar\u0131 ve sa\u011flamla\u015ft\u0131r\u0131lm\u0131\u015f bile\u015fenler<\/li>\n<\/ul>\n<h2 data-v-md-heading=\"technical-support\" data-v-md-line=\"27\">Teknik Destek<\/h2>\n<p data-v-md-line=\"29\">64-SP i\u00e7in ayr\u0131nt\u0131l\u0131 kablo ba\u011flant\u0131 \u015femalar\u0131, CAD modelleri ve eksiksiz teknik veri sayfalar\u0131 dahil olmak \u00fczere kapsaml\u0131 teknik destek sa\u011fl\u0131yoruz. Deneyimli m\u00fchendislerimiz, ilk se\u00e7imden sat\u0131\u015f sonras\u0131 deste\u011fe kadar entegrasyonunuzu kolayla\u015ft\u0131rmaya yard\u0131mc\u0131 olmaya haz\u0131rd\u0131r.<\/p>\n<h2 data-v-md-heading=\"conclusion\" data-v-md-line=\"31\">Sonu\u00e7<\/h2>\n<p data-v-md-line=\"33\">Jimmy Technology'yi se\u00e7in ve ba\u015fka bir lineer kademeden daha fazlas\u0131n\u0131 elde edin: pazar lideri yenilik, sa\u011flam dayan\u0131kl\u0131l\u0131k ve otomasyon projenizin hak etti\u011fi performans avantaj\u0131n\u0131 elde edersiniz. 64-SP'yi bir sonraki hassas hareket uygulaman\u0131z\u0131n bel kemi\u011fi yap\u0131n.<\/p>\n<p><img fetchpriority=\"high\" decoding=\"async\" class=\"aligncenter size-full wp-image-2713\" src=\"https:\/\/servolinearactuator.com\/wp-content\/uploads\/2025\/07\/64-sp.png\" alt=\"\" width=\"845\" height=\"1098\" srcset=\"https:\/\/servolinearactuator.com\/wp-content\/uploads\/2025\/07\/64-sp.png 845w, https:\/\/servolinearactuator.com\/wp-content\/uploads\/2025\/07\/64-sp-231x300.png 231w, https:\/\/servolinearactuator.com\/wp-content\/uploads\/2025\/07\/64-sp-788x1024.png 788w, https:\/\/servolinearactuator.com\/wp-content\/uploads\/2025\/07\/64-sp-768x998.png 768w, https:\/\/servolinearactuator.com\/wp-content\/uploads\/2025\/07\/64-sp-600x780.png 600w\" sizes=\"(max-width: 845px) 100vw, 845px\" \/><\/p>\n<p><script src=\"chrome-extension:\/\/fpelahbljekknahkcaegamhcndkfpfnc\/iFrame.js\" type=\"text\/javascript\"><\/script><\/p>","protected":false},"excerpt":{"rendered":"<div class=\"model-prompt-container\" data-turn-role=\"Model\">\n<div class=\"turn-content\">\n<p class=\"ng-star-inserted\"><span class=\"ng-star-inserted\">Jimmy Technology'nin 64-SP Bilyal\u0131 Vidal\u0131 Lineer Kademesi ile \u00fcst\u00fcn hassasiyet elde edin. Zorlu otomasyon i\u00e7in kaya gibi sa\u011flam g\u00fcvenilirlik.<\/span><\/p>\n<\/div>\n<\/div>\n<p><script src=\"chrome-extension:\/\/fpelahbljekknahkcaegamhcndkfpfnc\/iFrame.js\" type=\"text\/javascript\"><\/script><\/p>","protected":false},"featured_media":2526,"template":"","meta":{"_kad_post_transparent":"default","_kad_post_title":"","_kad_post_layout":"default","_kad_post_sidebar_id":"","_kad_post_content_style":"default","_kad_post_vertical_padding":"default","_kad_post_feature":"","_kad_post_feature_position":"","_kad_post_header":false,"_kad_post_footer":false,"_kad_post_classname":""},"product_brand":[],"product_cat":[587,581,564,547,557,586,562],"product_tag":[595,594,596],"class_list":{"0":"post-2371","1":"product","2":"type-product","3":"status-publish","4":"has-post-thumbnail","6":"product_cat-actuators-by-drive-type","7":"product_cat-actuators-by-popular-application","8":"product_cat-actuators-by-screw-type","9":"product_cat-ball-screw-actuators","10":"product_cat-controllers-accessories","11":"product_cat-industrial-automation","12":"product_cat-linear-guides-rails","13":"product_tag-ball-screw-linear-motion","14":"product_tag-high-precision-linear-motion","15":"product_tag-linear-motion","17":"first","18":"instock","19":"shipping-taxable","20":"product-type-simple","21":"entry","22":"content-bg","23":"loop-entry"},"_links":{"self":[{"href":"https:\/\/servolinearactuator.com\/tr\/wp-json\/wp\/v2\/product\/2371","targetHints":{"allow":["GET"]}}],"collection":[{"href":"https:\/\/servolinearactuator.com\/tr\/wp-json\/wp\/v2\/product"}],"about":[{"href":"https:\/\/servolinearactuator.com\/tr\/wp-json\/wp\/v2\/types\/product"}],"wp:featuredmedia":[{"embeddable":true,"href":"https:\/\/servolinearactuator.com\/tr\/wp-json\/wp\/v2\/media\/2526"}],"wp:attachment":[{"href":"https:\/\/servolinearactuator.com\/tr\/wp-json\/wp\/v2\/media?parent=2371"}],"wp:term":[{"taxonomy":"product_brand","embeddable":true,"href":"https:\/\/servolinearactuator.com\/tr\/wp-json\/wp\/v2\/product_brand?post=2371"},{"taxonomy":"product_cat","embeddable":true,"href":"https:\/\/servolinearactuator.com\/tr\/wp-json\/wp\/v2\/product_cat?post=2371"},{"taxonomy":"product_tag","embeddable":true,"href":"https:\/\/servolinearactuator.com\/tr\/wp-json\/wp\/v2\/product_tag?post=2371"}],"curies":[{"name":"wp","href":"https:\/\/api.w.org\/{rel}","templated":true}]}}