{"id":2370,"date":"2025-07-08T14:02:42","date_gmt":"2025-07-08T14:02:42","guid":{"rendered":"https:\/\/servolinearactuator.com\/?post_type=product&#038;p=2370"},"modified":"2025-07-24T22:19:09","modified_gmt":"2025-07-24T14:19:09","slug":"45-eg-sealed-industrial-linear-motion-module-oem","status":"publish","type":"product","link":"https:\/\/servolinearactuator.com\/tr\/45-eg-sealed-industrial-linear-motion-module-oem\/","title":{"rendered":"45-EG S\u0131zd\u0131rmaz End\u00fcstriyel Do\u011frusal Hareket Mod\u00fcl\u00fc OEM"},"content":{"rendered":"<p data-v-md-line=\"3\">Jimmy Technology'nin 45-EG S\u0131zd\u0131rmaz End\u00fcstriyel Lineer Hareket Mod\u00fcl\u00fc ile otomasyonunuzu bir \u00fcst seviyeye ta\u015f\u0131y\u0131n - zorlu OEM ve zorlu end\u00fcstriyel ortamlar i\u00e7in a\u00e7\u0131k\u00e7a tasarlanm\u0131\u015f sa\u011flam, hassas haz\u0131rlanm\u0131\u015f bir \u00e7\u00f6z\u00fcm.<\/p>\n<h2 data-v-md-heading=\"features-and-benefits\" data-v-md-line=\"5\">\u00d6zellikler ve Avantajlar<\/h2>\n<ul data-v-md-line=\"7\">\n<li><strong>Zorlu Ortamlar i\u00e7in S\u0131zd\u0131rmaz Koruma:<\/strong>\u00a045-EG'nin s\u0131zd\u0131rmaz yap\u0131s\u0131, dahili bile\u015fenleri toza, d\u00f6k\u00fcnt\u00fclere ve end\u00fcstriyel kirleticilere kar\u015f\u0131 korur. \u0130ster ince partik\u00fcllerle ister ara s\u0131ra y\u0131kamalarla kar\u015f\u0131la\u015f\u0131n, bu hareket kontrol mod\u00fcl\u00fc en y\u00fcksek performans\u0131 korur ve ar\u0131za s\u00fcresini en aza indirir.<\/li>\n<li><strong>Geni\u015f Strok Aral\u0131\u011f\u0131:<\/strong>\u00a0Mod\u00fcl\u00fc, 100 mm'den 4000 mm'ye kadar etkili strok uzunluklar\u0131yla neredeyse t\u00fcm otomasyon veya malzeme ta\u015f\u0131ma sistemlerine uyarlay\u0131n. Bu gibi esneklikler OEM'ler ve sistem tasar\u0131mc\u0131lar\u0131 i\u00e7in sonsuz entegrasyon f\u0131rsatlar\u0131 yarat\u0131r.<\/li>\n<li><strong>A\u011f\u0131r Hizmet Y\u00fck Kapasitesi:<\/strong>\u00a0Sa\u011flam tasar\u0131m\u0131 ve hassas m\u00fchendisli\u011fi ile 45-EG, 25 kg'a kadar yatay ta\u015f\u0131ma y\u00fcklerini destekleyerek orta ve zorlu g\u00f6revlerde \u00fcst\u00fcnl\u00fck sa\u011flar. S\u00fcrekli \u00e7al\u0131\u015fma alt\u0131nda bile tutarl\u0131, tekrarlanabilir do\u011fruluk elde edersiniz.<\/li>\n<li><strong>Sa\u011flam, Korozyona Dayan\u0131kl\u0131 Malzemeler:<\/strong>\u00a0Hem end\u00fcstriyel otomasyon hem de \u00f6zel ortam uygulamalar\u0131 i\u00e7in ideal olan a\u015f\u0131nmaya, sert kimyasallara veya y\u00fcksek neme dayanacak y\u00fcksek kaliteli paslanmaz \u00e7elik veya karbon \u00e7elik k\u0131lavuz raylar\u0131 se\u00e7in.<\/li>\n<li><strong>OEM Entegrasyonu i\u00e7in Optimize Edilmi\u015ftir:<\/strong>\u00a0Esneklik d\u00fc\u015f\u00fcn\u00fclerek tasarlanan bu lineer mod\u00fcl, kompakt bir ayak izi sunar ve \u00e7e\u015fitli montaj y\u00f6nlerini bar\u0131nd\u0131r\u0131r. Yayg\u0131n end\u00fcstriyel servo ve step motor platformlar\u0131yla sorunsuz uyumluluk, sorunsuz entegrasyon sa\u011flar.<\/li>\n<li><strong>TCO'yu D\u00fc\u015f\u00fcren Hizmet \u00d6mr\u00fc:<\/strong>\u00a0S\u0131zd\u0131rmaz muhafaza, bak\u0131m gereksinimlerini azalt\u0131r ve \u00e7al\u0131\u015fma \u00f6mr\u00fcn\u00fc uzatarak mod\u00fcl\u00fcn kullan\u0131m \u00f6mr\u00fc boyunca toplam sahip olma maliyetini azaltman\u0131za yard\u0131mc\u0131 olur.<\/li>\n<\/ul>\n<h2 data-v-md-heading=\"wide-applications\" data-v-md-line=\"14\">Geni\u015f Uygulamalar<\/h2>\n<p data-v-md-line=\"16\">\u00c7ok y\u00f6nl\u00fcl\u00fck i\u00e7in tasarlanan 45-EG S\u0131zd\u0131rmaz End\u00fcstriyel Lineer Hareket Mod\u00fcl\u00fc, modern end\u00fcstriyel otomasyon, paketleme makineleri, malzeme ta\u015f\u0131ma, geli\u015fmi\u015f robotik ve s\u0131k y\u0131kamalar\u0131n veya havadaki partik\u00fcllerin g\u00fcvenilirli\u011fi tehdit etti\u011fi y\u00fcksek hassasiyetli OEM \u00e7\u00f6z\u00fcmleri i\u00e7in m\u00fckemmel bir se\u00e7imdir.<\/p>\n<h2 data-v-md-heading=\"specifications\" data-v-md-line=\"18\">Teknik \u00d6zellikler<\/h2>\n<ul data-v-md-line=\"20\">\n<li><strong>Kuvvet:<\/strong>\u00a025 kg'a kadar yatay y\u00fck kapasitesi<\/li>\n<li><strong>H\u0131z:<\/strong>\u00a0Servo veya step motor se\u00e7imi ile konfig\u00fcre edilebilir (kesin de\u011ferler konfig\u00fcrasyona ba\u011fl\u0131d\u0131r)<\/li>\n<li><strong>Strok Uzunlu\u011fu:<\/strong>\u00a0100 mm - 4000 mm<\/li>\n<li><strong>Giri\u015f Voltaj\u0131:<\/strong>\u00a0OEM gereksinimlerine g\u00f6re \u00f6zelle\u015ftirilebilir (sipari\u015f verirken belirtin)<\/li>\n<li><strong>Koruma Derecesi:<\/strong>\u00a0S\u0131zd\u0131rmaz \"EG\" tipi - toza ve end\u00fcstriyel kirleticilere kar\u015f\u0131 \u00fcst\u00fcn diren\u00e7<\/li>\n<\/ul>\n<h2 data-v-md-heading=\"technical-support\" data-v-md-line=\"26\">Teknik Destek<\/h2>\n<p data-v-md-line=\"28\">Jimmy Technology sizi her ad\u0131mda destekler: ayr\u0131nt\u0131l\u0131 teknik veri sayfalar\u0131na, CAD modellerine ve kapsaml\u0131 kablo ba\u011flant\u0131 \u015femalar\u0131na eri\u015fin. K\u00fcresel m\u00fchendislik ekibimiz, konseptten devreye almaya kadar entegrasyonu optimize etmenize yard\u0131mc\u0131 olmaya haz\u0131rd\u0131r.<\/p>\n<h2 data-v-md-heading=\"conclusion\" data-v-md-line=\"30\">Sonu\u00e7<\/h2>\n<p data-v-md-line=\"32\">45-EG S\u0131zd\u0131rmaz End\u00fcstriyel Lineer Hareket Mod\u00fcl\u00fc ile kan\u0131tlanm\u0131\u015f performansa, benzersiz dayan\u0131kl\u0131l\u0131\u011fa ve m\u00fchendislik m\u00fckemmelli\u011fine sizin kadar ba\u011fl\u0131 bir i\u015f orta\u011f\u0131n\u0131n g\u00fcvencesine yat\u0131r\u0131m yapars\u0131n\u0131z - Jimmy Technology her zaman i\u015finizi ileriye ta\u015f\u0131yan g\u00fcvenilirlik ve yenilikler sunar.<\/p>\n<p><img fetchpriority=\"high\" decoding=\"async\" class=\"aligncenter size-full wp-image-2715\" src=\"https:\/\/servolinearactuator.com\/wp-content\/uploads\/2025\/07\/45-tb.png\" alt=\"\" width=\"996\" height=\"1251\" srcset=\"https:\/\/servolinearactuator.com\/wp-content\/uploads\/2025\/07\/45-tb.png 996w, https:\/\/servolinearactuator.com\/wp-content\/uploads\/2025\/07\/45-tb-239x300.png 239w, https:\/\/servolinearactuator.com\/wp-content\/uploads\/2025\/07\/45-tb-815x1024.png 815w, https:\/\/servolinearactuator.com\/wp-content\/uploads\/2025\/07\/45-tb-768x965.png 768w, https:\/\/servolinearactuator.com\/wp-content\/uploads\/2025\/07\/45-tb-600x754.png 600w\" sizes=\"(max-width: 996px) 100vw, 996px\" \/><\/p>\n<p><script src=\"chrome-extension:\/\/fpelahbljekknahkcaegamhcndkfpfnc\/iFrame.js\" type=\"text\/javascript\"><\/script><\/p>","protected":false},"excerpt":{"rendered":"<div class=\"model-prompt-container\" data-turn-role=\"Model\">\n<div class=\"turn-content\">\n<p class=\"ng-star-inserted\"><span class=\"ng-star-inserted\">Otomasyonunuzu 45-EG S\u0131zd\u0131rmaz Lineer Mod\u00fcl ile y\u00fckseltin. En zorlu OEM ve end\u00fcstriyel ortamlar i\u00e7in sa\u011flam, hassas bir \u00e7\u00f6z\u00fcm.<\/span><\/p>\n<\/div>\n<\/div>\n<p><script src=\"chrome-extension:\/\/fpelahbljekknahkcaegamhcndkfpfnc\/iFrame.js\" type=\"text\/javascript\"><\/script><\/p>","protected":false},"featured_media":2528,"template":"","meta":{"_kad_post_transparent":"default","_kad_post_title":"","_kad_post_layout":"default","_kad_post_sidebar_id":"","_kad_post_content_style":"default","_kad_post_vertical_padding":"default","_kad_post_feature":"","_kad_post_feature_position":"","_kad_post_header":false,"_kad_post_footer":false,"_kad_post_classname":""},"product_brand":[],"product_cat":[587,573,581,564,547,576,574],"product_tag":[598,599,597],"class_list":{"0":"post-2370","1":"product","2":"type-product","3":"status-publish","4":"has-post-thumbnail","6":"product_cat-actuators-by-drive-type","7":"product_cat-actuators-by-environment","8":"product_cat-actuators-by-popular-application","9":"product_cat-actuators-by-screw-type","10":"product_cat-ball-screw-actuators","11":"product_cat-industrial-linear-actuators","12":"product_cat-waterproof-linear-actuators","13":"product_tag-industrial-motion-actuator","14":"product_tag-linear-motion-oem","15":"product_tag-sealed-industrial-motion-actuator","17":"first","18":"instock","19":"shipping-taxable","20":"product-type-simple","21":"entry","22":"content-bg","23":"loop-entry"},"_links":{"self":[{"href":"https:\/\/servolinearactuator.com\/tr\/wp-json\/wp\/v2\/product\/2370","targetHints":{"allow":["GET"]}}],"collection":[{"href":"https:\/\/servolinearactuator.com\/tr\/wp-json\/wp\/v2\/product"}],"about":[{"href":"https:\/\/servolinearactuator.com\/tr\/wp-json\/wp\/v2\/types\/product"}],"wp:featuredmedia":[{"embeddable":true,"href":"https:\/\/servolinearactuator.com\/tr\/wp-json\/wp\/v2\/media\/2528"}],"wp:attachment":[{"href":"https:\/\/servolinearactuator.com\/tr\/wp-json\/wp\/v2\/media?parent=2370"}],"wp:term":[{"taxonomy":"product_brand","embeddable":true,"href":"https:\/\/servolinearactuator.com\/tr\/wp-json\/wp\/v2\/product_brand?post=2370"},{"taxonomy":"product_cat","embeddable":true,"href":"https:\/\/servolinearactuator.com\/tr\/wp-json\/wp\/v2\/product_cat?post=2370"},{"taxonomy":"product_tag","embeddable":true,"href":"https:\/\/servolinearactuator.com\/tr\/wp-json\/wp\/v2\/product_tag?post=2370"}],"curies":[{"name":"wp","href":"https:\/\/api.w.org\/{rel}","templated":true}]}}