{"id":2367,"date":"2025-07-08T14:02:34","date_gmt":"2025-07-08T14:02:34","guid":{"rendered":"https:\/\/servolinearactuator.com\/?post_type=product&#038;p=2367"},"modified":"2025-07-24T22:14:00","modified_gmt":"2025-07-24T14:14:00","slug":"64-sp-custom-oem-linear-motion-systems-for-automation","status":"publish","type":"product","link":"https:\/\/servolinearactuator.com\/tr\/64-sp-custom-oem-linear-motion-systems-for-automation\/","title":{"rendered":"64-SP Otomasyon i\u00e7in \u00d6zel OEM Lineer Hareket Sistemleri"},"content":{"rendered":"<p data-v-md-line=\"3\">Jimmy Technology'nin 64-SP \u00d6zel OEM Lineer Hareket Sistemi ile otomasyon hedeflerinizi yeni zirvelere ta\u015f\u0131y\u0131n. \u00dcst\u00fcn performans i\u00e7in tasarlanan bu sistem, en zorlu end\u00fcstriyel otomasyon zorluklar\u0131 i\u00e7in end\u00fcstri lideri hassasiyet, sa\u011flam dayan\u0131kl\u0131l\u0131k ve esneklik sunar.<\/p>\n<h2 data-v-md-heading=\"features-and-benefits\" data-v-md-line=\"5\">\u00d6zellikler ve Avantajlar<\/h2>\n<ul data-v-md-line=\"7\">\n<li>\n<p data-v-md-line=\"7\"><strong>Her Ortama Uygun \u00d6zel Yap\u0131<\/strong><br \/>\nZorlu veya temiz oda ortamlar\u0131nda \u00e7al\u0131\u015f\u0131rken bile \u00fcst\u00fcn korozyon direnci ve uzun \u00f6m\u00fcr sa\u011flayan y\u00fcksek kaliteli karbon \u00e7eli\u011fi veya sa\u011flam paslanmaz \u00e7elik k\u0131lavuz raylar aras\u0131ndan se\u00e7im yap\u0131n.<\/p>\n<\/li>\n<li>\n<p data-v-md-line=\"10\"><strong>A\u011f\u0131r Hizmet Tipi Y\u00fck Ta\u015f\u0131ma, Dikey veya Yatay<\/strong><br \/>\nYatay olarak 60 kg ve dikey olarak 30 kg maksimum y\u00fck kapasitesine sahip olan bu seri, \u00e7ok eksenli robotikten otomatik malzeme ta\u015f\u0131maya kadar her \u015feyi destekleyerek geli\u015fmi\u015f montaj hatlar\u0131nda ve entegre OEM hareket kontrol platformlar\u0131nda paha bi\u00e7ilmez bir varl\u0131k haline gelir.<\/p>\n<\/li>\n<li>\n<p data-v-md-line=\"13\"><strong>OEM \u0130novasyonu i\u00e7in S\u0131n\u0131rs\u0131z \u00d6zelle\u015ftirme<\/strong><br \/>\nStrok uzunluklar\u0131n\u0131 100 mm'den 1500 mm'ye kadar istedi\u011finiz yerde belirleyin. Geni\u015fletilmi\u015f s\u00fcrg\u00fc se\u00e7enekleri ve otomasyon ayak izinize hassas uyum ile form fakt\u00f6r\u00fc \u00fczerinde tam kontrol sahibi olursunuz.<\/p>\n<\/li>\n<li>\n<p data-v-md-line=\"16\"><strong>Y\u00fcksek Hassasiyetli, Tekrarlanabilir Sonu\u00e7lar<\/strong><br \/>\nEn son bilyal\u0131 vida teknolojisini kullanan 64-SP, \u00b10,02 mm'ye kadar tekrarlanabilirlik sa\u011flar. Bu, \u00f6nde gelen yar\u0131 iletken, t\u0131bbi cihaz otomasyonu ve g\u00f6rsel denetim otomasyonu projelerinin talep etti\u011fi hassasiyettir.<\/p>\n<\/li>\n<li>\n<p data-v-md-line=\"19\"><strong>Sorunsuz Sistem Entegrasyonu i\u00e7in Tasarland\u0131<\/strong><br \/>\nMakine tasar\u0131m s\u00fcrecinizi kolayla\u015ft\u0131r\u0131n. \u00d6zelle\u015ftirilmi\u015f montaj konfig\u00fcrasyonlar\u0131 ve \u00e7e\u015fitli akt\u00fcat\u00f6rler, motorlar ve hareket kontrol bile\u015fenleri ile uyumluluk, bu sistemi hem otomasyon end\u00fcstrisi profesyonelleri hem de makine \u00fcreticileri i\u00e7in bir r\u00fcya haline getirmektedir.<\/p>\n<\/li>\n<\/ul>\n<h2 data-v-md-heading=\"wide-applications\" data-v-md-line=\"22\">Geni\u015f Uygulamalar<\/h2>\n<p data-v-md-line=\"24\">\u0130ster otomatik montaj hatlar\u0131, ister alma ve yerle\u015ftirme i\u00e7in robotik do\u011frusal hareket sistemleri, yar\u0131 iletken \u00fcretim ekipman\u0131 veya y\u00fcksek \u00f6deme y\u00fck\u00fc paketleme otomasyonu tasarl\u0131yor olun, 64-SP performans ve g\u00f6n\u00fcl rahatl\u0131\u011f\u0131 sunar. Esnekli\u011fi ve uyarlanabilirli\u011fi, onu temiz odalar, laboratuvar otomasyonu, t\u0131bbi cihazlar ve geli\u015fmi\u015f hareket kontrol sistemlerinde \u00f6zel otomasyon \u00e7\u00f6z\u00fcmleri i\u00e7in de bariz bir se\u00e7im haline getirir.<\/p>\n<h2 data-v-md-heading=\"specifications\" data-v-md-line=\"26\">Teknik \u00d6zellikler<\/h2>\n<ul data-v-md-line=\"28\">\n<li><strong>K\u0131lavuz Ray Malzemesi<\/strong>: Karbon \u00e7eli\u011fi (DC64-SP-EG) veya paslanmaz \u00e7elik (DC64-SP-MG); geni\u015fletilmi\u015f s\u00fcrg\u00fc se\u00e7ene\u011fi mevcuttur (DC64-SP-EG-JC)<\/li>\n<li><strong>Maksimum Y\u00fck<\/strong>: 60 kg yatay, 30 kg dikey<\/li>\n<li><strong>Etkili Strok Aral\u0131\u011f\u0131<\/strong>: 100 mm - 1500 mm (tamamen \u00f6zelle\u015ftirilebilir)<\/li>\n<li><strong>\u0130letim Tipi<\/strong>: Bilyal\u0131 vida, y\u00fcksek hassasiyet<\/li>\n<li><strong>Tekrarlanabilirlik<\/strong>: \u00b10,02 mm<\/li>\n<li><strong>Entegrasyon<\/strong>: \u00d6zel montaj, \u00e7ok \u00e7e\u015fitli otomasyon bile\u015fenleri ile uyumlu<\/li>\n<\/ul>\n<h2 data-v-md-heading=\"technical-support\" data-v-md-line=\"35\">Teknik Destek<\/h2>\n<p data-v-md-line=\"37\">Jimmy Technology, inovasyonunuzu her ad\u0131mda destekler. Ayr\u0131nt\u0131l\u0131 CAD modellerine, kapsaml\u0131 teknik veri sayfalar\u0131na ve uzman m\u00fchendislik rehberli\u011fine eri\u015febilirsiniz; b\u00f6ylece lineer hareket sisteminiz h\u0131zl\u0131 bir \u015fekilde \u00e7al\u0131\u015f\u0131r ve gelecek y\u0131llar boyunca g\u00fcvenilir kal\u0131r.<\/p>\n<h2 data-v-md-heading=\"conclusion\" data-v-md-line=\"39\">Sonu\u00e7<\/h2>\n<p data-v-md-line=\"41\">Jimmy Technology'nin 64-SP \u00d6zel OEM Lineer Hareket Sistemini se\u00e7erek, hassas m\u00fchendisli\u011fe, kan\u0131tlanm\u0131\u015f dayan\u0131kl\u0131l\u0131\u011fa ve otomasyon m\u00fckemmelli\u011fine sizin kadar ba\u011fl\u0131 bir orta\u011fa yat\u0131r\u0131m yapm\u0131\u015f olursunuz. Bu bir bile\u015fenden daha fazlas\u0131d\u0131r; otomasyon yar\u0131\u015f\u0131nda stratejik avantaj\u0131n\u0131zd\u0131r.<\/p>\n<p><img fetchpriority=\"high\" decoding=\"async\" class=\"aligncenter size-full wp-image-2713\" src=\"https:\/\/servolinearactuator.com\/wp-content\/uploads\/2025\/07\/64-sp.png\" alt=\"\" width=\"845\" height=\"1098\" srcset=\"https:\/\/servolinearactuator.com\/wp-content\/uploads\/2025\/07\/64-sp.png 845w, https:\/\/servolinearactuator.com\/wp-content\/uploads\/2025\/07\/64-sp-231x300.png 231w, https:\/\/servolinearactuator.com\/wp-content\/uploads\/2025\/07\/64-sp-788x1024.png 788w, https:\/\/servolinearactuator.com\/wp-content\/uploads\/2025\/07\/64-sp-768x998.png 768w, https:\/\/servolinearactuator.com\/wp-content\/uploads\/2025\/07\/64-sp-600x780.png 600w\" sizes=\"(max-width: 845px) 100vw, 845px\" \/><\/p>\n<p><script src=\"chrome-extension:\/\/fpelahbljekknahkcaegamhcndkfpfnc\/iFrame.js\" type=\"text\/javascript\"><\/script><\/p>","protected":false},"excerpt":{"rendered":"<div class=\"chat-container\">\n<div class=\"chat-view-container ng-star-inserted\">\n<div>\n<div class=\"chat-turn-container model render cdk-focused cdk-mouse-focused\" tabindex=\"-1\">\n<div class=\"model-prompt-container\" data-turn-role=\"Model\">\n<div class=\"turn-content\">\n<p class=\"ng-star-inserted\"><span class=\"ng-star-inserted\">64-SP \u00d6zel OEM Lineer Hareket Sistemi: Zorlu end\u00fcstriyel otomasyon zorluklar\u0131 i\u00e7in end\u00fcstri lideri hassasiyet, sa\u011flam dayan\u0131kl\u0131l\u0131k ve esneklik.<\/span><\/p>\n<div class=\"turn-information ng-star-inserted\"><\/div>\n<\/div>\n<\/div>\n<div class=\"turn-footer ng-star-inserted\"><\/div>\n<\/div>\n<\/div>\n<\/div>\n<\/div>\n<footer class=\"not-zero-state ng-star-inserted\">\n<div class=\"mat-mdc-tooltip-trigger prompt-input-wrapper\">\n<div>\n<div class=\"prompt-input-wrapper-container\">\n<div class=\"text-wrapper\">\n<section class=\"text-and-attachments-wrapper\">\n<div class=\"text-input-wrapper\"><\/div>\n<\/section>\n<\/div>\n<\/div>\n<\/div>\n<\/div>\n<\/footer>\n<p><script src=\"chrome-extension:\/\/fpelahbljekknahkcaegamhcndkfpfnc\/iFrame.js\" type=\"text\/javascript\"><\/script><\/p>","protected":false},"featured_media":2565,"template":"","meta":{"_kad_post_transparent":"default","_kad_post_title":"","_kad_post_layout":"default","_kad_post_sidebar_id":"","_kad_post_content_style":"default","_kad_post_vertical_padding":"default","_kad_post_feature":"","_kad_post_feature_position":"","_kad_post_header":false,"_kad_post_footer":false,"_kad_post_classname":""},"product_brand":[],"product_cat":[587,577,581,564,547,586],"product_tag":[605,607,606],"class_list":{"0":"post-2367","1":"product","2":"type-product","3":"status-publish","4":"has-post-thumbnail","6":"product_cat-actuators-by-drive-type","7":"product_cat-actuators-by-feature","8":"product_cat-actuators-by-popular-application","9":"product_cat-actuators-by-screw-type","10":"product_cat-ball-screw-actuators","11":"product_cat-industrial-automation","12":"product_tag-custom-linear-motion-systems","13":"product_tag-linear-motion-systems","14":"product_tag-oem-linear-motion-systems","16":"first","17":"instock","18":"shipping-taxable","19":"product-type-simple","20":"entry","21":"content-bg","22":"loop-entry"},"_links":{"self":[{"href":"https:\/\/servolinearactuator.com\/tr\/wp-json\/wp\/v2\/product\/2367","targetHints":{"allow":["GET"]}}],"collection":[{"href":"https:\/\/servolinearactuator.com\/tr\/wp-json\/wp\/v2\/product"}],"about":[{"href":"https:\/\/servolinearactuator.com\/tr\/wp-json\/wp\/v2\/types\/product"}],"wp:featuredmedia":[{"embeddable":true,"href":"https:\/\/servolinearactuator.com\/tr\/wp-json\/wp\/v2\/media\/2565"}],"wp:attachment":[{"href":"https:\/\/servolinearactuator.com\/tr\/wp-json\/wp\/v2\/media?parent=2367"}],"wp:term":[{"taxonomy":"product_brand","embeddable":true,"href":"https:\/\/servolinearactuator.com\/tr\/wp-json\/wp\/v2\/product_brand?post=2367"},{"taxonomy":"product_cat","embeddable":true,"href":"https:\/\/servolinearactuator.com\/tr\/wp-json\/wp\/v2\/product_cat?post=2367"},{"taxonomy":"product_tag","embeddable":true,"href":"https:\/\/servolinearactuator.com\/tr\/wp-json\/wp\/v2\/product_tag?post=2367"}],"curies":[{"name":"wp","href":"https:\/\/api.w.org\/{rel}","templated":true}]}}