{"id":2365,"date":"2025-07-08T14:02:10","date_gmt":"2025-07-08T14:02:10","guid":{"rendered":"https:\/\/servolinearactuator.com\/?post_type=product&#038;p=2365"},"modified":"2025-07-24T22:41:17","modified_gmt":"2025-07-24T14:41:17","slug":"45-tb-high-speed-belt-driven-linear-motion-guide","status":"publish","type":"product","link":"https:\/\/servolinearactuator.com\/tr\/45-tb-high-speed-belt-driven-linear-motion-guide\/","title":{"rendered":"OD3 End\u00fcstriyel Elektrikli Silindir | 12V\/24V | IP66 Su Ge\u00e7irmez"},"content":{"rendered":"<p data-v-md-line=\"3\">OD3 End\u00fcstriyel Elektrikli Silindir ile hassasiyetin ve sars\u0131lmaz g\u00fcvenilirli\u011fin g\u00fcc\u00fcn\u00fc deneyimleyin. Bu, zorlu ortamlara dayan\u0131kl\u0131, a\u011f\u0131r hizmet tipi elektrikli akt\u00fcat\u00f6rd\u00fcr - daha fazlas\u0131n\u0131 talep edenler i\u00e7in \u00fcretilmi\u015f \u00fcst d\u00fczey m\u00fchendislik.<\/p>\n<h2 data-v-md-heading=\"features-and-benefits\" data-v-md-line=\"5\">\u00d6zellikler ve Avantajlar<\/h2>\n<ul data-v-md-line=\"7\">\n<li>Zorlu \u00c7al\u0131\u015fma Alanlar\u0131 i\u00e7in \u00dcretilmi\u015ftir: OD3'\u00fcn sa\u011flam, su ge\u00e7irmez tasar\u0131m\u0131 (IP66 s\u0131n\u0131f\u0131) toza ve g\u00fc\u00e7l\u00fc su p\u00fcsk\u00fcrmelerine kar\u015f\u0131 maksimum korumay\u0131 garanti eder. Endi\u015felenmenize gerek yok - bu, i\u00e7eride veya d\u0131\u015far\u0131da zorlu ortamlar i\u00e7in ger\u00e7ek bir akt\u00fcat\u00f6rd\u00fcr.<\/li>\n<li>Voltaj \u00c7ok Y\u00f6nl\u00fcl\u00fc\u011f\u00fc: Mobil makinelerinize, uzak sahan\u0131za, pille \u00e7al\u0131\u015fan uygulaman\u0131za veya g\u00fcvenlik ve d\u00fc\u015f\u00fck g\u00fc\u00e7 t\u00fcketiminin \u00e7ok \u00f6nemli oldu\u011fu herhangi bir kuruluma uymas\u0131 i\u00e7in 12V veya 24V DC \u00e7al\u0131\u015fma aras\u0131ndan se\u00e7im yap\u0131n.<\/li>\n<li>A\u011f\u0131r Hizmet G\u00fcvenilirli\u011fi: Her OD3, birinci s\u0131n\u0131f malzemelerden ve ak\u0131ll\u0131 m\u00fchendislikten yararlanarak end\u00fcstriyel k\u00f6t\u00fc kullan\u0131ma, a\u015f\u0131r\u0131 hava ko\u015fullar\u0131na veya zorlu y\u0131kama ko\u015fullar\u0131na maruz kald\u0131\u011f\u0131nda bile g\u00fcvenilir hizmet \u00f6mr\u00fc sa\u011flar.<\/li>\n<li>Bak\u0131m Gerektirmeyen \u00c7al\u0131\u015fma: S\u0131zd\u0131rmaz, toz ge\u00e7irmez ve su ge\u00e7irmez muhafazas\u0131 sayesinde, prosesinizi y\u00fcr\u00fctmek i\u00e7in daha fazla zaman harcayacak ve ar\u0131za s\u00fcresi veya s\u0131v\u0131 s\u0131z\u0131nt\u0131lar\u0131 konusunda endi\u015felenmek i\u00e7in daha az zaman harcayacaks\u0131n\u0131z.<\/li>\n<li>Sorunsuz Otomasyon Entegrasyonu: Otomatik do\u011frusal hareket ve PLC kontroll\u00fc akt\u00fcat\u00f6r g\u00f6revlerinden g\u00fcne\u015f paneli takibi, damper kontrol\u00fc ve daha fazlas\u0131na kadar her \u015feyi destekleyerek mevcut end\u00fcstriyel otomasyon bile\u015fenlerinizle sorunsuz bir \u015fekilde entegre olur.<\/li>\n<\/ul>\n<h2 data-v-md-heading=\"wide-applications\" data-v-md-line=\"13\">Geni\u015f Uygulamalar<\/h2>\n<p data-v-md-line=\"15\">OD3'\u00fc sa\u011flam, bak\u0131m gerektirmeyen do\u011frusal hareketin gerekli oldu\u011fu her yerde \u00e7al\u0131\u015ft\u0131r\u0131n. D\u0131\u015f mekan ekipmanlar\u0131, tar\u0131m makineleri, denizcilik sistemleri, g\u0131da i\u015fleme y\u0131kama b\u00f6lgeleri, paketleme hatlar\u0131, mobil ara\u00e7lar ve y\u00fcksek kuvvet, hassas hareket ve \u00e7evresel direncin pazarl\u0131k konusu olmad\u0131\u011f\u0131 her uygulamada m\u00fckemmeldir.<\/p>\n<h2 data-v-md-heading=\"specifications\" data-v-md-line=\"17\">Teknik \u00d6zellikler<\/h2>\n<ul data-v-md-line=\"19\">\n<li>Kuvvet: End\u00fcstriyel s\u0131n\u0131f g\u00fc\u00e7 i\u00e7in not edilmi\u015ftir. (Ayr\u0131nt\u0131l\u0131 aral\u0131klar i\u00e7in veri sayfas\u0131na bak\u0131n.)<\/li>\n<li>H\u0131z: Otomasyon kontrol\u00fc i\u00e7in optimum \u00e7al\u0131\u015ft\u0131rma h\u0131z\u0131 ile tasarlanm\u0131\u015ft\u0131r. (Performans e\u011frilerine bak\u0131n.)<\/li>\n<li>Strok Uzunlu\u011fu: \u00d6zel gereksinimlere uyacak \u015fekilde \u00e7e\u015fitli uzunluklarda mevcuttur.<\/li>\n<li>Giri\u015f Voltaj\u0131: 12V veya 24V DC (model ba\u015f\u0131na kullan\u0131c\u0131 taraf\u0131ndan se\u00e7ilebilir)<\/li>\n<li>Koruma Derecesi: IP66 (tam toz korumas\u0131 ve g\u00fc\u00e7l\u00fc su p\u00fcsk\u00fcrmelerine kar\u015f\u0131 diren\u00e7)<\/li>\n<\/ul>\n<h2 data-v-md-heading=\"technical-support\" data-v-md-line=\"25\">Teknik Destek<\/h2>\n<p data-v-md-line=\"27\">Jimmy Technology eksiksiz destekle arkan\u0131zdad\u0131r; ayr\u0131nt\u0131l\u0131 CAD dosyalar\u0131, kapsaml\u0131 teknik veri sayfalar\u0131 ve pratik kablo ba\u011flant\u0131 \u015femalar\u0131 her zaman parmaklar\u0131n\u0131z\u0131n ucundad\u0131r ve kurulumu h\u0131zl\u0131 ve sorunsuz hale getirir.<\/p>\n<h2 data-v-md-heading=\"conclusion\" data-v-md-line=\"29\">Sonu\u00e7<\/h2>\n<p data-v-md-line=\"31\">Jimmy Technology'yi se\u00e7mek, her otomasyon zorlu\u011fu i\u00e7in pazar lideri kalite, yenilik ve g\u00fcvenilirli\u011fi se\u00e7ti\u011finiz anlam\u0131na gelir.<\/p>\n<p><script src=\"chrome-extension:\/\/fpelahbljekknahkcaegamhcndkfpfnc\/iFrame.js\" type=\"text\/javascript\"><\/script><\/p>","protected":false},"excerpt":{"rendered":"<p>OD3 End\u00fcstriyel Elektrikli Silindir ile tan\u0131\u015f\u0131n: sa\u011flam, a\u011f\u0131r hizmet tipi bir akt\u00fcat\u00f6r. Zorlu ortamlar i\u00e7in hassasiyet ve sars\u0131lmaz g\u00fcvenilirlik sunar.<\/p>","protected":false},"featured_media":2572,"template":"","meta":{"_kad_post_transparent":"default","_kad_post_title":"","_kad_post_layout":"default","_kad_post_sidebar_id":"","_kad_post_content_style":"default","_kad_post_vertical_padding":"default","_kad_post_feature":"","_kad_post_feature_position":"","_kad_post_header":false,"_kad_post_footer":false,"_kad_post_classname":""},"product_brand":[],"product_cat":[587,573,563,581,543,556,576,574],"product_tag":[614,613,615],"class_list":{"0":"post-2365","1":"product","2":"type-product","3":"status-publish","4":"has-post-thumbnail","6":"product_cat-actuators-by-drive-type","7":"product_cat-actuators-by-environment","8":"product_cat-actuators-by-motor-type","9":"product_cat-actuators-by-popular-application","10":"product_cat-brushed-dc-actuators","11":"product_cat-electric-cylinders","12":"product_cat-industrial-linear-actuators","13":"product_cat-waterproof-linear-actuators","14":"product_tag-electric-cylinder","15":"product_tag-industrial-cylinder","16":"product_tag-ip66-waterproof-cylinder","18":"first","19":"instock","20":"shipping-taxable","21":"product-type-simple","22":"entry","23":"content-bg","24":"loop-entry"},"_links":{"self":[{"href":"https:\/\/servolinearactuator.com\/tr\/wp-json\/wp\/v2\/product\/2365","targetHints":{"allow":["GET"]}}],"collection":[{"href":"https:\/\/servolinearactuator.com\/tr\/wp-json\/wp\/v2\/product"}],"about":[{"href":"https:\/\/servolinearactuator.com\/tr\/wp-json\/wp\/v2\/types\/product"}],"wp:featuredmedia":[{"embeddable":true,"href":"https:\/\/servolinearactuator.com\/tr\/wp-json\/wp\/v2\/media\/2572"}],"wp:attachment":[{"href":"https:\/\/servolinearactuator.com\/tr\/wp-json\/wp\/v2\/media?parent=2365"}],"wp:term":[{"taxonomy":"product_brand","embeddable":true,"href":"https:\/\/servolinearactuator.com\/tr\/wp-json\/wp\/v2\/product_brand?post=2365"},{"taxonomy":"product_cat","embeddable":true,"href":"https:\/\/servolinearactuator.com\/tr\/wp-json\/wp\/v2\/product_cat?post=2365"},{"taxonomy":"product_tag","embeddable":true,"href":"https:\/\/servolinearactuator.com\/tr\/wp-json\/wp\/v2\/product_tag?post=2365"}],"curies":[{"name":"wp","href":"https:\/\/api.w.org\/{rel}","templated":true}]}}