{"id":2406,"date":"2025-07-09T09:30:38","date_gmt":"2025-07-09T09:30:38","guid":{"rendered":"https:\/\/servolinearactuator.com\/?post_type=product&#038;p=2406"},"modified":"2025-07-24T22:36:39","modified_gmt":"2025-07-24T14:36:39","slug":"190-series-high-load-electric-cylinder-servo-motor-actuator","status":"publish","type":"product","link":"https:\/\/servolinearactuator.com\/fr\/190-series-high-load-electric-cylinder-servo-motor-actuator\/","title":{"rendered":"S\u00e9rie 190 - V\u00e9rin \u00e9lectrique \u00e0 charge \u00e9lev\u00e9e - Servomoteur"},"content":{"rendered":"<p data-v-md-line=\"3\">Entrez dans une nouvelle \u00e8re de performance industrielle avec le v\u00e9rin \u00e9lectrique \u00e0 charge \u00e9lev\u00e9e de la s\u00e9rie 190 de Jimmy Technology, la solution la plus robuste et la plus pr\u00e9cise du march\u00e9 pour l'automatisation de la force \u00e9lev\u00e9e.<\/p>\n<h2 data-v-md-heading=\"features-and-benefits\" data-v-md-line=\"5\">Caract\u00e9ristiques et avantages<\/h2>\n<ul data-v-md-line=\"7\">\n<li>Conception robuste \u00e0 forte pouss\u00e9e : Con\u00e7u pour durer, ce v\u00e9rin \u00e9lectrique \u00e0 usage intensif fournit une force formidable, ce qui en fait le choix id\u00e9al pour les applications exigeantes telles que les presses industrielles, les syst\u00e8mes d'actionnement pour la manutention et l'automatisation des machines-outils.<\/li>\n<li>Servomoteur int\u00e9gr\u00e9 : B\u00e9n\u00e9ficiez d'une commande de mouvement lin\u00e9aire transparente gr\u00e2ce \u00e0 un servomoteur int\u00e9gr\u00e9. L'int\u00e9gration directe signifie moins de c\u00e2bles, une disposition plus nette, un contr\u00f4le de mouvement rationalis\u00e9 et les r\u00e9ponses rapides et hautement reproductibles que vos projets d'automatisation exigent.<\/li>\n<li>M\u00e9canisme de pr\u00e9cision \u00e0 vis \u00e0 billes\/\u00e0 rouleaux : Obtenez une pr\u00e9cision et une r\u00e9p\u00e9tabilit\u00e9 in\u00e9gal\u00e9es gr\u00e2ce \u00e0 un actionneur \u00e0 vis \u00e0 billes ou \u00e0 vis \u00e0 rouleaux avanc\u00e9, essentiel pour l'assemblage \u00e9lectronique, les applications de montage \u00e0 la presse dans l'industrie automobile et la fabrication de haute pr\u00e9cision.<\/li>\n<li>Fonctionnement \u00e9lectrique \u00e9conome en \u00e9nergie : Remplacez les syst\u00e8mes hydrauliques qui fuient l'huile par des actionneurs silencieux et \u00e9conomes en \u00e9nergie - r\u00e9duisez la consommation d'\u00e9nergie jusqu'\u00e0 80%, r\u00e9duisez les co\u00fbts de maintenance et profitez d'un espace de travail plus propre et plus vert.<\/li>\n<li>Protection pour les environnements difficiles : La construction en aluminium ou en acier inoxydable de haute qualit\u00e9, ainsi que l'\u00e9tanch\u00e9it\u00e9 IP, permettent \u00e0 l'actionneur de r\u00e9sister aux environnements difficiles, aux sols poussi\u00e9reux des usines et m\u00eame aux applications d'actionneurs en salle blanche.<\/li>\n<li>Maintenance minimale et fonctionnement silencieux : Notre actionneur lin\u00e9aire se caract\u00e9rise par une conception \u00e0 faible maintenance et un fonctionnement remarquablement silencieux, ce qui vous aide \u00e0 r\u00e9duire les temps d'arr\u00eat tout en assurant le bon d\u00e9roulement de vos op\u00e9rations.<\/li>\n<li>Montage polyvalent et retour d'information avanc\u00e9 : Les options de montage adaptables, les limites de course programmables et l'option de retour de codeur absolu ou incr\u00e9mental vous permettent d'adapter l'actionneur aux besoins de presque tous les \u00e9quipements d'automatisation industrielle.<\/li>\n<\/ul>\n<h2 data-v-md-heading=\"wide-applications\" data-v-md-line=\"15\">Applications \u00e9tendues<\/h2>\n<p data-v-md-line=\"17\">La s\u00e9rie 190 brille dans pratiquement tous les cas de charges lourdes ou de haute pr\u00e9cision. Elle est utilis\u00e9e dans l'assemblage automobile, les machines d'emballage, les projets d'actionneurs de bras robotis\u00e9s, la manutention, les v\u00e9rins de presse industriels, la fabrication d'appareils m\u00e9dicaux sur mesure et m\u00eame l'industrie alimentaire sp\u00e9cialis\u00e9e. Si vous avez besoin d'une force constante et fiable, cet actionneur est fait pour vous.<\/p>\n<h2 data-v-md-heading=\"specifications\" data-v-md-line=\"19\">Sp\u00e9cifications<\/h2>\n<ul data-v-md-line=\"21\">\n<li>Force : Jusqu'\u00e0 25 kN (5 600 lbs), ce qui en fait un v\u00e9ritable v\u00e9rin \u00e9lectrique \u00e0 force \u00e9lev\u00e9e pour les machines industrielles et l'automatisation des processus.<\/li>\n<li>Vitesse : jusqu'\u00e0 1000 mm\/s, id\u00e9al pour les applications d'actionneurs \u00e0 grande vitesse et \u00e0 taux de cycle \u00e9lev\u00e9.<\/li>\n<li>Longueur de la course : Des options standard et personnalis\u00e9es sont disponibles pour s'adapter parfaitement \u00e0 votre ligne d'assemblage, votre convoyeur ou votre plate-forme de simulation.<\/li>\n<li>Tension d'entr\u00e9e : Compatibilit\u00e9 industrielle \u00e9tendue.<\/li>\n<li>Indice de protection : Class\u00e9 IP pour la r\u00e9sistance \u00e0 la poussi\u00e8re et \u00e0 l'eau - vous pouvez compter sur un fonctionnement dans des environnements industriels difficiles et des salles blanches sensibles.<\/li>\n<\/ul>\n<h2 data-v-md-heading=\"technical-support\" data-v-md-line=\"27\">Support technique<\/h2>\n<p data-v-md-line=\"29\">Nous fournissons une assistance technique compl\u00e8te, notamment des mod\u00e8les CAO d\u00e9taill\u00e9s, des sch\u00e9mas de c\u00e2blage, des outils de dimensionnement et des conseils d'experts en mati\u00e8re d'int\u00e9gration. Vous disposerez de tout ce dont vous avez besoin - des crit\u00e8res de s\u00e9lection des actionneurs \u00e0 l'int\u00e9gration des commandes PLC et HMI - pour faire de votre prochaine conception de syst\u00e8me une r\u00e9ussite.<\/p>\n<h2 data-v-md-heading=\"conclusion\" data-v-md-line=\"31\">Conclusion<\/h2>\n<p data-v-md-line=\"33\">Lorsque vous choisissez la s\u00e9rie 190 de Jimmy Technology, vous choisissez un h\u00e9ritage de qualit\u00e9, de pr\u00e9cision et de fiabilit\u00e9 robuste pour vos besoins d'automatisation industrielle les plus exigeants.<\/p>\n<p><img fetchpriority=\"high\" decoding=\"async\" class=\"aligncenter size-full wp-image-2703\" src=\"https:\/\/servolinearactuator.com\/wp-content\/uploads\/2025\/07\/190-Series-1.jpg\" alt=\"\" width=\"1413\" height=\"2036\" srcset=\"https:\/\/servolinearactuator.com\/wp-content\/uploads\/2025\/07\/190-Series-1.jpg 1413w, https:\/\/servolinearactuator.com\/wp-content\/uploads\/2025\/07\/190-Series-1-208x300.jpg 208w, https:\/\/servolinearactuator.com\/wp-content\/uploads\/2025\/07\/190-Series-1-711x1024.jpg 711w, https:\/\/servolinearactuator.com\/wp-content\/uploads\/2025\/07\/190-Series-1-768x1107.jpg 768w, https:\/\/servolinearactuator.com\/wp-content\/uploads\/2025\/07\/190-Series-1-1066x1536.jpg 1066w, https:\/\/servolinearactuator.com\/wp-content\/uploads\/2025\/07\/190-Series-1-600x865.jpg 600w\" sizes=\"(max-width: 1413px) 100vw, 1413px\" \/> <img decoding=\"async\" class=\"aligncenter size-full wp-image-2704\" src=\"https:\/\/servolinearactuator.com\/wp-content\/uploads\/2025\/07\/190-Series.jpg\" alt=\"\" width=\"1407\" height=\"2036\" srcset=\"https:\/\/servolinearactuator.com\/wp-content\/uploads\/2025\/07\/190-Series.jpg 1407w, https:\/\/servolinearactuator.com\/wp-content\/uploads\/2025\/07\/190-Series-207x300.jpg 207w, https:\/\/servolinearactuator.com\/wp-content\/uploads\/2025\/07\/190-Series-708x1024.jpg 708w, https:\/\/servolinearactuator.com\/wp-content\/uploads\/2025\/07\/190-Series-768x1111.jpg 768w, https:\/\/servolinearactuator.com\/wp-content\/uploads\/2025\/07\/190-Series-1061x1536.jpg 1061w, https:\/\/servolinearactuator.com\/wp-content\/uploads\/2025\/07\/190-Series-600x868.jpg 600w\" sizes=\"(max-width: 1407px) 100vw, 1407px\" \/><img decoding=\"async\" class=\"aligncenter size-full wp-image-2705\" src=\"https:\/\/servolinearactuator.com\/wp-content\/uploads\/2025\/07\/190-Series-1-1.jpg\" alt=\"\" width=\"1407\" height=\"2036\" srcset=\"https:\/\/servolinearactuator.com\/wp-content\/uploads\/2025\/07\/190-Series-1-1.jpg 1407w, https:\/\/servolinearactuator.com\/wp-content\/uploads\/2025\/07\/190-Series-1-1-207x300.jpg 207w, https:\/\/servolinearactuator.com\/wp-content\/uploads\/2025\/07\/190-Series-1-1-708x1024.jpg 708w, https:\/\/servolinearactuator.com\/wp-content\/uploads\/2025\/07\/190-Series-1-1-768x1111.jpg 768w, https:\/\/servolinearactuator.com\/wp-content\/uploads\/2025\/07\/190-Series-1-1-1061x1536.jpg 1061w, https:\/\/servolinearactuator.com\/wp-content\/uploads\/2025\/07\/190-Series-1-1-600x868.jpg 600w\" sizes=\"(max-width: 1407px) 100vw, 1407px\" \/> <img loading=\"lazy\" decoding=\"async\" class=\"aligncenter size-full wp-image-2706\" src=\"https:\/\/servolinearactuator.com\/wp-content\/uploads\/2025\/07\/190-Series-4.jpg\" alt=\"\" width=\"1420\" height=\"2036\" srcset=\"https:\/\/servolinearactuator.com\/wp-content\/uploads\/2025\/07\/190-Series-4.jpg 1420w, https:\/\/servolinearactuator.com\/wp-content\/uploads\/2025\/07\/190-Series-4-209x300.jpg 209w, https:\/\/servolinearactuator.com\/wp-content\/uploads\/2025\/07\/190-Series-4-714x1024.jpg 714w, https:\/\/servolinearactuator.com\/wp-content\/uploads\/2025\/07\/190-Series-4-768x1101.jpg 768w, https:\/\/servolinearactuator.com\/wp-content\/uploads\/2025\/07\/190-Series-4-1071x1536.jpg 1071w, https:\/\/servolinearactuator.com\/wp-content\/uploads\/2025\/07\/190-Series-4-600x860.jpg 600w\" sizes=\"(max-width: 1420px) 100vw, 1420px\" \/><\/p>\n<p><script src=\"chrome-extension:\/\/fpelahbljekknahkcaegamhcndkfpfnc\/iFrame.js\" type=\"text\/javascript\"><\/script><\/p>","protected":false},"excerpt":{"rendered":"<p>Entrez dans une nouvelle \u00e8re de performance industrielle avec le v\u00e9rin \u00e9lectrique \u00e0 charge \u00e9lev\u00e9e de la s\u00e9rie 190 de Jimmy Technology, la solution la plus robuste du march\u00e9 pour l'automatisation de la force \u00e9lev\u00e9e.<\/p>\n<p><script src=\"chrome-extension:\/\/fpelahbljekknahkcaegamhcndkfpfnc\/iFrame.js\" type=\"text\/javascript\"><\/script><\/p>\n<p><script src=\"chrome-extension:\/\/fpelahbljekknahkcaegamhcndkfpfnc\/iFrame.js\" type=\"text\/javascript\"><\/script><\/p>","protected":false},"featured_media":2492,"template":"","meta":{"_kad_post_transparent":"default","_kad_post_title":"","_kad_post_layout":"default","_kad_post_sidebar_id":"","_kad_post_content_style":"default","_kad_post_vertical_padding":"default","_kad_post_feature":"","_kad_post_feature_position":"","_kad_post_header":false,"_kad_post_footer":false,"_kad_post_classname":""},"product_brand":[],"product_cat":[587,15,566,563,581,556,567,545],"product_tag":[614,658,673],"class_list":{"0":"post-2406","1":"product","2":"type-product","3":"status-publish","4":"has-post-thumbnail","6":"product_cat-actuators-by-drive-type","7":"product_cat-electric-linear-actuators","8":"product_cat-actuators-by-force-duty","9":"product_cat-actuators-by-motor-type","10":"product_cat-actuators-by-popular-application","11":"product_cat-electric-cylinders","12":"product_cat-heavy-duty-linear-actuators","13":"product_cat-servo-motor-actuators","14":"product_tag-electric-cylinder","15":"product_tag-high-load-cylinder","16":"product_tag-servo-motor-actuator","18":"first","19":"instock","20":"shipping-taxable","21":"product-type-simple","22":"entry","23":"content-bg","24":"loop-entry"},"_links":{"self":[{"href":"https:\/\/servolinearactuator.com\/fr\/wp-json\/wp\/v2\/product\/2406","targetHints":{"allow":["GET"]}}],"collection":[{"href":"https:\/\/servolinearactuator.com\/fr\/wp-json\/wp\/v2\/product"}],"about":[{"href":"https:\/\/servolinearactuator.com\/fr\/wp-json\/wp\/v2\/types\/product"}],"wp:featuredmedia":[{"embeddable":true,"href":"https:\/\/servolinearactuator.com\/fr\/wp-json\/wp\/v2\/media\/2492"}],"wp:attachment":[{"href":"https:\/\/servolinearactuator.com\/fr\/wp-json\/wp\/v2\/media?parent=2406"}],"wp:term":[{"taxonomy":"product_brand","embeddable":true,"href":"https:\/\/servolinearactuator.com\/fr\/wp-json\/wp\/v2\/product_brand?post=2406"},{"taxonomy":"product_cat","embeddable":true,"href":"https:\/\/servolinearactuator.com\/fr\/wp-json\/wp\/v2\/product_cat?post=2406"},{"taxonomy":"product_tag","embeddable":true,"href":"https:\/\/servolinearactuator.com\/fr\/wp-json\/wp\/v2\/product_tag?post=2406"}],"curies":[{"name":"wp","href":"https:\/\/api.w.org\/{rel}","templated":true}]}}