{"id":2404,"date":"2025-07-09T09:30:33","date_gmt":"2025-07-09T09:30:33","guid":{"rendered":"https:\/\/servolinearactuator.com\/?post_type=product&#038;p=2404"},"modified":"2025-07-24T22:34:11","modified_gmt":"2025-07-24T14:34:11","slug":"190-series-long-stroke-servo-electric-cylinder-20t-load","status":"publish","type":"product","link":"https:\/\/servolinearactuator.com\/fr\/190-series-long-stroke-servo-electric-cylinder-20t-load\/","title":{"rendered":"S\u00e9rie 190 - V\u00e9rin \u00e9lectrique \u00e0 longue course - Charge 20T"},"content":{"rendered":"<p data-v-md-line=\"3\">Entrez dans l'\u00e8re de l'automatisation de haut niveau avec le servov\u00e9rin \u00e9lectrique \u00e0 grande course de la s\u00e9rie 190 de Jimmy Technology - votre r\u00e9ponse lorsque la force brute doit rencontrer la pr\u00e9cision chirurgicale. Con\u00e7u pour manipuler les charges les plus lourdes avec une pr\u00e9cision sans faille, ce servo-cylindre \u00e0 haute force est l'alternative moderne aux syst\u00e8mes hydrauliques encombrants, vous permettant de prendre le contr\u00f4le d'applications de 20 tonnes avec la polyvalence silencieuse et propre que seuls les actionneurs lin\u00e9aires \u00e9lectriques fournissent.<\/p>\n<h2 data-v-md-heading=\"features-and-benefits\" data-v-md-line=\"5\">Caract\u00e9ristiques et avantages<\/h2>\n<ul data-v-md-line=\"7\">\n<li>\n<p data-v-md-line=\"7\"><strong>Capacit\u00e9 de charge de 20 tonnes<\/strong><br \/>\nCon\u00e7u pour les composants d'automatisation industrielle les plus robustes, ce v\u00e9rin \u00e9lectrique \u00e0 usage intensif peut fournir et maintenir une force de sortie massive de 20 tonnes, ce qui est parfait pour les applications de charges extr\u00eames, les exigences d'actionneurs \u00e0 dur\u00e9e de vie \u00e9lev\u00e9e et les sc\u00e9narios de capacit\u00e9 de charge dynamique. L'acier de haute qualit\u00e9 et les pi\u00e8ces usin\u00e9es avec pr\u00e9cision offrent une durabilit\u00e9 in\u00e9branlable sous les contraintes industrielles continues.<\/p>\n<\/li>\n<li>\n<p data-v-md-line=\"10\"><strong>Longue course, pas de compromis<\/strong><br \/>\nFaites l'exp\u00e9rience d'un mouvement lin\u00e9aire \u00e0 longue course in\u00e9gal\u00e9 gr\u00e2ce aux longueurs de course \u00e9tendues disponibles, con\u00e7ues pour les applications de pressage \u00e0 grande \u00e9chelle, les solutions de manutention et l'automatisation de l'assemblage. Ne laissez plus jamais vos syst\u00e8mes de contr\u00f4le de mouvement tomber en panne.<\/p>\n<\/li>\n<li>\n<p data-v-md-line=\"13\"><strong>Brillance servo-\u00e9lectrique<\/strong><br \/>\nTirez parti de la technologie des servomoteurs : b\u00e9n\u00e9ficiez d'une pr\u00e9cision de r\u00e9p\u00e9tabilit\u00e9 de \u00b10,01 mm, de temps de r\u00e9ponse ultra-rapides et de profils d'actionneurs de contr\u00f4le de force programmables. Le retour d'information du codeur absolu et les caract\u00e9ristiques avanc\u00e9es de l'actionneur de contr\u00f4le de position garantissent des performances pr\u00e9cises, fluides et constantes, id\u00e9ales pour les \u00e9quipements d'essai, les applications de formage et l'automatisation de pr\u00e9cision.<\/p>\n<\/li>\n<li>\n<p data-v-md-line=\"16\"><strong>Con\u00e7u pour r\u00e9sister aux environnements difficiles<\/strong><br \/>\nLe ch\u00e2ssis robuste du cylindre, conforme \u00e0 la norme IP65 et dot\u00e9 de rev\u00eatements et de joints r\u00e9sistants \u00e0 la corrosion, garantit une protection durable dans des conditions poussi\u00e9reuses, humides ou de lavage. Il est compatible avec les salles blanches, r\u00e9siste aux contaminants et est pr\u00eat \u00e0 fonctionner en ext\u00e9rieur.<\/p>\n<\/li>\n<li>\n<p data-v-md-line=\"19\"><strong>Int\u00e9gration Plug-and-Play<\/strong><br \/>\nCon\u00e7u pour une int\u00e9gration transparente dans les syst\u00e8mes modernes de commande de mouvement, il prend en charge EtherCAT, PROFINET, Modbus TCP\/IP, l'int\u00e9gration d'automates et la commande IHM. Les options de montage flexibles, telles que le v\u00e9rin \u00e0 bride, le v\u00e9rin \u00e0 tourillon ou les options d'extr\u00e9mit\u00e9 de tige personnalisables, facilitent l'installation et les modifications futures.<\/p>\n<\/li>\n<\/ul>\n<h2 data-v-md-heading=\"wide-applications\" data-v-md-line=\"22\">Applications \u00e9tendues<\/h2>\n<p data-v-md-line=\"24\">Qu'il s'agisse de r\u00e9volutionner la fabrication automobile, d'am\u00e9liorer la manutention, de stimuler la fabrication a\u00e9rospatiale ou d'exploiter des laboratoires d'essais de haute pr\u00e9cision, la s\u00e9rie 190 est le v\u00e9rin \u00e9lectrom\u00e9canique qu'il vous faut. Vous constaterez son impact dans l'assemblage de ch\u00e2ssis automobiles, les presses industrielles lourdes, les composants robotiques et les composants d'usine intelligente plus intelligents partout o\u00f9 vous regarderez.<\/p>\n<h2 data-v-md-heading=\"specifications\" data-v-md-line=\"26\">Sp\u00e9cifications<\/h2>\n<ul data-v-md-line=\"28\">\n<li><strong>La force :<\/strong>\u00a0Capacit\u00e9 de charge statique et dynamique jusqu'\u00e0 20 tonnes (20T)<\/li>\n<li><strong>Speed:<\/strong>\u00a0Contr\u00f4le de vitesse programmable ; adapt\u00e9 aux besoins des v\u00e9rins \u00e9lectriques \u00e0 haute vitesse<\/li>\n<li><strong>Longueur de la course :<\/strong>\u00a0Options de longue course personnalisables pour r\u00e9pondre aux applications de charges extr\u00eames<\/li>\n<li><strong>Tension d'entr\u00e9e :<\/strong>\u00a0Options de servomoteurs multi-tensions disponibles<\/li>\n<li><strong>Indice de protection :<\/strong>\u00a0Bo\u00eetier du cylindre class\u00e9 IP65 ; r\u00e9sistant \u00e0 la poussi\u00e8re et aux jets d'eau<\/li>\n<\/ul>\n<h2 data-v-md-heading=\"technical-support\" data-v-md-line=\"34\">Support technique<\/h2>\n<p data-v-md-line=\"36\">Nous sommes l\u00e0 pour vous aider. Jimmy Technology offre une assistance technique compl\u00e8te, notamment des mod\u00e8les CAO d\u00e9taill\u00e9s, des fiches techniques de la s\u00e9rie 190, des courbes de performance, des diagrammes de v\u00e9rins \u00e9lectriques et des sch\u00e9mas de c\u00e2blage. Le dimensionnement des v\u00e9rins \u00e9lectriques et les d\u00e9fis d'int\u00e9gration du syst\u00e8me ? Notre \u00e9quipe fournit une assistance compl\u00e8te en mati\u00e8re d'ing\u00e9nierie d'application afin de garantir des solutions d'automatisation d'usine sans faille.<\/p>\n<h2 data-v-md-heading=\"conclusion\" data-v-md-line=\"38\">Conclusion<\/h2>\n<p data-v-md-line=\"40\">En choisissant le v\u00e9rin \u00e9lectrique \u00e0 course longue de la s\u00e9rie 190 de Jimmy Technology, vous investissez dans des performances de haute force et de haute pr\u00e9cision qui red\u00e9finissent la fiabilit\u00e9 pour tous les d\u00e9fis d'automatisation exigeants.<\/p>\n<p><img fetchpriority=\"high\" decoding=\"async\" class=\"aligncenter size-full wp-image-2703\" src=\"https:\/\/servolinearactuator.com\/wp-content\/uploads\/2025\/07\/190-Series-1.jpg\" alt=\"\" width=\"1413\" height=\"2036\" srcset=\"https:\/\/servolinearactuator.com\/wp-content\/uploads\/2025\/07\/190-Series-1.jpg 1413w, https:\/\/servolinearactuator.com\/wp-content\/uploads\/2025\/07\/190-Series-1-208x300.jpg 208w, https:\/\/servolinearactuator.com\/wp-content\/uploads\/2025\/07\/190-Series-1-711x1024.jpg 711w, https:\/\/servolinearactuator.com\/wp-content\/uploads\/2025\/07\/190-Series-1-768x1107.jpg 768w, https:\/\/servolinearactuator.com\/wp-content\/uploads\/2025\/07\/190-Series-1-1066x1536.jpg 1066w, https:\/\/servolinearactuator.com\/wp-content\/uploads\/2025\/07\/190-Series-1-600x865.jpg 600w\" sizes=\"(max-width: 1413px) 100vw, 1413px\" \/> <img decoding=\"async\" class=\"aligncenter size-full wp-image-2704\" src=\"https:\/\/servolinearactuator.com\/wp-content\/uploads\/2025\/07\/190-Series.jpg\" alt=\"\" width=\"1407\" height=\"2036\" srcset=\"https:\/\/servolinearactuator.com\/wp-content\/uploads\/2025\/07\/190-Series.jpg 1407w, https:\/\/servolinearactuator.com\/wp-content\/uploads\/2025\/07\/190-Series-207x300.jpg 207w, https:\/\/servolinearactuator.com\/wp-content\/uploads\/2025\/07\/190-Series-708x1024.jpg 708w, https:\/\/servolinearactuator.com\/wp-content\/uploads\/2025\/07\/190-Series-768x1111.jpg 768w, https:\/\/servolinearactuator.com\/wp-content\/uploads\/2025\/07\/190-Series-1061x1536.jpg 1061w, https:\/\/servolinearactuator.com\/wp-content\/uploads\/2025\/07\/190-Series-600x868.jpg 600w\" sizes=\"(max-width: 1407px) 100vw, 1407px\" \/><img decoding=\"async\" class=\"aligncenter size-full wp-image-2705\" src=\"https:\/\/servolinearactuator.com\/wp-content\/uploads\/2025\/07\/190-Series-1-1.jpg\" alt=\"\" width=\"1407\" height=\"2036\" srcset=\"https:\/\/servolinearactuator.com\/wp-content\/uploads\/2025\/07\/190-Series-1-1.jpg 1407w, https:\/\/servolinearactuator.com\/wp-content\/uploads\/2025\/07\/190-Series-1-1-207x300.jpg 207w, https:\/\/servolinearactuator.com\/wp-content\/uploads\/2025\/07\/190-Series-1-1-708x1024.jpg 708w, https:\/\/servolinearactuator.com\/wp-content\/uploads\/2025\/07\/190-Series-1-1-768x1111.jpg 768w, https:\/\/servolinearactuator.com\/wp-content\/uploads\/2025\/07\/190-Series-1-1-1061x1536.jpg 1061w, https:\/\/servolinearactuator.com\/wp-content\/uploads\/2025\/07\/190-Series-1-1-600x868.jpg 600w\" sizes=\"(max-width: 1407px) 100vw, 1407px\" \/> <img loading=\"lazy\" decoding=\"async\" class=\"aligncenter size-full wp-image-2706\" src=\"https:\/\/servolinearactuator.com\/wp-content\/uploads\/2025\/07\/190-Series-4.jpg\" alt=\"\" width=\"1420\" height=\"2036\" srcset=\"https:\/\/servolinearactuator.com\/wp-content\/uploads\/2025\/07\/190-Series-4.jpg 1420w, https:\/\/servolinearactuator.com\/wp-content\/uploads\/2025\/07\/190-Series-4-209x300.jpg 209w, https:\/\/servolinearactuator.com\/wp-content\/uploads\/2025\/07\/190-Series-4-714x1024.jpg 714w, https:\/\/servolinearactuator.com\/wp-content\/uploads\/2025\/07\/190-Series-4-768x1101.jpg 768w, https:\/\/servolinearactuator.com\/wp-content\/uploads\/2025\/07\/190-Series-4-1071x1536.jpg 1071w, https:\/\/servolinearactuator.com\/wp-content\/uploads\/2025\/07\/190-Series-4-600x860.jpg 600w\" sizes=\"(max-width: 1420px) 100vw, 1420px\" \/><\/p>\n<p><script src=\"chrome-extension:\/\/fpelahbljekknahkcaegamhcndkfpfnc\/iFrame.js\" type=\"text\/javascript\"><\/script><\/p>","protected":false},"excerpt":{"rendered":"<p>Voici le v\u00e9rin \u00e9lectrique de la s\u00e9rie 190. Il manipule des charges de 20 tonnes avec une pr\u00e9cision chirurgicale - une alternative propre, silencieuse et puissante aux syst\u00e8mes hydrauliques.<\/p>\n<p><script src=\"chrome-extension:\/\/fpelahbljekknahkcaegamhcndkfpfnc\/iFrame.js\" type=\"text\/javascript\"><\/script><\/p>","protected":false},"featured_media":2500,"template":"","meta":{"_kad_post_transparent":"default","_kad_post_title":"","_kad_post_layout":"default","_kad_post_sidebar_id":"","_kad_post_content_style":"default","_kad_post_vertical_padding":"default","_kad_post_feature":"","_kad_post_feature_position":"","_kad_post_header":false,"_kad_post_footer":false,"_kad_post_classname":""},"product_brand":[],"product_cat":[587,15,566,563,581,556,567,545],"product_tag":[671,670,647],"class_list":{"0":"post-2404","1":"product","2":"type-product","3":"status-publish","4":"has-post-thumbnail","6":"product_cat-actuators-by-drive-type","7":"product_cat-electric-linear-actuators","8":"product_cat-actuators-by-force-duty","9":"product_cat-actuators-by-motor-type","10":"product_cat-actuators-by-popular-application","11":"product_cat-electric-cylinders","12":"product_cat-heavy-duty-linear-actuators","13":"product_cat-servo-motor-actuators","14":"product_tag-20t-load-electric-cylinder","15":"product_tag-long-stroke-cylinder","16":"product_tag-servo-electric-cylinder","18":"first","19":"instock","20":"shipping-taxable","21":"product-type-simple","22":"entry","23":"content-bg","24":"loop-entry"},"_links":{"self":[{"href":"https:\/\/servolinearactuator.com\/fr\/wp-json\/wp\/v2\/product\/2404","targetHints":{"allow":["GET"]}}],"collection":[{"href":"https:\/\/servolinearactuator.com\/fr\/wp-json\/wp\/v2\/product"}],"about":[{"href":"https:\/\/servolinearactuator.com\/fr\/wp-json\/wp\/v2\/types\/product"}],"wp:featuredmedia":[{"embeddable":true,"href":"https:\/\/servolinearactuator.com\/fr\/wp-json\/wp\/v2\/media\/2500"}],"wp:attachment":[{"href":"https:\/\/servolinearactuator.com\/fr\/wp-json\/wp\/v2\/media?parent=2404"}],"wp:term":[{"taxonomy":"product_brand","embeddable":true,"href":"https:\/\/servolinearactuator.com\/fr\/wp-json\/wp\/v2\/product_brand?post=2404"},{"taxonomy":"product_cat","embeddable":true,"href":"https:\/\/servolinearactuator.com\/fr\/wp-json\/wp\/v2\/product_cat?post=2404"},{"taxonomy":"product_tag","embeddable":true,"href":"https:\/\/servolinearactuator.com\/fr\/wp-json\/wp\/v2\/product_tag?post=2404"}],"curies":[{"name":"wp","href":"https:\/\/api.w.org\/{rel}","templated":true}]}}