{"id":2402,"date":"2025-07-09T09:30:31","date_gmt":"2025-07-09T09:30:31","guid":{"rendered":"https:\/\/servolinearactuator.com\/?post_type=product&#038;p=2402"},"modified":"2025-07-24T22:32:41","modified_gmt":"2025-07-24T14:32:41","slug":"145-series-10t-servo-linear-actuator-electric-cylinde","status":"publish","type":"product","link":"https:\/\/servolinearactuator.com\/fr\/145-series-10t-servo-linear-actuator-electric-cylinde\/","title":{"rendered":"145 Series 10T Servo Linear Actuator | Electric Cylinde"},"content":{"rendered":"<p data-v-md-line=\"3\">Le v\u00e9rin lin\u00e9aire servo de la s\u00e9rie 145 10T de Jimmy Technology vous permet d'atteindre un nouveau niveau de contr\u00f4le et de performance pour votre automatisation. Lorsque vos op\u00e9rations exigent une force, une pr\u00e9cision et une fiabilit\u00e9 absolues dans les environnements les plus difficiles, ce v\u00e9rin \u00e9lectrique est toujours \u00e0 la hauteur.<\/p>\n<h2 data-v-md-heading=\"features-and-benefits\" data-v-md-line=\"6\">Caract\u00e9ristiques et avantages<\/h2>\n<ul data-v-md-line=\"8\">\n<li>\n<p data-v-md-line=\"8\">Capacit\u00e9 de force \u00e9lev\u00e9e : Construit pour fournir une pouss\u00e9e continue de 10 tonnes (100 kN), il est con\u00e7u pour les t\u00e2ches d'automatisation industrielle les plus exigeantes, qu'il s'agisse de remplacer des v\u00e9rins hydrauliques ou de repousser les limites de la manutention et des op\u00e9rations de pressage.<\/p>\n<\/li>\n<li>\n<p data-v-md-line=\"10\">Contr\u00f4le de mouvement servo de pr\u00e9cision : Dot\u00e9 d'un retour de position de pointe avec encodeurs ou r\u00e9solveurs int\u00e9gr\u00e9s, cet actionneur atteint une pr\u00e9cision submillim\u00e9trique et une r\u00e9p\u00e9tabilit\u00e9 exceptionnelle, garantissant que vos processus de fabrication critiques ne manquent jamais la cible.<\/p>\n<\/li>\n<li>\n<p data-v-md-line=\"12\">Durabilit\u00e9 haut de gamme et construction robuste : Fabriqu\u00e9e \u00e0 partir de mat\u00e9riaux de haute qualit\u00e9 tels que l'acier inoxydable et l'aluminium, la s\u00e9rie 145 r\u00e9siste aux conditions corrosives, poussi\u00e9reuses et humides. Avec des options pour un indice de protection IP65 ou sup\u00e9rieur, elle est con\u00e7ue pour les environnements ext\u00e9rieurs ou industriels difficiles.<\/p>\n<\/li>\n<li>\n<p data-v-md-line=\"14\">Efficacit\u00e9 \u00e0 la pointe de l'industrie : Le syst\u00e8me d'entra\u00eenement par vis \u00e0 billes ou vis \u00e0 rouleaux offre un rendement m\u00e9canique pouvant atteindre 90%, ce qui r\u00e9duit consid\u00e9rablement la consommation d'\u00e9nergie par rapport aux syst\u00e8mes hydrauliques traditionnels. Augmentez la puissance de l'application tout en r\u00e9duisant vos co\u00fbts d'exploitation.<\/p>\n<\/li>\n<li>\n<p data-v-md-line=\"16\">Int\u00e9gration transparente et contr\u00f4le flexible : Con\u00e7u pour une compatibilit\u00e9 directe avec une large gamme de servomoteurs standard (NEMA, IEC), d'automates et de commandes avanc\u00e9es, y compris les protocoles Industrie 4.0 et IIoT tels que Profinet, Ethernet\/IP et EtherCAT.<\/p>\n<\/li>\n<li>\n<p data-v-md-line=\"18\">Une maintenance facilit\u00e9e : avec moins de pi\u00e8ces mobiles, pas de fuites de liquide et une longue dur\u00e9e de vie (souvent plus de 100 millions de cycles), ce v\u00e9rin \u00e9lectrique r\u00e9duit les temps d'arr\u00eat au minimum. Les options de maintenance pr\u00e9dictive et la technologie des capteurs int\u00e9gr\u00e9s vous permettent d'anticiper les probl\u00e8mes.<\/p>\n<\/li>\n<\/ul>\n<h2 data-v-md-heading=\"wide-applications\" data-v-md-line=\"20\">Applications \u00e9tendues<\/h2>\n<p data-v-md-line=\"21\">Qu'il s'agisse d'automatiser des presses \u00e0 usage intensif, d'augmenter le temps de fonctionnement d'une ligne d'assemblage ou d'obtenir une force et un mouvement pr\u00e9cis pour la robotique ou les essais de mat\u00e9riaux, la s\u00e9rie 145 10T est la solution qu'il vous faut. Parfaite pour la construction automobile, l'ing\u00e9nierie a\u00e9rospatiale, les \u00e9quipements de formage, les essais de fatigue et bien plus encore, elle est aussi polyvalente que puissante.<\/p>\n<h2 data-v-md-heading=\"specifications\" data-v-md-line=\"23\">Sp\u00e9cifications<\/h2>\n<ul data-v-md-line=\"25\">\n<li>Force : Jusqu'\u00e0 10 tonnes (100 kN) en continu ; 150 kN en pointe<\/li>\n<li>Vitesse : Sp\u00e9cifique \u00e0 l'application ; prend en charge les configurations \u00e0 grande vitesse et \u00e0 force \u00e9lev\u00e9e (consulter Jimmy Technology pour les options).<\/li>\n<li>Longueur de la course : Adapt\u00e9e \u00e0 vos besoins, avec plusieurs longueurs standard et personnalis\u00e9es disponibles.<\/li>\n<li>Tension d'entr\u00e9e : Disponible dans une gamme d'options industrielles standard pour s'adapter \u00e0 votre servocommande, y compris AC haute tension et DC basse tension.<\/li>\n<li>Indice de protection : IP65 ou sup\u00e9rieur, offrant une \u00e9tanch\u00e9it\u00e9 totale \u00e0 la poussi\u00e8re et \u00e0 l'eau<\/li>\n<\/ul>\n<h2 data-v-md-heading=\"technical-support\" data-v-md-line=\"31\">Support technique<\/h2>\n<p data-v-md-line=\"32\">Nous fournissons une assistance technique compl\u00e8te pour la s\u00e9rie 145 : des mod\u00e8les CAO d\u00e9taill\u00e9s et des fiches techniques aux sch\u00e9mas de c\u00e2blage complets et aux conseils sur l'int\u00e9gration du syst\u00e8me, notre \u00e9quipe s'assure que vous \u00eates pr\u00eat \u00e0 vous lancer - pas d'approximation, pas d'ennui.<\/p>\n<h2 data-v-md-heading=\"conclusion\" data-v-md-line=\"34\">Conclusion<\/h2>\n<p data-v-md-line=\"35\">Choisissez le servomoteur lin\u00e9aire 10T de la s\u00e9rie 145 de Jimmy Technology et d\u00e9couvrez le summum de la qualit\u00e9, de l'innovation et de la fiabilit\u00e9 dans le domaine de l'automatisation industrielle.<\/p>\n<p><img fetchpriority=\"high\" decoding=\"async\" class=\"aligncenter size-full wp-image-2699\" src=\"https:\/\/servolinearactuator.com\/wp-content\/uploads\/2025\/07\/145-Series-2.jpg\" alt=\"\" width=\"1407\" height=\"2036\" srcset=\"https:\/\/servolinearactuator.com\/wp-content\/uploads\/2025\/07\/145-Series-2.jpg 1407w, https:\/\/servolinearactuator.com\/wp-content\/uploads\/2025\/07\/145-Series-2-207x300.jpg 207w, https:\/\/servolinearactuator.com\/wp-content\/uploads\/2025\/07\/145-Series-2-708x1024.jpg 708w, https:\/\/servolinearactuator.com\/wp-content\/uploads\/2025\/07\/145-Series-2-768x1111.jpg 768w, https:\/\/servolinearactuator.com\/wp-content\/uploads\/2025\/07\/145-Series-2-1061x1536.jpg 1061w, https:\/\/servolinearactuator.com\/wp-content\/uploads\/2025\/07\/145-Series-2-600x868.jpg 600w\" sizes=\"(max-width: 1407px) 100vw, 1407px\" \/> <img decoding=\"async\" class=\"aligncenter size-full wp-image-2700\" src=\"https:\/\/servolinearactuator.com\/wp-content\/uploads\/2025\/07\/145-Series.jpg\" alt=\"\" width=\"1407\" height=\"2036\" srcset=\"https:\/\/servolinearactuator.com\/wp-content\/uploads\/2025\/07\/145-Series.jpg 1407w, https:\/\/servolinearactuator.com\/wp-content\/uploads\/2025\/07\/145-Series-207x300.jpg 207w, https:\/\/servolinearactuator.com\/wp-content\/uploads\/2025\/07\/145-Series-708x1024.jpg 708w, https:\/\/servolinearactuator.com\/wp-content\/uploads\/2025\/07\/145-Series-768x1111.jpg 768w, https:\/\/servolinearactuator.com\/wp-content\/uploads\/2025\/07\/145-Series-1061x1536.jpg 1061w, https:\/\/servolinearactuator.com\/wp-content\/uploads\/2025\/07\/145-Series-600x868.jpg 600w\" sizes=\"(max-width: 1407px) 100vw, 1407px\" \/><img decoding=\"async\" class=\"aligncenter size-full wp-image-2701\" src=\"https:\/\/servolinearactuator.com\/wp-content\/uploads\/2025\/07\/145-Series-3.jpg\" alt=\"\" width=\"1420\" height=\"2036\" srcset=\"https:\/\/servolinearactuator.com\/wp-content\/uploads\/2025\/07\/145-Series-3.jpg 1420w, https:\/\/servolinearactuator.com\/wp-content\/uploads\/2025\/07\/145-Series-3-209x300.jpg 209w, https:\/\/servolinearactuator.com\/wp-content\/uploads\/2025\/07\/145-Series-3-714x1024.jpg 714w, https:\/\/servolinearactuator.com\/wp-content\/uploads\/2025\/07\/145-Series-3-768x1101.jpg 768w, https:\/\/servolinearactuator.com\/wp-content\/uploads\/2025\/07\/145-Series-3-1071x1536.jpg 1071w, https:\/\/servolinearactuator.com\/wp-content\/uploads\/2025\/07\/145-Series-3-600x860.jpg 600w\" sizes=\"(max-width: 1420px) 100vw, 1420px\" \/> <img loading=\"lazy\" decoding=\"async\" class=\"aligncenter size-full wp-image-2702\" src=\"https:\/\/servolinearactuator.com\/wp-content\/uploads\/2025\/07\/145-Series-1.jpg\" alt=\"\" width=\"1433\" height=\"2036\" srcset=\"https:\/\/servolinearactuator.com\/wp-content\/uploads\/2025\/07\/145-Series-1.jpg 1433w, https:\/\/servolinearactuator.com\/wp-content\/uploads\/2025\/07\/145-Series-1-211x300.jpg 211w, https:\/\/servolinearactuator.com\/wp-content\/uploads\/2025\/07\/145-Series-1-721x1024.jpg 721w, https:\/\/servolinearactuator.com\/wp-content\/uploads\/2025\/07\/145-Series-1-768x1091.jpg 768w, https:\/\/servolinearactuator.com\/wp-content\/uploads\/2025\/07\/145-Series-1-1081x1536.jpg 1081w, https:\/\/servolinearactuator.com\/wp-content\/uploads\/2025\/07\/145-Series-1-600x852.jpg 600w\" sizes=\"(max-width: 1433px) 100vw, 1433px\" \/><\/p>\n<p><script src=\"chrome-extension:\/\/fpelahbljekknahkcaegamhcndkfpfnc\/iFrame.js\" type=\"text\/javascript\"><\/script><\/p>","protected":false},"excerpt":{"rendered":"<p>Le servomoteur lin\u00e9aire 10T de la s\u00e9rie 145 de Jimmy Technology vous permet de b\u00e9n\u00e9ficier d'un contr\u00f4le ultime. Il d\u00e9livre une force immense de 10 tonnes avec pr\u00e9cision pour les t\u00e2ches d'automatisation difficiles.<\/p>\n<p><script src=\"chrome-extension:\/\/fpelahbljekknahkcaegamhcndkfpfnc\/iFrame.js\" type=\"text\/javascript\"><\/script><\/p>","protected":false},"featured_media":2486,"template":"","meta":{"_kad_post_transparent":"default","_kad_post_title":"","_kad_post_layout":"default","_kad_post_sidebar_id":"","_kad_post_content_style":"default","_kad_post_vertical_padding":"default","_kad_post_feature":"","_kad_post_feature_position":"","_kad_post_header":false,"_kad_post_footer":false,"_kad_post_classname":""},"product_brand":[],"product_cat":[587,15,566,563,581,556,567,545],"product_tag":[667,614,649],"class_list":{"0":"post-2402","1":"product","2":"type-product","3":"status-publish","4":"has-post-thumbnail","6":"product_cat-actuators-by-drive-type","7":"product_cat-electric-linear-actuators","8":"product_cat-actuators-by-force-duty","9":"product_cat-actuators-by-motor-type","10":"product_cat-actuators-by-popular-application","11":"product_cat-electric-cylinders","12":"product_cat-heavy-duty-linear-actuators","13":"product_cat-servo-motor-actuators","14":"product_tag-10t-linear-actuator","15":"product_tag-electric-cylinder","16":"product_tag-servo-linear-actuator","18":"first","19":"instock","20":"shipping-taxable","21":"product-type-simple","22":"entry","23":"content-bg","24":"loop-entry"},"_links":{"self":[{"href":"https:\/\/servolinearactuator.com\/fr\/wp-json\/wp\/v2\/product\/2402","targetHints":{"allow":["GET"]}}],"collection":[{"href":"https:\/\/servolinearactuator.com\/fr\/wp-json\/wp\/v2\/product"}],"about":[{"href":"https:\/\/servolinearactuator.com\/fr\/wp-json\/wp\/v2\/types\/product"}],"wp:featuredmedia":[{"embeddable":true,"href":"https:\/\/servolinearactuator.com\/fr\/wp-json\/wp\/v2\/media\/2486"}],"wp:attachment":[{"href":"https:\/\/servolinearactuator.com\/fr\/wp-json\/wp\/v2\/media?parent=2402"}],"wp:term":[{"taxonomy":"product_brand","embeddable":true,"href":"https:\/\/servolinearactuator.com\/fr\/wp-json\/wp\/v2\/product_brand?post=2402"},{"taxonomy":"product_cat","embeddable":true,"href":"https:\/\/servolinearactuator.com\/fr\/wp-json\/wp\/v2\/product_cat?post=2402"},{"taxonomy":"product_tag","embeddable":true,"href":"https:\/\/servolinearactuator.com\/fr\/wp-json\/wp\/v2\/product_tag?post=2402"}],"curies":[{"name":"wp","href":"https:\/\/api.w.org\/{rel}","templated":true}]}}