{"id":2400,"date":"2025-07-09T09:30:27","date_gmt":"2025-07-09T09:30:27","guid":{"rendered":"https:\/\/servolinearactuator.com\/?post_type=product&#038;p=2400"},"modified":"2025-07-24T22:31:06","modified_gmt":"2025-07-24T14:31:06","slug":"110-series-15t-force-servo-electric-cylinder-manufacturer","status":"publish","type":"product","link":"https:\/\/servolinearactuator.com\/fr\/110-series-15t-force-servo-electric-cylinder-manufacturer\/","title":{"rendered":"V\u00e9rin \u00e9lectrique servo de force s\u00e9rie 110 15T | Fabricant"},"content":{"rendered":"<p data-v-md-line=\"3\">Am\u00e9liorez votre automatisation avec le v\u00e9rin \u00e9lectrique Jimmy Technology 110 Series 15T Force Servo - un v\u00e9ritable concentr\u00e9 de puissance con\u00e7u pour une utilisation industrielle sans rel\u00e2che, des mouvements de pr\u00e9cision et une fiabilit\u00e9 \u00e0 long terme. Si vous exigez une force \u00e9lev\u00e9e, un contr\u00f4le pr\u00e9cis et une tranquillit\u00e9 d'esprit absolue, c'est l'actionneur qui vous lib\u00e8re.<\/p>\n<h2 data-v-md-heading=\"features-and-benefits\" data-v-md-line=\"6\">Caract\u00e9ristiques et avantages<\/h2>\n<ul data-v-md-line=\"8\">\n<li>Capacit\u00e9 de force robuste de 15T : Avec une force brute allant jusqu'\u00e0 150kN, cet actionneur lin\u00e9aire servo\u00e9lectrique rel\u00e8ve facilement les d\u00e9fis les plus difficiles en mati\u00e8re de pressage, de formage et de manipulation des mat\u00e9riaux. Vous n'aurez jamais \u00e0 vous soucier de la puissance ou de la durabilit\u00e9.<\/li>\n<li>Pr\u00e9cision et r\u00e9p\u00e9tabilit\u00e9 in\u00e9gal\u00e9es : La servocommande en boucle ferm\u00e9e et le retour de position absolu assurent une pr\u00e9cision et une r\u00e9p\u00e9tabilit\u00e9 de positionnement de l'ordre du micron. Chaque mouvement est exactement comme programm\u00e9, ce qui est essentiel dans les solutions d'automatisation industrielle ax\u00e9es sur la qualit\u00e9.<\/li>\n<li>Construction robuste et r\u00e9sistante \u00e0 la corrosion : La conception m\u00e9canique robuste de l'actionneur, fabriqu\u00e9 \u00e0 partir d'acier inoxydable et d'aluminium de haute qualit\u00e9, r\u00e9siste aux conditions difficiles, \u00e0 la corrosion et continue de fonctionner m\u00eame lorsque tout le reste s'arr\u00eate.<\/li>\n<li>Silencieux, \u00e9conome en \u00e9nergie et n\u00e9cessitant peu d'entretien : Oubliez les fuites et l'entretien constant des anciens syst\u00e8mes hydrauliques. Ce v\u00e9rin \u00e9lectrom\u00e9canique fonctionne silencieusement, ne consomme de l'\u00e9nergie que lorsqu'il est en mouvement et demande beaucoup moins d'attention de la part de votre \u00e9quipe de maintenance.<\/li>\n<li>Programmable et flexible : Les profils de mouvement, les vitesses et les r\u00e9glages de force enti\u00e8rement programmables vous permettent de vous adapter aux nouveaux produits, d'effectuer des changements rapides et de maintenir votre ligne agile \u00e0 l'\u00e8re de la fabrication de l'industrie 4.0.<\/li>\n<li>Montage polyvalent et int\u00e9gration transparente : Le montage de moteurs en ligne ou en parall\u00e8le, la compatibilit\u00e9 avec les principaux servomoteurs, les multiples options de dispositifs de r\u00e9troaction et les protocoles standard (EtherCAT, PROFINET) simplifient l'int\u00e9gration dans les syst\u00e8mes d'automatisation complexes.<\/li>\n<\/ul>\n<h2 data-v-md-heading=\"wide-applications\" data-v-md-line=\"15\">Applications \u00e9tendues<\/h2>\n<p data-v-md-line=\"16\">Les ing\u00e9nieurs et les constructeurs de machines font confiance \u00e0 la s\u00e9rie 110 pour des applications dans la construction automobile, les machines de soudage par r\u00e9sistance, les bancs d'essai, l'automatisation de l'assemblage, l'emballage, l'a\u00e9rospatiale et bien plus encore. Elle est \u00e9galement \u00e0 l'aise dans la robotique personnalis\u00e9e, l'actionnement de portails, le levage de mat\u00e9riaux et tout autre environnement exigeant un actionneur robuste, programmable et \u00e9conome en \u00e9nergie.<\/p>\n<h2 data-v-md-heading=\"specifications\" data-v-md-line=\"18\">Sp\u00e9cifications<\/h2>\n<ul data-v-md-line=\"20\">\n<li>Force : Jusqu'\u00e0 15 tonnes m\u00e9triques (150kN)<\/li>\n<li>Vitesse : fonctionnement hautement dynamique (personnalisable en fonction des besoins de l'utilisateur et de la configuration du moteur)<\/li>\n<li>Longueur de la course : Plusieurs options disponibles (sur mesure sur demande)<\/li>\n<li>Tension d'entr\u00e9e : Compatibilit\u00e9 avec les principales tensions d'alimentation industrielles et les syst\u00e8mes d'entra\u00eenement servo.<\/li>\n<li>Indice de protection : Indice de protection IP robuste disponible pour la r\u00e9sistance \u00e0 la poussi\u00e8re et \u00e0 l'eau - parfait pour les environnements difficiles ou ext\u00e9rieurs.<\/li>\n<\/ul>\n<h2 data-v-md-heading=\"technical-support\" data-v-md-line=\"26\">Support technique<\/h2>\n<p data-v-md-line=\"27\">Jimmy Technology vous soutient avec une assistance technique compl\u00e8te. Vous obtenez des mod\u00e8les CAO d\u00e9taill\u00e9s, des fiches techniques, des sch\u00e9mas de c\u00e2blage et un acc\u00e8s direct \u00e0 l'assistance technique pour garantir une s\u00e9lection, une installation et un fonctionnement sans faille.<\/p>\n<h2 data-v-md-heading=\"conclusion\" data-v-md-line=\"29\">Conclusion<\/h2>\n<p data-v-md-line=\"30\">Lorsque vous choisissez Jimmy Technology, vous investissez dans une innovation de pointe, une performance robuste et une fiabilit\u00e9 sans faille - le choix intelligent pour une automatisation visionnaire.<\/p>\n<p><img fetchpriority=\"high\" decoding=\"async\" class=\"aligncenter size-full wp-image-2694\" src=\"https:\/\/servolinearactuator.com\/wp-content\/uploads\/2025\/07\/110-Series.jpg\" alt=\"\" width=\"1427\" height=\"2036\" srcset=\"https:\/\/servolinearactuator.com\/wp-content\/uploads\/2025\/07\/110-Series.jpg 1427w, https:\/\/servolinearactuator.com\/wp-content\/uploads\/2025\/07\/110-Series-210x300.jpg 210w, https:\/\/servolinearactuator.com\/wp-content\/uploads\/2025\/07\/110-Series-718x1024.jpg 718w, https:\/\/servolinearactuator.com\/wp-content\/uploads\/2025\/07\/110-Series-768x1096.jpg 768w, https:\/\/servolinearactuator.com\/wp-content\/uploads\/2025\/07\/110-Series-1077x1536.jpg 1077w, https:\/\/servolinearactuator.com\/wp-content\/uploads\/2025\/07\/110-Series-600x856.jpg 600w\" sizes=\"(max-width: 1427px) 100vw, 1427px\" \/> <img decoding=\"async\" class=\"aligncenter size-full wp-image-2696\" src=\"https:\/\/servolinearactuator.com\/wp-content\/uploads\/2025\/07\/110-Series-3.jpg\" alt=\"\" width=\"1480\" height=\"2036\" srcset=\"https:\/\/servolinearactuator.com\/wp-content\/uploads\/2025\/07\/110-Series-3.jpg 1480w, https:\/\/servolinearactuator.com\/wp-content\/uploads\/2025\/07\/110-Series-3-218x300.jpg 218w, https:\/\/servolinearactuator.com\/wp-content\/uploads\/2025\/07\/110-Series-3-744x1024.jpg 744w, https:\/\/servolinearactuator.com\/wp-content\/uploads\/2025\/07\/110-Series-3-768x1057.jpg 768w, https:\/\/servolinearactuator.com\/wp-content\/uploads\/2025\/07\/110-Series-3-1117x1536.jpg 1117w, https:\/\/servolinearactuator.com\/wp-content\/uploads\/2025\/07\/110-Series-3-600x825.jpg 600w\" sizes=\"(max-width: 1480px) 100vw, 1480px\" \/> <img decoding=\"async\" class=\"aligncenter size-full wp-image-2695\" src=\"https:\/\/servolinearactuator.com\/wp-content\/uploads\/2025\/07\/110-Series-2.jpg\" alt=\"\" width=\"1420\" height=\"2036\" srcset=\"https:\/\/servolinearactuator.com\/wp-content\/uploads\/2025\/07\/110-Series-2.jpg 1420w, https:\/\/servolinearactuator.com\/wp-content\/uploads\/2025\/07\/110-Series-2-209x300.jpg 209w, https:\/\/servolinearactuator.com\/wp-content\/uploads\/2025\/07\/110-Series-2-714x1024.jpg 714w, https:\/\/servolinearactuator.com\/wp-content\/uploads\/2025\/07\/110-Series-2-768x1101.jpg 768w, https:\/\/servolinearactuator.com\/wp-content\/uploads\/2025\/07\/110-Series-2-1071x1536.jpg 1071w, https:\/\/servolinearactuator.com\/wp-content\/uploads\/2025\/07\/110-Series-2-600x860.jpg 600w\" sizes=\"(max-width: 1420px) 100vw, 1420px\" \/><img loading=\"lazy\" decoding=\"async\" class=\"aligncenter size-full wp-image-2697\" src=\"https:\/\/servolinearactuator.com\/wp-content\/uploads\/2025\/07\/110-Series-1.jpg\" alt=\"\" width=\"1413\" height=\"2036\" srcset=\"https:\/\/servolinearactuator.com\/wp-content\/uploads\/2025\/07\/110-Series-1.jpg 1413w, https:\/\/servolinearactuator.com\/wp-content\/uploads\/2025\/07\/110-Series-1-208x300.jpg 208w, https:\/\/servolinearactuator.com\/wp-content\/uploads\/2025\/07\/110-Series-1-711x1024.jpg 711w, https:\/\/servolinearactuator.com\/wp-content\/uploads\/2025\/07\/110-Series-1-768x1107.jpg 768w, https:\/\/servolinearactuator.com\/wp-content\/uploads\/2025\/07\/110-Series-1-1066x1536.jpg 1066w, https:\/\/servolinearactuator.com\/wp-content\/uploads\/2025\/07\/110-Series-1-600x865.jpg 600w\" sizes=\"(max-width: 1413px) 100vw, 1413px\" \/> <img loading=\"lazy\" decoding=\"async\" class=\"aligncenter size-full wp-image-2698\" src=\"https:\/\/servolinearactuator.com\/wp-content\/uploads\/2025\/07\/110-Series-2-1.jpg\" alt=\"\" width=\"1413\" height=\"2036\" srcset=\"https:\/\/servolinearactuator.com\/wp-content\/uploads\/2025\/07\/110-Series-2-1.jpg 1413w, https:\/\/servolinearactuator.com\/wp-content\/uploads\/2025\/07\/110-Series-2-1-208x300.jpg 208w, https:\/\/servolinearactuator.com\/wp-content\/uploads\/2025\/07\/110-Series-2-1-711x1024.jpg 711w, https:\/\/servolinearactuator.com\/wp-content\/uploads\/2025\/07\/110-Series-2-1-768x1107.jpg 768w, https:\/\/servolinearactuator.com\/wp-content\/uploads\/2025\/07\/110-Series-2-1-1066x1536.jpg 1066w, https:\/\/servolinearactuator.com\/wp-content\/uploads\/2025\/07\/110-Series-2-1-600x865.jpg 600w\" sizes=\"(max-width: 1413px) 100vw, 1413px\" \/><\/p>\n<p><script src=\"chrome-extension:\/\/fpelahbljekknahkcaegamhcndkfpfnc\/iFrame.js\" type=\"text\/javascript\"><\/script><\/p>","protected":false},"excerpt":{"rendered":"<div class=\"model-prompt-container\" data-turn-role=\"Model\">\n<div class=\"turn-content\">\n<p class=\"ng-star-inserted\"><span class=\"ng-star-inserted\">Le v\u00e9rin \u00e9lectrique 15T Force Servo : Un concentr\u00e9 de puissance pour l'automatisation industrielle. Obtenez une force \u00e9lev\u00e9e, un contr\u00f4le de pr\u00e9cision et une fiabilit\u00e9 \u00e0 toute \u00e9preuve pour vos travaux les plus difficiles.<\/span><\/p>\n<div class=\"turn-information ng-star-inserted\"><\/div>\n<\/div>\n<\/div>\n<div class=\"turn-footer ng-star-inserted\"><\/div>\n<p><script src=\"chrome-extension:\/\/fpelahbljekknahkcaegamhcndkfpfnc\/iFrame.js\" type=\"text\/javascript\"><\/script><\/p>","protected":false},"featured_media":2472,"template":"","meta":{"_kad_post_transparent":"default","_kad_post_title":"","_kad_post_layout":"default","_kad_post_sidebar_id":"","_kad_post_content_style":"default","_kad_post_vertical_padding":"default","_kad_post_feature":"","_kad_post_feature_position":"","_kad_post_header":false,"_kad_post_footer":false,"_kad_post_classname":""},"product_brand":[],"product_cat":[587,15,566,563,581,556,567,545],"product_tag":[663,664,647],"class_list":{"0":"post-2400","1":"product","2":"type-product","3":"status-publish","4":"has-post-thumbnail","6":"product_cat-actuators-by-drive-type","7":"product_cat-electric-linear-actuators","8":"product_cat-actuators-by-force-duty","9":"product_cat-actuators-by-motor-type","10":"product_cat-actuators-by-popular-application","11":"product_cat-electric-cylinders","12":"product_cat-heavy-duty-linear-actuators","13":"product_cat-servo-motor-actuators","14":"product_tag-15t-force-cylinder","15":"product_tag-electric-cylinder-manufacturer","16":"product_tag-servo-electric-cylinder","18":"first","19":"instock","20":"shipping-taxable","21":"product-type-simple","22":"entry","23":"content-bg","24":"loop-entry"},"_links":{"self":[{"href":"https:\/\/servolinearactuator.com\/fr\/wp-json\/wp\/v2\/product\/2400","targetHints":{"allow":["GET"]}}],"collection":[{"href":"https:\/\/servolinearactuator.com\/fr\/wp-json\/wp\/v2\/product"}],"about":[{"href":"https:\/\/servolinearactuator.com\/fr\/wp-json\/wp\/v2\/types\/product"}],"wp:featuredmedia":[{"embeddable":true,"href":"https:\/\/servolinearactuator.com\/fr\/wp-json\/wp\/v2\/media\/2472"}],"wp:attachment":[{"href":"https:\/\/servolinearactuator.com\/fr\/wp-json\/wp\/v2\/media?parent=2400"}],"wp:term":[{"taxonomy":"product_brand","embeddable":true,"href":"https:\/\/servolinearactuator.com\/fr\/wp-json\/wp\/v2\/product_brand?post=2400"},{"taxonomy":"product_cat","embeddable":true,"href":"https:\/\/servolinearactuator.com\/fr\/wp-json\/wp\/v2\/product_cat?post=2400"},{"taxonomy":"product_tag","embeddable":true,"href":"https:\/\/servolinearactuator.com\/fr\/wp-json\/wp\/v2\/product_tag?post=2400"}],"curies":[{"name":"wp","href":"https:\/\/api.w.org\/{rel}","templated":true}]}}