{"id":2398,"date":"2025-07-09T09:30:23","date_gmt":"2025-07-09T09:30:23","guid":{"rendered":"https:\/\/servolinearactuator.com\/?post_type=product&#038;p=2398"},"modified":"2025-07-24T22:29:28","modified_gmt":"2025-07-24T14:29:28","slug":"95-series-fast-servo-linear-actuator-industrial-electric-cylinder","status":"publish","type":"product","link":"https:\/\/servolinearactuator.com\/fr\/95-series-fast-servo-linear-actuator-industrial-electric-cylinder\/","title":{"rendered":"95 Series Fast Servo Linear Actuator | Industrial Electric Cylinder"},"content":{"rendered":"<p data-v-md-line=\"3\">Le servomoteur lin\u00e9aire rapide de la s\u00e9rie 95 de Jimmy Technology permet d'atteindre un niveau de performance sup\u00e9rieur dans le domaine de l'automatisation industrielle. Il s'agit de la cl\u00e9 d'un mouvement robuste, rapide et pr\u00e9cis dans les environnements les plus exigeants.<\/p>\n<h2 data-v-md-heading=\"features-and-benefits\" data-v-md-line=\"5\">Caract\u00e9ristiques et avantages<\/h2>\n<ul data-v-md-line=\"7\">\n<li><strong>Construction robuste et r\u00e9sistante :<\/strong>\u00a0Fabriqu\u00e9 \u00e0 partir de mat\u00e9riaux de haute qualit\u00e9, cet actionneur est con\u00e7u pour fonctionner dans des environnements industriels difficiles. Le robuste cylindre \u00e9lectrique r\u00e9siste \u00e0 des forces \u00e9lev\u00e9es et assure un fonctionnement fiable, cycle apr\u00e8s cycle.<\/li>\n<li><strong>Mouvement lin\u00e9aire de pr\u00e9cision \u00e0 grande vitesse :<\/strong>\u00a0Int\u00e9grant un syst\u00e8me d'asservissement en boucle ferm\u00e9e, la s\u00e9rie 95 offre des temps de r\u00e9ponse rapides comme l'\u00e9clair et une r\u00e9p\u00e9tabilit\u00e9 inf\u00e9rieure au millim\u00e8tre, ce qui est id\u00e9al pour les applications o\u00f9 le positionnement \u00e0 grande vitesse et la pr\u00e9cision sont les plus importants.<\/li>\n<li><strong>Profils de mouvement polyvalents :<\/strong>\u00a0Gr\u00e2ce \u00e0 la commande programmable et au retour d'information servo int\u00e9gr\u00e9, vous b\u00e9n\u00e9ficiez d'une flexibilit\u00e9 ultime : adaptez la force, la vitesse et la course avec pr\u00e9cision \u00e0 chaque t\u00e2che, de l'automatisation des cha\u00eenes de montage \u00e0 la manutention de mat\u00e9riaux.<\/li>\n<li><strong>Fonctionnement propre et n\u00e9cessitant peu d'entretien :<\/strong>\u00a0Contrairement aux v\u00e9rins hydrauliques ou pneumatiques, ce v\u00e9rin \u00e9lectrique offre des performances \u00e9nerg\u00e9tiques efficaces, sans fuites, des temps d'arr\u00eat r\u00e9duits et un actionnement silencieux, cr\u00e9ant ainsi un espace de travail plus s\u00fbr et plus propre.<\/li>\n<li><strong>Int\u00e9gration transparente de l'industrie 4.0 :<\/strong>\u00a0Compatible avec les principaux API, IHM et protocoles de bus de terrain industriels (tels que PROFINET, EtherCAT, Modbus TCP\/IP, CANopen), l'actionneur offre des mouvements fluides et synchronis\u00e9s ainsi que des diagnostics en temps r\u00e9el pour assurer la p\u00e9rennit\u00e9 de votre ligne d'automatisation.<\/li>\n<\/ul>\n<h2 data-v-md-heading=\"wide-applications\" data-v-md-line=\"13\">Applications \u00e9tendues<\/h2>\n<p data-v-md-line=\"15\">L'actionneur de la s\u00e9rie 95 est le choix id\u00e9al pour le contr\u00f4le dynamique des mouvements lin\u00e9aires dans tout le spectre de l'automatisation, y compris, mais sans s'y limiter, les syst\u00e8mes d'emballage, la fabrication automobile, la robotique de prise et de d\u00e9pose, la manutention avanc\u00e9e, l'\u00e9quipement de pressage et d'estampage, et les syst\u00e8mes de suivi photovolta\u00efques. Sa fiabilit\u00e9 et ses performances \u00e9lev\u00e9es en font une solution de choix pour l'automatisation des usines, la transformation des aliments et des boissons, et tout environnement exigeant un entra\u00eenement lin\u00e9aire \u00e0 grande vitesse et \u00e0 usage intensif.<\/p>\n<h2 data-v-md-heading=\"specifications\" data-v-md-line=\"17\">Sp\u00e9cifications<\/h2>\n<ul data-v-md-line=\"19\">\n<li><strong>La force :<\/strong>\u00a0Jusqu'\u00e0 50 kN (r\u00e9f\u00e9rence industrielle) pour faire face aux charges industrielles lourdes.<\/li>\n<li><strong>Speed:<\/strong>\u00a0Il permet d'atteindre des vitesses allant jusqu'\u00e0 5 m\/s, r\u00e9duisant ainsi les temps de cycle pour un meilleur rendement.<\/li>\n<li><strong>Longueur de la course :<\/strong>\u00a0Personnalisable, avec une large gamme d'options pour s'adapter \u00e0 votre empreinte op\u00e9rationnelle sp\u00e9cifique.<\/li>\n<li><strong>Tension d'entr\u00e9e :<\/strong>\u00a0Prend en charge les tensions industrielles standard (contactez-nous pour sp\u00e9cifier votre besoin exact).<\/li>\n<li><strong>Indice de protection :<\/strong>\u00a0Con\u00e7u pour les environnements difficiles avec une \u00e9tanch\u00e9it\u00e9 robuste - IP65 ou mieux, garantissant une r\u00e9sistance \u00e0 la poussi\u00e8re et \u00e0 l'eau pour les applications ext\u00e9rieures et difficiles.<\/li>\n<\/ul>\n<h2 data-v-md-heading=\"technical-support\" data-v-md-line=\"25\">Support technique<\/h2>\n<p data-v-md-line=\"27\">Notre engagement pour votre succ\u00e8s va au-del\u00e0 de l'actionneur. Jimmy Technology fournit un support technique complet pour la s\u00e9rie 95 - mod\u00e8les CAO d\u00e9taill\u00e9s, fiches techniques compl\u00e8tes, circuits et sch\u00e9mas de c\u00e2blage. Nous vous guiderons \u00e0 chaque \u00e9tape de la s\u00e9lection, de la configuration et de l'int\u00e9gration, afin que vous tiriez le meilleur parti de votre investissement.<\/p>\n<h2 data-v-md-heading=\"conclusion\" data-v-md-line=\"29\">Conclusion<\/h2>\n<p data-v-md-line=\"31\">Lorsque vous choisissez l'actionneur lin\u00e9aire \u00e0 servocommande rapide de la s\u00e9rie 95 de Jimmy Technology, vous optez pour une qualit\u00e9 in\u00e9gal\u00e9e, une fiabilit\u00e9 sans faille et une ing\u00e9nierie avanc\u00e9e qui permet \u00e0 votre automatisation de garder une longueur d'avance.<\/p>\n<p><img fetchpriority=\"high\" decoding=\"async\" class=\"aligncenter size-full wp-image-2689\" src=\"https:\/\/servolinearactuator.com\/wp-content\/uploads\/2025\/07\/95-Series-1.jpg\" alt=\"\" width=\"1413\" height=\"2036\" srcset=\"https:\/\/servolinearactuator.com\/wp-content\/uploads\/2025\/07\/95-Series-1.jpg 1413w, https:\/\/servolinearactuator.com\/wp-content\/uploads\/2025\/07\/95-Series-1-208x300.jpg 208w, https:\/\/servolinearactuator.com\/wp-content\/uploads\/2025\/07\/95-Series-1-711x1024.jpg 711w, https:\/\/servolinearactuator.com\/wp-content\/uploads\/2025\/07\/95-Series-1-768x1107.jpg 768w, https:\/\/servolinearactuator.com\/wp-content\/uploads\/2025\/07\/95-Series-1-1066x1536.jpg 1066w, https:\/\/servolinearactuator.com\/wp-content\/uploads\/2025\/07\/95-Series-1-600x865.jpg 600w\" sizes=\"(max-width: 1413px) 100vw, 1413px\" \/> <img decoding=\"async\" class=\"aligncenter size-full wp-image-2691\" src=\"https:\/\/servolinearactuator.com\/wp-content\/uploads\/2025\/07\/95-Series.jpg\" alt=\"\" width=\"1407\" height=\"2036\" srcset=\"https:\/\/servolinearactuator.com\/wp-content\/uploads\/2025\/07\/95-Series.jpg 1407w, https:\/\/servolinearactuator.com\/wp-content\/uploads\/2025\/07\/95-Series-207x300.jpg 207w, https:\/\/servolinearactuator.com\/wp-content\/uploads\/2025\/07\/95-Series-708x1024.jpg 708w, https:\/\/servolinearactuator.com\/wp-content\/uploads\/2025\/07\/95-Series-768x1111.jpg 768w, https:\/\/servolinearactuator.com\/wp-content\/uploads\/2025\/07\/95-Series-1061x1536.jpg 1061w, https:\/\/servolinearactuator.com\/wp-content\/uploads\/2025\/07\/95-Series-600x868.jpg 600w\" sizes=\"(max-width: 1407px) 100vw, 1407px\" \/> <img decoding=\"async\" class=\"aligncenter size-full wp-image-2690\" src=\"https:\/\/servolinearactuator.com\/wp-content\/uploads\/2025\/07\/95-Series-2.jpg\" alt=\"\" width=\"1407\" height=\"2036\" srcset=\"https:\/\/servolinearactuator.com\/wp-content\/uploads\/2025\/07\/95-Series-2.jpg 1407w, https:\/\/servolinearactuator.com\/wp-content\/uploads\/2025\/07\/95-Series-2-207x300.jpg 207w, https:\/\/servolinearactuator.com\/wp-content\/uploads\/2025\/07\/95-Series-2-708x1024.jpg 708w, https:\/\/servolinearactuator.com\/wp-content\/uploads\/2025\/07\/95-Series-2-768x1111.jpg 768w, https:\/\/servolinearactuator.com\/wp-content\/uploads\/2025\/07\/95-Series-2-1061x1536.jpg 1061w, https:\/\/servolinearactuator.com\/wp-content\/uploads\/2025\/07\/95-Series-2-600x868.jpg 600w\" sizes=\"(max-width: 1407px) 100vw, 1407px\" \/><img loading=\"lazy\" decoding=\"async\" class=\"aligncenter size-full wp-image-2692\" src=\"https:\/\/servolinearactuator.com\/wp-content\/uploads\/2025\/07\/95-Series-1-1.jpg\" alt=\"\" width=\"1427\" height=\"2036\" srcset=\"https:\/\/servolinearactuator.com\/wp-content\/uploads\/2025\/07\/95-Series-1-1.jpg 1427w, https:\/\/servolinearactuator.com\/wp-content\/uploads\/2025\/07\/95-Series-1-1-210x300.jpg 210w, https:\/\/servolinearactuator.com\/wp-content\/uploads\/2025\/07\/95-Series-1-1-718x1024.jpg 718w, https:\/\/servolinearactuator.com\/wp-content\/uploads\/2025\/07\/95-Series-1-1-768x1096.jpg 768w, https:\/\/servolinearactuator.com\/wp-content\/uploads\/2025\/07\/95-Series-1-1-1077x1536.jpg 1077w, https:\/\/servolinearactuator.com\/wp-content\/uploads\/2025\/07\/95-Series-1-1-600x856.jpg 600w\" sizes=\"(max-width: 1427px) 100vw, 1427px\" \/> <img loading=\"lazy\" decoding=\"async\" class=\"aligncenter size-full wp-image-2693\" src=\"https:\/\/servolinearactuator.com\/wp-content\/uploads\/2025\/07\/95-Series-2-1.jpg\" alt=\"\" width=\"1400\" height=\"2036\" srcset=\"https:\/\/servolinearactuator.com\/wp-content\/uploads\/2025\/07\/95-Series-2-1.jpg 1400w, https:\/\/servolinearactuator.com\/wp-content\/uploads\/2025\/07\/95-Series-2-1-206x300.jpg 206w, https:\/\/servolinearactuator.com\/wp-content\/uploads\/2025\/07\/95-Series-2-1-704x1024.jpg 704w, https:\/\/servolinearactuator.com\/wp-content\/uploads\/2025\/07\/95-Series-2-1-768x1117.jpg 768w, https:\/\/servolinearactuator.com\/wp-content\/uploads\/2025\/07\/95-Series-2-1-1056x1536.jpg 1056w, https:\/\/servolinearactuator.com\/wp-content\/uploads\/2025\/07\/95-Series-2-1-600x873.jpg 600w\" sizes=\"(max-width: 1400px) 100vw, 1400px\" \/><\/p>\n<p><script src=\"chrome-extension:\/\/fpelahbljekknahkcaegamhcndkfpfnc\/iFrame.js\" type=\"text\/javascript\"><\/script><\/p>","protected":false},"excerpt":{"rendered":"<div class=\"chat-container\">\n<div class=\"chat-view-container ng-star-inserted\">\n<div>\n<div class=\"chat-turn-container model render cdk-focused cdk-mouse-focused\" tabindex=\"-1\">\n<div class=\"model-prompt-container\" data-turn-role=\"Model\">\n<div class=\"turn-content\">\n<p class=\"ng-star-inserted\"><span class=\"ng-star-inserted\">Les servomoteurs rapides de la s\u00e9rie 95 de Jimmy Technology offrent des mouvements robustes, rapides et pr\u00e9cis pour l'automatisation industrielle exigeante.<\/span><\/p>\n<\/div>\n<\/div>\n<\/div>\n<\/div>\n<\/div>\n<\/div>\n<p><script src=\"chrome-extension:\/\/fpelahbljekknahkcaegamhcndkfpfnc\/iFrame.js\" type=\"text\/javascript\"><\/script><\/p>","protected":false},"featured_media":2457,"template":"","meta":{"_kad_post_transparent":"default","_kad_post_title":"","_kad_post_layout":"default","_kad_post_sidebar_id":"","_kad_post_content_style":"default","_kad_post_vertical_padding":"default","_kad_post_feature":"","_kad_post_feature_position":"","_kad_post_header":false,"_kad_post_footer":false,"_kad_post_classname":""},"product_brand":[],"product_cat":[587,573,563,581,570,556,15,571,576,545],"product_tag":[660,661,649],"class_list":{"0":"post-2398","1":"product","2":"type-product","3":"status-publish","4":"has-post-thumbnail","6":"product_cat-actuators-by-drive-type","7":"product_cat-actuators-by-environment","8":"product_cat-actuators-by-motor-type","9":"product_cat-actuators-by-popular-application","10":"product_cat-actuators-by-speed","11":"product_cat-electric-cylinders","12":"product_cat-electric-linear-actuators","13":"product_cat-high-speed-linear-actuators","14":"product_cat-industrial-linear-actuators","15":"product_cat-servo-motor-actuators","16":"product_tag-fast-electric-cylinder","17":"product_tag-industrial-electric-cylinder","18":"product_tag-servo-linear-actuator","20":"first","21":"instock","22":"shipping-taxable","23":"product-type-simple","24":"entry","25":"content-bg","26":"loop-entry"},"_links":{"self":[{"href":"https:\/\/servolinearactuator.com\/fr\/wp-json\/wp\/v2\/product\/2398","targetHints":{"allow":["GET"]}}],"collection":[{"href":"https:\/\/servolinearactuator.com\/fr\/wp-json\/wp\/v2\/product"}],"about":[{"href":"https:\/\/servolinearactuator.com\/fr\/wp-json\/wp\/v2\/types\/product"}],"wp:featuredmedia":[{"embeddable":true,"href":"https:\/\/servolinearactuator.com\/fr\/wp-json\/wp\/v2\/media\/2457"}],"wp:attachment":[{"href":"https:\/\/servolinearactuator.com\/fr\/wp-json\/wp\/v2\/media?parent=2398"}],"wp:term":[{"taxonomy":"product_brand","embeddable":true,"href":"https:\/\/servolinearactuator.com\/fr\/wp-json\/wp\/v2\/product_brand?post=2398"},{"taxonomy":"product_cat","embeddable":true,"href":"https:\/\/servolinearactuator.com\/fr\/wp-json\/wp\/v2\/product_cat?post=2398"},{"taxonomy":"product_tag","embeddable":true,"href":"https:\/\/servolinearactuator.com\/fr\/wp-json\/wp\/v2\/product_tag?post=2398"}],"curies":[{"name":"wp","href":"https:\/\/api.w.org\/{rel}","templated":true}]}}