{"id":2396,"date":"2025-07-09T09:30:19","date_gmt":"2025-07-09T09:30:19","guid":{"rendered":"https:\/\/servolinearactuator.com\/?post_type=product&#038;p=2396"},"modified":"2025-07-24T22:27:48","modified_gmt":"2025-07-24T14:27:48","slug":"75-series-high-thrust-servo-linear-actuator-factory-direct","status":"publish","type":"product","link":"https:\/\/servolinearactuator.com\/fr\/75-series-high-thrust-servo-linear-actuator-factory-direct\/","title":{"rendered":"Actionneur lin\u00e9aire servo \u00e0 forte pouss\u00e9e s\u00e9rie 75 | Factory Direct"},"content":{"rendered":"<p data-v-md-line=\"4\">D\u00e9couvrez le summum de l'automatisation industrielle de haute force et de pr\u00e9cision avec l'actionneur servo-lin\u00e9aire \u00e0 forte pouss\u00e9e de la s\u00e9rie 75 de Jimmy Technology - directement de notre usine jusqu'\u00e0 vous. La combinaison ultime d'une pouss\u00e9e \u00e9lev\u00e9e, d'un actionnement lin\u00e9aire de pr\u00e9cision et d'une fiabilit\u00e9 \u00e0 toute \u00e9preuve est con\u00e7ue pour r\u00e9pondre aux applications les plus exigeantes.<\/p>\n<h2 data-v-md-heading=\"features-and-benefits\" data-v-md-line=\"6\">Caract\u00e9ristiques et avantages<\/h2>\n<ul data-v-md-line=\"8\">\n<li>Performances robustes pour service intensif : La s\u00e9rie 75 est con\u00e7ue pour r\u00e9pondre aux exigences des actionneurs \u00e9lectriques \u00e0 forte pouss\u00e9e, offrant une force continue in\u00e9gal\u00e9e - id\u00e9ale pour remplacer les v\u00e9rins hydrauliques encombrants ou alimenter les syst\u00e8mes de pressage, de levage et de manutention \u00e0 grande \u00e9chelle.<\/li>\n<li>Mouvement lin\u00e9aire servo de pr\u00e9cision : Gr\u00e2ce \u00e0 la technologie des servomoteurs int\u00e9gr\u00e9s, vous obtenez une pr\u00e9cision et une r\u00e9p\u00e9tabilit\u00e9 extr\u00eames (\u00b10,01 mm \u00e0 \u00b10,03 mm), essentielles pour les applications exigeant des tol\u00e9rances serr\u00e9es, telles que la fabrication de pr\u00e9cision ou l'inspection automatis\u00e9e.<\/li>\n<li>Une construction sup\u00e9rieure pour les environnements difficiles : Fabriqu\u00e9 en aluminium et en acier inoxydable de haute qualit\u00e9, cet actionneur r\u00e9siste non seulement \u00e0 la corrosion, mais il est \u00e9galement disponible dans des options de classification allant jusqu'\u00e0 IP65 et NEMA 4X - parfait pour les environnements industriels difficiles, les salles blanches et les environnements de lavage.<\/li>\n<li>Contr\u00f4le et retour d'information int\u00e9gr\u00e9s : Interface facile avec les automates, les IHM et les plates-formes de servomoteurs les plus courantes. Choisissez parmi les options de codeurs absolus ou incr\u00e9mentaux pour un retour d'information en temps r\u00e9el et un contr\u00f4le avanc\u00e9 des mouvements en boucle ferm\u00e9e.<\/li>\n<li>Flexible et personnalisable : La s\u00e9rie 75 prend en charge des longueurs de course personnalisables (100 mm \u00e0 2000 mm), de multiples options de montage et m\u00eame des conceptions d'actionneurs sp\u00e9cialis\u00e9s pour les OEM, garantissant une int\u00e9gration transparente dans presque toutes les machines ou tous les processus.<\/li>\n<li>Efficacit\u00e9 \u00e9nerg\u00e9tique et absence de maintenance : \u00e9liminez les fuites d'huile, r\u00e9duisez le bruit, diminuez la consommation d'\u00e9nergie jusqu'\u00e0 80% par rapport aux syst\u00e8mes hydrauliques et profitez d'une solution pratiquement sans maintenance avec une dur\u00e9e de vie de plus de 100 millions de cycles.<\/li>\n<\/ul>\n<h2 data-v-md-heading=\"wide-applications\" data-v-md-line=\"15\">Applications \u00e9tendues<\/h2>\n<p data-v-md-line=\"16\">Cet actionneur est le choix id\u00e9al pour vos projets d'automatisation, y compris, mais sans s'y limiter : lignes d'assemblage automobile, soudage robotis\u00e9, syst\u00e8mes de manutention lourde, machines d'emballage, bancs d'essai et simulation dans l'a\u00e9rospatiale, positionnement d'appareils m\u00e9dicaux, production d'aliments et de boissons, et toute application exigeant une force et une pr\u00e9cision exceptionnelles. Il est \u00e9galement parfait pour la domotique avanc\u00e9e, les syst\u00e8mes de suivi solaire et les constructions automobiles personnalis\u00e9es, gr\u00e2ce \u00e0 sa large gamme d'options personnalisables.<\/p>\n<h2 data-v-md-heading=\"specifications\" data-v-md-line=\"18\">Sp\u00e9cifications<\/h2>\n<ul data-v-md-line=\"20\">\n<li>Force : 10 kN \u00e0 200 kN (2,250-45,000 lbf), manipulez les charges les plus lourdes en toute confiance.<\/li>\n<li>Vitesse : 500 mm\/s \u00e0 1500 mm\/s, pour des cycles industriels rapides et dynamiques<\/li>\n<li>Longueur de la course : 100 mm \u00e0 2000 mm (longueurs personnalis\u00e9es disponibles)<\/li>\n<li>Tension d'entr\u00e9e : Compatible avec la plupart des tensions de servo et d'entra\u00eenement industriels<\/li>\n<li>Indice de protection : Jusqu'\u00e0 IP65\/NEMA 4X (scell\u00e9 pour la r\u00e9sistance \u00e0 la poussi\u00e8re et \u00e0 l'eau ; sans danger pour l'utilisation en ext\u00e9rieur ou dans les lavabos)<\/li>\n<\/ul>\n<h2 data-v-md-heading=\"technical-support\" data-v-md-line=\"26\">Support technique<\/h2>\n<p data-v-md-line=\"27\">Nous fournissons une assistance technique compl\u00e8te pour ce produit, y compris des mod\u00e8les CAO d\u00e9taill\u00e9s, des fiches techniques et des sch\u00e9mas de c\u00e2blage, afin de garantir une int\u00e9gration facile et sans heurts dans votre projet d'automatisation. Nos ing\u00e9nieurs experts se tiennent \u00e0 votre disposition pour vous aider \u00e0 dimensionner et s\u00e9lectionner les actionneurs ou pour r\u00e9pondre \u00e0 vos questions sur les applications personnalis\u00e9es.<\/p>\n<h2 data-v-md-heading=\"conclusion\" data-v-md-line=\"29\">Conclusion<\/h2>\n<p data-v-md-line=\"30\">Choisir Jimmy Technology, c'est choisir la meilleure qualit\u00e9 du march\u00e9, une innovation incessante et une fiabilit\u00e9 absolue pour tous les d\u00e9fis exigeants en mati\u00e8re de contr\u00f4le de mouvement.<\/p>\n<p><img fetchpriority=\"high\" decoding=\"async\" class=\"aligncenter size-full wp-image-2684\" src=\"https:\/\/servolinearactuator.com\/wp-content\/uploads\/2025\/07\/75-Series-2.jpg\" alt=\"\" width=\"1420\" height=\"2036\" srcset=\"https:\/\/servolinearactuator.com\/wp-content\/uploads\/2025\/07\/75-Series-2.jpg 1420w, https:\/\/servolinearactuator.com\/wp-content\/uploads\/2025\/07\/75-Series-2-209x300.jpg 209w, https:\/\/servolinearactuator.com\/wp-content\/uploads\/2025\/07\/75-Series-2-714x1024.jpg 714w, https:\/\/servolinearactuator.com\/wp-content\/uploads\/2025\/07\/75-Series-2-768x1101.jpg 768w, https:\/\/servolinearactuator.com\/wp-content\/uploads\/2025\/07\/75-Series-2-1071x1536.jpg 1071w, https:\/\/servolinearactuator.com\/wp-content\/uploads\/2025\/07\/75-Series-2-600x860.jpg 600w\" sizes=\"(max-width: 1420px) 100vw, 1420px\" \/> <img decoding=\"async\" class=\"aligncenter size-full wp-image-2685\" src=\"https:\/\/servolinearactuator.com\/wp-content\/uploads\/2025\/07\/75-Series.jpg\" alt=\"\" width=\"1420\" height=\"2036\" srcset=\"https:\/\/servolinearactuator.com\/wp-content\/uploads\/2025\/07\/75-Series.jpg 1420w, https:\/\/servolinearactuator.com\/wp-content\/uploads\/2025\/07\/75-Series-209x300.jpg 209w, https:\/\/servolinearactuator.com\/wp-content\/uploads\/2025\/07\/75-Series-714x1024.jpg 714w, https:\/\/servolinearactuator.com\/wp-content\/uploads\/2025\/07\/75-Series-768x1101.jpg 768w, https:\/\/servolinearactuator.com\/wp-content\/uploads\/2025\/07\/75-Series-1071x1536.jpg 1071w, https:\/\/servolinearactuator.com\/wp-content\/uploads\/2025\/07\/75-Series-600x860.jpg 600w\" sizes=\"(max-width: 1420px) 100vw, 1420px\" \/><img decoding=\"async\" class=\"aligncenter size-full wp-image-2687\" src=\"https:\/\/servolinearactuator.com\/wp-content\/uploads\/2025\/07\/75-Series-4.jpg\" alt=\"\" width=\"1420\" height=\"2036\" srcset=\"https:\/\/servolinearactuator.com\/wp-content\/uploads\/2025\/07\/75-Series-4.jpg 1420w, https:\/\/servolinearactuator.com\/wp-content\/uploads\/2025\/07\/75-Series-4-209x300.jpg 209w, https:\/\/servolinearactuator.com\/wp-content\/uploads\/2025\/07\/75-Series-4-714x1024.jpg 714w, https:\/\/servolinearactuator.com\/wp-content\/uploads\/2025\/07\/75-Series-4-768x1101.jpg 768w, https:\/\/servolinearactuator.com\/wp-content\/uploads\/2025\/07\/75-Series-4-1071x1536.jpg 1071w, https:\/\/servolinearactuator.com\/wp-content\/uploads\/2025\/07\/75-Series-4-600x860.jpg 600w\" sizes=\"(max-width: 1420px) 100vw, 1420px\" \/> <img loading=\"lazy\" decoding=\"async\" class=\"aligncenter size-full wp-image-2686\" src=\"https:\/\/servolinearactuator.com\/wp-content\/uploads\/2025\/07\/75-Series-3.jpg\" alt=\"\" width=\"1407\" height=\"2036\" srcset=\"https:\/\/servolinearactuator.com\/wp-content\/uploads\/2025\/07\/75-Series-3.jpg 1407w, https:\/\/servolinearactuator.com\/wp-content\/uploads\/2025\/07\/75-Series-3-207x300.jpg 207w, https:\/\/servolinearactuator.com\/wp-content\/uploads\/2025\/07\/75-Series-3-708x1024.jpg 708w, https:\/\/servolinearactuator.com\/wp-content\/uploads\/2025\/07\/75-Series-3-768x1111.jpg 768w, https:\/\/servolinearactuator.com\/wp-content\/uploads\/2025\/07\/75-Series-3-1061x1536.jpg 1061w, https:\/\/servolinearactuator.com\/wp-content\/uploads\/2025\/07\/75-Series-3-600x868.jpg 600w\" sizes=\"(max-width: 1407px) 100vw, 1407px\" \/><\/p>\n<p><script src=\"chrome-extension:\/\/fpelahbljekknahkcaegamhcndkfpfnc\/iFrame.js\" type=\"text\/javascript\"><\/script><\/p>\n<p><script src=\"chrome-extension:\/\/fpelahbljekknahkcaegamhcndkfpfnc\/iFrame.js\" type=\"text\/javascript\"><\/script><\/p>","protected":false},"excerpt":{"rendered":"<div class=\"chat-container\">\n<div class=\"chat-view-container ng-star-inserted\">\n<div>\n<div class=\"chat-turn-container model render cdk-focused cdk-mouse-focused\" tabindex=\"-1\">\n<div class=\"model-prompt-container\" data-turn-role=\"Model\">\n<div class=\"turn-content\">\n<p class=\"ng-star-inserted\"><span class=\"ng-star-inserted\">D\u00e9couvrez le summum de la force et de la pr\u00e9cision de l'automatisation avec l'actionneur servo-lin\u00e9aire \u00e0 forte pouss\u00e9e de la s\u00e9rie 75 de Jimmy Technology.<\/span><\/p>\n<\/div>\n<\/div>\n<\/div>\n<\/div>\n<\/div>\n<\/div>\n<p><script src=\"chrome-extension:\/\/fpelahbljekknahkcaegamhcndkfpfnc\/iFrame.js\" type=\"text\/javascript\"><\/script><\/p>","protected":false},"featured_media":2438,"template":"","meta":{"_kad_post_transparent":"default","_kad_post_title":"","_kad_post_layout":"default","_kad_post_sidebar_id":"","_kad_post_content_style":"default","_kad_post_vertical_padding":"default","_kad_post_feature":"","_kad_post_feature_position":"","_kad_post_header":false,"_kad_post_footer":false,"_kad_post_classname":""},"product_brand":[],"product_cat":[587,566,563,581,556,15,567,545],"product_tag":[657,656,649],"class_list":{"0":"post-2396","1":"product","2":"type-product","3":"status-publish","4":"has-post-thumbnail","6":"product_cat-actuators-by-drive-type","7":"product_cat-actuators-by-force-duty","8":"product_cat-actuators-by-motor-type","9":"product_cat-actuators-by-popular-application","10":"product_cat-electric-cylinders","11":"product_cat-electric-linear-actuators","12":"product_cat-heavy-duty-linear-actuators","13":"product_cat-servo-motor-actuators","14":"product_tag-factory-direct-linear-actuator","15":"product_tag-high-thrust-actuator","16":"product_tag-servo-linear-actuator","18":"first","19":"instock","20":"shipping-taxable","21":"product-type-simple","22":"entry","23":"content-bg","24":"loop-entry"},"_links":{"self":[{"href":"https:\/\/servolinearactuator.com\/fr\/wp-json\/wp\/v2\/product\/2396","targetHints":{"allow":["GET"]}}],"collection":[{"href":"https:\/\/servolinearactuator.com\/fr\/wp-json\/wp\/v2\/product"}],"about":[{"href":"https:\/\/servolinearactuator.com\/fr\/wp-json\/wp\/v2\/types\/product"}],"wp:featuredmedia":[{"embeddable":true,"href":"https:\/\/servolinearactuator.com\/fr\/wp-json\/wp\/v2\/media\/2438"}],"wp:attachment":[{"href":"https:\/\/servolinearactuator.com\/fr\/wp-json\/wp\/v2\/media?parent=2396"}],"wp:term":[{"taxonomy":"product_brand","embeddable":true,"href":"https:\/\/servolinearactuator.com\/fr\/wp-json\/wp\/v2\/product_brand?post=2396"},{"taxonomy":"product_cat","embeddable":true,"href":"https:\/\/servolinearactuator.com\/fr\/wp-json\/wp\/v2\/product_cat?post=2396"},{"taxonomy":"product_tag","embeddable":true,"href":"https:\/\/servolinearactuator.com\/fr\/wp-json\/wp\/v2\/product_tag?post=2396"}],"curies":[{"name":"wp","href":"https:\/\/api.w.org\/{rel}","templated":true}]}}