{"id":2394,"date":"2025-07-09T09:30:17","date_gmt":"2025-07-09T09:30:17","guid":{"rendered":"https:\/\/servolinearactuator.com\/?post_type=product&#038;p=2394"},"modified":"2025-07-24T22:26:00","modified_gmt":"2025-07-24T14:26:00","slug":"75-series-industrial-electric-cylinder-servo-linear-actuator","status":"publish","type":"product","link":"https:\/\/servolinearactuator.com\/fr\/75-series-industrial-electric-cylinder-servo-linear-actuator\/","title":{"rendered":"V\u00e9rin \u00e9lectrique industriel s\u00e9rie 75 | Actionneur lin\u00e9aire servo"},"content":{"rendered":"<p data-v-md-line=\"3\">Entrez dans une nouvelle \u00e8re d'automatisation industrielle avec le v\u00e9rin \u00e9lectrique industriel de la s\u00e9rie 75, votre solution ultime en termes de pr\u00e9cision, d'efficacit\u00e9 et de fiabilit\u00e9. Gr\u00e2ce \u00e0 la servocommande, cet actionneur conf\u00e8re \u00e0 votre automatisation des performances in\u00e9gal\u00e9es, quelles que soient les exigences de votre environnement.<\/p>\n<h2 data-v-md-heading=\"features-and-benefits\" data-v-md-line=\"5\">Caract\u00e9ristiques et avantages<\/h2>\n<ul data-v-md-line=\"7\">\n<li>Construction robuste et r\u00e9sistante : Con\u00e7ue \u00e0 partir de mat\u00e9riaux de haute qualit\u00e9 tels que l'acier inoxydable et l'aluminium usin\u00e9 avec pr\u00e9cision, la s\u00e9rie 75 r\u00e9siste aux conditions industrielles difficiles ainsi qu'\u00e0 la corrosion pour une longue dur\u00e9e de vie sans entretien.<\/li>\n<li>Servocommande en boucle ferm\u00e9e : Exploitez la puissance du mouvement lin\u00e9aire entra\u00een\u00e9 par un servomoteur, ce qui permet un contr\u00f4le de la pr\u00e9cision de l'actionneur tr\u00e8s solide, un positionnement en temps r\u00e9el et un ajustement dynamique de la force, parfait pour l'int\u00e9gration de syst\u00e8mes d'automatisation haut de gamme.<\/li>\n<li>Protection IP sup\u00e9rieure : Avec un bo\u00eetier conforme \u00e0 la norme IP65, cet actionneur r\u00e9siste \u00e0 la poussi\u00e8re et \u00e0 l'eau, ce qui le rend id\u00e9al pour les sc\u00e9narios de lavage, les salles blanches et les environnements industriels impitoyables, afin que vos op\u00e9rations ne perdent jamais de temps.<\/li>\n<li>Capacit\u00e9s de force et de vitesse \u00e9lev\u00e9es : Avec une pouss\u00e9e pouvant atteindre 25 kN (environ 5600 lbf) et des vitesses allant jusqu'\u00e0 1500 mm\/s, il permet \u00e0 vos processus de suivre le rythme des lignes de production les plus rapides.<\/li>\n<li>Positionnement ultra-pr\u00e9cis : Obtenez une r\u00e9p\u00e9tabilit\u00e9 de \u00b10,01 mm, ce qui en fait le choix par excellence pour les actionneurs de robots industriels modernes ou les applications o\u00f9 chaque fraction de millim\u00e8tre compte.<\/li>\n<li>Fonctionnement sans entretien et peu bruyant : L'actionneur \u00e9lectrique \u00e0 tige \u00e9limine les fuites et le bruit des solutions hydrauliques et pneumatiques, am\u00e9liorant ainsi votre espace de travail et r\u00e9duisant consid\u00e9rablement les co\u00fbts de maintenance.<\/li>\n<li>Int\u00e9gration des syst\u00e8mes sans effort : B\u00e9n\u00e9ficiez d'une connectivit\u00e9 transparente avec les principaux automates, IHM et r\u00e9seaux industriels tels que EtherCAT, PROFINET et Ethernet\/IP, pour une mise en service simple et une compatibilit\u00e9 \u00e9tendue avec l'industrie 4.0.<\/li>\n<\/ul>\n<h2 data-v-md-heading=\"wide-applications\" data-v-md-line=\"15\">Applications \u00e9tendues<\/h2>\n<p data-v-md-line=\"17\">Des machines d'emballage \u00e0 la fabrication automobile, de la transformation des aliments et des boissons \u00e0 la robotique d'usine intelligente, la s\u00e9rie 75 prouve sa valeur en tant que composant d'automatisation industrielle dans d'innombrables sc\u00e9narios. Elle convient parfaitement \u00e0 l'automatisation des lignes d'assemblage, aux robots de pr\u00e9l\u00e8vement et de placement, \u00e0 la commande de vannes ou de clapets, \u00e0 la production pharmaceutique et \u00e0 toute exigence de force \u00e9lev\u00e9e et de mouvement pr\u00e9cis dans la fabrication moderne.<\/p>\n<h2 data-v-md-heading=\"specifications\" data-v-md-line=\"19\">Sp\u00e9cifications<\/h2>\n<ul data-v-md-line=\"21\">\n<li>Force : 10 kN - 25 kN (selon le mod\u00e8le)<\/li>\n<li>Vitesse : jusqu'\u00e0 1500 mm\/s<\/li>\n<li>Longueur de la course : Plusieurs options disponibles (personnalisables en fonction de l'application)<\/li>\n<li>Tension d'entr\u00e9e : Compatible avec diff\u00e9rentes tensions de servomoteurs<\/li>\n<li>Indice de protection : IP65 (\u00e9tanche \u00e0 la poussi\u00e8re, prot\u00e9g\u00e9 contre les jets d'eau)<\/li>\n<\/ul>\n<h2 data-v-md-heading=\"technical-support\" data-v-md-line=\"27\">Support technique<\/h2>\n<p data-v-md-line=\"29\">Nous fournissons une assistance technique compl\u00e8te pour ce produit, y compris des mod\u00e8les CAO d\u00e9taill\u00e9s, des fiches techniques et des sch\u00e9mas de c\u00e2blage afin de garantir une int\u00e9gration ais\u00e9e et sans probl\u00e8me dans n'importe quel projet.<\/p>\n<h2 data-v-md-heading=\"conclusion\" data-v-md-line=\"31\">Conclusion<\/h2>\n<p data-v-md-line=\"33\">Choisir Jimmy Technology, c'est opter pour une qualit\u00e9, une innovation et une fiabilit\u00e9 \u00e0 la pointe du march\u00e9 pour chaque mouvement, \u00e0 chaque fois.<\/p>\n<p><img fetchpriority=\"high\" decoding=\"async\" class=\"aligncenter size-full wp-image-2684\" src=\"https:\/\/servolinearactuator.com\/wp-content\/uploads\/2025\/07\/75-Series-2.jpg\" alt=\"\" width=\"1420\" height=\"2036\" srcset=\"https:\/\/servolinearactuator.com\/wp-content\/uploads\/2025\/07\/75-Series-2.jpg 1420w, https:\/\/servolinearactuator.com\/wp-content\/uploads\/2025\/07\/75-Series-2-209x300.jpg 209w, https:\/\/servolinearactuator.com\/wp-content\/uploads\/2025\/07\/75-Series-2-714x1024.jpg 714w, https:\/\/servolinearactuator.com\/wp-content\/uploads\/2025\/07\/75-Series-2-768x1101.jpg 768w, https:\/\/servolinearactuator.com\/wp-content\/uploads\/2025\/07\/75-Series-2-1071x1536.jpg 1071w, https:\/\/servolinearactuator.com\/wp-content\/uploads\/2025\/07\/75-Series-2-600x860.jpg 600w\" sizes=\"(max-width: 1420px) 100vw, 1420px\" \/> <img decoding=\"async\" class=\"aligncenter size-full wp-image-2685\" src=\"https:\/\/servolinearactuator.com\/wp-content\/uploads\/2025\/07\/75-Series.jpg\" alt=\"\" width=\"1420\" height=\"2036\" srcset=\"https:\/\/servolinearactuator.com\/wp-content\/uploads\/2025\/07\/75-Series.jpg 1420w, https:\/\/servolinearactuator.com\/wp-content\/uploads\/2025\/07\/75-Series-209x300.jpg 209w, https:\/\/servolinearactuator.com\/wp-content\/uploads\/2025\/07\/75-Series-714x1024.jpg 714w, https:\/\/servolinearactuator.com\/wp-content\/uploads\/2025\/07\/75-Series-768x1101.jpg 768w, https:\/\/servolinearactuator.com\/wp-content\/uploads\/2025\/07\/75-Series-1071x1536.jpg 1071w, https:\/\/servolinearactuator.com\/wp-content\/uploads\/2025\/07\/75-Series-600x860.jpg 600w\" sizes=\"(max-width: 1420px) 100vw, 1420px\" \/><img decoding=\"async\" class=\"aligncenter size-full wp-image-2686\" src=\"https:\/\/servolinearactuator.com\/wp-content\/uploads\/2025\/07\/75-Series-3.jpg\" alt=\"\" width=\"1407\" height=\"2036\" srcset=\"https:\/\/servolinearactuator.com\/wp-content\/uploads\/2025\/07\/75-Series-3.jpg 1407w, https:\/\/servolinearactuator.com\/wp-content\/uploads\/2025\/07\/75-Series-3-207x300.jpg 207w, https:\/\/servolinearactuator.com\/wp-content\/uploads\/2025\/07\/75-Series-3-708x1024.jpg 708w, https:\/\/servolinearactuator.com\/wp-content\/uploads\/2025\/07\/75-Series-3-768x1111.jpg 768w, https:\/\/servolinearactuator.com\/wp-content\/uploads\/2025\/07\/75-Series-3-1061x1536.jpg 1061w, https:\/\/servolinearactuator.com\/wp-content\/uploads\/2025\/07\/75-Series-3-600x868.jpg 600w\" sizes=\"(max-width: 1407px) 100vw, 1407px\" \/> <img loading=\"lazy\" decoding=\"async\" class=\"aligncenter size-full wp-image-2687\" src=\"https:\/\/servolinearactuator.com\/wp-content\/uploads\/2025\/07\/75-Series-4.jpg\" alt=\"\" width=\"1420\" height=\"2036\" srcset=\"https:\/\/servolinearactuator.com\/wp-content\/uploads\/2025\/07\/75-Series-4.jpg 1420w, https:\/\/servolinearactuator.com\/wp-content\/uploads\/2025\/07\/75-Series-4-209x300.jpg 209w, https:\/\/servolinearactuator.com\/wp-content\/uploads\/2025\/07\/75-Series-4-714x1024.jpg 714w, https:\/\/servolinearactuator.com\/wp-content\/uploads\/2025\/07\/75-Series-4-768x1101.jpg 768w, https:\/\/servolinearactuator.com\/wp-content\/uploads\/2025\/07\/75-Series-4-1071x1536.jpg 1071w, https:\/\/servolinearactuator.com\/wp-content\/uploads\/2025\/07\/75-Series-4-600x860.jpg 600w\" sizes=\"(max-width: 1420px) 100vw, 1420px\" \/><\/p>\n<p><script src=\"chrome-extension:\/\/fpelahbljekknahkcaegamhcndkfpfnc\/iFrame.js\" type=\"text\/javascript\"><\/script><\/p>","protected":false},"excerpt":{"rendered":"<div class=\"chat-container\">\n<div class=\"chat-view-container ng-star-inserted\">\n<div>\n<div class=\"chat-turn-container model render cdk-focused cdk-mouse-focused\" tabindex=\"-1\">\n<div class=\"model-prompt-container\" data-turn-role=\"Model\">\n<div class=\"turn-content\">\n<p class=\"ng-star-inserted\"><span class=\"ng-star-inserted\">Le v\u00e9rin \u00e9lectrique de la s\u00e9rie 75 : une solution robuste et servocommand\u00e9e pour l'automatisation exigeante. Il offre une pr\u00e9cision et une vitesse in\u00e9gal\u00e9es, ainsi qu'une fiabilit\u00e9 conforme \u00e0 la norme IP65.<\/span><\/p>\n<\/div>\n<\/div>\n<div class=\"turn-footer ng-star-inserted\"><\/div>\n<\/div>\n<\/div>\n<\/div>\n<\/div>\n<footer class=\"not-zero-state ng-star-inserted\">\n<div class=\"mat-mdc-tooltip-trigger prompt-input-wrapper\">\n<div>\n<div class=\"prompt-input-wrapper-container\">\n<div class=\"text-wrapper\">\n<section class=\"text-and-attachments-wrapper\">\n<div class=\"text-input-wrapper\"><\/div>\n<\/section>\n<\/div>\n<\/div>\n<\/div>\n<\/div>\n<\/footer>\n<p><script src=\"chrome-extension:\/\/fpelahbljekknahkcaegamhcndkfpfnc\/iFrame.js\" type=\"text\/javascript\"><\/script><\/p>\n<p><script src=\"chrome-extension:\/\/fpelahbljekknahkcaegamhcndkfpfnc\/iFrame.js\" type=\"text\/javascript\"><\/script><\/p>","protected":false},"featured_media":2455,"template":"","meta":{"_kad_post_transparent":"default","_kad_post_title":"","_kad_post_layout":"default","_kad_post_sidebar_id":"","_kad_post_content_style":"default","_kad_post_vertical_padding":"default","_kad_post_feature":"","_kad_post_feature_position":"","_kad_post_header":false,"_kad_post_footer":false,"_kad_post_classname":""},"product_brand":[],"product_cat":[587,15,573,566,563,581,556,576,568,545],"product_tag":[614,613,649],"class_list":{"0":"post-2394","1":"product","2":"type-product","3":"status-publish","4":"has-post-thumbnail","6":"product_cat-actuators-by-drive-type","7":"product_cat-electric-linear-actuators","8":"product_cat-actuators-by-environment","9":"product_cat-actuators-by-force-duty","10":"product_cat-actuators-by-motor-type","11":"product_cat-actuators-by-popular-application","12":"product_cat-electric-cylinders","13":"product_cat-industrial-linear-actuators","14":"product_cat-medium-duty-linear-actuators","15":"product_cat-servo-motor-actuators","16":"product_tag-electric-cylinder","17":"product_tag-industrial-cylinder","18":"product_tag-servo-linear-actuator","20":"first","21":"instock","22":"shipping-taxable","23":"product-type-simple","24":"entry","25":"content-bg","26":"loop-entry"},"_links":{"self":[{"href":"https:\/\/servolinearactuator.com\/fr\/wp-json\/wp\/v2\/product\/2394","targetHints":{"allow":["GET"]}}],"collection":[{"href":"https:\/\/servolinearactuator.com\/fr\/wp-json\/wp\/v2\/product"}],"about":[{"href":"https:\/\/servolinearactuator.com\/fr\/wp-json\/wp\/v2\/types\/product"}],"wp:featuredmedia":[{"embeddable":true,"href":"https:\/\/servolinearactuator.com\/fr\/wp-json\/wp\/v2\/media\/2455"}],"wp:attachment":[{"href":"https:\/\/servolinearactuator.com\/fr\/wp-json\/wp\/v2\/media?parent=2394"}],"wp:term":[{"taxonomy":"product_brand","embeddable":true,"href":"https:\/\/servolinearactuator.com\/fr\/wp-json\/wp\/v2\/product_brand?post=2394"},{"taxonomy":"product_cat","embeddable":true,"href":"https:\/\/servolinearactuator.com\/fr\/wp-json\/wp\/v2\/product_cat?post=2394"},{"taxonomy":"product_tag","embeddable":true,"href":"https:\/\/servolinearactuator.com\/fr\/wp-json\/wp\/v2\/product_tag?post=2394"}],"curies":[{"name":"wp","href":"https:\/\/api.w.org\/{rel}","templated":true}]}}