{"id":2393,"date":"2025-07-09T09:30:15","date_gmt":"2025-07-09T09:30:15","guid":{"rendered":"https:\/\/servolinearactuator.com\/?post_type=product&#038;p=2393"},"modified":"2025-07-24T22:24:46","modified_gmt":"2025-07-24T14:24:46","slug":"65-series-oem-servo-electric-cylinder-custom-linear-actuator","status":"publish","type":"product","link":"https:\/\/servolinearactuator.com\/fr\/65-series-oem-servo-electric-cylinder-custom-linear-actuator\/","title":{"rendered":"V\u00e9rin \u00e9lectrique servo s\u00e9rie 65 OEM | Actionneur lin\u00e9aire sur mesure"},"content":{"rendered":"<p data-v-md-line=\"3\">Le v\u00e9rin servo \u00e9lectrique OEM de la s\u00e9rie 65 de Jimmy Technology permet d'atteindre un niveau d'automatisation sup\u00e9rieur. Il allie une pr\u00e9cision sans compromis \u00e0 une puissance robuste et personnalis\u00e9e. Il ne s'agit pas d'un actionneur comme les autres, mais d'un plan d'innovation pour l'automatisation industrielle, la robotique et les machines de pointe.<\/p>\n<h2 data-v-md-heading=\"features-and-benefits\" data-v-md-line=\"5\">Caract\u00e9ristiques et avantages<\/h2>\n<ul data-v-md-line=\"7\">\n<li>Con\u00e7u pour des charges r\u00e9elles : Con\u00e7u avec des mat\u00e9riaux de haute qualit\u00e9 tels que l'acier inoxydable et l'aluminium anodis\u00e9, ce servo-cylindre \u00e9lectrique r\u00e9siste aux environnements difficiles et aux cycles \u00e9lev\u00e9s. Sa long\u00e9vit\u00e9 est impressionnante, d\u00e9passant souvent les 100 millions de cycles.<\/li>\n<li>Compatibilit\u00e9 avec les servomoteurs : Con\u00e7us pour une int\u00e9gration transparente avec les principales marques de servomoteurs (Siemens, Yaskawa, Mitsubishi Electric), ces actionneurs garantissent une synchronisation \u00e9troite et un contr\u00f4le pr\u00e9cis des mouvements, essentiels pour les syst\u00e8mes OEM d'aujourd'hui.<\/li>\n<li>Contr\u00f4le de mouvement de pr\u00e9cision : Obtenez une pr\u00e9cision de \u00b10,01 mm et tirez pleinement parti d'un nombre infini de positions programmables - parfait pour les tests et mesures d\u00e9licats ou l'automatisation des lignes d'assemblage.<\/li>\n<li>Conception personnalis\u00e9e de l'actionneur : Chaque unit\u00e9 est con\u00e7ue sur mesure - choisissez les longueurs de course, les forces de sortie (g\u00e9n\u00e9ralement de 5 \u00e0 20 kN), les types de vis d'entra\u00eenement, les mat\u00e9riaux du bo\u00eetier et les options de montage (NEMA, tourillon, rainure en T, chape, etc.).<\/li>\n<li>Propre, silencieux et efficace : Sans fuite d'air ou de liquide hydraulique et tr\u00e8s silencieux, ces v\u00e9rins \u00e9lectriques se distinguent dans l'automatisation des salles blanches, de l'agroalimentaire et de l'industrie pharmaceutique.<\/li>\n<li>Protection IP65 disponible : Choisissez une protection \u00e9lev\u00e9e contre les infiltrations pour les zones de lavage ou les environnements difficiles - emp\u00eachez la poussi\u00e8re et l'eau d'entrer, et augmentez la productivit\u00e9.<\/li>\n<li>Capteurs de limite int\u00e9gr\u00e9s : Des points finaux intelligents et programmables aident \u00e0 prot\u00e9ger votre \u00e9quipement tout en am\u00e9liorant la s\u00e9curit\u00e9 et la fiabilit\u00e9.<\/li>\n<li>Sans entretien : Oubliez les temps d'arr\u00eat : des syst\u00e8mes de roulements avanc\u00e9s et des m\u00e9canismes de vis durables r\u00e9duisent les intervalles d'entretien, ce qui vous permet d'\u00e9conomiser jusqu'\u00e0 90% de maintenance par rapport \u00e0 des options pneumatiques ou hydrauliques comparables.<\/li>\n<li>Compatible avec l'industrie 4.0 : Le retour d'information en temps r\u00e9el, la connectivit\u00e9 des bus de terrain (EtherCAT, PROFINET, EtherNet\/IP) et les diagnostics pr\u00e9dictifs font entrer votre exploitation de mani\u00e8re productive dans l'\u00e8re num\u00e9rique.<\/li>\n<\/ul>\n<h2 data-v-md-heading=\"wide-applications\" data-v-md-line=\"17\">Applications \u00e9tendues<\/h2>\n<p data-v-md-line=\"19\">Cet actionneur est le choix id\u00e9al pour vos projets d'automatisation, y compris, mais sans s'y limiter, les robots industriels, l'outillage en bout de bras, les syst\u00e8mes de pr\u00e9l\u00e8vement et de placement, la fabrication d'appareils m\u00e9dicaux de pr\u00e9cision, les lignes d'emballage \u00e0 grande vitesse, les v\u00e9hicules \u00e0 guidage automatique (AGV), les bancs d'essai et de mesure, la manutention des mat\u00e9riaux et les machines d'assemblage personnalis\u00e9es.<\/p>\n<h2 data-v-md-heading=\"specifications\" data-v-md-line=\"21\">Sp\u00e9cifications<\/h2>\n<ul data-v-md-line=\"23\">\n<li>Force : Personnalisable, g\u00e9n\u00e9ralement de 5 \u00e0 20 kN (consulter pour des gammes sp\u00e9cialis\u00e9es)<\/li>\n<li>Vitesse : jusqu'\u00e0 500 mm\/s<\/li>\n<li>Longueur de course : Longueurs standard et personnalis\u00e9es - con\u00e7ues pour votre profil de mouvement sp\u00e9cifique<\/li>\n<li>Tension d'entr\u00e9e : Compatible avec les tensions industrielles courantes, adapt\u00e9e au projet (options standard 24V\/48V\/230V)<\/li>\n<li>Indice de protection : Mod\u00e8les disponibles jusqu'\u00e0 IP65 pour la r\u00e9sistance \u00e0 la poussi\u00e8re et \u00e0 l'eau<\/li>\n<\/ul>\n<h2 data-v-md-heading=\"technical-support\" data-v-md-line=\"29\">Support technique<\/h2>\n<p data-v-md-line=\"31\">Nous fournissons une assistance technique compl\u00e8te pour ce produit. Cela comprend des mod\u00e8les CAO d\u00e9taill\u00e9s, des fiches techniques, des exemples de code d'application et des sch\u00e9mas de c\u00e2blage, afin que votre int\u00e9gration soit aussi simple que la solution elle-m\u00eame.<\/p>\n<h2 data-v-md-heading=\"conclusion\" data-v-md-line=\"33\">Conclusion<\/h2>\n<p data-v-md-line=\"35\">Choisir Jimmy Technology, c'est choisir la qualit\u00e9, l'innovation et la fiabilit\u00e9 \u00e0 la pointe du march\u00e9 pour chaque mouvement que vous automatisez. Exploitez tout le potentiel de votre automatisation avec la s\u00e9rie 65 d\u00e8s aujourd'hui.<\/p>\n<p><img fetchpriority=\"high\" decoding=\"async\" class=\"aligncenter size-full wp-image-2682\" src=\"https:\/\/servolinearactuator.com\/wp-content\/uploads\/2025\/07\/65-Series.jpg\" alt=\"\" width=\"1400\" height=\"2036\" srcset=\"https:\/\/servolinearactuator.com\/wp-content\/uploads\/2025\/07\/65-Series.jpg 1400w, https:\/\/servolinearactuator.com\/wp-content\/uploads\/2025\/07\/65-Series-206x300.jpg 206w, https:\/\/servolinearactuator.com\/wp-content\/uploads\/2025\/07\/65-Series-704x1024.jpg 704w, https:\/\/servolinearactuator.com\/wp-content\/uploads\/2025\/07\/65-Series-768x1117.jpg 768w, https:\/\/servolinearactuator.com\/wp-content\/uploads\/2025\/07\/65-Series-1056x1536.jpg 1056w, https:\/\/servolinearactuator.com\/wp-content\/uploads\/2025\/07\/65-Series-600x873.jpg 600w\" sizes=\"(max-width: 1400px) 100vw, 1400px\" \/> <img decoding=\"async\" class=\"aligncenter size-full wp-image-2679\" src=\"https:\/\/servolinearactuator.com\/wp-content\/uploads\/2025\/07\/65-Series-1.jpg\" alt=\"\" width=\"1413\" height=\"2036\" srcset=\"https:\/\/servolinearactuator.com\/wp-content\/uploads\/2025\/07\/65-Series-1.jpg 1413w, https:\/\/servolinearactuator.com\/wp-content\/uploads\/2025\/07\/65-Series-1-208x300.jpg 208w, https:\/\/servolinearactuator.com\/wp-content\/uploads\/2025\/07\/65-Series-1-711x1024.jpg 711w, https:\/\/servolinearactuator.com\/wp-content\/uploads\/2025\/07\/65-Series-1-768x1107.jpg 768w, https:\/\/servolinearactuator.com\/wp-content\/uploads\/2025\/07\/65-Series-1-1066x1536.jpg 1066w, https:\/\/servolinearactuator.com\/wp-content\/uploads\/2025\/07\/65-Series-1-600x865.jpg 600w\" sizes=\"(max-width: 1413px) 100vw, 1413px\" \/><img decoding=\"async\" class=\"aligncenter size-full wp-image-2681\" src=\"https:\/\/servolinearactuator.com\/wp-content\/uploads\/2025\/07\/65-Series-5.jpg\" alt=\"\" width=\"1413\" height=\"2036\" srcset=\"https:\/\/servolinearactuator.com\/wp-content\/uploads\/2025\/07\/65-Series-5.jpg 1413w, https:\/\/servolinearactuator.com\/wp-content\/uploads\/2025\/07\/65-Series-5-208x300.jpg 208w, https:\/\/servolinearactuator.com\/wp-content\/uploads\/2025\/07\/65-Series-5-711x1024.jpg 711w, https:\/\/servolinearactuator.com\/wp-content\/uploads\/2025\/07\/65-Series-5-768x1107.jpg 768w, https:\/\/servolinearactuator.com\/wp-content\/uploads\/2025\/07\/65-Series-5-1066x1536.jpg 1066w, https:\/\/servolinearactuator.com\/wp-content\/uploads\/2025\/07\/65-Series-5-600x865.jpg 600w\" sizes=\"(max-width: 1413px) 100vw, 1413px\" \/> <img loading=\"lazy\" decoding=\"async\" class=\"aligncenter size-full wp-image-2680\" src=\"https:\/\/servolinearactuator.com\/wp-content\/uploads\/2025\/07\/65-Series-4.jpg\" alt=\"\" width=\"1427\" height=\"2036\" srcset=\"https:\/\/servolinearactuator.com\/wp-content\/uploads\/2025\/07\/65-Series-4.jpg 1427w, https:\/\/servolinearactuator.com\/wp-content\/uploads\/2025\/07\/65-Series-4-210x300.jpg 210w, https:\/\/servolinearactuator.com\/wp-content\/uploads\/2025\/07\/65-Series-4-718x1024.jpg 718w, https:\/\/servolinearactuator.com\/wp-content\/uploads\/2025\/07\/65-Series-4-768x1096.jpg 768w, https:\/\/servolinearactuator.com\/wp-content\/uploads\/2025\/07\/65-Series-4-1077x1536.jpg 1077w, https:\/\/servolinearactuator.com\/wp-content\/uploads\/2025\/07\/65-Series-4-600x856.jpg 600w\" sizes=\"(max-width: 1427px) 100vw, 1427px\" \/><\/p>\n<p><script src=\"chrome-extension:\/\/fpelahbljekknahkcaegamhcndkfpfnc\/iFrame.js\" type=\"text\/javascript\"><\/script><\/p>","protected":false},"excerpt":{"rendered":"<div class=\"model-prompt-container\" data-turn-role=\"Model\">\n<div class=\"turn-content\">\n<p class=\"ng-star-inserted\"><span class=\"ng-star-inserted\">Le servov\u00e9rin \u00e9lectrique OEM de la s\u00e9rie 65 permet d'atteindre un niveau d'automatisation sup\u00e9rieur. Il offre une pr\u00e9cision sans compromis et une puissance robuste, con\u00e7ue sur mesure.<\/span><\/p>\n<\/div>\n<\/div>\n<p><script src=\"chrome-extension:\/\/fpelahbljekknahkcaegamhcndkfpfnc\/iFrame.js\" type=\"text\/javascript\"><\/script><\/p>","protected":false},"featured_media":2427,"template":"","meta":{"_kad_post_transparent":"default","_kad_post_title":"","_kad_post_layout":"default","_kad_post_sidebar_id":"","_kad_post_content_style":"default","_kad_post_vertical_padding":"default","_kad_post_feature":"","_kad_post_feature_position":"","_kad_post_header":false,"_kad_post_footer":false,"_kad_post_classname":""},"product_brand":[],"product_cat":[587,563,581,556,15,586,545],"product_tag":[653,652,647],"class_list":{"0":"post-2393","1":"product","2":"type-product","3":"status-publish","4":"has-post-thumbnail","6":"product_cat-actuators-by-drive-type","7":"product_cat-actuators-by-motor-type","8":"product_cat-actuators-by-popular-application","9":"product_cat-electric-cylinders","10":"product_cat-electric-linear-actuators","11":"product_cat-industrial-automation","12":"product_cat-servo-motor-actuators","13":"product_tag-custom-linear-actuator","14":"product_tag-oem-actuator","15":"product_tag-servo-electric-cylinder","17":"first","18":"instock","19":"shipping-taxable","20":"product-type-simple","21":"entry","22":"content-bg","23":"loop-entry"},"_links":{"self":[{"href":"https:\/\/servolinearactuator.com\/fr\/wp-json\/wp\/v2\/product\/2393","targetHints":{"allow":["GET"]}}],"collection":[{"href":"https:\/\/servolinearactuator.com\/fr\/wp-json\/wp\/v2\/product"}],"about":[{"href":"https:\/\/servolinearactuator.com\/fr\/wp-json\/wp\/v2\/types\/product"}],"wp:featuredmedia":[{"embeddable":true,"href":"https:\/\/servolinearactuator.com\/fr\/wp-json\/wp\/v2\/media\/2427"}],"wp:attachment":[{"href":"https:\/\/servolinearactuator.com\/fr\/wp-json\/wp\/v2\/media?parent=2393"}],"wp:term":[{"taxonomy":"product_brand","embeddable":true,"href":"https:\/\/servolinearactuator.com\/fr\/wp-json\/wp\/v2\/product_brand?post=2393"},{"taxonomy":"product_cat","embeddable":true,"href":"https:\/\/servolinearactuator.com\/fr\/wp-json\/wp\/v2\/product_cat?post=2393"},{"taxonomy":"product_tag","embeddable":true,"href":"https:\/\/servolinearactuator.com\/fr\/wp-json\/wp\/v2\/product_tag?post=2393"}],"curies":[{"name":"wp","href":"https:\/\/api.w.org\/{rel}","templated":true}]}}