{"id":2392,"date":"2025-07-09T09:30:13","date_gmt":"2025-07-09T09:30:13","guid":{"rendered":"https:\/\/servolinearactuator.com\/?post_type=product&#038;p=2392"},"modified":"2025-07-24T22:23:57","modified_gmt":"2025-07-24T14:23:57","slug":"65-series-high-speed-servo-linear-actuator-electric-cylinder","status":"publish","type":"product","link":"https:\/\/servolinearactuator.com\/fr\/65-series-high-speed-servo-linear-actuator-electric-cylinder\/","title":{"rendered":"S\u00e9rie 65 Actionneur lin\u00e9aire servo \u00e0 grande vitesse | V\u00e9rin \u00e9lectrique"},"content":{"rendered":"<p data-v-md-line=\"3\">Faites l'exp\u00e9rience de la pr\u00e9cision, de la puissance et de la v\u00e9ritable innovation avec l'actionneur lin\u00e9aire servo \u00e0 grande vitesse de la s\u00e9rie 65 de Jimmy Technology - un cylindre \u00e9lectrique de classe mondiale con\u00e7u pour l'automatisation industrielle exigeante qui refuse de se contenter d'un \"assez bon\".<\/p>\n<p data-v-md-line=\"5\"><strong>Caract\u00e9ristiques et avantages<\/strong><\/p>\n<ul data-v-md-line=\"6\">\n<li>Construction robuste pour une durabilit\u00e9 \u00e0 long terme : Fabriqu\u00e9 \u00e0 partir de mat\u00e9riaux de haute qualit\u00e9 tels que l'aluminium anodis\u00e9 et l'acier inoxydable, cet actionneur s'adapte parfaitement aux environnements difficiles. Sa construction robuste r\u00e9siste \u00e0 la corrosion, aux cycles intensifs et aux t\u00e2ches d'automatisation les plus difficiles.<\/li>\n<li>Mouvement lin\u00e9aire \u00e0 grande vitesse : Gr\u00e2ce \u00e0 ses capacit\u00e9s d'acc\u00e9l\u00e9ration et de d\u00e9c\u00e9l\u00e9ration rapides, la s\u00e9rie 65 r\u00e9duit les temps de cycle et maximise le d\u00e9bit, ce qui change absolument la donne pour les lignes d'emballage ou les applications de prise et de d\u00e9pose \u00e0 grande vitesse.<\/li>\n<li>Servocommande en boucle ferm\u00e9e : Gr\u00e2ce \u00e0 des syst\u00e8mes avanc\u00e9s de contr\u00f4le de la vitesse et de la force, vous obtenez une pr\u00e9cision submillim\u00e9trique et des mouvements lin\u00e9aires r\u00e9p\u00e9tables, essentiels pour le dosage de pr\u00e9cision, l'automatisation de l'assemblage et les t\u00e2ches de qualit\u00e9 critiques.<\/li>\n<li>Performances puissantes \u00e0 forte pouss\u00e9e : Avec des plages de force adapt\u00e9es \u00e0 l'assemblage automobile, au pressage et \u00e0 la manutention de mat\u00e9riaux lourds, cet actionneur est pr\u00eat \u00e0 s'attaquer aux mouvements industriels de grande force, en rempla\u00e7ant les syst\u00e8mes pneumatiques et hydrauliques par une force de pouss\u00e9e \u00e9lectriquement efficace.<\/li>\n<li>Protection optimale de l'environnement : Disponible avec une \u00e9tanch\u00e9it\u00e9 IP65, l'actionneur r\u00e9siste \u00e0 la poussi\u00e8re et \u00e0 l'eau, ce qui le rend id\u00e9al pour les environnements de lavage ou m\u00eame les installations ext\u00e9rieures difficiles.<\/li>\n<li>Int\u00e9gration facile et fonctionnement sans entretien : Compatible avec les servomoteurs, les automates programmables et les protocoles de communication industriels les plus courants tels que EtherCAT, Ethernet\/IP et Profinet, ce v\u00e9rin \u00e9lectrique permet de rationaliser la conception de votre armoire de commande. Les options de vis \u00e0 billes et de vis \u00e0 rouleaux garantissent une longue dur\u00e9e de vie et une maintenance minimale.<\/li>\n<\/ul>\n<p data-v-md-line=\"13\"><strong>Applications \u00e9tendues<\/strong><br \/>\nCet actionneur excelle partout o\u00f9 la vitesse, la force et la pr\u00e9cision sont les plus importantes. C'est l'\u00e9talon-or des solutions d'automatisation industrielle, de l'assemblage automobile, de la robotique avanc\u00e9e, de la transformation des aliments et des boissons, de l'emballage, de l'embouteillage et de la manutention des mat\u00e9riaux dans les usines qui tendent vers l'efficacit\u00e9 de l'industrie 4.0.<\/p>\n<p data-v-md-line=\"16\"><strong>Sp\u00e9cifications<\/strong><\/p>\n<ul data-v-md-line=\"17\">\n<li>Force : G\u00e9n\u00e9ralement comprise entre 1 kN et 20 kN (jusqu'\u00e0 50 kN pour les configurations plus importantes)<\/li>\n<li>Vitesse : Peut atteindre 500 mm\/s \u00e0 2000 mm\/s (avec options jusqu'\u00e0 3000 mm\/s)<\/li>\n<li>Longueur de la course : Flexible - de 50 mm \u00e0 1500 mm, avec des options personnalis\u00e9es disponibles<\/li>\n<li>Tension d'entr\u00e9e : Compatible avec les servomoteurs industriels standard (consulter la fiche technique d\u00e9taill\u00e9e de Jimmy Technology pour plus de d\u00e9tails).<\/li>\n<li>Indice de protection : IP65 en standard, offrant une r\u00e9sistance \u00e0 la poussi\u00e8re et \u00e0 l'eau pour les environnements difficiles et les lavages.<\/li>\n<\/ul>\n<p data-v-md-line=\"23\"><strong>Support technique<\/strong><br \/>\nChez Jimmy Technology, notre \u00e9quipe s'engage \u00e0 assurer la r\u00e9ussite de votre projet. Nous fournissons une assistance technique compl\u00e8te, y compris des mod\u00e8les CAO d\u00e9taill\u00e9s, des fiches techniques, des sch\u00e9mas de c\u00e2blage et des conseils d'experts pour assurer une int\u00e9gration transparente et une mise en service plus rapide.<\/p>\n<p data-v-md-line=\"26\"><strong>Conclusion<\/strong><br \/>\nEn choisissant Jimmy Technology, vous investissez dans la qualit\u00e9 la plus \u00e9lev\u00e9e du march\u00e9, une ing\u00e9nierie de pointe et une fiabilit\u00e9 in\u00e9branlable, ce qui rend chaque projet d'automatisation plus rapide, plus intelligent et plus rentable d\u00e8s le d\u00e9part.<\/p>\n<p><img fetchpriority=\"high\" decoding=\"async\" class=\"aligncenter size-full wp-image-2679\" src=\"https:\/\/servolinearactuator.com\/wp-content\/uploads\/2025\/07\/65-Series-1.jpg\" alt=\"\" width=\"1413\" height=\"2036\" srcset=\"https:\/\/servolinearactuator.com\/wp-content\/uploads\/2025\/07\/65-Series-1.jpg 1413w, https:\/\/servolinearactuator.com\/wp-content\/uploads\/2025\/07\/65-Series-1-208x300.jpg 208w, https:\/\/servolinearactuator.com\/wp-content\/uploads\/2025\/07\/65-Series-1-711x1024.jpg 711w, https:\/\/servolinearactuator.com\/wp-content\/uploads\/2025\/07\/65-Series-1-768x1107.jpg 768w, https:\/\/servolinearactuator.com\/wp-content\/uploads\/2025\/07\/65-Series-1-1066x1536.jpg 1066w, https:\/\/servolinearactuator.com\/wp-content\/uploads\/2025\/07\/65-Series-1-600x865.jpg 600w\" sizes=\"(max-width: 1413px) 100vw, 1413px\" \/> <img decoding=\"async\" class=\"aligncenter size-full wp-image-2682\" src=\"https:\/\/servolinearactuator.com\/wp-content\/uploads\/2025\/07\/65-Series.jpg\" alt=\"\" width=\"1400\" height=\"2036\" srcset=\"https:\/\/servolinearactuator.com\/wp-content\/uploads\/2025\/07\/65-Series.jpg 1400w, https:\/\/servolinearactuator.com\/wp-content\/uploads\/2025\/07\/65-Series-206x300.jpg 206w, https:\/\/servolinearactuator.com\/wp-content\/uploads\/2025\/07\/65-Series-704x1024.jpg 704w, https:\/\/servolinearactuator.com\/wp-content\/uploads\/2025\/07\/65-Series-768x1117.jpg 768w, https:\/\/servolinearactuator.com\/wp-content\/uploads\/2025\/07\/65-Series-1056x1536.jpg 1056w, https:\/\/servolinearactuator.com\/wp-content\/uploads\/2025\/07\/65-Series-600x873.jpg 600w\" sizes=\"(max-width: 1400px) 100vw, 1400px\" \/><img decoding=\"async\" class=\"aligncenter size-full wp-image-2680\" src=\"https:\/\/servolinearactuator.com\/wp-content\/uploads\/2025\/07\/65-Series-4.jpg\" alt=\"\" width=\"1427\" height=\"2036\" srcset=\"https:\/\/servolinearactuator.com\/wp-content\/uploads\/2025\/07\/65-Series-4.jpg 1427w, https:\/\/servolinearactuator.com\/wp-content\/uploads\/2025\/07\/65-Series-4-210x300.jpg 210w, https:\/\/servolinearactuator.com\/wp-content\/uploads\/2025\/07\/65-Series-4-718x1024.jpg 718w, https:\/\/servolinearactuator.com\/wp-content\/uploads\/2025\/07\/65-Series-4-768x1096.jpg 768w, https:\/\/servolinearactuator.com\/wp-content\/uploads\/2025\/07\/65-Series-4-1077x1536.jpg 1077w, https:\/\/servolinearactuator.com\/wp-content\/uploads\/2025\/07\/65-Series-4-600x856.jpg 600w\" sizes=\"(max-width: 1427px) 100vw, 1427px\" \/> <img loading=\"lazy\" decoding=\"async\" class=\"aligncenter size-full wp-image-2681\" src=\"https:\/\/servolinearactuator.com\/wp-content\/uploads\/2025\/07\/65-Series-5.jpg\" alt=\"\" width=\"1413\" height=\"2036\" srcset=\"https:\/\/servolinearactuator.com\/wp-content\/uploads\/2025\/07\/65-Series-5.jpg 1413w, https:\/\/servolinearactuator.com\/wp-content\/uploads\/2025\/07\/65-Series-5-208x300.jpg 208w, https:\/\/servolinearactuator.com\/wp-content\/uploads\/2025\/07\/65-Series-5-711x1024.jpg 711w, https:\/\/servolinearactuator.com\/wp-content\/uploads\/2025\/07\/65-Series-5-768x1107.jpg 768w, https:\/\/servolinearactuator.com\/wp-content\/uploads\/2025\/07\/65-Series-5-1066x1536.jpg 1066w, https:\/\/servolinearactuator.com\/wp-content\/uploads\/2025\/07\/65-Series-5-600x865.jpg 600w\" sizes=\"(max-width: 1413px) 100vw, 1413px\" \/><\/p>\n<p><script src=\"chrome-extension:\/\/fpelahbljekknahkcaegamhcndkfpfnc\/iFrame.js\" type=\"text\/javascript\"><\/script><\/p>","protected":false},"excerpt":{"rendered":"<div class=\"model-prompt-container\" data-turn-role=\"Model\">\n<div class=\"turn-content\">\n<p class=\"ng-star-inserted\"><span class=\"ng-star-inserted\">Servomoteur \u00e0 grande vitesse de la s\u00e9rie 65 de Jimmy Technology : Pr\u00e9cision, puissance et innovation pour l'automatisation industrielle exigeante qui ne se contente jamais d'un \"assez bon\".<\/span><\/p>\n<\/div>\n<\/div>\n<p><script src=\"chrome-extension:\/\/fpelahbljekknahkcaegamhcndkfpfnc\/iFrame.js\" type=\"text\/javascript\"><\/script><\/p>","protected":false},"featured_media":2433,"template":"","meta":{"_kad_post_transparent":"default","_kad_post_title":"","_kad_post_layout":"default","_kad_post_sidebar_id":"","_kad_post_content_style":"default","_kad_post_vertical_padding":"default","_kad_post_feature":"","_kad_post_feature_position":"","_kad_post_header":false,"_kad_post_footer":false,"_kad_post_classname":""},"product_brand":[],"product_cat":[587,15,566,563,581,570,556,571,568,545],"product_tag":[614,651,649],"class_list":{"0":"post-2392","1":"product","2":"type-product","3":"status-publish","4":"has-post-thumbnail","6":"product_cat-actuators-by-drive-type","7":"product_cat-electric-linear-actuators","8":"product_cat-actuators-by-force-duty","9":"product_cat-actuators-by-motor-type","10":"product_cat-actuators-by-popular-application","11":"product_cat-actuators-by-speed","12":"product_cat-electric-cylinders","13":"product_cat-high-speed-linear-actuators","14":"product_cat-medium-duty-linear-actuators","15":"product_cat-servo-motor-actuators","16":"product_tag-electric-cylinder","17":"product_tag-high-speed-actuator","18":"product_tag-servo-linear-actuator","20":"first","21":"instock","22":"shipping-taxable","23":"product-type-simple","24":"entry","25":"content-bg","26":"loop-entry"},"_links":{"self":[{"href":"https:\/\/servolinearactuator.com\/fr\/wp-json\/wp\/v2\/product\/2392","targetHints":{"allow":["GET"]}}],"collection":[{"href":"https:\/\/servolinearactuator.com\/fr\/wp-json\/wp\/v2\/product"}],"about":[{"href":"https:\/\/servolinearactuator.com\/fr\/wp-json\/wp\/v2\/types\/product"}],"wp:featuredmedia":[{"embeddable":true,"href":"https:\/\/servolinearactuator.com\/fr\/wp-json\/wp\/v2\/media\/2433"}],"wp:attachment":[{"href":"https:\/\/servolinearactuator.com\/fr\/wp-json\/wp\/v2\/media?parent=2392"}],"wp:term":[{"taxonomy":"product_brand","embeddable":true,"href":"https:\/\/servolinearactuator.com\/fr\/wp-json\/wp\/v2\/product_brand?post=2392"},{"taxonomy":"product_cat","embeddable":true,"href":"https:\/\/servolinearactuator.com\/fr\/wp-json\/wp\/v2\/product_cat?post=2392"},{"taxonomy":"product_tag","embeddable":true,"href":"https:\/\/servolinearactuator.com\/fr\/wp-json\/wp\/v2\/product_tag?post=2392"}],"curies":[{"name":"wp","href":"https:\/\/api.w.org\/{rel}","templated":true}]}}