{"id":2390,"date":"2025-07-09T09:27:50","date_gmt":"2025-07-09T09:27:50","guid":{"rendered":"https:\/\/servolinearactuator.com\/?post_type=product&#038;p=2390"},"modified":"2025-07-24T22:22:07","modified_gmt":"2025-07-24T14:22:07","slug":"52-series-compact-servo-electric-cylinder-fast-actuator","status":"publish","type":"product","link":"https:\/\/servolinearactuator.com\/fr\/52-series-compact-servo-electric-cylinder-fast-actuator\/","title":{"rendered":"V\u00e9rin \u00e9lectrique compact de la s\u00e9rie 52 | Actionneur rapide"},"content":{"rendered":"<p data-v-md-line=\"3\">Faites l'exp\u00e9rience d'une pr\u00e9cision et d'une vitesse d'automatisation de niveau sup\u00e9rieur avec le v\u00e9rin servo-\u00e9lectrique compact de la s\u00e9rie 52 de Jimmy Technology. Con\u00e7u pour de hautes performances, cet actionneur lin\u00e9aire rapide offre une force, une pr\u00e9cision et une flexibilit\u00e9 in\u00e9gal\u00e9es, le tout dans un design peu encombrant adapt\u00e9 aux d\u00e9fis actuels de l'automatisation.<\/p>\n<h2 data-v-md-heading=\"features-and-benefits\" data-v-md-line=\"5\">Caract\u00e9ristiques et avantages<\/h2>\n<ul data-v-md-line=\"7\">\n<li>Conception ultra-compacte et haute puissance : Am\u00e9liorez votre automatisation avec un actionneur compact qui ne fait aucun compromis sur la puissance. La s\u00e9rie 52 offre une vitesse et une force extraordinaires dans un encombrement r\u00e9duit, ce qui est id\u00e9al pour s'int\u00e9grer dans des machines \u00e0 l'agencement serr\u00e9.<\/li>\n<li>Mouvement lin\u00e9aire ultra-rapide : R\u00e9alisez des temps de cycle rapides et augmentez votre rendement gr\u00e2ce \u00e0 l'int\u00e9gration avanc\u00e9e des servomoteurs. Ce servomoteur de pr\u00e9cision offre des vitesses allant jusqu'\u00e0 2,0 m\/s, ce qui permet \u00e0 vos lignes de production de garder une longueur d'avance sur la concurrence.<\/li>\n<li>Construction robuste de qualit\u00e9 industrielle : Construit avec de l'aluminium et de l'acier inoxydable de qualit\u00e9 sup\u00e9rieure, cet actionneur r\u00e9siste aux abus, \u00e0 la corrosion et aux environnements difficiles. L'architecture robuste permet de r\u00e9duire les temps d'arr\u00eat et d'augmenter la productivit\u00e9.<\/li>\n<li>R\u00e9p\u00e9tabilit\u00e9 de pr\u00e9cision : L'asservissement en boucle ferm\u00e9e et les options de vis \u00e0 billes ou \u00e0 rouleaux de qualit\u00e9 garantissent une pr\u00e9cision de positionnement constante, de l'ordre du micron. Parfait pour les applications o\u00f9 la fiabilit\u00e9 n'est pas seulement souhait\u00e9e, mais essentielle.<\/li>\n<li>Options de protection IP65\/IP67 : La r\u00e9sistance \u00e0 la poussi\u00e8re et \u00e0 l'eau fait de cet actionneur le choix id\u00e9al pour les zones de lavage, les usines de produits alimentaires et de boissons, et les machines ext\u00e9rieures.<\/li>\n<li>Connectivit\u00e9 flexible : Enti\u00e8rement compatible avec les principaux protocoles de bus de terrain tels que EtherCAT, PROFINET et CANopen. L'int\u00e9gration avec les automates programmables, les contr\u00f4leurs de mouvement et les r\u00e9seaux d'automatisation existants est transparente.<\/li>\n<li>Fonctionnement sans entretien : Profitez d'une longue dur\u00e9e de vie avec un minimum d'entretien. Les intervalles de lubrification prolong\u00e9s et les composants de haute qualit\u00e9 minimisent les co\u00fbts de maintenance et maximisent le retour sur investissement.<\/li>\n<li>Faible niveau de bruit : Pr\u00e9servez la s\u00e9curit\u00e9 et la productivit\u00e9 de votre environnement gr\u00e2ce \u00e0 un fonctionnement &lt;70 dB, suffisamment silencieux pour les espaces de travail collaboratifs et les zones d&#039;interaction homme-machine.<\/li>\n<\/ul>\n<h2 data-v-md-heading=\"wide-applications\" data-v-md-line=\"16\">Applications \u00e9tendues<\/h2>\n<p data-v-md-line=\"18\">La s\u00e9rie 52 brille dans un large \u00e9ventail de sc\u00e9narios exigeants. C'est l'actionneur de choix pour la robotique de pr\u00e9cision, les machines d'emballage, les dispositifs m\u00e9dicaux intelligents, les lignes d'assemblage avanc\u00e9es, la transformation alimentaire et les syst\u00e8mes de manutention - partout o\u00f9 un mouvement rapide, fiable et programmable est indispensable.<\/p>\n<h2 data-v-md-heading=\"specifications\" data-v-md-line=\"20\">Sp\u00e9cifications<\/h2>\n<ul data-v-md-line=\"22\">\n<li>Force : Jusqu'\u00e0 5 kN (1124 lbf)<\/li>\n<li>Vitesse : jusqu'\u00e0 2,0 m\/s (78 ips)<\/li>\n<li>Longueur de la course : 50 mm \u00e0 1000 mm (2 in \u00e0 40 in)<\/li>\n<li>Tension d'entr\u00e9e : Standard 24V\/48V DC (plages personnalis\u00e9es disponibles)<\/li>\n<li>Indice de protection : IP65 (IP67 en option pour les environnements difficiles)<\/li>\n<\/ul>\n<h2 data-v-md-heading=\"technical-support\" data-v-md-line=\"28\">Support technique<\/h2>\n<p data-v-md-line=\"30\">Nous fournissons une assistance technique compl\u00e8te pour ce produit, y compris des mod\u00e8les CAO d\u00e9taill\u00e9s, des fiches techniques et des sch\u00e9mas de c\u00e2blage pour garantir une int\u00e9gration facile et sans heurts dans votre projet.<\/p>\n<h2 data-v-md-heading=\"conclusion\" data-v-md-line=\"32\">Conclusion<\/h2>\n<p data-v-md-line=\"34\">Choisir Jimmy Technology, c'est choisir la meilleure qualit\u00e9 du march\u00e9, une innovation de pointe et une fiabilit\u00e9 \u00e0 toute \u00e9preuve.<\/p>\n<p><img fetchpriority=\"high\" decoding=\"async\" class=\"aligncenter size-full wp-image-2675\" src=\"https:\/\/servolinearactuator.com\/wp-content\/uploads\/2025\/07\/06-2.jpg\" alt=\"\" width=\"1433\" height=\"2036\" srcset=\"https:\/\/servolinearactuator.com\/wp-content\/uploads\/2025\/07\/06-2.jpg 1433w, https:\/\/servolinearactuator.com\/wp-content\/uploads\/2025\/07\/06-2-211x300.jpg 211w, https:\/\/servolinearactuator.com\/wp-content\/uploads\/2025\/07\/06-2-721x1024.jpg 721w, https:\/\/servolinearactuator.com\/wp-content\/uploads\/2025\/07\/06-2-768x1091.jpg 768w, https:\/\/servolinearactuator.com\/wp-content\/uploads\/2025\/07\/06-2-1081x1536.jpg 1081w, https:\/\/servolinearactuator.com\/wp-content\/uploads\/2025\/07\/06-2-600x852.jpg 600w\" sizes=\"(max-width: 1433px) 100vw, 1433px\" \/><img decoding=\"async\" class=\"aligncenter size-full wp-image-2676\" src=\"https:\/\/servolinearactuator.com\/wp-content\/uploads\/2025\/07\/15-1.jpg\" alt=\"\" width=\"1447\" height=\"2036\" srcset=\"https:\/\/servolinearactuator.com\/wp-content\/uploads\/2025\/07\/15-1.jpg 1447w, https:\/\/servolinearactuator.com\/wp-content\/uploads\/2025\/07\/15-1-213x300.jpg 213w, https:\/\/servolinearactuator.com\/wp-content\/uploads\/2025\/07\/15-1-728x1024.jpg 728w, https:\/\/servolinearactuator.com\/wp-content\/uploads\/2025\/07\/15-1-768x1081.jpg 768w, https:\/\/servolinearactuator.com\/wp-content\/uploads\/2025\/07\/15-1-1092x1536.jpg 1092w, https:\/\/servolinearactuator.com\/wp-content\/uploads\/2025\/07\/15-1-600x844.jpg 600w\" sizes=\"(max-width: 1447px) 100vw, 1447px\" \/><\/p>\n<p><img decoding=\"async\" class=\"aligncenter size-full wp-image-2683\" src=\"https:\/\/servolinearactuator.com\/wp-content\/uploads\/2025\/07\/52-Series-5.jpg\" alt=\"\" width=\"1420\" height=\"2036\" srcset=\"https:\/\/servolinearactuator.com\/wp-content\/uploads\/2025\/07\/52-Series-5.jpg 1420w, https:\/\/servolinearactuator.com\/wp-content\/uploads\/2025\/07\/52-Series-5-209x300.jpg 209w, https:\/\/servolinearactuator.com\/wp-content\/uploads\/2025\/07\/52-Series-5-714x1024.jpg 714w, https:\/\/servolinearactuator.com\/wp-content\/uploads\/2025\/07\/52-Series-5-768x1101.jpg 768w, https:\/\/servolinearactuator.com\/wp-content\/uploads\/2025\/07\/52-Series-5-1071x1536.jpg 1071w, https:\/\/servolinearactuator.com\/wp-content\/uploads\/2025\/07\/52-Series-5-600x860.jpg 600w\" sizes=\"(max-width: 1420px) 100vw, 1420px\" \/><\/p>\n<p><script src=\"chrome-extension:\/\/fpelahbljekknahkcaegamhcndkfpfnc\/iFrame.js\" type=\"text\/javascript\"><\/script><\/p>\n<p><script src=\"chrome-extension:\/\/fpelahbljekknahkcaegamhcndkfpfnc\/iFrame.js\" type=\"text\/javascript\"><\/script><\/p>","protected":false},"excerpt":{"rendered":"<p class=\"ng-star-inserted\"><span class=\"ng-star-inserted\">Faites l'exp\u00e9rience de l'automatisation de pr\u00e9cision avec le v\u00e9rin \u00e9lectrique compact de la s\u00e9rie 52. Il offre une vitesse, une force et une pr\u00e9cision \u00e9lev\u00e9es dans un design peu encombrant.<\/span><\/p>\n<p><script src=\"chrome-extension:\/\/fpelahbljekknahkcaegamhcndkfpfnc\/iFrame.js\" type=\"text\/javascript\"><\/script><\/p>\n<p><script src=\"chrome-extension:\/\/fpelahbljekknahkcaegamhcndkfpfnc\/iFrame.js\" type=\"text\/javascript\"><\/script><\/p>\n<p><script src=\"chrome-extension:\/\/fpelahbljekknahkcaegamhcndkfpfnc\/iFrame.js\" type=\"text\/javascript\"><\/script><\/p>\n<p><script src=\"chrome-extension:\/\/fpelahbljekknahkcaegamhcndkfpfnc\/iFrame.js\" type=\"text\/javascript\"><\/script><\/p>","protected":false},"featured_media":2426,"template":"","meta":{"_kad_post_transparent":"default","_kad_post_title":"","_kad_post_layout":"default","_kad_post_sidebar_id":"","_kad_post_content_style":"default","_kad_post_vertical_padding":"default","_kad_post_feature":"","_kad_post_feature_position":"","_kad_post_header":false,"_kad_post_footer":false,"_kad_post_classname":""},"product_brand":[],"product_cat":[587,566,563,581,570,556,15,571,569,545],"product_tag":[648,646,647],"class_list":{"0":"post-2390","1":"product","2":"type-product","3":"status-publish","4":"has-post-thumbnail","6":"product_cat-actuators-by-drive-type","7":"product_cat-actuators-by-force-duty","8":"product_cat-actuators-by-motor-type","9":"product_cat-actuators-by-popular-application","10":"product_cat-actuators-by-speed","11":"product_cat-electric-cylinders","12":"product_cat-electric-linear-actuators","13":"product_cat-high-speed-linear-actuators","14":"product_cat-light-duty-miniature-actuators","15":"product_cat-servo-motor-actuators","16":"product_tag-compact-electric-cylinder","17":"product_tag-fast-actuator","18":"product_tag-servo-electric-cylinder","20":"first","21":"instock","22":"shipping-taxable","23":"product-type-simple","24":"entry","25":"content-bg","26":"loop-entry"},"_links":{"self":[{"href":"https:\/\/servolinearactuator.com\/fr\/wp-json\/wp\/v2\/product\/2390","targetHints":{"allow":["GET"]}}],"collection":[{"href":"https:\/\/servolinearactuator.com\/fr\/wp-json\/wp\/v2\/product"}],"about":[{"href":"https:\/\/servolinearactuator.com\/fr\/wp-json\/wp\/v2\/types\/product"}],"wp:featuredmedia":[{"embeddable":true,"href":"https:\/\/servolinearactuator.com\/fr\/wp-json\/wp\/v2\/media\/2426"}],"wp:attachment":[{"href":"https:\/\/servolinearactuator.com\/fr\/wp-json\/wp\/v2\/media?parent=2390"}],"wp:term":[{"taxonomy":"product_brand","embeddable":true,"href":"https:\/\/servolinearactuator.com\/fr\/wp-json\/wp\/v2\/product_brand?post=2390"},{"taxonomy":"product_cat","embeddable":true,"href":"https:\/\/servolinearactuator.com\/fr\/wp-json\/wp\/v2\/product_cat?post=2390"},{"taxonomy":"product_tag","embeddable":true,"href":"https:\/\/servolinearactuator.com\/fr\/wp-json\/wp\/v2\/product_tag?post=2390"}],"curies":[{"name":"wp","href":"https:\/\/api.w.org\/{rel}","templated":true}]}}