{"id":2387,"date":"2025-07-08T14:38:02","date_gmt":"2025-07-08T14:38:02","guid":{"rendered":"https:\/\/servolinearactuator.com\/?post_type=product&#038;p=2387"},"modified":"2025-07-24T22:54:05","modified_gmt":"2025-07-24T14:54:05","slug":"pa5-electric-linear-actuator-with-position-feedback-option","status":"publish","type":"product","link":"https:\/\/servolinearactuator.com\/fr\/pa5-electric-linear-actuator-with-position-feedback-option\/","title":{"rendered":"Actionneur lin\u00e9aire \u00e9lectrique PA5 avec option de retour de position"},"content":{"rendered":"<p data-v-md-line=\"3\">B\u00e9n\u00e9ficiez d'un contr\u00f4le raffin\u00e9 et d'une fiabilit\u00e9 sans compromis gr\u00e2ce \u00e0 l'actionneur lin\u00e9aire \u00e9lectrique PA5 avec option de retour de position de Jimmy Technology. Con\u00e7u pour exceller dans les environnements d'automatisation les plus difficiles, cet actionneur offre le m\u00e9lange parfait de puissance, d'intelligence et de pr\u00e9cision que vous exigez.<\/p>\n<h2 data-v-md-heading=\"features-and-benefits\" data-v-md-line=\"6\">Caract\u00e9ristiques et avantages<\/h2>\n<ul data-v-md-line=\"7\">\n<li>Construction robuste : Con\u00e7u avec des mat\u00e9riaux de haute qualit\u00e9, le PA5 r\u00e9siste aux abus industriels, aux intemp\u00e9ries et \u00e0 une utilisation intensive, ce qui en fait l'un des actionneurs les plus robustes du march\u00e9.<\/li>\n<li>L'excellence en mati\u00e8re de retour d'information sur la position : Choisissez entre un potentiom\u00e8tre int\u00e9gr\u00e9 ou un capteur \u00e0 effet Hall, vous permettant d'obtenir un contr\u00f4le de mouvement en boucle ferm\u00e9e, une pr\u00e9cision parfaite et une automatisation avanc\u00e9e pour n'importe quelle application.<\/li>\n<li>Protection de l'embrayage : L'embrayage m\u00e9canique prot\u00e8ge votre \u00e9quipement et l'actionneur contre les dommages caus\u00e9s par les surcharges, offrant ainsi une plus grande tranquillit\u00e9 d'esprit et une dur\u00e9e de vie plus longue.<\/li>\n<li>Alimentation polyvalente : Compatible avec les tensions continues (telles que 12V ou 24V), le PA5 s'adapte \u00e0 une large gamme de syst\u00e8mes de contr\u00f4le, des contr\u00f4leurs logiques programmables (PLC) aux configurations de microcontr\u00f4leurs personnalis\u00e9es.<\/li>\n<li>Interrupteurs de fin de course int\u00e9gr\u00e9s : L'arr\u00eat automatique aux limites de la course prot\u00e8ge contre la surcourse, garantissant une plus grande s\u00e9curit\u00e9 et r\u00e9duisant \u00e0 la fois les temps d'arr\u00eat et les probl\u00e8mes de maintenance.<\/li>\n<li>Indice de protection IP pour les environnements difficiles : Con\u00e7u pour \u00eatre pr\u00eat \u00e0 l'emploi dans des environnements industriels, agricoles ou ext\u00e9rieurs exigeants, son indice de protection IP le prot\u00e8ge de la poussi\u00e8re et de la p\u00e9n\u00e9tration de l'eau.<\/li>\n<li>Peu d'entretien, fonctionnement silencieux : Les engrenages internes de pr\u00e9cision et les m\u00e9canismes de mouvement avanc\u00e9s assurent un mouvement lin\u00e9aire souple, fiable et silencieux sur lequel vous pouvez compter, poste apr\u00e8s poste.<\/li>\n<\/ul>\n<h2 data-v-md-heading=\"wide-applications\" data-v-md-line=\"15\">Applications \u00e9tendues<\/h2>\n<p data-v-md-line=\"16\">Qu'il s'agisse d'automatiser une solution d'\u00e9nergie renouvelable, un bras robotique, un appareil m\u00e9dical ou m\u00eame un bureau ergonomique de haute technologie, le PA5 est l'actionneur de choix pour le contr\u00f4le des mouvements lin\u00e9aires. Il est id\u00e9al pour l'automatisation des usines, la robotique avanc\u00e9e, les machines agricoles, les v\u00e9hicules sp\u00e9ciaux, les am\u00e9liorations domotiques, le suivi solaire, etc.<\/p>\n<h2 data-v-md-heading=\"specifications\" data-v-md-line=\"18\">Sp\u00e9cifications<\/h2>\n<ul data-v-md-line=\"19\">\n<li>Force : Capacit\u00e9 \u00e9lev\u00e9e (se r\u00e9f\u00e9rer \u00e0 la fiche technique du PA5 pour les valeurs nominales exactes)<\/li>\n<li>Vitesse : plusieurs options sont disponibles pour r\u00e9pondre au profil de mouvement souhait\u00e9.<\/li>\n<li>Longueur de course : Configurable pour r\u00e9pondre \u00e0 diverses t\u00e2ches d'automatisation<\/li>\n<li>Tension d'entr\u00e9e : mod\u00e8les 12V ou 24V DC<\/li>\n<li>Indice de protection : Class\u00e9 IP pour une utilisation en ext\u00e9rieur et dans l'industrie<\/li>\n<\/ul>\n<h2 data-v-md-heading=\"technical-support\" data-v-md-line=\"25\">Support technique<\/h2>\n<p data-v-md-line=\"26\">Jimmy Technology fournit une assistance compl\u00e8te comprenant des mod\u00e8les CAO, des sch\u00e9mas de c\u00e2blage et des fiches techniques d\u00e9taill\u00e9es, ce qui rend l'int\u00e9gration facile et sans probl\u00e8me pour votre \u00e9quipe.<\/p>\n<h2 data-v-md-heading=\"conclusion\" data-v-md-line=\"28\">Conclusion<\/h2>\n<p data-v-md-line=\"29\">Lorsque vous exigez des performances durables, une pr\u00e9cision imbattable et une polyvalence sans faille, faites de Jimmy Technology votre premier choix en mati\u00e8re de contr\u00f4le de mouvement avanc\u00e9.<\/p>","protected":false},"excerpt":{"rendered":"<p>L'actionneur lin\u00e9aire \u00e9lectrique PA5 : Un contr\u00f4le raffin\u00e9, une fiabilit\u00e9 \u00e0 toute \u00e9preuve. Avec un retour de position pour la pr\u00e9cision, il prosp\u00e8re dans les environnements d'automatisation difficiles.<\/p>","protected":false},"featured_media":2647,"template":"","meta":{"_kad_post_transparent":"default","_kad_post_title":"","_kad_post_layout":"default","_kad_post_sidebar_id":"","_kad_post_content_style":"default","_kad_post_vertical_padding":"default","_kad_post_feature":"","_kad_post_feature_position":"","_kad_post_header":false,"_kad_post_footer":false,"_kad_post_classname":""},"product_brand":[],"product_cat":[587,15,577,566,563,581,578,543,568],"product_tag":[641,642],"class_list":{"0":"post-2387","1":"product","2":"type-product","3":"status-publish","4":"has-post-thumbnail","6":"product_cat-actuators-by-drive-type","7":"product_cat-electric-linear-actuators","8":"product_cat-actuators-by-feature","9":"product_cat-actuators-by-force-duty","10":"product_cat-actuators-by-motor-type","11":"product_cat-actuators-by-popular-application","12":"product_cat-actuators-with-position-feedback","13":"product_cat-brushed-dc-actuators","14":"product_cat-medium-duty-linear-actuators","15":"product_tag-electric-linear-actuator","16":"product_tag-position-feedback","18":"first","19":"instock","20":"shipping-taxable","21":"product-type-simple","22":"entry","23":"content-bg","24":"loop-entry"},"_links":{"self":[{"href":"https:\/\/servolinearactuator.com\/fr\/wp-json\/wp\/v2\/product\/2387","targetHints":{"allow":["GET"]}}],"collection":[{"href":"https:\/\/servolinearactuator.com\/fr\/wp-json\/wp\/v2\/product"}],"about":[{"href":"https:\/\/servolinearactuator.com\/fr\/wp-json\/wp\/v2\/types\/product"}],"wp:featuredmedia":[{"embeddable":true,"href":"https:\/\/servolinearactuator.com\/fr\/wp-json\/wp\/v2\/media\/2647"}],"wp:attachment":[{"href":"https:\/\/servolinearactuator.com\/fr\/wp-json\/wp\/v2\/media?parent=2387"}],"wp:term":[{"taxonomy":"product_brand","embeddable":true,"href":"https:\/\/servolinearactuator.com\/fr\/wp-json\/wp\/v2\/product_brand?post=2387"},{"taxonomy":"product_cat","embeddable":true,"href":"https:\/\/servolinearactuator.com\/fr\/wp-json\/wp\/v2\/product_cat?post=2387"},{"taxonomy":"product_tag","embeddable":true,"href":"https:\/\/servolinearactuator.com\/fr\/wp-json\/wp\/v2\/product_tag?post=2387"}],"curies":[{"name":"wp","href":"https:\/\/api.w.org\/{rel}","templated":true}]}}