{"id":2385,"date":"2025-07-08T14:37:37","date_gmt":"2025-07-08T14:37:37","guid":{"rendered":"https:\/\/servolinearactuator.com\/?post_type=product&#038;p=2385"},"modified":"2025-07-24T22:51:29","modified_gmt":"2025-07-24T14:51:29","slug":"pa3-low-noise-small-linear-actuator-for-furniture-home","status":"publish","type":"product","link":"https:\/\/servolinearactuator.com\/fr\/pa3-low-noise-small-linear-actuator-for-furniture-home\/","title":{"rendered":"PA3 Actionneur lin\u00e9aire \u00e0 faible bruit pour le mobilier et la maison"},"content":{"rendered":"<p data-v-md-line=\"3\">Vous cherchez \u00e0 mettre en place une automatisation transparente, des performances silencieuses et un design peu encombrant dans votre prochain projet de maison ou de meuble ? Le petit actionneur lin\u00e9aire \u00e0 faible bruit PA3 de Jimmy Technology offre sophistication, silence et puissance, vous permettant d'automatiser et d'\u00e9lever votre environnement de vie sans compromis.<\/p>\n<h2 data-v-md-heading=\"features-and-benefits\" data-v-md-line=\"5\">Caract\u00e9ristiques et avantages<\/h2>\n<ul data-v-md-line=\"7\">\n<li><strong>Conception ultra-compacte et puissante :<\/strong>\u00a0Gr\u00e2ce \u00e0 sa taille de montage compacte, le PA3 se glisse sans effort dans les petits espaces \u00e0 l'int\u00e9rieur des meubles, des armoires et des dispositifs intelligents personnalis\u00e9s. Vous obtenez la force dont vous avez besoin avec une force de pouss\u00e9e\/traction maximale de 8 000 N, suffisante pour effectuer des ajustements complexes, qu'il s'agisse de m\u00e9canismes d'inclinaison de canap\u00e9s ou d'\u00e9l\u00e9vateurs de t\u00e9l\u00e9viseurs cach\u00e9s, le tout dans un encombrement si compact qu'il dispara\u00eet pratiquement.<\/li>\n<li><strong>Mouvement lin\u00e9aire silencieux :<\/strong>\u00a0Con\u00e7u pour un fonctionnement silencieux, le PA3 maintient la paix dans les chambres \u00e0 coucher, les salles de s\u00e9jour et les espaces de travail o\u00f9 il est essentiel de minimiser le bruit ambiant. Cet actionneur r\u00e9pond v\u00e9ritablement \u00e0 la demande de meubles motoris\u00e9s silencieux et de projets de meubles \u00e0 actionneur peu bruyant.<\/li>\n<li><strong>Une fiabilit\u00e9 \u00e0 toute \u00e9preuve, con\u00e7ue pour durer :<\/strong>\u00a0L'indice d'\u00e9tanch\u00e9it\u00e9 IP65 vous permet de b\u00e9n\u00e9ficier d'un fonctionnement fiable et sans entretien, m\u00eame dans des environnements domestiques poussi\u00e9reux ou humides. La protection contre les surcharges pr\u00e9serve votre investissement, garantissant que m\u00eame dans des conditions difficiles, l'actionneur et votre \u00e9quipement restent prot\u00e9g\u00e9s.<\/li>\n<li><strong>Int\u00e9gration de capteurs avanc\u00e9s :<\/strong>\u00a0Les capteurs \u00e0 effet Hall en option offrent un contr\u00f4le et un retour d'information pr\u00e9cis pour les applications domotiques - parfaits pour int\u00e9grer les options d'actionneurs domestiques intelligents dans des installations d'\u00e9lite pr\u00eates pour l'avenir.<\/li>\n<li><strong>Large gamme de temp\u00e9ratures :<\/strong>\u00a0Operating from -40\u00b0C to +65\u00b0C, the PA3 is ready for both balmy home interiors and more challenging settings (think outdoor smart furniture by the pool, or unheated garages).<\/li>\n<\/ul>\n<h2 data-v-md-heading=\"wide-applications\" data-v-md-line=\"13\">Applications \u00e9tendues<\/h2>\n<p data-v-md-line=\"15\">Le Jimmy Technology PA3 est l'actionneur de r\u00e9f\u00e9rence pour l'automatisation des meubles modernes : il excelle dans les bureaux r\u00e9glables, les lits motoris\u00e9s, les canap\u00e9s inclinables, les \u00e9l\u00e9vateurs de t\u00e9l\u00e9vision automatis\u00e9s, les rangements cach\u00e9s, les armoires de cuisine intelligentes, les prises de courant escamotables, et bien d'autres choses encore. Apportez confort, flexibilit\u00e9 ergonomique et automatisation de pointe \u00e0 tout projet r\u00e9sidentiel ou de maison intelligente.<\/p>\n<h2 data-v-md-heading=\"specifications\" data-v-md-line=\"17\">Sp\u00e9cifications<\/h2>\n<ul data-v-md-line=\"19\">\n<li><strong>La force :<\/strong>\u00a0Jusqu'\u00e0 8000N (pousser\/tirer)<\/li>\n<li><strong>Speed:<\/strong>\u00a020mm\/s \u00e0 pleine charge<\/li>\n<li><strong>Longueur de la course :<\/strong>\u00a020-1000mm (adaptable \u00e0 chaque projet)<\/li>\n<li><strong>Tension d'entr\u00e9e :<\/strong>\u00a0Available for 12V or 24V DC systems<\/li>\n<li><strong>Indice de protection :<\/strong>\u00a0IP65 (totalement \u00e9tanche \u00e0 la poussi\u00e8re, prot\u00e9g\u00e9 contre les jets d'eau)<\/li>\n<li><strong>Plage de temp\u00e9rature :<\/strong>\u00a0De -40\u00b0C \u00e0 +65\u00b0C<\/li>\n<li><strong>Caract\u00e9ristiques suppl\u00e9mentaires :<\/strong>\u00a0Protection contre les surcharges, capteurs \u00e0 effet Hall pour la r\u00e9troaction et le contr\u00f4le<\/li>\n<\/ul>\n<h2 data-v-md-heading=\"technical-support\" data-v-md-line=\"27\">Support technique<\/h2>\n<p data-v-md-line=\"29\">Jimmy Technology offre un support technique complet pour la s\u00e9rie PA3, y compris des mod\u00e8les CAO d\u00e9taill\u00e9s, des fiches techniques cibl\u00e9es et des sch\u00e9mas de c\u00e2blage conviviaux. Nous travaillons en \u00e9troite collaboration avec vous, de la planification \u00e0 l'installation, afin que vous puissiez profiter d'une int\u00e9gration en douceur et sans probl\u00e8me dans n'importe quel actionneur lin\u00e9aire compact, mouvement lin\u00e9aire r\u00e9sidentiel ou application de mobilier ergonomique.<\/p>\n<h2 data-v-md-heading=\"conclusion\" data-v-md-line=\"31\">Conclusion<\/h2>\n<p data-v-md-line=\"33\">Choisissez Jimmy Technology pour vos besoins en domotique et faites l'exp\u00e9rience d'une solution leader sur le march\u00e9 o\u00f9 puissance silencieuse, fiabilit\u00e9 et design intelligent se rencontrent. Le petit actionneur lin\u00e9aire \u00e0 faible bruit PA3 n'est pas seulement une mise \u00e0 niveau, c'est l'avenir du confort ergonomique et silencieux pour chaque maison moderne.<\/p>","protected":false},"excerpt":{"rendered":"<div class=\"chat-container\">\n<div class=\"chat-view-container ng-star-inserted\">\n<div>\n<div class=\"chat-turn-container model render cdk-focused cdk-mouse-focused\" tabindex=\"-1\">\n<div class=\"model-prompt-container\" data-turn-role=\"Model\">\n<div class=\"turn-content\">\n<p class=\"ng-star-inserted\"><span class=\"ng-star-inserted\">D\u00e9bloquez une automatisation transparente et silencieuse. Le PA3 de Jimmy Technology est un actionneur lin\u00e9aire compact et puissant pour le mobilier, qui apporte sophistication et silence \u00e0 votre maison.<\/span><\/p>\n<\/div>\n<\/div>\n<\/div>\n<\/div>\n<\/div>\n<\/div>","protected":false},"featured_media":2617,"template":"","meta":{"_kad_post_transparent":"default","_kad_post_title":"","_kad_post_layout":"default","_kad_post_sidebar_id":"","_kad_post_content_style":"default","_kad_post_vertical_padding":"default","_kad_post_feature":"","_kad_post_feature_position":"","_kad_post_header":false,"_kad_post_footer":false,"_kad_post_classname":""},"product_brand":[],"product_cat":[587,566,563,581,570,543,585,15,569,572],"product_tag":[637,635,636],"class_list":{"0":"post-2385","1":"product","2":"type-product","3":"status-publish","4":"has-post-thumbnail","6":"product_cat-actuators-by-drive-type","7":"product_cat-actuators-by-force-duty","8":"product_cat-actuators-by-motor-type","9":"product_cat-actuators-by-popular-application","10":"product_cat-actuators-by-speed","11":"product_cat-brushed-dc-actuators","12":"product_cat-diy-projects-robotics","13":"product_cat-electric-linear-actuators","14":"product_cat-light-duty-miniature-actuators","15":"product_cat-quiet-linear-actuators","16":"product_tag-furniture-actuator","17":"product_tag-low-noise-actuator","18":"product_tag-small-linear-actuator","20":"first","21":"instock","22":"shipping-taxable","23":"product-type-simple","24":"entry","25":"content-bg","26":"loop-entry"},"_links":{"self":[{"href":"https:\/\/servolinearactuator.com\/fr\/wp-json\/wp\/v2\/product\/2385","targetHints":{"allow":["GET"]}}],"collection":[{"href":"https:\/\/servolinearactuator.com\/fr\/wp-json\/wp\/v2\/product"}],"about":[{"href":"https:\/\/servolinearactuator.com\/fr\/wp-json\/wp\/v2\/types\/product"}],"wp:featuredmedia":[{"embeddable":true,"href":"https:\/\/servolinearactuator.com\/fr\/wp-json\/wp\/v2\/media\/2617"}],"wp:attachment":[{"href":"https:\/\/servolinearactuator.com\/fr\/wp-json\/wp\/v2\/media?parent=2385"}],"wp:term":[{"taxonomy":"product_brand","embeddable":true,"href":"https:\/\/servolinearactuator.com\/fr\/wp-json\/wp\/v2\/product_brand?post=2385"},{"taxonomy":"product_cat","embeddable":true,"href":"https:\/\/servolinearactuator.com\/fr\/wp-json\/wp\/v2\/product_cat?post=2385"},{"taxonomy":"product_tag","embeddable":true,"href":"https:\/\/servolinearactuator.com\/fr\/wp-json\/wp\/v2\/product_tag?post=2385"}],"curies":[{"name":"wp","href":"https:\/\/api.w.org\/{rel}","templated":true}]}}