{"id":2381,"date":"2025-07-08T14:32:09","date_gmt":"2025-07-08T14:32:09","guid":{"rendered":"https:\/\/servolinearactuator.com\/?post_type=product&#038;p=2381"},"modified":"2025-07-24T22:48:50","modified_gmt":"2025-07-24T14:48:50","slug":"od28-high-speed-linear-actuator-with-brushless-dc-motor","status":"publish","type":"product","link":"https:\/\/servolinearactuator.com\/fr\/od28-high-speed-linear-actuator-with-brushless-dc-motor\/","title":{"rendered":"Actionneur lin\u00e9aire \u00e0 grande vitesse OD28 avec moteur CC sans balais"},"content":{"rendered":"<p data-v-md-line=\"3\">D\u00e9couvrez une nouvelle norme en mati\u00e8re d'automatisation compacte : l'actionneur lin\u00e9aire \u00e0 grande vitesse OD28 offre une force, une pr\u00e9cision et une robustesse exceptionnelles dans un bo\u00eetier remarquablement petit. Con\u00e7u pour les environnements exigeants, c'est le choix id\u00e9al pour les professionnels qui ne veulent pas faire de compromis sur la fiabilit\u00e9 ou la performance.<\/p>\n<h2 data-v-md-heading=\"features-and-benefits\" data-v-md-line=\"5\">Caract\u00e9ristiques et avantages<\/h2>\n<ul data-v-md-line=\"7\">\n<li><strong>Solidit\u00e9 et durabilit\u00e9 in\u00e9gal\u00e9es :<\/strong>\u00a0Construit avec un tube d'extension et une coque ext\u00e9rieure en aluminium de haute qualit\u00e9, et avec une mise \u00e0 niveau optionnelle en acier inoxydable, cet actionneur est con\u00e7u pour r\u00e9ussir l\u00e0 o\u00f9 d'autres \u00e9chouent. Attendez-vous \u00e0 une r\u00e9sistance \u00e0 la corrosion in\u00e9gal\u00e9e et \u00e0 une longue dur\u00e9e de vie, m\u00eame dans les conditions les plus difficiles.<\/li>\n<li><strong>Performances de haut niveau :<\/strong>\u00a0Offrant une force de traction maximale exceptionnelle allant jusqu'\u00e0 3000N, l'OD28 permet de r\u00e9aliser les t\u00e2ches les plus difficiles, en d\u00e9pla\u00e7ant des charges lourdes avec facilit\u00e9 tout en conservant la pr\u00e9cision.<\/li>\n<li><strong>Flexible, Mouvement de pr\u00e9cision :<\/strong>\u00a0Avec une plage de course g\u00e9n\u00e9reuse de 15 mm \u00e0 600 mm et des options de r\u00e9troaction int\u00e9gr\u00e9es telles que des potentiom\u00e8tres et des commutateurs de signaux, vous obtiendrez une pr\u00e9cision de positionnement exceptionnelle, id\u00e9ale pour l'automatisation, la robotique et les applications de laboratoire o\u00f9 \"presque juste\" n'est pas suffisant.<\/li>\n<li><strong>IP66 R\u00e9sistance \u00e0 la poussi\u00e8re et \u00e0 l'eau :<\/strong>\u00a0Class\u00e9 IP66, cet actionneur r\u00e9siste \u00e0 la poussi\u00e8re et \u00e0 l'eau, ce qui le rend parfait pour les espaces de travail industriels, l'automatisation en ext\u00e9rieur et tout environnement o\u00f9 la fiabilit\u00e9 ne doit pas \u00eatre laiss\u00e9e au hasard.<\/li>\n<li><strong>Fonctionnement silencieux :<\/strong>\u00a0Fonctionnant \u00e0 \u226460dB, il s'int\u00e8gre parfaitement dans les environnements m\u00e9dicaux, de laboratoire ou de bureau, offrant une puissance industrielle sans le bruit.<\/li>\n<li><strong>S\u00e9curit\u00e9 et contr\u00f4les intelligents :<\/strong>\u00a0Il est \u00e9quip\u00e9 d'interrupteurs de fin de course int\u00e9gr\u00e9s et d'une protection de limitation de courant. Cet actionneur prot\u00e8ge votre \u00e9quipement et lui-m\u00eame, en travaillant silencieusement en arri\u00e8re-plan, afin que vous puissiez vous concentrer sur les r\u00e9sultats, et non sur les r\u00e9parations.<\/li>\n<li><strong>Fiabilit\u00e9 tout au long de l'ann\u00e9e :<\/strong>\u00a0Fonctionne \u00e0 des temp\u00e9ratures extr\u00eames de -25\u00b0C \u00e0 +65\u00b0C. Qu'il s'agisse d'un matin glacial \u00e0 l'ext\u00e9rieur ou d'une ligne de production chaude, l'OD28 continue de fonctionner.<\/li>\n<\/ul>\n<h2 data-v-md-heading=\"wide-applications\" data-v-md-line=\"15\">Applications \u00e9tendues<\/h2>\n<p data-v-md-line=\"17\">L'actionneur OD28 s'adapte sans effort \u00e0 pratiquement tous les projets. Qu'il s'agisse de faire progresser la domotique, de construire une robotique pr\u00e9cise, de mettre \u00e0 niveau des syst\u00e8mes automobiles personnalis\u00e9s, de d\u00e9ployer un syst\u00e8me de suivi solaire ou de rationaliser des \u00e9quipements industriels, cet actionneur s'impose comme la solution la plus polyvalente et la plus fiable.<\/p>\n<h2 data-v-md-heading=\"specifications\" data-v-md-line=\"19\">Sp\u00e9cifications<\/h2>\n<ul data-v-md-line=\"21\">\n<li>Force : Force de traction jusqu'\u00e0 3000N (la plus \u00e9lev\u00e9e de l'industrie pour sa taille)<\/li>\n<li>Vitesse : 4mm\/s \u00e0 vide (3mm\/s \u00e0 charge maximale) ; 8mm\/s \u00e0 vide (6mm\/s \u00e0 1500N)<\/li>\n<li>Longueur de la course : 15-600mm disponible<\/li>\n<li>Tension d'entr\u00e9e : 12V ou 24V DC<\/li>\n<li>Indice de protection : IP66 (\u00e9tanche \u00e0 la poussi\u00e8re et \u00e0 l'eau)<\/li>\n<\/ul>\n<h2 data-v-md-heading=\"technical-support\" data-v-md-line=\"27\">Support technique<\/h2>\n<p data-v-md-line=\"29\">Avec Jimmy Technology, vous n'avez jamais \u00e0 faire cavalier seul. Nous proposons des mod\u00e8les CAO d\u00e9taill\u00e9s, des sch\u00e9mas de c\u00e2blage et des fiches techniques, ce qui rend l'int\u00e9gration transparente et sans stress. Nos experts sont \u00e0 votre disposition pour vous aider dans la conception, le prototypage et le d\u00e9ploiement.<\/p>\n<h2 data-v-md-heading=\"conclusion\" data-v-md-line=\"31\">Conclusion<\/h2>\n<p data-v-md-line=\"33\">Choisissez Jimmy Technology et faites avancer votre automatisation en toute confiance - d\u00e9couvrez la qualit\u00e9, l'innovation et la fiabilit\u00e9 \u00e0 la pointe de l'industrie dans chaque actionneur lin\u00e9aire OD28.<\/p>","protected":false},"excerpt":{"rendered":"<p>Voici l'actionneur lin\u00e9aire \u00e0 grande vitesse OD28 : une centrale compacte de force et de pr\u00e9cision. Con\u00e7u pour les t\u00e2ches difficiles, il offre aux professionnels une fiabilit\u00e9 et des performances in\u00e9gal\u00e9es.<\/p>","protected":false},"featured_media":2658,"template":"","meta":{"_kad_post_transparent":"default","_kad_post_title":"","_kad_post_layout":"default","_kad_post_sidebar_id":"","_kad_post_content_style":"default","_kad_post_vertical_padding":"default","_kad_post_feature":"","_kad_post_feature_position":"","_kad_post_header":false,"_kad_post_footer":false,"_kad_post_classname":""},"product_brand":[],"product_cat":[587,563,581,564,570,547,546,15,571],"product_tag":[628,627,626],"class_list":{"0":"post-2381","1":"product","2":"type-product","3":"status-publish","4":"has-post-thumbnail","6":"product_cat-actuators-by-drive-type","7":"product_cat-actuators-by-motor-type","8":"product_cat-actuators-by-popular-application","9":"product_cat-actuators-by-screw-type","10":"product_cat-actuators-by-speed","11":"product_cat-ball-screw-actuators","12":"product_cat-brushless-dc-actuators","13":"product_cat-electric-linear-actuators","14":"product_cat-high-speed-linear-actuators","15":"product_tag-12v-24v-dc-motor","16":"product_tag-brushless-dc-motor","17":"product_tag-high-speed-linear-actuator","19":"first","20":"instock","21":"shipping-taxable","22":"product-type-simple","23":"entry","24":"content-bg","25":"loop-entry"},"_links":{"self":[{"href":"https:\/\/servolinearactuator.com\/fr\/wp-json\/wp\/v2\/product\/2381","targetHints":{"allow":["GET"]}}],"collection":[{"href":"https:\/\/servolinearactuator.com\/fr\/wp-json\/wp\/v2\/product"}],"about":[{"href":"https:\/\/servolinearactuator.com\/fr\/wp-json\/wp\/v2\/types\/product"}],"wp:featuredmedia":[{"embeddable":true,"href":"https:\/\/servolinearactuator.com\/fr\/wp-json\/wp\/v2\/media\/2658"}],"wp:attachment":[{"href":"https:\/\/servolinearactuator.com\/fr\/wp-json\/wp\/v2\/media?parent=2381"}],"wp:term":[{"taxonomy":"product_brand","embeddable":true,"href":"https:\/\/servolinearactuator.com\/fr\/wp-json\/wp\/v2\/product_brand?post=2381"},{"taxonomy":"product_cat","embeddable":true,"href":"https:\/\/servolinearactuator.com\/fr\/wp-json\/wp\/v2\/product_cat?post=2381"},{"taxonomy":"product_tag","embeddable":true,"href":"https:\/\/servolinearactuator.com\/fr\/wp-json\/wp\/v2\/product_tag?post=2381"}],"curies":[{"name":"wp","href":"https:\/\/api.w.org\/{rel}","templated":true}]}}