{"id":2379,"date":"2025-07-08T14:31:56","date_gmt":"2025-07-08T14:31:56","guid":{"rendered":"https:\/\/servolinearactuator.com\/?post_type=product&#038;p=2379"},"modified":"2025-07-24T22:43:24","modified_gmt":"2025-07-24T14:43:24","slug":"od26-20000n-high-load-linear-actuator-long-stroke-oem","status":"publish","type":"product","link":"https:\/\/servolinearactuator.com\/fr\/od26-20000n-high-load-linear-actuator-long-stroke-oem\/","title":{"rendered":"OD26 20000N Actionneur lin\u00e9aire \u00e0 haute charge | Longue course | OEM"},"content":{"rendered":"<p data-v-md-line=\"3\">Faites l'exp\u00e9rience d'une perc\u00e9e technique avec l'actionneur lin\u00e9aire \u00e0 charge \u00e9lev\u00e9e OD26 20000N - o\u00f9 la puissance robuste rencontre la pr\u00e9cision pour une int\u00e9gration OEM transparente. Lorsque votre projet d'automatisation exige un mouvement lin\u00e9aire exceptionnel, une durabilit\u00e9 robuste et une force maximale, cet actionneur place la barre tr\u00e8s haut.<\/p>\n<h2 data-v-md-heading=\"features-and-benefits\" data-v-md-line=\"6\">Caract\u00e9ristiques et avantages<\/h2>\n<ul data-v-md-line=\"8\">\n<li>\n<p data-v-md-line=\"8\">Capacit\u00e9 de pouss\u00e9e et de traction exceptionnelle de 20 000 N<br \/>\nD\u00e9livrant jusqu'\u00e0 2 tonnes de force, l'OD26 est con\u00e7u comme un v\u00e9ritable actionneur \u00e0 force \u00e9lev\u00e9e, capable de relever facilement les d\u00e9fis les plus exigeants en mati\u00e8re de manutention et d'automatisation industrielle.<\/p>\n<\/li>\n<li>\n<p data-v-md-line=\"11\">Construction robuste et r\u00e9sistante<br \/>\nConstruit en aluminium de haute qualit\u00e9 et renforc\u00e9 par de l'acier inoxydable l\u00e0 o\u00f9 c'est le plus important, cet actionneur lin\u00e9aire \u00e9lectrique prosp\u00e8re dans les environnements difficiles. Son ch\u00e2ssis robuste r\u00e9siste aux chocs et aux vibrations, offrant une fiabilit\u00e9 qui permet \u00e0 votre syst\u00e8me de continuer \u00e0 fonctionner.<\/p>\n<\/li>\n<li>\n<p data-v-md-line=\"14\">Con\u00e7u pour les environnements difficiles - Protection IP \u00e9lev\u00e9e<br \/>\nAvec un indice de protection IP66 ou sup\u00e9rieur, cet actionneur r\u00e9siste \u00e0 la poussi\u00e8re, aux jets d'eau et m\u00eame \u00e0 une immersion temporaire. La pluie, la salet\u00e9 et les lavages ne font pas le poids, ce qui le rend parfait pour une utilisation en ext\u00e9rieur et dans des environnements industriels difficiles.<\/p>\n<\/li>\n<li>\n<p data-v-md-line=\"17\">Flexibilit\u00e9 de la course longue<br \/>\nDisponible en version standard, longue ou allong\u00e9e (jusqu'\u00e0 2000 mm ou plus), l'OD26 vous offre de nombreuses options de d\u00e9placement. Que vous souhaitiez automatiser de grands portails, des suiveurs solaires ou des plates-formes \u00e9l\u00e9vatrices, vous obtiendrez toujours la port\u00e9e dont vous avez besoin.<\/p>\n<\/li>\n<li>\n<p data-v-md-line=\"20\">Mouvement et contr\u00f4le de pr\u00e9cision<br \/>\nLes options de retour de position int\u00e9gr\u00e9 (potentiom\u00e8tre, capteur Hall ou encodeur) vous permettent d'atteindre une pr\u00e9cision extr\u00eame. Les interrupteurs de fin de course int\u00e9gr\u00e9s arr\u00eatent automatiquement la course pour un fonctionnement s\u00fbr et sans maintenance. La compatibilit\u00e9 totale avec les automates et les contr\u00f4leurs personnalis\u00e9s facilite l'int\u00e9gration.<\/p>\n<\/li>\n<li>\n<p data-v-md-line=\"23\">Une performance silencieuse et fiable<br \/>\nLes engrenages d'entra\u00eenement avanc\u00e9s et l'amortissement interne r\u00e9duisent le bruit au minimum, de sorte que l'actionneur fournit une pouss\u00e9e \u00e9lev\u00e9e avec peu de perturbations, ce qui est id\u00e9al pour les environnements m\u00e9dicaux, ergonomiques ou int\u00e9rieurs.<\/p>\n<\/li>\n<li>\n<p data-v-md-line=\"26\">Efficacit\u00e9 \u00e9nerg\u00e9tique, sans entretien<br \/>\nL'actionnement \u00e9lectrique permet de r\u00e9duire les co\u00fbts d'exploitation et d'\u00e9viter les probl\u00e8mes hydrauliques ou pneumatiques. Les intervalles de maintenance sont beaucoup plus longs, avec des dur\u00e9es de vie de 25 000 \u00e0 100 000 cycles ou plus sous des charges r\u00e9elles.<\/p>\n<\/li>\n<\/ul>\n<h2 data-v-md-heading=\"wide-applications\" data-v-md-line=\"29\">Applications \u00e9tendues<\/h2>\n<p data-v-md-line=\"30\">Cet actionneur lin\u00e9aire industriel est la solution id\u00e9ale pour les levages lourds et les longs d\u00e9placements dans des domaines tels que l'automatisation de grandes vannes, les machines agricoles, les ascenseurs m\u00e9dicaux, l'actionnement de portes lourdes, le suivi solaire, la robotique, l'\u00e9quipement minier et les machines OEM haut de gamme.<\/p>\n<h2 data-v-md-heading=\"specifications\" data-v-md-line=\"32\">Sp\u00e9cifications<\/h2>\n<ul data-v-md-line=\"34\">\n<li>Force : 20 000 N (2 tonnes)<\/li>\n<li>Vitesse : 5 \u00e0 20 mm\/s sous charge maximale<\/li>\n<li>Longueur de la course : Configurable - 300 mm jusqu'\u00e0 2000 mm et plus<\/li>\n<li>Tension d'entr\u00e9e : Options personnalis\u00e9es (g\u00e9n\u00e9ralement 24V\/48V DC ou 110V\/220V AC)<\/li>\n<li>Indice de protection : IP66\/IP67 pour une r\u00e9sistance robuste \u00e0 l'environnement<\/li>\n<\/ul>\n<h2 data-v-md-heading=\"technical-support\" data-v-md-line=\"40\">Support technique<\/h2>\n<p data-v-md-line=\"41\">Nous fournissons une assistance technique compl\u00e8te, y compris l'acc\u00e8s \u00e0 des fiches techniques d\u00e9taill\u00e9es, des mod\u00e8les CAO, des sch\u00e9mas de c\u00e2blage et des conseils d'experts en ing\u00e9nierie. Nos clients OEM b\u00e9n\u00e9ficient d'une consultation personnalis\u00e9e pour une s\u00e9lection optimale des actionneurs et une conception sans faille.<\/p>\n<h2 data-v-md-heading=\"conclusion\" data-v-md-line=\"43\">Conclusion<\/h2>\n<p data-v-md-line=\"44\">En choisissant Jimmy Technology, vous optez pour une qualit\u00e9 leader sur le march\u00e9, une innovation solide et une fiabilit\u00e9 durable, ce qui permet \u00e0 vos projets d'automatisation d'\u00e9tablir la norme de l'industrie.<\/p>","protected":false},"excerpt":{"rendered":"<p>L'actionneur OD26 20000N : l'alliance de la puissance et de la pr\u00e9cision. Avec une force de 2 tonnes, il s'int\u00e8gre parfaitement dans les projets exigeants des \u00e9quipementiers.<\/p>","protected":false},"featured_media":2596,"template":"","meta":{"_kad_post_transparent":"default","_kad_post_title":"","_kad_post_layout":"default","_kad_post_sidebar_id":"","_kad_post_content_style":"default","_kad_post_vertical_padding":"default","_kad_post_feature":"","_kad_post_feature_position":"","_kad_post_header":false,"_kad_post_footer":false,"_kad_post_classname":""},"product_brand":[],"product_cat":[587,15,566,563,581,543,567,586],"product_tag":[621,622,602],"class_list":{"0":"post-2379","1":"product","2":"type-product","3":"status-publish","4":"has-post-thumbnail","6":"product_cat-actuators-by-drive-type","7":"product_cat-electric-linear-actuators","8":"product_cat-actuators-by-force-duty","9":"product_cat-actuators-by-motor-type","10":"product_cat-actuators-by-popular-application","11":"product_cat-brushed-dc-actuators","12":"product_cat-heavy-duty-linear-actuators","13":"product_cat-industrial-automation","14":"product_tag-20000n-linear-actuator","15":"product_tag-high-load-actuator","16":"product_tag-linear-actuator","18":"first","19":"instock","20":"shipping-taxable","21":"product-type-simple","22":"entry","23":"content-bg","24":"loop-entry"},"_links":{"self":[{"href":"https:\/\/servolinearactuator.com\/fr\/wp-json\/wp\/v2\/product\/2379","targetHints":{"allow":["GET"]}}],"collection":[{"href":"https:\/\/servolinearactuator.com\/fr\/wp-json\/wp\/v2\/product"}],"about":[{"href":"https:\/\/servolinearactuator.com\/fr\/wp-json\/wp\/v2\/types\/product"}],"wp:featuredmedia":[{"embeddable":true,"href":"https:\/\/servolinearactuator.com\/fr\/wp-json\/wp\/v2\/media\/2596"}],"wp:attachment":[{"href":"https:\/\/servolinearactuator.com\/fr\/wp-json\/wp\/v2\/media?parent=2379"}],"wp:term":[{"taxonomy":"product_brand","embeddable":true,"href":"https:\/\/servolinearactuator.com\/fr\/wp-json\/wp\/v2\/product_brand?post=2379"},{"taxonomy":"product_cat","embeddable":true,"href":"https:\/\/servolinearactuator.com\/fr\/wp-json\/wp\/v2\/product_cat?post=2379"},{"taxonomy":"product_tag","embeddable":true,"href":"https:\/\/servolinearactuator.com\/fr\/wp-json\/wp\/v2\/product_tag?post=2379"}],"curies":[{"name":"wp","href":"https:\/\/api.w.org\/{rel}","templated":true}]}}