{"id":2377,"date":"2025-07-08T14:31:51","date_gmt":"2025-07-08T14:31:51","guid":{"rendered":"https:\/\/servolinearactuator.com\/?post_type=product&#038;p=2377"},"modified":"2025-07-24T22:41:57","modified_gmt":"2025-07-24T14:41:57","slug":"od4-60000n-heavy-duty-electric-actuator-for-industrial-use","status":"publish","type":"product","link":"https:\/\/servolinearactuator.com\/fr\/od4-60000n-heavy-duty-electric-actuator-for-industrial-use\/","title":{"rendered":"Actionneur \u00e9lectrique OD4 60000N pour usage industriel"},"content":{"rendered":"<p data-v-md-line=\"3\">Lorsque votre projet d'automatisation industrielle exige \u00e0 la fois une force brute et une totale tranquillit\u00e9 d'esprit, l'actionneur \u00e9lectrique OD4 60000N Heavy Duty de Jimmy Technology s'impose comme le choix \u00e9vident. Combinant une pouss\u00e9e massive de 60kN avec une ing\u00e9nierie avanc\u00e9e, ce v\u00e9rin \u00e9lectrique industriel \u00e9tablit une nouvelle norme en mati\u00e8re de fiabilit\u00e9, de long\u00e9vit\u00e9 et de performance pour les environnements les plus exigeants.<\/p>\n<h2 data-v-md-heading=\"features-and-benefits\" data-v-md-line=\"5\">Caract\u00e9ristiques et avantages<\/h2>\n<ul data-v-md-line=\"7\">\n<li><strong>Pouss\u00e9e exceptionnelle de 60 000 N :<\/strong>\u00a0Il fournit un mouvement lin\u00e9aire de grande force pour les charges les plus lourdes - parfait pour les applications telles que l'actionnement de grandes vannes, la manutention de mat\u00e9riaux lourds et les presses industrielles massives.<\/li>\n<li><strong>Construction robuste de qualit\u00e9 industrielle :<\/strong>\u00a0Construit avec des mat\u00e9riaux de haute qualit\u00e9 et un bo\u00eetier r\u00e9sistant \u00e0 la corrosion, cet actionneur supporte des conditions extr\u00eames. Vous pouvez compter sur sa conception robuste pour les environnements ext\u00e9rieurs ou industriels difficiles, ann\u00e9e apr\u00e8s ann\u00e9e.<\/li>\n<li><strong>IP67 Indice de protection :<\/strong>\u00a0Que vous soyez confront\u00e9 \u00e0 la poussi\u00e8re, \u00e0 l'eau ou \u00e0 des conditions m\u00e9t\u00e9orologiques impr\u00e9visibles, l'OD4 reste performant. Son indice \u00e9lev\u00e9 de protection contre les agressions signifie une v\u00e9ritable r\u00e9silience environnementale et la possibilit\u00e9 de l'utiliser \u00e0 l'ext\u00e9rieur et dans des environnements soumis \u00e0 des lavages.<\/li>\n<li><strong>S1 Fonctionnement continu :<\/strong>\u00a0Con\u00e7u pour une action continue, cet actionneur offre un cycle de service intensif qui supporte les niveaux les plus \u00e9lev\u00e9s de temps de fonctionnement - id\u00e9al pour les syst\u00e8mes critiques de contr\u00f4le des processus et d'automatisation qui ne doivent jamais se reposer.<\/li>\n<li><strong>Retour d'information int\u00e9gr\u00e9 sur la position :<\/strong>\u00a0Gr\u00e2ce \u00e0 des codeurs avanc\u00e9s ou \u00e0 des options de potentiom\u00e8tre, vous obtiendrez un positionnement d'une grande pr\u00e9cision. La pr\u00e9cision des mouvements garantit que vos processus se d\u00e9roulent exactement comme vous le souhaitez, \u00e0 chaque fois.<\/li>\n<li><strong>Large contr\u00f4le Compatibilit\u00e9 :<\/strong>\u00a0Il s'int\u00e8gre en toute transparence dans les architectures modernes d'automatisation industrielle. Il prend en charge les protocoles de communication standard tels que Modbus, Profibus et Ethernet\/IP pour un interfa\u00e7age simple avec les syst\u00e8mes PLC, DCS ou SCADA.<\/li>\n<li><strong>Caract\u00e9ristiques de s\u00e9curit\u00e9 et de fiabilit\u00e9 :<\/strong>\u00a0Vous avez l'esprit tranquille gr\u00e2ce aux protections thermiques et de surcharge int\u00e9gr\u00e9es, aux interrupteurs de fin de course personnalisables, \u00e0 la commande manuelle d'urgence et aux choix d'actionnement \u00e0 s\u00e9curit\u00e9 int\u00e9gr\u00e9e.<\/li>\n<li><strong>Conception \u00e0 faible entretien et \u00e0 longue dur\u00e9e de vie :<\/strong>\u00a0Gr\u00e2ce \u00e0 une efficacit\u00e9 m\u00e9canique sup\u00e9rieure et \u00e0 l'absence de fluide hydraulique \u00e0 g\u00e9rer, vous r\u00e9duirez les temps d'arr\u00eat pour maintenance et les co\u00fbts d'exploitation. L'entra\u00eenement avanc\u00e9 par vis \u00e0 rouleaux garantit des d\u00e9cennies de service fiable, m\u00eame sous les charges les plus lourdes.<\/li>\n<\/ul>\n<h2 data-v-md-heading=\"wide-applications\" data-v-md-line=\"16\">Applications \u00e9tendues<\/h2>\n<p data-v-md-line=\"18\">L'actionneur OD4 60000N est la solution id\u00e9ale pour les besoins en actionneurs \u00e9lectriques des \u00e9quipements lourds et les applications d'automatisation industrielle. Vous le trouverez souvent en train d'automatiser des robinets-vannes massifs dans la production d'\u00e9nergie, de contr\u00f4ler des amortisseurs dans les cimenteries et les aci\u00e9ries, de g\u00e9rer des d\u00e9viateurs ou des vannes de goulotte dans l'exploitation mini\u00e8re, et d'assurer des op\u00e9rations de serrage ou de presse pr\u00e9cises dans la fabrication. Partout o\u00f9 un mouvement lin\u00e9aire fiable et \u00e0 forte pouss\u00e9e est essentiel, cet actionneur est \u00e0 la hauteur de la situation.<\/p>\n<h2 data-v-md-heading=\"specifications\" data-v-md-line=\"20\">Sp\u00e9cifications<\/h2>\n<ul data-v-md-line=\"22\">\n<li><strong>La force :<\/strong>\u00a060 000N (60kN) de pouss\u00e9e \u00e9lev\u00e9e pour les mouvements lin\u00e9aires lourds<\/li>\n<li><strong>Speed:<\/strong>\u00a0Personnalisable en fonction des exigences de l'application (consulter la fiche technique pour les gammes standard)<\/li>\n<li><strong>Longueur de la course :<\/strong>\u00a0Disponible dans une large gamme de longueurs pour s'adapter aux installations industrielles exigeantes<\/li>\n<li><strong>Tension d'entr\u00e9e :<\/strong>\u00a0G\u00e9n\u00e9ralement 24V\/12V DC pour une fiabilit\u00e9 maximale (autres tensions disponibles sur demande)<\/li>\n<li><strong>Indice de protection :<\/strong>\u00a0IP67 - protection totale contre la poussi\u00e8re et r\u00e9sistance aux jets d'eau puissants ou \u00e0 l'immersion temporaire<\/li>\n<\/ul>\n<h2 data-v-md-heading=\"technical-support\" data-v-md-line=\"28\">Support technique<\/h2>\n<p data-v-md-line=\"30\">Jimmy Technology soutient votre investissement par une assistance compl\u00e8te : des mod\u00e8les CAO d\u00e9taill\u00e9s et des sch\u00e9mas de c\u00e2blage \u00e0 une assistance technique rapide. L'int\u00e9gration de l'OD4 dans votre architecture de contr\u00f4le est facile et directe, avec des guides et des fiches techniques qui vous aident \u00e0 chaque \u00e9tape.<\/p>\n<h2 data-v-md-heading=\"conclusion\" data-v-md-line=\"32\">Conclusion<\/h2>\n<p data-v-md-line=\"34\">Lorsque vous choisissez Jimmy Technology, vous optez pour une qualit\u00e9, une innovation et une fiabilit\u00e9 in\u00e9branlables, con\u00e7ues pour vous permettre de r\u00e9ussir dans les environnements industriels les plus difficiles.<\/p>","protected":false},"excerpt":{"rendered":"<p>L'actionneur OD4 60000N de Jimmy Technology offre une pouss\u00e9e de 60kN pour vos travaux industriels les plus difficiles. Obtenez un mouvement lin\u00e9aire fiable et performant.<\/p>\n<p><script src=\"chrome-extension:\/\/fpelahbljekknahkcaegamhcndkfpfnc\/iFrame.js\" type=\"text\/javascript\"><\/script><\/p>","protected":false},"featured_media":2584,"template":"","meta":{"_kad_post_transparent":"default","_kad_post_title":"","_kad_post_layout":"default","_kad_post_sidebar_id":"","_kad_post_content_style":"default","_kad_post_vertical_padding":"default","_kad_post_feature":"","_kad_post_feature_position":"","_kad_post_header":false,"_kad_post_footer":false,"_kad_post_classname":""},"product_brand":[],"product_cat":[587,15,573,566,563,581,543,567,576],"product_tag":[616,618,617],"class_list":{"0":"post-2377","1":"product","2":"type-product","3":"status-publish","4":"has-post-thumbnail","6":"product_cat-actuators-by-drive-type","7":"product_cat-electric-linear-actuators","8":"product_cat-actuators-by-environment","9":"product_cat-actuators-by-force-duty","10":"product_cat-actuators-by-motor-type","11":"product_cat-actuators-by-popular-application","12":"product_cat-brushed-dc-actuators","13":"product_cat-heavy-duty-linear-actuators","14":"product_cat-industrial-linear-actuators","15":"product_tag-60000n-actuator","16":"product_tag-electric-actuator","17":"product_tag-heavy-duty-actuator","19":"first","20":"instock","21":"shipping-taxable","22":"product-type-simple","23":"entry","24":"content-bg","25":"loop-entry"},"_links":{"self":[{"href":"https:\/\/servolinearactuator.com\/fr\/wp-json\/wp\/v2\/product\/2377","targetHints":{"allow":["GET"]}}],"collection":[{"href":"https:\/\/servolinearactuator.com\/fr\/wp-json\/wp\/v2\/product"}],"about":[{"href":"https:\/\/servolinearactuator.com\/fr\/wp-json\/wp\/v2\/types\/product"}],"wp:featuredmedia":[{"embeddable":true,"href":"https:\/\/servolinearactuator.com\/fr\/wp-json\/wp\/v2\/media\/2584"}],"wp:attachment":[{"href":"https:\/\/servolinearactuator.com\/fr\/wp-json\/wp\/v2\/media?parent=2377"}],"wp:term":[{"taxonomy":"product_brand","embeddable":true,"href":"https:\/\/servolinearactuator.com\/fr\/wp-json\/wp\/v2\/product_brand?post=2377"},{"taxonomy":"product_cat","embeddable":true,"href":"https:\/\/servolinearactuator.com\/fr\/wp-json\/wp\/v2\/product_cat?post=2377"},{"taxonomy":"product_tag","embeddable":true,"href":"https:\/\/servolinearactuator.com\/fr\/wp-json\/wp\/v2\/product_tag?post=2377"}],"curies":[{"name":"wp","href":"https:\/\/api.w.org\/{rel}","templated":true}]}}