{"id":2374,"date":"2025-07-08T14:06:10","date_gmt":"2025-07-08T14:06:10","guid":{"rendered":"https:\/\/servolinearactuator.com\/?post_type=product&#038;p=2374"},"modified":"2025-07-24T22:13:06","modified_gmt":"2025-07-24T14:13:06","slug":"45-eg-heavy-duty-ball-screw-linear-motion-actuator","status":"publish","type":"product","link":"https:\/\/servolinearactuator.com\/fr\/45-eg-heavy-duty-ball-screw-linear-motion-actuator\/","title":{"rendered":"45-EG Actionneur lin\u00e9aire \u00e0 vis \u00e0 billes pour usage intensif"},"content":{"rendered":"<p data-v-md-line=\"58\">L'actionneur 45-EG Heavy Duty Ball Screw Linear Motion Actuator de Jimmy Technology offre une force, une r\u00e9p\u00e9tabilit\u00e9 et une robustesse in\u00e9gal\u00e9es dans l'industrie. Il s'agit d'une solution d'automatisation de haute performance con\u00e7ue pour r\u00e9pondre aux exigences des environnements industriels modernes.<\/p>\n<h2 data-v-md-heading=\"features-and-benefits-1\" data-v-md-line=\"60\">Caract\u00e9ristiques et avantages<\/h2>\n<ul data-v-md-line=\"62\">\n<li>\n<p data-v-md-line=\"62\"><strong>M\u00e9canisme \u00e0 vis \u00e0 billes de pr\u00e9cision tr\u00e8s robuste<\/strong><br \/>\nLe 45-EG est dot\u00e9 d'un syst\u00e8me d'entra\u00eenement \u00e0 vis \u00e0 billes robuste, offrant un mouvement lin\u00e9aire souple et pr\u00e9cis auquel vous pouvez faire confiance pour l'automatisation, l'assemblage et la manutention de mat\u00e9riaux critiques. Vous obtiendrez une pr\u00e9cision de positionnement et une r\u00e9p\u00e9tabilit\u00e9 exceptionnelles.<\/p>\n<\/li>\n<li>\n<p data-v-md-line=\"65\"><strong>Con\u00e7u pour les environnements difficiles<\/strong><br \/>\nChoisissez des rails de guidage en acier au carbone ou en acier inoxydable pour obtenir l'\u00e9quilibre parfait entre robustesse et r\u00e9sistance \u00e0 la corrosion pour votre application. Cet actionneur est con\u00e7u pour les t\u00e2ches difficiles - dans des environnements o\u00f9 certains actionneurs ont des difficult\u00e9s, le 45-EG prosp\u00e8re tout simplement.<\/p>\n<\/li>\n<li>\n<p data-v-md-line=\"68\"><strong>Capacit\u00e9 de charge \u00e9lev\u00e9e pour les t\u00e2ches exigeantes<\/strong><br \/>\nCon\u00e7u pour une utilisation industrielle, le 45-EG g\u00e8re des charges horizontales jusqu'\u00e0 25 kg et des charges verticales jusqu'\u00e0 10 kg. Vous pouvez d\u00e9sormais automatiser les op\u00e9rations de levage de charges lourdes et les op\u00e9rations de pouss\u00e9e ou de traction difficiles en toute confiance.<\/p>\n<\/li>\n<li>\n<p data-v-md-line=\"71\"><strong>R\u00e9p\u00e9tabilit\u00e9 exceptionnelle, \u00e0 chaque cycle<\/strong><br \/>\nAvec une r\u00e9p\u00e9tabilit\u00e9 de \u00b10,02 mm, vous conserverez un positionnement fiable et pr\u00e9cis jour apr\u00e8s jour. Votre processus automatis\u00e9 b\u00e9n\u00e9ficie de la coh\u00e9rence requise pour la fabrication en grande s\u00e9rie, les essais ou la robotique.<\/p>\n<\/li>\n<li>\n<p data-v-md-line=\"74\"><strong>Longueur de course configurable<\/strong><br \/>\nObtenez exactement la port\u00e9e dont vous avez besoin pour votre application. Les courses effectives vont de 100 mm \u00e0 1000 mm, tandis que la longueur totale de l'actionneur s'ajuste en cons\u00e9quence, que vous ayez besoin d'un mouvement compact ou d'une port\u00e9e \u00e9tendue.<\/p>\n<\/li>\n<li>\n<p data-v-md-line=\"77\"><strong>Vitesse et couple optimis\u00e9s<\/strong><br \/>\nR\u00e9alisez des mouvements rapides et efficaces avec des vitesses allant jusqu'\u00e0 0,2 m\/s. La transmission fiable du couple de l'actionneur assure un contr\u00f4le r\u00e9actif, ce qui se traduit par un meilleur rendement de vos lignes automatis\u00e9es.<\/p>\n<\/li>\n<li>\n<p data-v-md-line=\"80\"><strong>Conception facilitant la maintenance<\/strong><br \/>\nLes composants de haute qualit\u00e9 minimisent l'usure, r\u00e9duisent les temps d'arr\u00eat et permettent \u00e0 votre \u00e9quipe de maintenance de garder le sourire.<\/p>\n<\/li>\n<\/ul>\n<h2 data-v-md-heading=\"wide-applications-1\" data-v-md-line=\"83\">Applications \u00e9tendues<\/h2>\n<p data-v-md-line=\"85\">L'actionneur lin\u00e9aire \u00e0 vis \u00e0 billes 45-EG est la solution id\u00e9ale pour les projets d'automatisation industrielle, la robotique, les machines d'emballage, les syst\u00e8mes de manutention, l'assemblage de pr\u00e9cision et les environnements difficiles o\u00f9 une force et une pr\u00e9cision \u00e9lev\u00e9es ne sont pas n\u00e9gociables. Il est \u00e9galement parfaitement \u00e0 l'aise dans les installations de R&amp;D avanc\u00e9es, les machines personnalis\u00e9es et les montages d'essai exigeants.<\/p>\n<h2 data-v-md-heading=\"specifications-1\" data-v-md-line=\"87\">Sp\u00e9cifications<\/h2>\n<ul data-v-md-line=\"89\">\n<li><strong>La force :<\/strong>\u00a0Capacit\u00e9 de charge horizontale jusqu'\u00e0 25 kg, verticale jusqu'\u00e0 10 kg<\/li>\n<li><strong>Speed:<\/strong>\u00a0Jusqu'\u00e0 0,2 m\/s<\/li>\n<li><strong>Longueur de la course :<\/strong>\u00a0100 mm - 1000 mm (configurable)<\/li>\n<li><strong>Tension d'entr\u00e9e :<\/strong>\u00a0[Consulter les options techniques pour votre environnement de contr\u00f4le]<\/li>\n<li><strong>Indice de protection :<\/strong>\u00a0[Nous contacter pour les d\u00e9tails sp\u00e9cifiques \u00e0 votre application ; des options en acier au carbone et en acier inoxydable sont disponibles pour la durabilit\u00e9].<\/li>\n<\/ul>\n<h2 data-v-md-heading=\"technical-support-1\" data-v-md-line=\"95\">Support technique<\/h2>\n<p data-v-md-line=\"97\">Jimmy Technology soutient l'actionneur 45-EG avec une assistance technique compl\u00e8te. Acc\u00e9dez \u00e0 des mod\u00e8les CAO d\u00e9taill\u00e9s, des fiches techniques et des sch\u00e9mas de c\u00e2blage complets pour simplifier votre processus de conception et d'int\u00e9gration. Nos ing\u00e9nieurs sont pr\u00eats \u00e0 vous aider \u00e0 sp\u00e9cifier l'actionneur parfait pour votre syst\u00e8me d'automatisation.<\/p>\n<h2 data-v-md-heading=\"conclusion-1\" data-v-md-line=\"99\">Conclusion<\/h2>\n<p data-v-md-line=\"101\">Choisissez l'actionneur lin\u00e9aire \u00e0 vis \u00e0 billes 45-EG de Jimmy Technology et b\u00e9n\u00e9ficiez d'une durabilit\u00e9, d'une innovation technique et d'une fiabilit\u00e9 \u00e9prouv\u00e9es, \u00e0 la pointe du march\u00e9, pour votre prochain projet.<\/p>\n<p><img fetchpriority=\"high\" decoding=\"async\" class=\"aligncenter size-full wp-image-2714\" src=\"https:\/\/servolinearactuator.com\/wp-content\/uploads\/2025\/07\/45-sp.png\" alt=\"\" width=\"840\" height=\"1106\" srcset=\"https:\/\/servolinearactuator.com\/wp-content\/uploads\/2025\/07\/45-sp.png 840w, https:\/\/servolinearactuator.com\/wp-content\/uploads\/2025\/07\/45-sp-228x300.png 228w, https:\/\/servolinearactuator.com\/wp-content\/uploads\/2025\/07\/45-sp-778x1024.png 778w, https:\/\/servolinearactuator.com\/wp-content\/uploads\/2025\/07\/45-sp-768x1011.png 768w, https:\/\/servolinearactuator.com\/wp-content\/uploads\/2025\/07\/45-sp-600x790.png 600w\" sizes=\"(max-width: 840px) 100vw, 840px\" \/><\/p>\n<p><script src=\"chrome-extension:\/\/fpelahbljekknahkcaegamhcndkfpfnc\/iFrame.js\" type=\"text\/javascript\"><\/script><\/p>","protected":false},"excerpt":{"rendered":"<div class=\"model-prompt-container\" data-turn-role=\"Model\">\n<div class=\"turn-content\">\n<p class=\"ng-star-inserted\"><span class=\"ng-star-inserted\">D\u00e9couvrez la force et la pr\u00e9cision \u00e0 la pointe de l'industrie avec l'actionneur \u00e0 vis \u00e0 billes 45-EG de Jimmy Technology. Con\u00e7u pour l'automatisation industrielle difficile.<\/span><\/p>\n<\/div>\n<\/div>\n<p><script src=\"chrome-extension:\/\/fpelahbljekknahkcaegamhcndkfpfnc\/iFrame.js\" type=\"text\/javascript\"><\/script><\/p>","protected":false},"featured_media":2518,"template":"","meta":{"_kad_post_transparent":"default","_kad_post_title":"","_kad_post_layout":"default","_kad_post_sidebar_id":"","_kad_post_content_style":"default","_kad_post_vertical_padding":"default","_kad_post_feature":"","_kad_post_feature_position":"","_kad_post_header":false,"_kad_post_footer":false,"_kad_post_classname":""},"product_brand":[],"product_cat":[587,573,566,581,564,547,567,576],"product_tag":[589,588,590],"class_list":{"0":"post-2374","1":"product","2":"type-product","3":"status-publish","4":"has-post-thumbnail","6":"product_cat-actuators-by-drive-type","7":"product_cat-actuators-by-environment","8":"product_cat-actuators-by-force-duty","9":"product_cat-actuators-by-popular-application","10":"product_cat-actuators-by-screw-type","11":"product_cat-ball-screw-actuators","12":"product_cat-heavy-duty-linear-actuators","13":"product_cat-industrial-linear-actuators","14":"product_tag-ball-screw-motion-actuator","15":"product_tag-heavy-duty-motion-actuator","16":"product_tag-linear-motion-actuator","18":"first","19":"instock","20":"shipping-taxable","21":"product-type-simple","22":"entry","23":"content-bg","24":"loop-entry"},"_links":{"self":[{"href":"https:\/\/servolinearactuator.com\/fr\/wp-json\/wp\/v2\/product\/2374","targetHints":{"allow":["GET"]}}],"collection":[{"href":"https:\/\/servolinearactuator.com\/fr\/wp-json\/wp\/v2\/product"}],"about":[{"href":"https:\/\/servolinearactuator.com\/fr\/wp-json\/wp\/v2\/types\/product"}],"wp:featuredmedia":[{"embeddable":true,"href":"https:\/\/servolinearactuator.com\/fr\/wp-json\/wp\/v2\/media\/2518"}],"wp:attachment":[{"href":"https:\/\/servolinearactuator.com\/fr\/wp-json\/wp\/v2\/media?parent=2374"}],"wp:term":[{"taxonomy":"product_brand","embeddable":true,"href":"https:\/\/servolinearactuator.com\/fr\/wp-json\/wp\/v2\/product_brand?post=2374"},{"taxonomy":"product_cat","embeddable":true,"href":"https:\/\/servolinearactuator.com\/fr\/wp-json\/wp\/v2\/product_cat?post=2374"},{"taxonomy":"product_tag","embeddable":true,"href":"https:\/\/servolinearactuator.com\/fr\/wp-json\/wp\/v2\/product_tag?post=2374"}],"curies":[{"name":"wp","href":"https:\/\/api.w.org\/{rel}","templated":true}]}}