{"id":2371,"date":"2025-07-08T14:02:48","date_gmt":"2025-07-08T14:02:48","guid":{"rendered":"https:\/\/servolinearactuator.com\/?post_type=product&#038;p=2371"},"modified":"2025-07-24T22:19:59","modified_gmt":"2025-07-24T14:19:59","slug":"64-sp-high-precision-ball-screw-linear-motion-stage","status":"publish","type":"product","link":"https:\/\/servolinearactuator.com\/fr\/64-sp-high-precision-ball-screw-linear-motion-stage\/","title":{"rendered":"64-SP Platine lin\u00e9aire \u00e0 vis \u00e0 billes de haute pr\u00e9cision"},"content":{"rendered":"<p data-v-md-line=\"3\">Vous recherchez une pr\u00e9cision sup\u00e9rieure et une fiabilit\u00e9 \u00e0 toute \u00e9preuve pour votre installation d'automatisation ? L'\u00e9tage de mouvement lin\u00e9aire \u00e0 vis \u00e0 billes de haute pr\u00e9cision 64-SP de Jimmy Technology \u00e9tablit une nouvelle r\u00e9f\u00e9rence en mati\u00e8re de contr\u00f4le de mouvement exigeant, offrant une pr\u00e9cision et des performances qui inspireront confiance dans tout environnement d'ing\u00e9nierie, de fabrication ou de recherche de pointe.<\/p>\n<h2 data-v-md-heading=\"features-and-benefits\" data-v-md-line=\"5\">Caract\u00e9ristiques et avantages<\/h2>\n<ul data-v-md-line=\"7\">\n<li><strong>Pr\u00e9cision de positionnement in\u00e9gal\u00e9e :<\/strong>\u00a0Le 64-SP est dot\u00e9 d'un syst\u00e8me de transmission \u00e0 vis \u00e0 billes robuste, qui permet d'obtenir une pr\u00e9cision de positionnement r\u00e9p\u00e9t\u00e9 de \u00b10,02 mm. Cela signifie que votre processus d'automatisation ou de robotique offre une grande r\u00e9p\u00e9tabilit\u00e9, \u00e0 chaque fois.<\/li>\n<li><strong>Manutention de charges lourdes :<\/strong>\u00a0Con\u00e7ue pour les t\u00e2ches industrielles, cette platine lin\u00e9aire \u00e0 charge \u00e9lev\u00e9e supporte jusqu'\u00e0 60 kg \u00e0 l'horizontale et 30 kg \u00e0 la verticale, ce qui vous permet de d\u00e9placer des assemblages ou des charges lourdes sans sacrifier la pr\u00e9cision du mouvement.<\/li>\n<li><strong>Construction durable et polyvalente :<\/strong>\u00a0Choisissez entre des rails de guidage en acier au carbone ou en acier inoxydable et b\u00e9n\u00e9ficiez d'une structure rigide qui amortit les vibrations. Le 64-SP r\u00e9siste \u00e0 un grand nombre de cycles et \u00e0 la d\u00e9formation, m\u00eame sous une charge maximale, ce qui lui permet de surpasser les glissi\u00e8res lin\u00e9aires classiques.<\/li>\n<li><strong>Longueurs de course flexibles :<\/strong>\u00a0Vous avez le choix entre des longueurs de course effectives comprises entre 100 mm et 1500 mm. Que vous ayez besoin d'un micropositionnement ou d'une course \u00e9tendue, vous obtenez exactement la gamme de mouvements que votre application exige.<\/li>\n<li><strong>S\u00e9curit\u00e9 et adaptabilit\u00e9 int\u00e9gr\u00e9es :<\/strong>\u00a0Les \u00e9crous \u00e0 rainure en T, les trous d'installation d'extr\u00e9mit\u00e9 et les interrupteurs de fin de course en option vous aident \u00e0 rationaliser l'int\u00e9gration. Ces caract\u00e9ristiques prot\u00e8gent votre \u00e9quipement et permettent un alignement rapide sur n'importe quel syst\u00e8me industriel ou application multi-axes.<\/li>\n<li><strong>La performance \u00e0 la vitesse :<\/strong>\u00a0La m\u00e9canique \u00e0 vis \u00e0 billes \u00e0 haute efficacit\u00e9 permet une acc\u00e9l\u00e9ration et une d\u00e9c\u00e9l\u00e9ration rapides, ce qui vous permet d'augmenter le d\u00e9bit sans renoncer \u00e0 la pr\u00e9cision.<\/li>\n<li><strong>Modulaire et personnalisable :<\/strong>\u00a0Le syst\u00e8me peut \u00eatre adapt\u00e9 pour le montage de moteurs parall\u00e8les, l'extension des curseurs et la compatibilit\u00e9 des moteurs - que vous utilisiez des moteurs pas \u00e0 pas, des servomoteurs ou que vous ayez besoin d'un retour d'encodage pour un contr\u00f4le en boucle ferm\u00e9e.<\/li>\n<\/ul>\n<h2 data-v-md-heading=\"wide-applications\" data-v-md-line=\"15\">Applications \u00e9tendues<\/h2>\n<p data-v-md-line=\"17\">L'actionneur lin\u00e9aire \u00e0 vis \u00e0 billes 64-SP est le choix id\u00e9al pour l'automatisation avanc\u00e9e, notamment : les lignes de fabrication de semi-conducteurs, la robotique, l'automatisation des laboratoires, l'assemblage de dispositifs m\u00e9dicaux, les composants CNC de pr\u00e9cision, les \u00e9quipements d'inspection et de m\u00e9trologie, l'alignement optique et les machines-outils industrielles. Con\u00e7u pour exceller dans les salles blanches, les environnements difficiles ou \u00e0 haut d\u00e9bit, il offre une grande fiabilit\u00e9 partout o\u00f9 la haute pr\u00e9cision est primordiale.<\/p>\n<h2 data-v-md-heading=\"specifications\" data-v-md-line=\"19\">Sp\u00e9cifications<\/h2>\n<ul data-v-md-line=\"21\">\n<li><strong>La force :<\/strong>\u00a0Capacit\u00e9 de charge dynamique jusqu'\u00e0 60 kg (horizontale), 30 kg (verticale)<\/li>\n<li><strong>Speed:<\/strong>\u00a0Vitesse \u00e9lev\u00e9e avec des taux d'acc\u00e9l\u00e9ration\/d\u00e9c\u00e9l\u00e9ration adapt\u00e9s aux besoins de votre mod\u00e8le (voir la fiche technique pour la gamme compl\u00e8te)<\/li>\n<li><strong>Longueur de la course :<\/strong>\u00a0100 mm \u00e0 1500 mm (plusieurs configurations possibles)<\/li>\n<li><strong>Tension d'entr\u00e9e :<\/strong>\u00a0Compatible avec les configurations de moteurs pas \u00e0 pas ou servo (voir la fiche technique du moteur pour les d\u00e9tails d'int\u00e9gration)<\/li>\n<li><strong>Indice de protection :<\/strong>\u00a0Commutateurs de d\u00e9tection de limite en option et composants robustes pour une utilisation dans des environnements industriels difficiles<\/li>\n<\/ul>\n<h2 data-v-md-heading=\"technical-support\" data-v-md-line=\"27\">Support technique<\/h2>\n<p data-v-md-line=\"29\">Nous fournissons une assistance technique compl\u00e8te pour le 64-SP, y compris des sch\u00e9mas de c\u00e2blage d\u00e9taill\u00e9s, des mod\u00e8les CAO et des fiches techniques compl\u00e8tes. Nos ing\u00e9nieurs exp\u00e9riment\u00e9s sont pr\u00eats \u00e0 vous aider \u00e0 rationaliser votre int\u00e9gration, depuis la s\u00e9lection initiale jusqu'\u00e0 l'assistance apr\u00e8s-vente.<\/p>\n<h2 data-v-md-heading=\"conclusion\" data-v-md-line=\"31\">Conclusion<\/h2>\n<p data-v-md-line=\"33\">En choisissant Jimmy Technology, vous obtenez plus qu'un simple \u00e9tage lin\u00e9aire : vous b\u00e9n\u00e9ficiez d'une innovation \u00e0 la pointe du march\u00e9, d'une robustesse \u00e0 toute \u00e9preuve et de l'avantage en termes de performances que votre projet d'automatisation m\u00e9rite. Faites du 64-SP l'\u00e9pine dorsale de votre prochaine application de mouvement de pr\u00e9cision.<\/p>\n<p><img fetchpriority=\"high\" decoding=\"async\" class=\"aligncenter size-full wp-image-2713\" src=\"https:\/\/servolinearactuator.com\/wp-content\/uploads\/2025\/07\/64-sp.png\" alt=\"\" width=\"845\" height=\"1098\" srcset=\"https:\/\/servolinearactuator.com\/wp-content\/uploads\/2025\/07\/64-sp.png 845w, https:\/\/servolinearactuator.com\/wp-content\/uploads\/2025\/07\/64-sp-231x300.png 231w, https:\/\/servolinearactuator.com\/wp-content\/uploads\/2025\/07\/64-sp-788x1024.png 788w, https:\/\/servolinearactuator.com\/wp-content\/uploads\/2025\/07\/64-sp-768x998.png 768w, https:\/\/servolinearactuator.com\/wp-content\/uploads\/2025\/07\/64-sp-600x780.png 600w\" sizes=\"(max-width: 845px) 100vw, 845px\" \/><\/p>\n<p><script src=\"chrome-extension:\/\/fpelahbljekknahkcaegamhcndkfpfnc\/iFrame.js\" type=\"text\/javascript\"><\/script><\/p>","protected":false},"excerpt":{"rendered":"<div class=\"model-prompt-container\" data-turn-role=\"Model\">\n<div class=\"turn-content\">\n<p class=\"ng-star-inserted\"><span class=\"ng-star-inserted\">Obtenez une pr\u00e9cision sup\u00e9rieure avec la platine lin\u00e9aire \u00e0 vis \u00e0 billes 64-SP de Jimmy Technology. Une fiabilit\u00e9 \u00e0 toute \u00e9preuve pour une automatisation exigeante.<\/span><\/p>\n<\/div>\n<\/div>\n<p><script src=\"chrome-extension:\/\/fpelahbljekknahkcaegamhcndkfpfnc\/iFrame.js\" type=\"text\/javascript\"><\/script><\/p>","protected":false},"featured_media":2526,"template":"","meta":{"_kad_post_transparent":"default","_kad_post_title":"","_kad_post_layout":"default","_kad_post_sidebar_id":"","_kad_post_content_style":"default","_kad_post_vertical_padding":"default","_kad_post_feature":"","_kad_post_feature_position":"","_kad_post_header":false,"_kad_post_footer":false,"_kad_post_classname":""},"product_brand":[],"product_cat":[587,581,564,547,557,586,562],"product_tag":[595,594,596],"class_list":{"0":"post-2371","1":"product","2":"type-product","3":"status-publish","4":"has-post-thumbnail","6":"product_cat-actuators-by-drive-type","7":"product_cat-actuators-by-popular-application","8":"product_cat-actuators-by-screw-type","9":"product_cat-ball-screw-actuators","10":"product_cat-controllers-accessories","11":"product_cat-industrial-automation","12":"product_cat-linear-guides-rails","13":"product_tag-ball-screw-linear-motion","14":"product_tag-high-precision-linear-motion","15":"product_tag-linear-motion","17":"first","18":"instock","19":"shipping-taxable","20":"product-type-simple","21":"entry","22":"content-bg","23":"loop-entry"},"_links":{"self":[{"href":"https:\/\/servolinearactuator.com\/fr\/wp-json\/wp\/v2\/product\/2371","targetHints":{"allow":["GET"]}}],"collection":[{"href":"https:\/\/servolinearactuator.com\/fr\/wp-json\/wp\/v2\/product"}],"about":[{"href":"https:\/\/servolinearactuator.com\/fr\/wp-json\/wp\/v2\/types\/product"}],"wp:featuredmedia":[{"embeddable":true,"href":"https:\/\/servolinearactuator.com\/fr\/wp-json\/wp\/v2\/media\/2526"}],"wp:attachment":[{"href":"https:\/\/servolinearactuator.com\/fr\/wp-json\/wp\/v2\/media?parent=2371"}],"wp:term":[{"taxonomy":"product_brand","embeddable":true,"href":"https:\/\/servolinearactuator.com\/fr\/wp-json\/wp\/v2\/product_brand?post=2371"},{"taxonomy":"product_cat","embeddable":true,"href":"https:\/\/servolinearactuator.com\/fr\/wp-json\/wp\/v2\/product_cat?post=2371"},{"taxonomy":"product_tag","embeddable":true,"href":"https:\/\/servolinearactuator.com\/fr\/wp-json\/wp\/v2\/product_tag?post=2371"}],"curies":[{"name":"wp","href":"https:\/\/api.w.org\/{rel}","templated":true}]}}