{"id":2370,"date":"2025-07-08T14:02:42","date_gmt":"2025-07-08T14:02:42","guid":{"rendered":"https:\/\/servolinearactuator.com\/?post_type=product&#038;p=2370"},"modified":"2025-07-24T22:19:09","modified_gmt":"2025-07-24T14:19:09","slug":"45-eg-sealed-industrial-linear-motion-module-oem","status":"publish","type":"product","link":"https:\/\/servolinearactuator.com\/fr\/45-eg-sealed-industrial-linear-motion-module-oem\/","title":{"rendered":"Module de mouvement lin\u00e9aire industriel \u00e9tanche 45-EG OEM"},"content":{"rendered":"<p data-v-md-line=\"3\">Faites passer votre automatisation au niveau sup\u00e9rieur avec le module de mouvement lin\u00e9aire industriel \u00e9tanche 45-EG de Jimmy Technology - une solution robuste et de pr\u00e9cision con\u00e7ue explicitement pour les OEM exigeants et les environnements industriels difficiles.<\/p>\n<h2 data-v-md-heading=\"features-and-benefits\" data-v-md-line=\"5\">Caract\u00e9ristiques et avantages<\/h2>\n<ul data-v-md-line=\"7\">\n<li><strong>Protection \u00e9tanche pour les environnements difficiles :<\/strong>\u00a0La construction \u00e9tanche du 45-EG prot\u00e8ge les composants internes contre la poussi\u00e8re, les d\u00e9bris et les contaminants industriels. Que vous soyez confront\u00e9 \u00e0 des particules fines ou \u00e0 des lavages occasionnels, ce module de commande de mouvement maintient des performances optimales et minimise les temps d'arr\u00eat.<\/li>\n<li><strong>Large gamme de courses :<\/strong>\u00a0Le module peut \u00eatre adapt\u00e9 \u00e0 presque tous les syst\u00e8mes d'automatisation ou de manutention, avec des longueurs de course effectives allant de 100 mm \u00e0 4 000 mm. Une telle flexibilit\u00e9 ouvre des possibilit\u00e9s d'int\u00e9gration infinies pour les \u00e9quipementiers et les concepteurs de syst\u00e8mes.<\/li>\n<li><strong>Capacit\u00e9 de charge \u00e9lev\u00e9e :<\/strong>\u00a0Gr\u00e2ce \u00e0 sa conception robuste et \u00e0 son ing\u00e9nierie de pr\u00e9cision, le 45-EG excelle dans les t\u00e2ches moyennes \u00e0 exigeantes, supportant des charges utiles horizontales allant jusqu'\u00e0 25 kg. Vous b\u00e9n\u00e9ficiez d'une pr\u00e9cision constante et reproductible, m\u00eame en cas d'utilisation prolong\u00e9e.<\/li>\n<li><strong>Mat\u00e9riaux robustes et r\u00e9sistants \u00e0 la corrosion :<\/strong>\u00a0Choisissez des rails de guidage en acier inoxydable ou en acier au carbone de haute qualit\u00e9 pour r\u00e9sister \u00e0 l'usure, aux produits chimiques agressifs ou \u00e0 l'humidit\u00e9 \u00e9lev\u00e9e - id\u00e9al pour l'automatisation industrielle et les applications dans des environnements sp\u00e9ciaux.<\/li>\n<li><strong>Optimis\u00e9 pour l'int\u00e9gration OEM :<\/strong>\u00a0Con\u00e7u dans un souci de flexibilit\u00e9, ce module lin\u00e9aire pr\u00e9sente un encombrement compact et s'adapte \u00e0 diverses orientations de montage. La compatibilit\u00e9 parfaite avec les plates-formes industrielles courantes de servomoteurs et de moteurs pas \u00e0 pas garantit une int\u00e9gration sans probl\u00e8me.<\/li>\n<li><strong>Une dur\u00e9e de vie qui r\u00e9duit le co\u00fbt total de possession :<\/strong>\u00a0Le bo\u00eetier \u00e9tanche r\u00e9duit les besoins de maintenance et prolonge la dur\u00e9e de vie op\u00e9rationnelle, ce qui permet de r\u00e9duire le co\u00fbt total de possession pendant toute la dur\u00e9e de vie du module.<\/li>\n<\/ul>\n<h2 data-v-md-heading=\"wide-applications\" data-v-md-line=\"14\">Applications \u00e9tendues<\/h2>\n<p data-v-md-line=\"16\">Con\u00e7u pour \u00eatre polyvalent, le module de mouvement lin\u00e9aire industriel \u00e9tanche 45-EG est parfaitement adapt\u00e9 \u00e0 l'automatisation industrielle moderne, aux machines d'emballage, \u00e0 la manutention, \u00e0 la robotique avanc\u00e9e et aux solutions OEM de haute pr\u00e9cision o\u00f9 les lavages fr\u00e9quents ou les particules en suspension dans l'air menacent la fiabilit\u00e9.<\/p>\n<h2 data-v-md-heading=\"specifications\" data-v-md-line=\"18\">Sp\u00e9cifications<\/h2>\n<ul data-v-md-line=\"20\">\n<li><strong>La force :<\/strong>\u00a0Capacit\u00e9 de charge horizontale jusqu'\u00e0 25 kg<\/li>\n<li><strong>Speed:<\/strong>\u00a0Configurable par le choix du moteur servo ou pas \u00e0 pas (les valeurs exactes d\u00e9pendent de la configuration)<\/li>\n<li><strong>Longueur de la course :<\/strong>\u00a0100 mm - 4000 mm<\/li>\n<li><strong>Tension d'entr\u00e9e :<\/strong>\u00a0Personnalisable selon les exigences des OEM (\u00e0 pr\u00e9ciser lors de la commande)<\/li>\n<li><strong>Indice de protection :<\/strong>\u00a0Type \"EG\" scell\u00e9 - r\u00e9sistance sup\u00e9rieure \u00e0 la poussi\u00e8re et aux contaminants industriels<\/li>\n<\/ul>\n<h2 data-v-md-heading=\"technical-support\" data-v-md-line=\"26\">Support technique<\/h2>\n<p data-v-md-line=\"28\">Jimmy Technology vous assiste \u00e0 chaque \u00e9tape : vous avez acc\u00e8s \u00e0 des fiches techniques d\u00e9taill\u00e9es, \u00e0 des mod\u00e8les CAO et \u00e0 des sch\u00e9mas de c\u00e2blage complets. Notre \u00e9quipe internationale d'ing\u00e9nieurs est pr\u00eate \u00e0 vous aider \u00e0 optimiser l'int\u00e9gration, de la conception \u00e0 la mise en service.<\/p>\n<h2 data-v-md-heading=\"conclusion\" data-v-md-line=\"30\">Conclusion<\/h2>\n<p data-v-md-line=\"32\">Avec le module de mouvement lin\u00e9aire industriel \u00e9tanche 45-EG, vous investissez dans des performances \u00e9prouv\u00e9es, une durabilit\u00e9 in\u00e9gal\u00e9e et l'assurance d'un partenaire aussi engag\u00e9 que vous dans l'excellence de l'ing\u00e9nierie - Jimmy Technology offre toujours la fiabilit\u00e9 et l'innovation qui font avancer votre entreprise.<\/p>\n<p><img fetchpriority=\"high\" decoding=\"async\" class=\"aligncenter size-full wp-image-2715\" src=\"https:\/\/servolinearactuator.com\/wp-content\/uploads\/2025\/07\/45-tb.png\" alt=\"\" width=\"996\" height=\"1251\" srcset=\"https:\/\/servolinearactuator.com\/wp-content\/uploads\/2025\/07\/45-tb.png 996w, https:\/\/servolinearactuator.com\/wp-content\/uploads\/2025\/07\/45-tb-239x300.png 239w, https:\/\/servolinearactuator.com\/wp-content\/uploads\/2025\/07\/45-tb-815x1024.png 815w, https:\/\/servolinearactuator.com\/wp-content\/uploads\/2025\/07\/45-tb-768x965.png 768w, https:\/\/servolinearactuator.com\/wp-content\/uploads\/2025\/07\/45-tb-600x754.png 600w\" sizes=\"(max-width: 996px) 100vw, 996px\" \/><\/p>\n<p><script src=\"chrome-extension:\/\/fpelahbljekknahkcaegamhcndkfpfnc\/iFrame.js\" type=\"text\/javascript\"><\/script><\/p>","protected":false},"excerpt":{"rendered":"<div class=\"model-prompt-container\" data-turn-role=\"Model\">\n<div class=\"turn-content\">\n<p class=\"ng-star-inserted\"><span class=\"ng-star-inserted\">Am\u00e9liorez votre automatisation avec le module lin\u00e9aire \u00e9tanche 45-EG. Une solution robuste et pr\u00e9cise pour les environnements OEM et industriels les plus exigeants.<\/span><\/p>\n<\/div>\n<\/div>\n<p><script src=\"chrome-extension:\/\/fpelahbljekknahkcaegamhcndkfpfnc\/iFrame.js\" type=\"text\/javascript\"><\/script><\/p>","protected":false},"featured_media":2528,"template":"","meta":{"_kad_post_transparent":"default","_kad_post_title":"","_kad_post_layout":"default","_kad_post_sidebar_id":"","_kad_post_content_style":"default","_kad_post_vertical_padding":"default","_kad_post_feature":"","_kad_post_feature_position":"","_kad_post_header":false,"_kad_post_footer":false,"_kad_post_classname":""},"product_brand":[],"product_cat":[587,573,581,564,547,576,574],"product_tag":[598,599,597],"class_list":{"0":"post-2370","1":"product","2":"type-product","3":"status-publish","4":"has-post-thumbnail","6":"product_cat-actuators-by-drive-type","7":"product_cat-actuators-by-environment","8":"product_cat-actuators-by-popular-application","9":"product_cat-actuators-by-screw-type","10":"product_cat-ball-screw-actuators","11":"product_cat-industrial-linear-actuators","12":"product_cat-waterproof-linear-actuators","13":"product_tag-industrial-motion-actuator","14":"product_tag-linear-motion-oem","15":"product_tag-sealed-industrial-motion-actuator","17":"first","18":"instock","19":"shipping-taxable","20":"product-type-simple","21":"entry","22":"content-bg","23":"loop-entry"},"_links":{"self":[{"href":"https:\/\/servolinearactuator.com\/fr\/wp-json\/wp\/v2\/product\/2370","targetHints":{"allow":["GET"]}}],"collection":[{"href":"https:\/\/servolinearactuator.com\/fr\/wp-json\/wp\/v2\/product"}],"about":[{"href":"https:\/\/servolinearactuator.com\/fr\/wp-json\/wp\/v2\/types\/product"}],"wp:featuredmedia":[{"embeddable":true,"href":"https:\/\/servolinearactuator.com\/fr\/wp-json\/wp\/v2\/media\/2528"}],"wp:attachment":[{"href":"https:\/\/servolinearactuator.com\/fr\/wp-json\/wp\/v2\/media?parent=2370"}],"wp:term":[{"taxonomy":"product_brand","embeddable":true,"href":"https:\/\/servolinearactuator.com\/fr\/wp-json\/wp\/v2\/product_brand?post=2370"},{"taxonomy":"product_cat","embeddable":true,"href":"https:\/\/servolinearactuator.com\/fr\/wp-json\/wp\/v2\/product_cat?post=2370"},{"taxonomy":"product_tag","embeddable":true,"href":"https:\/\/servolinearactuator.com\/fr\/wp-json\/wp\/v2\/product_tag?post=2370"}],"curies":[{"name":"wp","href":"https:\/\/api.w.org\/{rel}","templated":true}]}}