{"id":2408,"date":"2025-07-09T09:30:42","date_gmt":"2025-07-09T09:30:42","guid":{"rendered":"https:\/\/servolinearactuator.com\/?post_type=product&#038;p=2408"},"modified":"2025-07-24T22:38:57","modified_gmt":"2025-07-24T14:38:57","slug":"250-series-max-load-servo-electric-cylinder-custom-built","status":"publish","type":"product","link":"https:\/\/servolinearactuator.com\/es\/250-series-max-load-servo-electric-cylinder-custom-built\/","title":{"rendered":"Cilindro servoel\u00e9ctrico de carga m\u00e1xima serie 250 | Fabricado a medida"},"content":{"rendered":"<p data-v-md-line=\"3\">Entre en una nueva era de automatizaci\u00f3n industrial con el cilindro servoel\u00e9ctrico de carga m\u00e1xima serie 250 de Jimmy Technology. Este actuador lineal de alta resistencia est\u00e1 dise\u00f1ado para aquellos que exigen fuerza extrema, precisi\u00f3n milim\u00e9trica y soluciones totalmente personalizables para sus retos de automatizaci\u00f3n m\u00e1s dif\u00edciles.<\/p>\n<h2 data-v-md-heading=\"features-and-benefits\" data-v-md-line=\"5\">Caracter\u00edsticas y ventajas<\/h2>\n<ul data-v-md-line=\"7\">\n<li>\n<p data-v-md-line=\"7\"><strong>Resistente Capacidad de carga m\u00e1xima:<\/strong>\u00a0Dise\u00f1ada para las fuerzas m\u00e1s elevadas de toda nuestra gama, la serie 250 es la respuesta a las aplicaciones que requieren un actuador el\u00e9ctrico de gran fuerza. Su dise\u00f1o de actuador lineal de alta resistencia garantiza un rendimiento inquebrantable, incluso con las cargas m\u00e1s pesadas.<\/p>\n<\/li>\n<li>\n<p data-v-md-line=\"9\"><strong>Control de servomotores de precisi\u00f3n:<\/strong>\u00a0Nuestro sistema de movimiento lineal con servomotor de \u00faltima generaci\u00f3n ofrece un control de posici\u00f3n, una regulaci\u00f3n de velocidad y una realimentaci\u00f3n de fuerza excepcionales. El control de bucle cerrado y los enc\u00f3deres de alta resoluci\u00f3n garantizan la fiabilidad, precisi\u00f3n y repetibilidad de su proceso en cada ciclo.<\/p>\n<\/li>\n<li>\n<p data-v-md-line=\"11\"><strong>Versatilidad a medida:<\/strong>\u00a0No se trata de un actuador de talla \u00fanica. Jimmy Technology adapta cada Serie 250 a sus necesidades espec\u00edficas. Opte por carreras, montajes, cabezas de r\u00f3tula y opciones de antirrotaci\u00f3n personalizados; elija un accionamiento de husillo de rodillos o de bolas; integre su servomotor, codificador o bus de campo preferido; no importa lo complejo que sea el reto, dise\u00f1amos un actuador lineal a medida para usted.<\/p>\n<\/li>\n<li>\n<p data-v-md-line=\"13\"><strong>Construido para entornos hostiles:<\/strong>\u00a0Fabricada con acero inoxidable y aleaciones de aluminio de alta calidad, la serie 250 resiste la corrosi\u00f3n, los impactos y el maltrato diario. Su carcasa con grado de protecci\u00f3n IP65 impide la entrada de polvo y agua, por lo que puede utilizarla en zonas de lavado, instalaciones exteriores o cualquier entorno adverso sin dudarlo.<\/p>\n<\/li>\n<li>\n<p data-v-md-line=\"15\"><strong>Ahorro de energ\u00eda y mantenimiento:<\/strong>\u00a0Notar\u00e1 de inmediato las ventajas operativas: un actuador el\u00e9ctrico programable que es hasta 90% m\u00e1s eficiente energ\u00e9ticamente que los sistemas hidr\u00e1ulicos o neum\u00e1ticos, y requiere poco o ning\u00fan mantenimiento. Elimine los quebraderos de cabeza que suponen las fugas de fluido, los cambios de filtro y las fugas de las juntas.<\/p>\n<\/li>\n<li>\n<p data-v-md-line=\"17\"><strong>Seguridad avanzada y funciones inteligentes:<\/strong>\u00a0\u00bfNecesita protecci\u00f3n contra el retroceso o contra sobrecargas? \u00bfQu\u00e9 le parecen las opciones de freno integrado, los mecanismos antirrotaci\u00f3n, los enc\u00f3deres absolutos o incrementales y el soporte de mantenimiento predictivo? La serie 250 cubre todas las necesidades de la automatizaci\u00f3n industrial.<\/p>\n<\/li>\n<\/ul>\n<h2 data-v-md-heading=\"wide-applications\" data-v-md-line=\"19\">Amplias aplicaciones<\/h2>\n<p data-v-md-line=\"21\">El servocilindro el\u00e9ctrico de carga m\u00e1xima de la serie 250 es el cilindro el\u00e9ctrico personalizable preferido para la fabricaci\u00f3n de autom\u00f3viles (l\u00edneas de prensado, soldadura, ensamblaje), manipulaci\u00f3n de materiales pesados (paletizado, elevaci\u00f3n industrial), metales primarios (automatizaci\u00f3n de hornos, trenes de laminaci\u00f3n), procesamiento de madera, industria aeroespacial, rob\u00f3tica, bancos de pruebas, maquinaria de envasado y en cualquier lugar donde las soluciones lineales de ingenier\u00eda exijan un rendimiento llave en mano y una fiabilidad total.<\/p>\n<h2 data-v-md-heading=\"specifications\" data-v-md-line=\"23\">Especificaciones<\/h2>\n<ul data-v-md-line=\"25\">\n<li><strong>Fuerza:<\/strong>\u00a0Capacidades nominales de empuje m\u00e1ximo y fuerza continua de hasta 250 kN (56.000+ lbs); opciones personalizadas disponibles para los requisitos de carga m\u00e1xima de su aplicaci\u00f3n.<\/li>\n<li><strong>Velocidad:<\/strong>\u00a0Hasta 1000 mm\/s, adaptado a las necesidades del usuario y a las especificidades de la carga.<\/li>\n<li><strong>Longitud de la carrera:<\/strong>\u00a0Dise\u00f1ado para cada proyecto, ya sea corto, largo o intermedio.<\/li>\n<li><strong>Tensi\u00f3n de entrada:<\/strong>\u00a0Totalmente personalizable: integra servomotores de CA y CC, compatibles con est\u00e1ndares mundiales.<\/li>\n<li><strong>Grado de protecci\u00f3n:<\/strong>\u00a0IP65 (est\u00e1ndar), con opciones para clasificaciones superiores o certificaci\u00f3n ATEX para atm\u00f3sferas explosivas.<\/li>\n<\/ul>\n<h2 data-v-md-heading=\"technical-support\" data-v-md-line=\"31\">Asistencia t\u00e9cnica<\/h2>\n<p data-v-md-line=\"33\">Jimmy Technology respalda cada Servo Cilindro El\u00e9ctrico Serie 250 Max Load con soporte t\u00e9cnico integral. Proporcionamos modelos CAD detallados, hojas de datos t\u00e9cnicos, gu\u00edas de integraci\u00f3n y diagramas de cableado. Nuestro equipo de ingenieros expertos colabora con usted desde la concepci\u00f3n hasta la puesta en marcha, garantizando una integraci\u00f3n perfecta del sistema, independientemente de la complejidad de su aplicaci\u00f3n.<\/p>\n<h2 data-v-md-heading=\"conclusion\" data-v-md-line=\"35\">Conclusi\u00f3n<\/h2>\n<p data-v-md-line=\"37\">Cuando elige Jimmy Technology, invierte en calidad l\u00edder del mercado, aut\u00e9ntica innovaci\u00f3n y fiabilidad demostrada, lo que le permite impulsar sus proyectos de automatizaci\u00f3n con confianza.<\/p>\n<p><img fetchpriority=\"high\" decoding=\"async\" class=\"aligncenter size-full wp-image-2707\" src=\"https:\/\/servolinearactuator.com\/wp-content\/uploads\/2025\/07\/250-Series-1.jpg\" alt=\"\" width=\"1400\" height=\"2036\" srcset=\"https:\/\/servolinearactuator.com\/wp-content\/uploads\/2025\/07\/250-Series-1.jpg 1400w, https:\/\/servolinearactuator.com\/wp-content\/uploads\/2025\/07\/250-Series-1-206x300.jpg 206w, https:\/\/servolinearactuator.com\/wp-content\/uploads\/2025\/07\/250-Series-1-704x1024.jpg 704w, https:\/\/servolinearactuator.com\/wp-content\/uploads\/2025\/07\/250-Series-1-768x1117.jpg 768w, https:\/\/servolinearactuator.com\/wp-content\/uploads\/2025\/07\/250-Series-1-1056x1536.jpg 1056w, https:\/\/servolinearactuator.com\/wp-content\/uploads\/2025\/07\/250-Series-1-600x873.jpg 600w\" sizes=\"(max-width: 1400px) 100vw, 1400px\" \/> <img decoding=\"async\" class=\"aligncenter size-full wp-image-2708\" src=\"https:\/\/servolinearactuator.com\/wp-content\/uploads\/2025\/07\/250-Series.jpg\" alt=\"\" width=\"1407\" height=\"2036\" srcset=\"https:\/\/servolinearactuator.com\/wp-content\/uploads\/2025\/07\/250-Series.jpg 1407w, https:\/\/servolinearactuator.com\/wp-content\/uploads\/2025\/07\/250-Series-207x300.jpg 207w, https:\/\/servolinearactuator.com\/wp-content\/uploads\/2025\/07\/250-Series-708x1024.jpg 708w, https:\/\/servolinearactuator.com\/wp-content\/uploads\/2025\/07\/250-Series-768x1111.jpg 768w, https:\/\/servolinearactuator.com\/wp-content\/uploads\/2025\/07\/250-Series-1061x1536.jpg 1061w, https:\/\/servolinearactuator.com\/wp-content\/uploads\/2025\/07\/250-Series-600x868.jpg 600w\" sizes=\"(max-width: 1407px) 100vw, 1407px\" \/><img decoding=\"async\" class=\"aligncenter size-full wp-image-2709\" src=\"https:\/\/servolinearactuator.com\/wp-content\/uploads\/2025\/07\/250-Series-1-1.jpg\" alt=\"\" width=\"1420\" height=\"2036\" srcset=\"https:\/\/servolinearactuator.com\/wp-content\/uploads\/2025\/07\/250-Series-1-1.jpg 1420w, https:\/\/servolinearactuator.com\/wp-content\/uploads\/2025\/07\/250-Series-1-1-209x300.jpg 209w, https:\/\/servolinearactuator.com\/wp-content\/uploads\/2025\/07\/250-Series-1-1-714x1024.jpg 714w, https:\/\/servolinearactuator.com\/wp-content\/uploads\/2025\/07\/250-Series-1-1-768x1101.jpg 768w, https:\/\/servolinearactuator.com\/wp-content\/uploads\/2025\/07\/250-Series-1-1-1071x1536.jpg 1071w, https:\/\/servolinearactuator.com\/wp-content\/uploads\/2025\/07\/250-Series-1-1-600x860.jpg 600w\" sizes=\"(max-width: 1420px) 100vw, 1420px\" \/> <img loading=\"lazy\" decoding=\"async\" class=\"aligncenter size-full wp-image-2710\" src=\"https:\/\/servolinearactuator.com\/wp-content\/uploads\/2025\/07\/250-Series-2.jpg\" alt=\"\" width=\"1413\" height=\"2036\" srcset=\"https:\/\/servolinearactuator.com\/wp-content\/uploads\/2025\/07\/250-Series-2.jpg 1413w, https:\/\/servolinearactuator.com\/wp-content\/uploads\/2025\/07\/250-Series-2-208x300.jpg 208w, https:\/\/servolinearactuator.com\/wp-content\/uploads\/2025\/07\/250-Series-2-711x1024.jpg 711w, https:\/\/servolinearactuator.com\/wp-content\/uploads\/2025\/07\/250-Series-2-768x1107.jpg 768w, https:\/\/servolinearactuator.com\/wp-content\/uploads\/2025\/07\/250-Series-2-1066x1536.jpg 1066w, https:\/\/servolinearactuator.com\/wp-content\/uploads\/2025\/07\/250-Series-2-600x865.jpg 600w\" sizes=\"(max-width: 1413px) 100vw, 1413px\" \/><\/p>\n<p><script src=\"chrome-extension:\/\/fpelahbljekknahkcaegamhcndkfpfnc\/iFrame.js\" type=\"text\/javascript\"><\/script><\/p>","protected":false},"excerpt":{"rendered":"<p>Entre en una nueva era de automatizaci\u00f3n industrial con el cilindro servoel\u00e9ctrico de carga m\u00e1xima serie 250 de Jimmy Technology. Este actuador lineal de alta resistencia est\u00e1 dise\u00f1ado para aquellos que exigen fuerza extrema, precisi\u00f3n milim\u00e9trica y soluciones totalmente personalizables para sus retos de automatizaci\u00f3n m\u00e1s dif\u00edciles.<\/p>\n<p><script src=\"chrome-extension:\/\/fpelahbljekknahkcaegamhcndkfpfnc\/iFrame.js\" type=\"text\/javascript\"><\/script><\/p>","protected":false},"featured_media":2511,"template":"","meta":{"_kad_post_transparent":"default","_kad_post_title":"","_kad_post_layout":"default","_kad_post_sidebar_id":"","_kad_post_content_style":"default","_kad_post_vertical_padding":"default","_kad_post_feature":"","_kad_post_feature_position":"","_kad_post_header":false,"_kad_post_footer":false,"_kad_post_classname":""},"product_brand":[],"product_cat":[587,566,563,581,556,15,567,586,545],"product_tag":[677,676,647],"class_list":{"0":"post-2408","1":"product","2":"type-product","3":"status-publish","4":"has-post-thumbnail","6":"product_cat-actuators-by-drive-type","7":"product_cat-actuators-by-force-duty","8":"product_cat-actuators-by-motor-type","9":"product_cat-actuators-by-popular-application","10":"product_cat-electric-cylinders","11":"product_cat-electric-linear-actuators","12":"product_cat-heavy-duty-linear-actuators","13":"product_cat-industrial-automation","14":"product_cat-servo-motor-actuators","15":"product_tag-custom-built-electric-cylinder","16":"product_tag-max-load-electric-cylinder","17":"product_tag-servo-electric-cylinder","19":"first","20":"instock","21":"shipping-taxable","22":"product-type-simple","23":"entry","24":"content-bg","25":"loop-entry"},"_links":{"self":[{"href":"https:\/\/servolinearactuator.com\/es\/wp-json\/wp\/v2\/product\/2408","targetHints":{"allow":["GET"]}}],"collection":[{"href":"https:\/\/servolinearactuator.com\/es\/wp-json\/wp\/v2\/product"}],"about":[{"href":"https:\/\/servolinearactuator.com\/es\/wp-json\/wp\/v2\/types\/product"}],"wp:featuredmedia":[{"embeddable":true,"href":"https:\/\/servolinearactuator.com\/es\/wp-json\/wp\/v2\/media\/2511"}],"wp:attachment":[{"href":"https:\/\/servolinearactuator.com\/es\/wp-json\/wp\/v2\/media?parent=2408"}],"wp:term":[{"taxonomy":"product_brand","embeddable":true,"href":"https:\/\/servolinearactuator.com\/es\/wp-json\/wp\/v2\/product_brand?post=2408"},{"taxonomy":"product_cat","embeddable":true,"href":"https:\/\/servolinearactuator.com\/es\/wp-json\/wp\/v2\/product_cat?post=2408"},{"taxonomy":"product_tag","embeddable":true,"href":"https:\/\/servolinearactuator.com\/es\/wp-json\/wp\/v2\/product_tag?post=2408"}],"curies":[{"name":"wp","href":"https:\/\/api.w.org\/{rel}","templated":true}]}}