{"id":2407,"date":"2025-07-09T09:30:40","date_gmt":"2025-07-09T09:30:40","guid":{"rendered":"https:\/\/servolinearactuator.com\/?post_type=product&#038;p=2407"},"modified":"2025-07-24T22:37:16","modified_gmt":"2025-07-24T14:37:16","slug":"250-series-30t-servo-linear-actuator-heavy-duty-cylinder","status":"publish","type":"product","link":"https:\/\/servolinearactuator.com\/es\/250-series-30t-servo-linear-actuator-heavy-duty-cylinder\/","title":{"rendered":"Servoactuador lineal 30T Serie 250 | Cilindro para cargas pesadas"},"content":{"rendered":"<p data-v-md-line=\"3\">Conozca el servoactuador lineal de 30 T de la serie 250: una potencia dise\u00f1ada para superar los retos de movimiento industrial m\u00e1s exigentes. Con 30 toneladas de fuerza implacable a sus \u00f3rdenes, este cilindro el\u00e9ctrico de alta resistencia no solo supera los l\u00edmites, sino que establece otros nuevos en cuanto a precisi\u00f3n, fiabilidad y eficiencia en la automatizaci\u00f3n.<\/p>\n<h2 data-v-md-heading=\"features-and-benefits\" data-v-md-line=\"5\">Caracter\u00edsticas y ventajas<\/h2>\n<ul data-v-md-line=\"7\">\n<li>\n<p data-v-md-line=\"7\">Construcci\u00f3n robusta con materiales de alta calidad: Dise\u00f1ada para trabajos extremos, la serie 250 30T combina carcasas robustas -a menudo de aluminio de alta calidad o acero inoxidable- para prosperar en entornos industriales en los que los equipos ordinarios fallan. Puede confiar en un rendimiento constante, ciclo tras ciclo.<\/p>\n<\/li>\n<li>\n<p data-v-md-line=\"9\">Fuerza extrema: Con una capacidad de hasta 30 toneladas (60.000 lbs, ~270 kN), este actuador proporciona la fuerza necesaria para la elevaci\u00f3n de cargas pesadas, el conformado de metales y el accionamiento de v\u00e1lvulas de gran tama\u00f1o, sustituyendo la suciedad y el mantenimiento de la hidr\u00e1ulica por la delicadeza que s\u00f3lo ofrece la electromovilidad.<\/p>\n<\/li>\n<li>\n<p data-v-md-line=\"11\">Movimiento programable de precisi\u00f3n: Este servoactuador lineal transforma la orden m\u00e1s peque\u00f1a en un movimiento lineal suave, repetible y programable. Ofrece una repetibilidad de \u00b10,01 mm en cada carrera, vital para tareas de alta precisi\u00f3n en ensayos de materiales, ensamblaje automatizado y simulaci\u00f3n.<\/p>\n<\/li>\n<li>\n<p data-v-md-line=\"13\">Eficiencia energ\u00e9tica integrada: Sustituya el sistema hidr\u00e1ulico ineficiente para conseguir un gran ahorro de energ\u00eda: hasta 80% en ciclos de trabajo intermitentes. Reduzca costes, silencie su espacio de trabajo y reduzca su huella medioambiental.<\/p>\n<\/li>\n<li>\n<p data-v-md-line=\"15\">Protecci\u00f3n IP: Con los modelos normalmente sellados a IP65 o superior, el polvo y el agua no tienen ninguna oportunidad. Inst\u00e1lelos con confianza en acer\u00edas, fundiciones o incluso al aire libre, ya que son perfectos para entornos dif\u00edciles y aplicaciones industriales de servicio continuo.<\/p>\n<\/li>\n<li>\n<p data-v-md-line=\"17\">Bajo nivel de ruido y sin mantenimiento: se acabaron las bombas rugientes y las fugas de aceite. Este actuador de prensa el\u00e9ctrico funciona silenciosamente y ofrece un funcionamiento sin mantenimiento durante a\u00f1os, por lo que es tan f\u00e1cil para su equipo como lo es para su OPEX.<\/p>\n<\/li>\n<\/ul>\n<h2 data-v-md-heading=\"wide-applications\" data-v-md-line=\"19\">Amplias aplicaciones<\/h2>\n<p data-v-md-line=\"21\">Tanto si est\u00e1 modernizando l\u00edneas de prensado, automatizando la manipulaci\u00f3n de materiales pesados o superando los l\u00edmites de los laboratorios de pruebas, la Serie 250 30T cumple. Est\u00e1 dise\u00f1ado para aplicaciones de fabricaci\u00f3n avanzada, acero y fundici\u00f3n, sistemas de pruebas de fatiga, simulaci\u00f3n estructural, montaje de autom\u00f3viles y cualquier lugar donde la precisi\u00f3n de alta resistencia sea lo m\u00e1s importante.<\/p>\n<h2 data-v-md-heading=\"specifications\" data-v-md-line=\"23\">Especificaciones<\/h2>\n<ul data-v-md-line=\"25\">\n<li>Fuerza: 30 toneladas (60.000 lbs \/ ~270 kN) de empuje continuo<\/li>\n<li>Velocidad: Rango t\u00edpico 50-500 mm\/s (hasta 1000 mm\/s para configuraciones personalizadas)<\/li>\n<li>Longitud de carrera: Personalizable, normalmente hasta 1500 mm o m\u00e1s<\/li>\n<li>Tensi\u00f3n de entrada: Corriente principal industrial (como 230 V, 400 V o seg\u00fan la aplicaci\u00f3n, compatible con las normas mundiales)<\/li>\n<li>Grado de protecci\u00f3n: IP65 o superior (estanco al agua\/polvo para entornos industriales\/agresivos)<\/li>\n<\/ul>\n<h2 data-v-md-heading=\"technical-support\" data-v-md-line=\"31\">Asistencia t\u00e9cnica<\/h2>\n<p data-v-md-line=\"33\">Jimmy Technology le ofrece mucho m\u00e1s que hardware. Obtenga modelos CAD detallados, hojas de datos completas y diagramas de cableado precisos. Nuestro equipo de ingenieros se asegura de que la instalaci\u00f3n, la resoluci\u00f3n de problemas y la integraci\u00f3n con plataformas como los PLC de Siemens, Rockwell o Mitsubishi se realicen sin problemas.<\/p>\n<h2 data-v-md-heading=\"conclusion\" data-v-md-line=\"35\">Conclusi\u00f3n<\/h2>\n<p data-v-md-line=\"37\">Elegir Jimmy Technology significa que usted exige -y recibe- la referencia de la industria en innovaci\u00f3n, calidad y fiabilidad de actuadores para servicio pesado.<\/p>\n<p><img fetchpriority=\"high\" decoding=\"async\" class=\"aligncenter size-full wp-image-2707\" src=\"https:\/\/servolinearactuator.com\/wp-content\/uploads\/2025\/07\/250-Series-1.jpg\" alt=\"\" width=\"1400\" height=\"2036\" srcset=\"https:\/\/servolinearactuator.com\/wp-content\/uploads\/2025\/07\/250-Series-1.jpg 1400w, https:\/\/servolinearactuator.com\/wp-content\/uploads\/2025\/07\/250-Series-1-206x300.jpg 206w, https:\/\/servolinearactuator.com\/wp-content\/uploads\/2025\/07\/250-Series-1-704x1024.jpg 704w, https:\/\/servolinearactuator.com\/wp-content\/uploads\/2025\/07\/250-Series-1-768x1117.jpg 768w, https:\/\/servolinearactuator.com\/wp-content\/uploads\/2025\/07\/250-Series-1-1056x1536.jpg 1056w, https:\/\/servolinearactuator.com\/wp-content\/uploads\/2025\/07\/250-Series-1-600x873.jpg 600w\" sizes=\"(max-width: 1400px) 100vw, 1400px\" \/> <img decoding=\"async\" class=\"aligncenter size-full wp-image-2708\" src=\"https:\/\/servolinearactuator.com\/wp-content\/uploads\/2025\/07\/250-Series.jpg\" alt=\"\" width=\"1407\" height=\"2036\" srcset=\"https:\/\/servolinearactuator.com\/wp-content\/uploads\/2025\/07\/250-Series.jpg 1407w, https:\/\/servolinearactuator.com\/wp-content\/uploads\/2025\/07\/250-Series-207x300.jpg 207w, https:\/\/servolinearactuator.com\/wp-content\/uploads\/2025\/07\/250-Series-708x1024.jpg 708w, https:\/\/servolinearactuator.com\/wp-content\/uploads\/2025\/07\/250-Series-768x1111.jpg 768w, https:\/\/servolinearactuator.com\/wp-content\/uploads\/2025\/07\/250-Series-1061x1536.jpg 1061w, https:\/\/servolinearactuator.com\/wp-content\/uploads\/2025\/07\/250-Series-600x868.jpg 600w\" sizes=\"(max-width: 1407px) 100vw, 1407px\" \/><img decoding=\"async\" class=\"aligncenter size-full wp-image-2709\" src=\"https:\/\/servolinearactuator.com\/wp-content\/uploads\/2025\/07\/250-Series-1-1.jpg\" alt=\"\" width=\"1420\" height=\"2036\" srcset=\"https:\/\/servolinearactuator.com\/wp-content\/uploads\/2025\/07\/250-Series-1-1.jpg 1420w, https:\/\/servolinearactuator.com\/wp-content\/uploads\/2025\/07\/250-Series-1-1-209x300.jpg 209w, https:\/\/servolinearactuator.com\/wp-content\/uploads\/2025\/07\/250-Series-1-1-714x1024.jpg 714w, https:\/\/servolinearactuator.com\/wp-content\/uploads\/2025\/07\/250-Series-1-1-768x1101.jpg 768w, https:\/\/servolinearactuator.com\/wp-content\/uploads\/2025\/07\/250-Series-1-1-1071x1536.jpg 1071w, https:\/\/servolinearactuator.com\/wp-content\/uploads\/2025\/07\/250-Series-1-1-600x860.jpg 600w\" sizes=\"(max-width: 1420px) 100vw, 1420px\" \/> <img loading=\"lazy\" decoding=\"async\" class=\"aligncenter size-full wp-image-2710\" src=\"https:\/\/servolinearactuator.com\/wp-content\/uploads\/2025\/07\/250-Series-2.jpg\" alt=\"\" width=\"1413\" height=\"2036\" srcset=\"https:\/\/servolinearactuator.com\/wp-content\/uploads\/2025\/07\/250-Series-2.jpg 1413w, https:\/\/servolinearactuator.com\/wp-content\/uploads\/2025\/07\/250-Series-2-208x300.jpg 208w, https:\/\/servolinearactuator.com\/wp-content\/uploads\/2025\/07\/250-Series-2-711x1024.jpg 711w, https:\/\/servolinearactuator.com\/wp-content\/uploads\/2025\/07\/250-Series-2-768x1107.jpg 768w, https:\/\/servolinearactuator.com\/wp-content\/uploads\/2025\/07\/250-Series-2-1066x1536.jpg 1066w, https:\/\/servolinearactuator.com\/wp-content\/uploads\/2025\/07\/250-Series-2-600x865.jpg 600w\" sizes=\"(max-width: 1413px) 100vw, 1413px\" \/><\/p>\n<p><script src=\"chrome-extension:\/\/fpelahbljekknahkcaegamhcndkfpfnc\/iFrame.js\" type=\"text\/javascript\"><\/script><\/p>","protected":false},"excerpt":{"rendered":"<p>El servoactuador lineal 30T de la serie 250 proporciona 30 toneladas de fuerza para movimientos industriales exigentes, ofreciendo precisi\u00f3n, fiabilidad y eficiencia.<\/p>\n<p><script src=\"chrome-extension:\/\/fpelahbljekknahkcaegamhcndkfpfnc\/iFrame.js\" type=\"text\/javascript\"><\/script><\/p>","protected":false},"featured_media":2514,"template":"","meta":{"_kad_post_transparent":"default","_kad_post_title":"","_kad_post_layout":"default","_kad_post_sidebar_id":"","_kad_post_content_style":"default","_kad_post_vertical_padding":"default","_kad_post_feature":"","_kad_post_feature_position":"","_kad_post_header":false,"_kad_post_footer":false,"_kad_post_classname":""},"product_brand":[],"product_cat":[587,566,563,581,556,15,567,545],"product_tag":[674,675,649],"class_list":{"0":"post-2407","1":"product","2":"type-product","3":"status-publish","4":"has-post-thumbnail","6":"product_cat-actuators-by-drive-type","7":"product_cat-actuators-by-force-duty","8":"product_cat-actuators-by-motor-type","9":"product_cat-actuators-by-popular-application","10":"product_cat-electric-cylinders","11":"product_cat-electric-linear-actuators","12":"product_cat-heavy-duty-linear-actuators","13":"product_cat-servo-motor-actuators","14":"product_tag-30t-heavy-duty-actuator","15":"product_tag-cylinder","16":"product_tag-servo-linear-actuator","18":"first","19":"instock","20":"shipping-taxable","21":"product-type-simple","22":"entry","23":"content-bg","24":"loop-entry"},"_links":{"self":[{"href":"https:\/\/servolinearactuator.com\/es\/wp-json\/wp\/v2\/product\/2407","targetHints":{"allow":["GET"]}}],"collection":[{"href":"https:\/\/servolinearactuator.com\/es\/wp-json\/wp\/v2\/product"}],"about":[{"href":"https:\/\/servolinearactuator.com\/es\/wp-json\/wp\/v2\/types\/product"}],"wp:featuredmedia":[{"embeddable":true,"href":"https:\/\/servolinearactuator.com\/es\/wp-json\/wp\/v2\/media\/2514"}],"wp:attachment":[{"href":"https:\/\/servolinearactuator.com\/es\/wp-json\/wp\/v2\/media?parent=2407"}],"wp:term":[{"taxonomy":"product_brand","embeddable":true,"href":"https:\/\/servolinearactuator.com\/es\/wp-json\/wp\/v2\/product_brand?post=2407"},{"taxonomy":"product_cat","embeddable":true,"href":"https:\/\/servolinearactuator.com\/es\/wp-json\/wp\/v2\/product_cat?post=2407"},{"taxonomy":"product_tag","embeddable":true,"href":"https:\/\/servolinearactuator.com\/es\/wp-json\/wp\/v2\/product_tag?post=2407"}],"curies":[{"name":"wp","href":"https:\/\/api.w.org\/{rel}","templated":true}]}}