{"id":2404,"date":"2025-07-09T09:30:33","date_gmt":"2025-07-09T09:30:33","guid":{"rendered":"https:\/\/servolinearactuator.com\/?post_type=product&#038;p=2404"},"modified":"2025-07-24T22:34:11","modified_gmt":"2025-07-24T14:34:11","slug":"190-series-long-stroke-servo-electric-cylinder-20t-load","status":"publish","type":"product","link":"https:\/\/servolinearactuator.com\/es\/190-series-long-stroke-servo-electric-cylinder-20t-load\/","title":{"rendered":"Cilindro servoel\u00e9ctrico de carrera larga serie 190 | 20T de carga"},"content":{"rendered":"<p data-v-md-line=\"3\">Entre en la era de la automatizaci\u00f3n del siguiente nivel con el servocilindro el\u00e9ctrico de carrera larga serie 190 de Jimmy Technology, su respuesta para cuando la fuerza bruta debe combinarse con la precisi\u00f3n quir\u00fargica. Dise\u00f1ado para manejar las cargas m\u00e1s pesadas con una precisi\u00f3n perfecta, este servocilindro de alta fuerza es la alternativa moderna a los voluminosos sistemas hidr\u00e1ulicos, lo que le permite tomar el control de aplicaciones de 20 toneladas con la versatilidad silenciosa y limpia que solo ofrecen los actuadores lineales el\u00e9ctricos.<\/p>\n<h2 data-v-md-heading=\"features-and-benefits\" data-v-md-line=\"5\">Caracter\u00edsticas y ventajas<\/h2>\n<ul data-v-md-line=\"7\">\n<li>\n<p data-v-md-line=\"7\"><strong>Resistente capacidad de carga de 20 toneladas<\/strong><br \/>\nFabricado para los componentes de automatizaci\u00f3n industrial m\u00e1s exigentes, este cilindro el\u00e9ctrico de alta resistencia puede proporcionar y mantener una fuerza de salida masiva de 20 T, perfecta para aplicaciones de carga extrema, requisitos de actuadores de alto ciclo de vida y escenarios de capacidad de carga din\u00e1mica. El acero de alta calidad y las piezas mecanizadas con precisi\u00f3n ofrecen una durabilidad inquebrantable bajo un esfuerzo industrial continuo.<\/p>\n<\/li>\n<li>\n<p data-v-md-line=\"10\"><strong>Carrera larga, sin compromisos<\/strong><br \/>\nExperimente un movimiento lineal de carrera larga inigualable con longitudes de carrera extendidas disponibles, dise\u00f1adas para aplicaciones de prensado a gran escala, soluciones de manipulaci\u00f3n de materiales y automatizaci\u00f3n de ensamblajes. No vuelva a dejar que sus sistemas de control de movimiento se queden cortos.<\/p>\n<\/li>\n<li>\n<p data-v-md-line=\"13\"><strong>Brillo servoel\u00e9ctrico<\/strong><br \/>\nAproveche la tecnolog\u00eda de servoactuadores accionados por motor: disfrute de una precisi\u00f3n de repetibilidad de \u00b10,01 mm, tiempos de respuesta rapid\u00edsimos y perfiles de actuador de control de fuerza programables. La retroalimentaci\u00f3n del enc\u00f3der absoluto y las funciones avanzadas del actuador de control de posici\u00f3n garantizan un rendimiento preciso, suave y uniforme, ideal para equipos de ensayo, aplicaciones de conformado y automatizaci\u00f3n de precisi\u00f3n.<\/p>\n<\/li>\n<li>\n<p data-v-md-line=\"16\"><strong>Dise\u00f1ado para entornos dif\u00edciles<\/strong><br \/>\nCon un robusto chasis cil\u00edndrico con clasificaci\u00f3n IP65 (con revestimientos y juntas resistentes a la corrosi\u00f3n), tiene garantizada una protecci\u00f3n duradera en condiciones de polvo, humedad o lavado. Es compatible con salas limpias, resiste los contaminantes y est\u00e1 preparado para funcionar en exteriores.<\/p>\n<\/li>\n<li>\n<p data-v-md-line=\"19\"><strong>Integraci\u00f3n Plug and Play<\/strong><br \/>\nDise\u00f1ado para una integraci\u00f3n perfecta en los modernos sistemas de control de movimiento, es compatible con EtherCAT, PROFINET, Modbus TCP\/IP, integraci\u00f3n PLC y control HMI. Las opciones de montaje flexibles, como el cilindro de montaje con brida, el cilindro de montaje con mu\u00f1\u00f3n o las opciones de extremo de v\u00e1stago personalizables, hacen que la instalaci\u00f3n sea sencilla y que las futuras modificaciones no supongan ning\u00fan problema.<\/p>\n<\/li>\n<\/ul>\n<h2 data-v-md-heading=\"wide-applications\" data-v-md-line=\"22\">Amplias aplicaciones<\/h2>\n<p data-v-md-line=\"24\">Si est\u00e1 revolucionando la fabricaci\u00f3n de autom\u00f3viles, mejorando la manipulaci\u00f3n de materiales, impulsando la fabricaci\u00f3n aeroespacial o dirigiendo laboratorios de pruebas de alta precisi\u00f3n, la serie 190 es su cilindro electromec\u00e1nico de referencia. Ver\u00e1 su impacto en el ensamblaje de chasis de autom\u00f3viles, prensas industriales pesadas, componentes de rob\u00f3tica y componentes de f\u00e1bricas inteligentes m\u00e1s inteligentes all\u00e1 donde mire.<\/p>\n<h2 data-v-md-heading=\"specifications\" data-v-md-line=\"26\">Especificaciones<\/h2>\n<ul data-v-md-line=\"28\">\n<li><strong>Fuerza:<\/strong>\u00a0Capacidad de carga est\u00e1tica y din\u00e1mica de hasta 20 toneladas m\u00e9tricas (20T)<\/li>\n<li><strong>Velocidad:<\/strong>\u00a0Control de velocidad programable; adaptado a las necesidades de cilindros el\u00e9ctricos de alta velocidad<\/li>\n<li><strong>Longitud de la carrera:<\/strong>\u00a0Opciones personalizables de carrera larga para adaptarse a aplicaciones de carga extrema<\/li>\n<li><strong>Tensi\u00f3n de entrada:<\/strong>\u00a0Opciones de servomotor multivoltaje disponibles<\/li>\n<li><strong>Grado de protecci\u00f3n:<\/strong>\u00a0Carcasa del cilindro con clasificaci\u00f3n IP65; resistente al polvo y a los chorros de agua<\/li>\n<\/ul>\n<h2 data-v-md-heading=\"technical-support\" data-v-md-line=\"34\">Asistencia t\u00e9cnica<\/h2>\n<p data-v-md-line=\"36\">Le cubrimos las espaldas. Jimmy Technology ofrece asistencia t\u00e9cnica completa, incluidos modelos CAD detallados, hojas de datos t\u00e9cnicos de la serie 190, curvas de rendimiento, diagramas de cilindros el\u00e9ctricos y diagramas de cableado. \u00bfDificultades de integraci\u00f3n de sistemas y dimensionamiento de cilindros el\u00e9ctricos? Nuestro equipo ofrece asistencia completa en ingenier\u00eda de aplicaciones para garantizar soluciones de automatizaci\u00f3n de f\u00e1bricas sin fisuras.<\/p>\n<h2 data-v-md-heading=\"conclusion\" data-v-md-line=\"38\">Conclusi\u00f3n<\/h2>\n<p data-v-md-line=\"40\">Elija el servocilindro el\u00e9ctrico de carrera larga serie 190 de Jimmy Technology e invertir\u00e1 en un rendimiento de alta fuerza y alta precisi\u00f3n que redefine la fiabilidad para cada exigente reto de automatizaci\u00f3n.<\/p>\n<p><img fetchpriority=\"high\" decoding=\"async\" class=\"aligncenter size-full wp-image-2703\" src=\"https:\/\/servolinearactuator.com\/wp-content\/uploads\/2025\/07\/190-Series-1.jpg\" alt=\"\" width=\"1413\" height=\"2036\" srcset=\"https:\/\/servolinearactuator.com\/wp-content\/uploads\/2025\/07\/190-Series-1.jpg 1413w, https:\/\/servolinearactuator.com\/wp-content\/uploads\/2025\/07\/190-Series-1-208x300.jpg 208w, https:\/\/servolinearactuator.com\/wp-content\/uploads\/2025\/07\/190-Series-1-711x1024.jpg 711w, https:\/\/servolinearactuator.com\/wp-content\/uploads\/2025\/07\/190-Series-1-768x1107.jpg 768w, https:\/\/servolinearactuator.com\/wp-content\/uploads\/2025\/07\/190-Series-1-1066x1536.jpg 1066w, https:\/\/servolinearactuator.com\/wp-content\/uploads\/2025\/07\/190-Series-1-600x865.jpg 600w\" sizes=\"(max-width: 1413px) 100vw, 1413px\" \/> <img decoding=\"async\" class=\"aligncenter size-full wp-image-2704\" src=\"https:\/\/servolinearactuator.com\/wp-content\/uploads\/2025\/07\/190-Series.jpg\" alt=\"\" width=\"1407\" height=\"2036\" srcset=\"https:\/\/servolinearactuator.com\/wp-content\/uploads\/2025\/07\/190-Series.jpg 1407w, https:\/\/servolinearactuator.com\/wp-content\/uploads\/2025\/07\/190-Series-207x300.jpg 207w, https:\/\/servolinearactuator.com\/wp-content\/uploads\/2025\/07\/190-Series-708x1024.jpg 708w, https:\/\/servolinearactuator.com\/wp-content\/uploads\/2025\/07\/190-Series-768x1111.jpg 768w, https:\/\/servolinearactuator.com\/wp-content\/uploads\/2025\/07\/190-Series-1061x1536.jpg 1061w, https:\/\/servolinearactuator.com\/wp-content\/uploads\/2025\/07\/190-Series-600x868.jpg 600w\" sizes=\"(max-width: 1407px) 100vw, 1407px\" \/><img decoding=\"async\" class=\"aligncenter size-full wp-image-2705\" src=\"https:\/\/servolinearactuator.com\/wp-content\/uploads\/2025\/07\/190-Series-1-1.jpg\" alt=\"\" width=\"1407\" height=\"2036\" srcset=\"https:\/\/servolinearactuator.com\/wp-content\/uploads\/2025\/07\/190-Series-1-1.jpg 1407w, https:\/\/servolinearactuator.com\/wp-content\/uploads\/2025\/07\/190-Series-1-1-207x300.jpg 207w, https:\/\/servolinearactuator.com\/wp-content\/uploads\/2025\/07\/190-Series-1-1-708x1024.jpg 708w, https:\/\/servolinearactuator.com\/wp-content\/uploads\/2025\/07\/190-Series-1-1-768x1111.jpg 768w, https:\/\/servolinearactuator.com\/wp-content\/uploads\/2025\/07\/190-Series-1-1-1061x1536.jpg 1061w, https:\/\/servolinearactuator.com\/wp-content\/uploads\/2025\/07\/190-Series-1-1-600x868.jpg 600w\" sizes=\"(max-width: 1407px) 100vw, 1407px\" \/> <img loading=\"lazy\" decoding=\"async\" class=\"aligncenter size-full wp-image-2706\" src=\"https:\/\/servolinearactuator.com\/wp-content\/uploads\/2025\/07\/190-Series-4.jpg\" alt=\"\" width=\"1420\" height=\"2036\" srcset=\"https:\/\/servolinearactuator.com\/wp-content\/uploads\/2025\/07\/190-Series-4.jpg 1420w, https:\/\/servolinearactuator.com\/wp-content\/uploads\/2025\/07\/190-Series-4-209x300.jpg 209w, https:\/\/servolinearactuator.com\/wp-content\/uploads\/2025\/07\/190-Series-4-714x1024.jpg 714w, https:\/\/servolinearactuator.com\/wp-content\/uploads\/2025\/07\/190-Series-4-768x1101.jpg 768w, https:\/\/servolinearactuator.com\/wp-content\/uploads\/2025\/07\/190-Series-4-1071x1536.jpg 1071w, https:\/\/servolinearactuator.com\/wp-content\/uploads\/2025\/07\/190-Series-4-600x860.jpg 600w\" sizes=\"(max-width: 1420px) 100vw, 1420px\" \/><\/p>\n<p><script src=\"chrome-extension:\/\/fpelahbljekknahkcaegamhcndkfpfnc\/iFrame.js\" type=\"text\/javascript\"><\/script><\/p>","protected":false},"excerpt":{"rendered":"<p>Conozca el cilindro servoel\u00e9ctrico de la serie 190. Maneja cargas de 20 toneladas con precisi\u00f3n quir\u00fargica: una alternativa limpia, silenciosa y potente a los sistemas hidr\u00e1ulicos.<\/p>\n<p><script src=\"chrome-extension:\/\/fpelahbljekknahkcaegamhcndkfpfnc\/iFrame.js\" type=\"text\/javascript\"><\/script><\/p>","protected":false},"featured_media":2500,"template":"","meta":{"_kad_post_transparent":"default","_kad_post_title":"","_kad_post_layout":"default","_kad_post_sidebar_id":"","_kad_post_content_style":"default","_kad_post_vertical_padding":"default","_kad_post_feature":"","_kad_post_feature_position":"","_kad_post_header":false,"_kad_post_footer":false,"_kad_post_classname":""},"product_brand":[],"product_cat":[587,566,563,581,556,15,567,545],"product_tag":[671,670,647],"class_list":{"0":"post-2404","1":"product","2":"type-product","3":"status-publish","4":"has-post-thumbnail","6":"product_cat-actuators-by-drive-type","7":"product_cat-actuators-by-force-duty","8":"product_cat-actuators-by-motor-type","9":"product_cat-actuators-by-popular-application","10":"product_cat-electric-cylinders","11":"product_cat-electric-linear-actuators","12":"product_cat-heavy-duty-linear-actuators","13":"product_cat-servo-motor-actuators","14":"product_tag-20t-load-electric-cylinder","15":"product_tag-long-stroke-cylinder","16":"product_tag-servo-electric-cylinder","18":"first","19":"instock","20":"shipping-taxable","21":"product-type-simple","22":"entry","23":"content-bg","24":"loop-entry"},"_links":{"self":[{"href":"https:\/\/servolinearactuator.com\/es\/wp-json\/wp\/v2\/product\/2404","targetHints":{"allow":["GET"]}}],"collection":[{"href":"https:\/\/servolinearactuator.com\/es\/wp-json\/wp\/v2\/product"}],"about":[{"href":"https:\/\/servolinearactuator.com\/es\/wp-json\/wp\/v2\/types\/product"}],"wp:featuredmedia":[{"embeddable":true,"href":"https:\/\/servolinearactuator.com\/es\/wp-json\/wp\/v2\/media\/2500"}],"wp:attachment":[{"href":"https:\/\/servolinearactuator.com\/es\/wp-json\/wp\/v2\/media?parent=2404"}],"wp:term":[{"taxonomy":"product_brand","embeddable":true,"href":"https:\/\/servolinearactuator.com\/es\/wp-json\/wp\/v2\/product_brand?post=2404"},{"taxonomy":"product_cat","embeddable":true,"href":"https:\/\/servolinearactuator.com\/es\/wp-json\/wp\/v2\/product_cat?post=2404"},{"taxonomy":"product_tag","embeddable":true,"href":"https:\/\/servolinearactuator.com\/es\/wp-json\/wp\/v2\/product_tag?post=2404"}],"curies":[{"name":"wp","href":"https:\/\/api.w.org\/{rel}","templated":true}]}}